{"id":21434,"date":"2024-06-13T17:38:05","date_gmt":"2024-06-13T15:38:06","guid":{"rendered":"https:\/\/www.larusee.com\/?post_type=product&#038;p=21434"},"modified":"2024-06-13T17:56:43","modified_gmt":"2024-06-13T15:56:43","slug":"the-coach-and-the-11-players","status":"publish","type":"product","link":"https:\/\/www.larusee.com\/en\/produit\/the-coach-and-the-11-players\/","title":{"rendered":"The Coach and the 11 players"},"content":{"rendered":"<div class=\"wpb-content-wrapper\"><p>[vc_row][vc_column][vc_column_text]<br \/>\nWandering down an alleyway, getting lost in the surrounds, taking in the smells from a market\u2026 <strong>Carnets de Voyage<\/strong>\u00ae was born from a passion for new horizons, a collection of gins dreamt up by people with a love for tastes and aromas. Through these creations, we wish to share the memories we have brought back from our many travels. Our unusual gins will take you on a journey around the world to discover different cultures and flavours.<br \/>\n[\/vc_column_text][vc_column_text css=&#8221;&#8221;]<\/p>\n<div class=\"wpb_text_column wpb_content_element\">\n<div class=\"wpb_wrapper\"><\/div>\n<\/div>\n<div class=\"wpb_text_column wpb_content_element\">\n<div class=\"wpb_wrapper\">\n<p><b>Content\u2009:<\/b> 50 cl<br \/>\n<b>Volume\u2009:<\/b> 40% ABV<\/p>\n<p>Our offer includes 1 bottle of Carnets de Voyage: La Suisse gin and 11 bottles of Kina\u00ef Classique 20cl.<\/p>\n<\/div>\n<\/div>\n<p>[\/vc_column_text][vc_empty_space][\/vc_column][\/vc_row]<\/p>\n<\/div>","protected":false},"excerpt":{"rendered":"<div class=\"\">\n<p>Switzerland. Even for us Helvetians, it&#8217;s a destination in itself! Hiking in the Alps, walking the Kapellbr\u00fccke in Lucerne, getting lost in the Lavaux, spending a weekend in Graub\u00fcnden or enjoying an afternoon&#8217;s shopping in Z\u00fcrich, Switzerland has it all.<\/p>\n<p>Our london dry gin <strong>Carnets de voyage: La Suisse<\/strong> is handcrafted using mainly alpine plants. Its scents of lemon thyme, sweet clover, mint and edelweiss transport you to the heart of the Swiss Alps in the blink of an eye.<\/p>\n<p><strong>Until July 14, 2024, buy the Coach and the 11 players to celebrate our national team&#8217;s matches!<\/strong><\/p>\n<\/div>\n","protected":false},"featured_media":20455,"template":"","meta":[],"product_brand":[],"product_cat":[1403,729,728,1128],"product_tag":[1451,1410,1018,768,1182,734,731],"class_list":{"0":"post-21434","1":"product","2":"type-product","3":"status-publish","4":"has-post-thumbnail","6":"product_cat-carnets-de-voyage-en","7":"product_cat-our-products","8":"product_cat-shop","9":"product_cat-x-mas-selection","10":"product_tag-alps","11":"product_tag-carnets-de-voyage-en","12":"product_tag-gin-en","13":"product_tag-larusee","14":"product_tag-london-dry-gin-en","15":"product_tag-neuchatel-en","16":"product_tag-switzerland","18":"first","19":"instock","20":"taxable","21":"shipping-taxable","22":"purchasable","23":"product-type-simple"},"yoast_head":"<!-- This site is optimized with the Yoast SEO plugin v27.5 - https:\/\/yoast.com\/product\/yoast-seo-wordpress\/ -->\n<title>The Coach and the 11 players - Larus\u00e9e<\/title>\n<meta name=\"description\" content=\"Distilled mainly from alpine plants, its scents of lemon thyme, mint and edelweiss transport you to the heart of the Swiss Alps.\" \/>\n<meta name=\"robots\" content=\"index, follow, max-snippet:-1, max-image-preview:large, max-video-preview:-1\" \/>\n<link rel=\"canonical\" href=\"https:\/\/www.larusee.com\/en\/produit\/the-coach-and-the-11-players\/\" \/>\n<meta property=\"og:locale\" content=\"en_US\" \/>\n<meta property=\"og:type\" content=\"article\" \/>\n<meta property=\"og:title\" content=\"The Coach and the 11 players - Larus\u00e9e\" \/>\n<meta property=\"og:description\" content=\"Distilled mainly from alpine plants, its scents of lemon thyme, mint and edelweiss transport you to the heart of the Swiss Alps.\" \/>\n<meta property=\"og:url\" content=\"https:\/\/www.larusee.com\/en\/produit\/the-coach-and-the-11-players\/\" \/>\n<meta property=\"og:site_name\" content=\"Larus\u00e9e\" \/>\n<meta property=\"article:publisher\" content=\"https:\/\/www.facebook.com\/AbsintheLarusee\" \/>\n<meta property=\"article:modified_time\" content=\"2024-06-13T15:56:43+00:00\" \/>\n<meta property=\"og:image\" content=\"https:\/\/www.larusee.com\/wp-content\/uploads\/2023\/10\/larusee-carnets-de-voyage-la-Suisse-50cl-closeup.jpg\" \/>\n\t<meta property=\"og:image:width\" content=\"1600\" \/>\n\t<meta property=\"og:image:height\" content=\"2000\" \/>\n\t<meta property=\"og:image:type\" content=\"image\/jpeg\" \/>\n<meta name=\"twitter:card\" content=\"summary_large_image\" \/>\n<meta name=\"twitter:label1\" content=\"Est. reading time\" \/>\n\t<meta name=\"twitter:data1\" content=\"1 minute\" \/>\n<script type=\"application\/ld+json\" class=\"yoast-schema-graph\">{\"@context\":\"https:\\\/\\\/schema.org\",\"@graph\":[{\"@type\":\"WebPage\",\"@id\":\"https:\\\/\\\/www.larusee.com\\\/en\\\/produit\\\/the-coach-and-the-11-players\\\/\",\"url\":\"https:\\\/\\\/www.larusee.com\\\/en\\\/produit\\\/the-coach-and-the-11-players\\\/\",\"name\":\"The Coach and the 11 players - Larus\u00e9e\",\"isPartOf\":{\"@id\":\"https:\\\/\\\/www.larusee.com\\\/en\\\/#website\"},\"primaryImageOfPage\":{\"@id\":\"https:\\\/\\\/www.larusee.com\\\/en\\\/produit\\\/the-coach-and-the-11-players\\\/#primaryimage\"},\"image\":{\"@id\":\"https:\\\/\\\/www.larusee.com\\\/en\\\/produit\\\/the-coach-and-the-11-players\\\/#primaryimage\"},\"thumbnailUrl\":\"https:\\\/\\\/www.larusee.com\\\/wp-content\\\/uploads\\\/2023\\\/10\\\/larusee-carnets-de-voyage-la-Suisse-50cl-closeup.jpg\",\"datePublished\":\"2024-06-13T15:38:06+00:00\",\"dateModified\":\"2024-06-13T15:56:43+00:00\",\"description\":\"Distilled mainly from alpine plants, its scents of lemon thyme, mint and edelweiss transport you to the heart of the Swiss Alps.\",\"breadcrumb\":{\"@id\":\"https:\\\/\\\/www.larusee.com\\\/en\\\/produit\\\/the-coach-and-the-11-players\\\/#breadcrumb\"},\"inLanguage\":\"en-US\",\"potentialAction\":[{\"@type\":\"ReadAction\",\"target\":[\"https:\\\/\\\/www.larusee.com\\\/en\\\/produit\\\/the-coach-and-the-11-players\\\/\"]}]},{\"@type\":\"ImageObject\",\"inLanguage\":\"en-US\",\"@id\":\"https:\\\/\\\/www.larusee.com\\\/en\\\/produit\\\/the-coach-and-the-11-players\\\/#primaryimage\",\"url\":\"https:\\\/\\\/www.larusee.com\\\/wp-content\\\/uploads\\\/2023\\\/10\\\/larusee-carnets-de-voyage-la-Suisse-50cl-closeup.jpg\",\"contentUrl\":\"https:\\\/\\\/www.larusee.com\\\/wp-content\\\/uploads\\\/2023\\\/10\\\/larusee-carnets-de-voyage-la-Suisse-50cl-closeup.jpg\",\"width\":1600,\"height\":2000},{\"@type\":\"BreadcrumbList\",\"@id\":\"https:\\\/\\\/www.larusee.com\\\/en\\\/produit\\\/the-coach-and-the-11-players\\\/#breadcrumb\",\"itemListElement\":[{\"@type\":\"ListItem\",\"position\":1,\"name\":\"Accueil\",\"item\":\"https:\\\/\\\/www.larusee.com\\\/en\\\/\"},{\"@type\":\"ListItem\",\"position\":2,\"name\":\"Shop\",\"item\":\"https:\\\/\\\/www.larusee.com\\\/en\\\/shop\\\/\"},{\"@type\":\"ListItem\",\"position\":3,\"name\":\"The Coach and the 11 players\"}]},{\"@type\":\"WebSite\",\"@id\":\"https:\\\/\\\/www.larusee.com\\\/en\\\/#website\",\"url\":\"https:\\\/\\\/www.larusee.com\\\/en\\\/\",\"name\":\"Larus\u00e9e\",\"description\":\"Distillateur d&#039;\u00e9motions\",\"publisher\":{\"@id\":\"https:\\\/\\\/www.larusee.com\\\/en\\\/#organization\"},\"potentialAction\":[{\"@type\":\"SearchAction\",\"target\":{\"@type\":\"EntryPoint\",\"urlTemplate\":\"https:\\\/\\\/www.larusee.com\\\/en\\\/?s={search_term_string}\"},\"query-input\":{\"@type\":\"PropertyValueSpecification\",\"valueRequired\":true,\"valueName\":\"search_term_string\"}}],\"inLanguage\":\"en-US\"},{\"@type\":\"Organization\",\"@id\":\"https:\\\/\\\/www.larusee.com\\\/en\\\/#organization\",\"name\":\"Larus\u00e9e\",\"url\":\"https:\\\/\\\/www.larusee.com\\\/en\\\/\",\"logo\":{\"@type\":\"ImageObject\",\"inLanguage\":\"en-US\",\"@id\":\"https:\\\/\\\/www.larusee.com\\\/en\\\/#\\\/schema\\\/logo\\\/image\\\/\",\"url\":\"https:\\\/\\\/www.larusee.com\\\/wp-content\\\/uploads\\\/2019\\\/04\\\/Logo_Larusee_Noir.png\",\"contentUrl\":\"https:\\\/\\\/www.larusee.com\\\/wp-content\\\/uploads\\\/2019\\\/04\\\/Logo_Larusee_Noir.png\",\"width\":1181,\"height\":318,\"caption\":\"Larus\u00e9e\"},\"image\":{\"@id\":\"https:\\\/\\\/www.larusee.com\\\/en\\\/#\\\/schema\\\/logo\\\/image\\\/\"},\"sameAs\":[\"https:\\\/\\\/www.facebook.com\\\/AbsintheLarusee\",\"https:\\\/\\\/www.instagram.com\\\/distillerielarusee\\\/\"]}]}<\/script>\n<!-- \/ Yoast SEO plugin. -->","yoast_head_json":{"title":"The Coach and the 11 players - Larus\u00e9e","description":"Distilled mainly from alpine plants, its scents of lemon thyme, mint and edelweiss transport you to the heart of the Swiss Alps.","robots":{"index":"index","follow":"follow","max-snippet":"max-snippet:-1","max-image-preview":"max-image-preview:large","max-video-preview":"max-video-preview:-1"},"canonical":"https:\/\/www.larusee.com\/en\/produit\/the-coach-and-the-11-players\/","og_locale":"en_US","og_type":"article","og_title":"The Coach and the 11 players - Larus\u00e9e","og_description":"Distilled mainly from alpine plants, its scents of lemon thyme, mint and edelweiss transport you to the heart of the Swiss Alps.","og_url":"https:\/\/www.larusee.com\/en\/produit\/the-coach-and-the-11-players\/","og_site_name":"Larus\u00e9e","article_publisher":"https:\/\/www.facebook.com\/AbsintheLarusee","article_modified_time":"2024-06-13T15:56:43+00:00","og_image":[{"width":1600,"height":2000,"url":"https:\/\/www.larusee.com\/wp-content\/uploads\/2023\/10\/larusee-carnets-de-voyage-la-Suisse-50cl-closeup.jpg","type":"image\/jpeg"}],"twitter_card":"summary_large_image","twitter_misc":{"Est. reading time":"1 minute"},"schema":{"@context":"https:\/\/schema.org","@graph":[{"@type":"WebPage","@id":"https:\/\/www.larusee.com\/en\/produit\/the-coach-and-the-11-players\/","url":"https:\/\/www.larusee.com\/en\/produit\/the-coach-and-the-11-players\/","name":"The Coach and the 11 players - Larus\u00e9e","isPartOf":{"@id":"https:\/\/www.larusee.com\/en\/#website"},"primaryImageOfPage":{"@id":"https:\/\/www.larusee.com\/en\/produit\/the-coach-and-the-11-players\/#primaryimage"},"image":{"@id":"https:\/\/www.larusee.com\/en\/produit\/the-coach-and-the-11-players\/#primaryimage"},"thumbnailUrl":"https:\/\/www.larusee.com\/wp-content\/uploads\/2023\/10\/larusee-carnets-de-voyage-la-Suisse-50cl-closeup.jpg","datePublished":"2024-06-13T15:38:06+00:00","dateModified":"2024-06-13T15:56:43+00:00","description":"Distilled mainly from alpine plants, its scents of lemon thyme, mint and edelweiss transport you to the heart of the Swiss Alps.","breadcrumb":{"@id":"https:\/\/www.larusee.com\/en\/produit\/the-coach-and-the-11-players\/#breadcrumb"},"inLanguage":"en-US","potentialAction":[{"@type":"ReadAction","target":["https:\/\/www.larusee.com\/en\/produit\/the-coach-and-the-11-players\/"]}]},{"@type":"ImageObject","inLanguage":"en-US","@id":"https:\/\/www.larusee.com\/en\/produit\/the-coach-and-the-11-players\/#primaryimage","url":"https:\/\/www.larusee.com\/wp-content\/uploads\/2023\/10\/larusee-carnets-de-voyage-la-Suisse-50cl-closeup.jpg","contentUrl":"https:\/\/www.larusee.com\/wp-content\/uploads\/2023\/10\/larusee-carnets-de-voyage-la-Suisse-50cl-closeup.jpg","width":1600,"height":2000},{"@type":"BreadcrumbList","@id":"https:\/\/www.larusee.com\/en\/produit\/the-coach-and-the-11-players\/#breadcrumb","itemListElement":[{"@type":"ListItem","position":1,"name":"Accueil","item":"https:\/\/www.larusee.com\/en\/"},{"@type":"ListItem","position":2,"name":"Shop","item":"https:\/\/www.larusee.com\/en\/shop\/"},{"@type":"ListItem","position":3,"name":"The Coach and the 11 players"}]},{"@type":"WebSite","@id":"https:\/\/www.larusee.com\/en\/#website","url":"https:\/\/www.larusee.com\/en\/","name":"Larus\u00e9e","description":"Distillateur d&#039;\u00e9motions","publisher":{"@id":"https:\/\/www.larusee.com\/en\/#organization"},"potentialAction":[{"@type":"SearchAction","target":{"@type":"EntryPoint","urlTemplate":"https:\/\/www.larusee.com\/en\/?s={search_term_string}"},"query-input":{"@type":"PropertyValueSpecification","valueRequired":true,"valueName":"search_term_string"}}],"inLanguage":"en-US"},{"@type":"Organization","@id":"https:\/\/www.larusee.com\/en\/#organization","name":"Larus\u00e9e","url":"https:\/\/www.larusee.com\/en\/","logo":{"@type":"ImageObject","inLanguage":"en-US","@id":"https:\/\/www.larusee.com\/en\/#\/schema\/logo\/image\/","url":"https:\/\/www.larusee.com\/wp-content\/uploads\/2019\/04\/Logo_Larusee_Noir.png","contentUrl":"https:\/\/www.larusee.com\/wp-content\/uploads\/2019\/04\/Logo_Larusee_Noir.png","width":1181,"height":318,"caption":"Larus\u00e9e"},"image":{"@id":"https:\/\/www.larusee.com\/en\/#\/schema\/logo\/image\/"},"sameAs":["https:\/\/www.facebook.com\/AbsintheLarusee","https:\/\/www.instagram.com\/distillerielarusee\/"]}]}},"_links":{"self":[{"href":"https:\/\/www.larusee.com\/en\/wp-json\/wp\/v2\/product\/21434","targetHints":{"allow":["GET"]}}],"collection":[{"href":"https:\/\/www.larusee.com\/en\/wp-json\/wp\/v2\/product"}],"about":[{"href":"https:\/\/www.larusee.com\/en\/wp-json\/wp\/v2\/types\/product"}],"version-history":[{"count":4,"href":"https:\/\/www.larusee.com\/en\/wp-json\/wp\/v2\/product\/21434\/revisions"}],"predecessor-version":[{"id":21444,"href":"https:\/\/www.larusee.com\/en\/wp-json\/wp\/v2\/product\/21434\/revisions\/21444"}],"wp:featuredmedia":[{"embeddable":true,"href":"https:\/\/www.larusee.com\/en\/wp-json\/wp\/v2\/media\/20455"}],"wp:attachment":[{"href":"https:\/\/www.larusee.com\/en\/wp-json\/wp\/v2\/media?parent=21434"}],"wp:term":[{"taxonomy":"product_brand","embeddable":true,"href":"https:\/\/www.larusee.com\/en\/wp-json\/wp\/v2\/product_brand?post=21434"},{"taxonomy":"product_cat","embeddable":true,"href":"https:\/\/www.larusee.com\/en\/wp-json\/wp\/v2\/product_cat?post=21434"},{"taxonomy":"product_tag","embeddable":true,"href":"https:\/\/www.larusee.com\/en\/wp-json\/wp\/v2\/product_tag?post=21434"}],"curies":[{"name":"wp","href":"https:\/\/api.w.org\/{rel}","templated":true}]}}