{"id":20779,"date":"2023-11-28T15:10:08","date_gmt":"2023-11-28T14:10:12","guid":{"rendered":"https:\/\/www.larusee.com\/?post_type=product&#038;p=20779"},"modified":"2023-11-28T15:43:09","modified_gmt":"2023-11-28T14:43:09","slug":"gift-voucher-copie","status":"publish","type":"product","link":"https:\/\/www.larusee.com\/en\/produit\/gift-voucher-copie\/","title":{"rendered":"Tour &#038; Tasting"},"content":{"rendered":"<p>A barn with over 235 years of history, in a typical Neuch\u00e2tel farmhouse, is the setting in which Larus\u00e9e welcomes you, just a few minutes from downtown Neuch\u00e2tel.<\/p>\n<p>It&#8217;s in this magnificently renovated space, blending the ancient with the contemporary, that we welcome you to visit our facilities and taste our products.<\/p>\n<h3>DISCOVER LARUS\u00c9E<\/h3>\n<p>Guided tour of the distillery<br \/>\nTasting of our Larus\u00e9e Bleue absinthe and 3 of our products (your choice)<br \/>\nCHF 15 per person<\/p>\n<p>Duration: approx. 1h<\/p>\n","protected":false},"excerpt":{"rendered":"<p>This voucher is valid at the Larus\u00e9e distillery in Fenin. Minimum two people. Reservations required.<\/p>\n","protected":false},"featured_media":20761,"template":"","meta":[],"product_brand":[],"product_cat":[729,728,742,1128],"product_tag":[1138,1053,761,1134,760,1142,1143,768,1132,1136,1351],"class_list":{"0":"post-20779","1":"product","2":"type-product","3":"status-publish","4":"has-post-thumbnail","6":"product_cat-our-products","7":"product_cat-shop","8":"product_cat-voucher","9":"product_cat-x-mas-selection","10":"product_tag-birthday","11":"product_tag-card","12":"product_tag-christmas","13":"product_tag-fathers-day","14":"product_tag-gift","15":"product_tag-gift-voucher","16":"product_tag-gift-voucher-en","17":"product_tag-larusee","18":"product_tag-mothers-day","19":"product_tag-valentines-day","20":"product_tag-wedding","22":"first","23":"instock","24":"featured","25":"taxable","26":"shipping-taxable","27":"purchasable","28":"product-type-simple"},"yoast_head":"<!-- This site is optimized with the Yoast SEO plugin v27.2 - https:\/\/yoast.com\/product\/yoast-seo-wordpress\/ -->\n<title>Tour &amp; Tasting - Larus\u00e9e<\/title>\n<meta name=\"description\" content=\"This is the sesame to the universe of Larus\u00e9e! A gift voucher allows you to book a visit...\" \/>\n<meta name=\"robots\" content=\"index, follow, max-snippet:-1, max-image-preview:large, max-video-preview:-1\" \/>\n<link rel=\"canonical\" href=\"https:\/\/www.larusee.com\/en\/produit\/gift-voucher-copie\/\" \/>\n<meta property=\"og:locale\" content=\"en_US\" \/>\n<meta property=\"og:type\" content=\"article\" \/>\n<meta property=\"og:title\" content=\"Tour &amp; Tasting - Larus\u00e9e\" \/>\n<meta property=\"og:description\" content=\"This is the sesame to the universe of Larus\u00e9e! A gift voucher allows you to book a visit...\" \/>\n<meta property=\"og:url\" content=\"https:\/\/www.larusee.com\/en\/produit\/gift-voucher-copie\/\" \/>\n<meta property=\"og:site_name\" content=\"Larus\u00e9e\" \/>\n<meta property=\"article:publisher\" content=\"https:\/\/www.facebook.com\/AbsintheLarusee\" \/>\n<meta property=\"article:modified_time\" content=\"2023-11-28T14:43:09+00:00\" \/>\n<meta property=\"og:image\" content=\"https:\/\/www.larusee.com\/wp-content\/uploads\/2023\/11\/larusee-bon-cadeau-visite-degustation-closeup.jpg\" \/>\n\t<meta property=\"og:image:width\" content=\"1600\" \/>\n\t<meta property=\"og:image:height\" content=\"2000\" \/>\n\t<meta property=\"og:image:type\" content=\"image\/jpeg\" \/>\n<meta name=\"twitter:card\" content=\"summary_large_image\" \/>\n<script type=\"application\/ld+json\" class=\"yoast-schema-graph\">{\"@context\":\"https:\/\/schema.org\",\"@graph\":[{\"@type\":\"WebPage\",\"@id\":\"https:\/\/www.larusee.com\/en\/produit\/gift-voucher-copie\/\",\"url\":\"https:\/\/www.larusee.com\/en\/produit\/gift-voucher-copie\/\",\"name\":\"Tour & Tasting - Larus\u00e9e\",\"isPartOf\":{\"@id\":\"https:\/\/www.larusee.com\/en\/#website\"},\"primaryImageOfPage\":{\"@id\":\"https:\/\/www.larusee.com\/en\/produit\/gift-voucher-copie\/#primaryimage\"},\"image\":{\"@id\":\"https:\/\/www.larusee.com\/en\/produit\/gift-voucher-copie\/#primaryimage\"},\"thumbnailUrl\":\"https:\/\/www.larusee.com\/wp-content\/uploads\/2023\/11\/larusee-bon-cadeau-visite-degustation-closeup.jpg\",\"datePublished\":\"2023-11-28T14:10:12+00:00\",\"dateModified\":\"2023-11-28T14:43:09+00:00\",\"description\":\"This is the sesame to the universe of Larus\u00e9e! A gift voucher allows you to book a visit...\",\"breadcrumb\":{\"@id\":\"https:\/\/www.larusee.com\/en\/produit\/gift-voucher-copie\/#breadcrumb\"},\"inLanguage\":\"en-US\",\"potentialAction\":[{\"@type\":\"ReadAction\",\"target\":[\"https:\/\/www.larusee.com\/en\/produit\/gift-voucher-copie\/\"]}]},{\"@type\":\"ImageObject\",\"inLanguage\":\"en-US\",\"@id\":\"https:\/\/www.larusee.com\/en\/produit\/gift-voucher-copie\/#primaryimage\",\"url\":\"https:\/\/www.larusee.com\/wp-content\/uploads\/2023\/11\/larusee-bon-cadeau-visite-degustation-closeup.jpg\",\"contentUrl\":\"https:\/\/www.larusee.com\/wp-content\/uploads\/2023\/11\/larusee-bon-cadeau-visite-degustation-closeup.jpg\",\"width\":1600,\"height\":2000},{\"@type\":\"BreadcrumbList\",\"@id\":\"https:\/\/www.larusee.com\/en\/produit\/gift-voucher-copie\/#breadcrumb\",\"itemListElement\":[{\"@type\":\"ListItem\",\"position\":1,\"name\":\"Accueil\",\"item\":\"https:\/\/www.larusee.com\/en\/\"},{\"@type\":\"ListItem\",\"position\":2,\"name\":\"Shop\",\"item\":\"https:\/\/www.larusee.com\/en\/shop\/\"},{\"@type\":\"ListItem\",\"position\":3,\"name\":\"Tour &#038; Tasting\"}]},{\"@type\":\"WebSite\",\"@id\":\"https:\/\/www.larusee.com\/en\/#website\",\"url\":\"https:\/\/www.larusee.com\/en\/\",\"name\":\"Larus\u00e9e\",\"description\":\"Distillateur d&#039;\u00e9motions\",\"publisher\":{\"@id\":\"https:\/\/www.larusee.com\/en\/#organization\"},\"potentialAction\":[{\"@type\":\"SearchAction\",\"target\":{\"@type\":\"EntryPoint\",\"urlTemplate\":\"https:\/\/www.larusee.com\/en\/?s={search_term_string}\"},\"query-input\":{\"@type\":\"PropertyValueSpecification\",\"valueRequired\":true,\"valueName\":\"search_term_string\"}}],\"inLanguage\":\"en-US\"},{\"@type\":\"Organization\",\"@id\":\"https:\/\/www.larusee.com\/en\/#organization\",\"name\":\"Larus\u00e9e\",\"url\":\"https:\/\/www.larusee.com\/en\/\",\"logo\":{\"@type\":\"ImageObject\",\"inLanguage\":\"en-US\",\"@id\":\"https:\/\/www.larusee.com\/en\/#\/schema\/logo\/image\/\",\"url\":\"https:\/\/www.larusee.com\/wp-content\/uploads\/2019\/04\/Logo_Larusee_Noir.png\",\"contentUrl\":\"https:\/\/www.larusee.com\/wp-content\/uploads\/2019\/04\/Logo_Larusee_Noir.png\",\"width\":1181,\"height\":318,\"caption\":\"Larus\u00e9e\"},\"image\":{\"@id\":\"https:\/\/www.larusee.com\/en\/#\/schema\/logo\/image\/\"},\"sameAs\":[\"https:\/\/www.facebook.com\/AbsintheLarusee\",\"https:\/\/www.instagram.com\/distillerielarusee\/\"]}]}<\/script>\n<!-- \/ Yoast SEO plugin. -->","yoast_head_json":{"title":"Tour & Tasting - Larus\u00e9e","description":"This is the sesame to the universe of Larus\u00e9e! A gift voucher allows you to book a visit...","robots":{"index":"index","follow":"follow","max-snippet":"max-snippet:-1","max-image-preview":"max-image-preview:large","max-video-preview":"max-video-preview:-1"},"canonical":"https:\/\/www.larusee.com\/en\/produit\/gift-voucher-copie\/","og_locale":"en_US","og_type":"article","og_title":"Tour & Tasting - Larus\u00e9e","og_description":"This is the sesame to the universe of Larus\u00e9e! A gift voucher allows you to book a visit...","og_url":"https:\/\/www.larusee.com\/en\/produit\/gift-voucher-copie\/","og_site_name":"Larus\u00e9e","article_publisher":"https:\/\/www.facebook.com\/AbsintheLarusee","article_modified_time":"2023-11-28T14:43:09+00:00","og_image":[{"width":1600,"height":2000,"url":"https:\/\/www.larusee.com\/wp-content\/uploads\/2023\/11\/larusee-bon-cadeau-visite-degustation-closeup.jpg","type":"image\/jpeg"}],"twitter_card":"summary_large_image","schema":{"@context":"https:\/\/schema.org","@graph":[{"@type":"WebPage","@id":"https:\/\/www.larusee.com\/en\/produit\/gift-voucher-copie\/","url":"https:\/\/www.larusee.com\/en\/produit\/gift-voucher-copie\/","name":"Tour & Tasting - Larus\u00e9e","isPartOf":{"@id":"https:\/\/www.larusee.com\/en\/#website"},"primaryImageOfPage":{"@id":"https:\/\/www.larusee.com\/en\/produit\/gift-voucher-copie\/#primaryimage"},"image":{"@id":"https:\/\/www.larusee.com\/en\/produit\/gift-voucher-copie\/#primaryimage"},"thumbnailUrl":"https:\/\/www.larusee.com\/wp-content\/uploads\/2023\/11\/larusee-bon-cadeau-visite-degustation-closeup.jpg","datePublished":"2023-11-28T14:10:12+00:00","dateModified":"2023-11-28T14:43:09+00:00","description":"This is the sesame to the universe of Larus\u00e9e! A gift voucher allows you to book a visit...","breadcrumb":{"@id":"https:\/\/www.larusee.com\/en\/produit\/gift-voucher-copie\/#breadcrumb"},"inLanguage":"en-US","potentialAction":[{"@type":"ReadAction","target":["https:\/\/www.larusee.com\/en\/produit\/gift-voucher-copie\/"]}]},{"@type":"ImageObject","inLanguage":"en-US","@id":"https:\/\/www.larusee.com\/en\/produit\/gift-voucher-copie\/#primaryimage","url":"https:\/\/www.larusee.com\/wp-content\/uploads\/2023\/11\/larusee-bon-cadeau-visite-degustation-closeup.jpg","contentUrl":"https:\/\/www.larusee.com\/wp-content\/uploads\/2023\/11\/larusee-bon-cadeau-visite-degustation-closeup.jpg","width":1600,"height":2000},{"@type":"BreadcrumbList","@id":"https:\/\/www.larusee.com\/en\/produit\/gift-voucher-copie\/#breadcrumb","itemListElement":[{"@type":"ListItem","position":1,"name":"Accueil","item":"https:\/\/www.larusee.com\/en\/"},{"@type":"ListItem","position":2,"name":"Shop","item":"https:\/\/www.larusee.com\/en\/shop\/"},{"@type":"ListItem","position":3,"name":"Tour &#038; Tasting"}]},{"@type":"WebSite","@id":"https:\/\/www.larusee.com\/en\/#website","url":"https:\/\/www.larusee.com\/en\/","name":"Larus\u00e9e","description":"Distillateur d&#039;\u00e9motions","publisher":{"@id":"https:\/\/www.larusee.com\/en\/#organization"},"potentialAction":[{"@type":"SearchAction","target":{"@type":"EntryPoint","urlTemplate":"https:\/\/www.larusee.com\/en\/?s={search_term_string}"},"query-input":{"@type":"PropertyValueSpecification","valueRequired":true,"valueName":"search_term_string"}}],"inLanguage":"en-US"},{"@type":"Organization","@id":"https:\/\/www.larusee.com\/en\/#organization","name":"Larus\u00e9e","url":"https:\/\/www.larusee.com\/en\/","logo":{"@type":"ImageObject","inLanguage":"en-US","@id":"https:\/\/www.larusee.com\/en\/#\/schema\/logo\/image\/","url":"https:\/\/www.larusee.com\/wp-content\/uploads\/2019\/04\/Logo_Larusee_Noir.png","contentUrl":"https:\/\/www.larusee.com\/wp-content\/uploads\/2019\/04\/Logo_Larusee_Noir.png","width":1181,"height":318,"caption":"Larus\u00e9e"},"image":{"@id":"https:\/\/www.larusee.com\/en\/#\/schema\/logo\/image\/"},"sameAs":["https:\/\/www.facebook.com\/AbsintheLarusee","https:\/\/www.instagram.com\/distillerielarusee\/"]}]}},"_links":{"self":[{"href":"https:\/\/www.larusee.com\/en\/wp-json\/wp\/v2\/product\/20779","targetHints":{"allow":["GET"]}}],"collection":[{"href":"https:\/\/www.larusee.com\/en\/wp-json\/wp\/v2\/product"}],"about":[{"href":"https:\/\/www.larusee.com\/en\/wp-json\/wp\/v2\/types\/product"}],"version-history":[{"count":1,"href":"https:\/\/www.larusee.com\/en\/wp-json\/wp\/v2\/product\/20779\/revisions"}],"predecessor-version":[{"id":20790,"href":"https:\/\/www.larusee.com\/en\/wp-json\/wp\/v2\/product\/20779\/revisions\/20790"}],"wp:featuredmedia":[{"embeddable":true,"href":"https:\/\/www.larusee.com\/en\/wp-json\/wp\/v2\/media\/20761"}],"wp:attachment":[{"href":"https:\/\/www.larusee.com\/en\/wp-json\/wp\/v2\/media?parent=20779"}],"wp:term":[{"taxonomy":"product_brand","embeddable":true,"href":"https:\/\/www.larusee.com\/en\/wp-json\/wp\/v2\/product_brand?post=20779"},{"taxonomy":"product_cat","embeddable":true,"href":"https:\/\/www.larusee.com\/en\/wp-json\/wp\/v2\/product_cat?post=20779"},{"taxonomy":"product_tag","embeddable":true,"href":"https:\/\/www.larusee.com\/en\/wp-json\/wp\/v2\/product_tag?post=20779"}],"curies":[{"name":"wp","href":"https:\/\/api.w.org\/{rel}","templated":true}]}}