{"id":16271,"date":"2022-04-07T17:26:48","date_gmt":"2022-04-07T15:26:48","guid":{"rendered":"https:\/\/www.larusee.com\/?post_type=product&#038;p=16271"},"modified":"2023-06-28T12:02:55","modified_gmt":"2023-06-28T10:02:55","slug":"terrine-absinthe-larusee-verte","status":"publish","type":"product","link":"https:\/\/www.larusee.com\/en\/produit\/terrine-absinthe-larusee-verte\/","title":{"rendered":"Larus\u00e9e Verte absinthe Terrine"},"content":{"rendered":"<div class=\"wpb-content-wrapper\"><p>[vc_row][vc_column width=&#8221;1\/4&#8243;][vc_single_image image=&#8221;16276&#8243; img_size=&#8221;large&#8221;][\/vc_column][vc_column width=&#8221;3\/4&#8243;][vc_column_text]The Alcala Brothers in their maturation cellar, in Vaumarcus.<\/p>\n<p>Net weight: 180 grams<\/p>\n<p><a href=\"https:\/\/www.lesfreresalcala.ch\">The Alcala Brothers website<\/a>[\/vc_column_text][\/vc_column][\/vc_row]<\/p>\n<\/div>","protected":false},"excerpt":{"rendered":"<p>Let&#8217;s be clear, the Alcala Brothers are simply exceptional.<\/p>\n<p>They perpetuate in Vaumarcus, on the Vaud border of the canton of Neuch\u00e2tel, the tradition transmitted by their father who came from Spain in the 1960s, by developing a range of excellent products. Passionate about gastronomy and enriched by their many travels, the two brothers share various favorite products discovered during their encounters.<\/p>\n<p>Here they deliver a very delicate <a href=\"https:\/\/www.larusee.com\/produit\/absinthe-larusee-verte-70cl-65\/\">Larus\u00e9e Verte<\/a> absinthe terrine. The recipe was developed by the Chef, as starred as Valais, <a href=\"https:\/\/damiengermanier.ch\/en\/\" target=\"_blank\" rel=\"noopener\">Damien Germanier<\/a>. A delicacy for Sunday brunch, or more simply as an aperitif accompanied by a good bread from the baker.<\/p>\n","protected":false},"featured_media":16273,"template":"","meta":[],"product_brand":[],"product_cat":[1254,729,728],"product_tag":[730,1318,1316,733,735,791,768,1317,1315,1314],"class_list":{"0":"post-16271","1":"product","2":"type-product","3":"status-publish","4":"has-post-thumbnail","6":"product_cat-deli","7":"product_cat-our-products","8":"product_cat-shop","9":"product_tag-absinthe-en","10":"product_tag-alcala-en","11":"product_tag-conserve-en","12":"product_tag-green","13":"product_tag-green-fairy","14":"product_tag-handcrafted","15":"product_tag-larusee","16":"product_tag-pata-negra-en","17":"product_tag-terrine-en-2","18":"product_tag-terrine-en","20":"first","21":"instock","22":"featured","23":"taxable","24":"shipping-taxable","25":"purchasable","26":"product-type-simple"},"yoast_head":"<!-- This site is optimized with the Yoast SEO plugin v27.3 - https:\/\/yoast.com\/product\/yoast-seo-wordpress\/ -->\n<title>Larus\u00e9e Verte absinthe Terrine - Larus\u00e9e<\/title>\n<meta name=\"description\" content=\"A pork terrine with Larus\u00e9e Verte absinthe made by the Alcala Brothers in Vaumarcus, according to a recipe by starred Chef Damien Germanier\" \/>\n<meta name=\"robots\" content=\"index, follow, max-snippet:-1, max-image-preview:large, max-video-preview:-1\" \/>\n<link rel=\"canonical\" href=\"https:\/\/www.larusee.com\/en\/produit\/terrine-absinthe-larusee-verte\/\" \/>\n<meta property=\"og:locale\" content=\"en_US\" \/>\n<meta property=\"og:type\" content=\"article\" \/>\n<meta property=\"og:title\" content=\"Larus\u00e9e Verte absinthe Terrine - Larus\u00e9e\" \/>\n<meta property=\"og:description\" content=\"A pork terrine with Larus\u00e9e Verte absinthe made by the Alcala Brothers in Vaumarcus, according to a recipe by starred Chef Damien Germanier\" \/>\n<meta property=\"og:url\" content=\"https:\/\/www.larusee.com\/en\/produit\/terrine-absinthe-larusee-verte\/\" \/>\n<meta property=\"og:site_name\" content=\"Larus\u00e9e\" \/>\n<meta property=\"article:publisher\" content=\"https:\/\/www.facebook.com\/AbsintheLarusee\" \/>\n<meta property=\"article:modified_time\" content=\"2023-06-28T10:02:55+00:00\" \/>\n<meta property=\"og:image\" content=\"https:\/\/www.larusee.com\/wp-content\/uploads\/2022\/04\/larusee-terrine-absinthe-verte-alcala-closeup.jpg\" \/>\n\t<meta property=\"og:image:width\" content=\"1600\" \/>\n\t<meta property=\"og:image:height\" content=\"2000\" \/>\n\t<meta property=\"og:image:type\" content=\"image\/jpeg\" \/>\n<meta name=\"twitter:card\" content=\"summary_large_image\" \/>\n<script type=\"application\/ld+json\" class=\"yoast-schema-graph\">{\"@context\":\"https:\\\/\\\/schema.org\",\"@graph\":[{\"@type\":\"WebPage\",\"@id\":\"https:\\\/\\\/www.larusee.com\\\/en\\\/produit\\\/terrine-absinthe-larusee-verte\\\/\",\"url\":\"https:\\\/\\\/www.larusee.com\\\/en\\\/produit\\\/terrine-absinthe-larusee-verte\\\/\",\"name\":\"Larus\u00e9e Verte absinthe Terrine - Larus\u00e9e\",\"isPartOf\":{\"@id\":\"https:\\\/\\\/www.larusee.com\\\/en\\\/#website\"},\"primaryImageOfPage\":{\"@id\":\"https:\\\/\\\/www.larusee.com\\\/en\\\/produit\\\/terrine-absinthe-larusee-verte\\\/#primaryimage\"},\"image\":{\"@id\":\"https:\\\/\\\/www.larusee.com\\\/en\\\/produit\\\/terrine-absinthe-larusee-verte\\\/#primaryimage\"},\"thumbnailUrl\":\"https:\\\/\\\/www.larusee.com\\\/wp-content\\\/uploads\\\/2022\\\/04\\\/larusee-terrine-absinthe-verte-alcala-closeup.jpg\",\"datePublished\":\"2022-04-07T15:26:48+00:00\",\"dateModified\":\"2023-06-28T10:02:55+00:00\",\"description\":\"A pork terrine with Larus\u00e9e Verte absinthe made by the Alcala Brothers in Vaumarcus, according to a recipe by starred Chef Damien Germanier\",\"breadcrumb\":{\"@id\":\"https:\\\/\\\/www.larusee.com\\\/en\\\/produit\\\/terrine-absinthe-larusee-verte\\\/#breadcrumb\"},\"inLanguage\":\"en-US\",\"potentialAction\":[{\"@type\":\"ReadAction\",\"target\":[\"https:\\\/\\\/www.larusee.com\\\/en\\\/produit\\\/terrine-absinthe-larusee-verte\\\/\"]}]},{\"@type\":\"ImageObject\",\"inLanguage\":\"en-US\",\"@id\":\"https:\\\/\\\/www.larusee.com\\\/en\\\/produit\\\/terrine-absinthe-larusee-verte\\\/#primaryimage\",\"url\":\"https:\\\/\\\/www.larusee.com\\\/wp-content\\\/uploads\\\/2022\\\/04\\\/larusee-terrine-absinthe-verte-alcala-closeup.jpg\",\"contentUrl\":\"https:\\\/\\\/www.larusee.com\\\/wp-content\\\/uploads\\\/2022\\\/04\\\/larusee-terrine-absinthe-verte-alcala-closeup.jpg\",\"width\":1600,\"height\":2000,\"caption\":\"Terrine \u00e0 l'Absinthe Larus\u00e9e Verte artisanale\"},{\"@type\":\"BreadcrumbList\",\"@id\":\"https:\\\/\\\/www.larusee.com\\\/en\\\/produit\\\/terrine-absinthe-larusee-verte\\\/#breadcrumb\",\"itemListElement\":[{\"@type\":\"ListItem\",\"position\":1,\"name\":\"Accueil\",\"item\":\"https:\\\/\\\/www.larusee.com\\\/en\\\/\"},{\"@type\":\"ListItem\",\"position\":2,\"name\":\"Shop\",\"item\":\"https:\\\/\\\/www.larusee.com\\\/en\\\/shop\\\/\"},{\"@type\":\"ListItem\",\"position\":3,\"name\":\"Larus\u00e9e Verte absinthe Terrine\"}]},{\"@type\":\"WebSite\",\"@id\":\"https:\\\/\\\/www.larusee.com\\\/en\\\/#website\",\"url\":\"https:\\\/\\\/www.larusee.com\\\/en\\\/\",\"name\":\"Larus\u00e9e\",\"description\":\"Distillateur d&#039;\u00e9motions\",\"publisher\":{\"@id\":\"https:\\\/\\\/www.larusee.com\\\/en\\\/#organization\"},\"potentialAction\":[{\"@type\":\"SearchAction\",\"target\":{\"@type\":\"EntryPoint\",\"urlTemplate\":\"https:\\\/\\\/www.larusee.com\\\/en\\\/?s={search_term_string}\"},\"query-input\":{\"@type\":\"PropertyValueSpecification\",\"valueRequired\":true,\"valueName\":\"search_term_string\"}}],\"inLanguage\":\"en-US\"},{\"@type\":\"Organization\",\"@id\":\"https:\\\/\\\/www.larusee.com\\\/en\\\/#organization\",\"name\":\"Larus\u00e9e\",\"url\":\"https:\\\/\\\/www.larusee.com\\\/en\\\/\",\"logo\":{\"@type\":\"ImageObject\",\"inLanguage\":\"en-US\",\"@id\":\"https:\\\/\\\/www.larusee.com\\\/en\\\/#\\\/schema\\\/logo\\\/image\\\/\",\"url\":\"https:\\\/\\\/www.larusee.com\\\/wp-content\\\/uploads\\\/2019\\\/04\\\/Logo_Larusee_Noir.png\",\"contentUrl\":\"https:\\\/\\\/www.larusee.com\\\/wp-content\\\/uploads\\\/2019\\\/04\\\/Logo_Larusee_Noir.png\",\"width\":1181,\"height\":318,\"caption\":\"Larus\u00e9e\"},\"image\":{\"@id\":\"https:\\\/\\\/www.larusee.com\\\/en\\\/#\\\/schema\\\/logo\\\/image\\\/\"},\"sameAs\":[\"https:\\\/\\\/www.facebook.com\\\/AbsintheLarusee\",\"https:\\\/\\\/www.instagram.com\\\/distillerielarusee\\\/\"]}]}<\/script>\n<!-- \/ Yoast SEO plugin. -->","yoast_head_json":{"title":"Larus\u00e9e Verte absinthe Terrine - Larus\u00e9e","description":"A pork terrine with Larus\u00e9e Verte absinthe made by the Alcala Brothers in Vaumarcus, according to a recipe by starred Chef Damien Germanier","robots":{"index":"index","follow":"follow","max-snippet":"max-snippet:-1","max-image-preview":"max-image-preview:large","max-video-preview":"max-video-preview:-1"},"canonical":"https:\/\/www.larusee.com\/en\/produit\/terrine-absinthe-larusee-verte\/","og_locale":"en_US","og_type":"article","og_title":"Larus\u00e9e Verte absinthe Terrine - Larus\u00e9e","og_description":"A pork terrine with Larus\u00e9e Verte absinthe made by the Alcala Brothers in Vaumarcus, according to a recipe by starred Chef Damien Germanier","og_url":"https:\/\/www.larusee.com\/en\/produit\/terrine-absinthe-larusee-verte\/","og_site_name":"Larus\u00e9e","article_publisher":"https:\/\/www.facebook.com\/AbsintheLarusee","article_modified_time":"2023-06-28T10:02:55+00:00","og_image":[{"width":1600,"height":2000,"url":"https:\/\/www.larusee.com\/wp-content\/uploads\/2022\/04\/larusee-terrine-absinthe-verte-alcala-closeup.jpg","type":"image\/jpeg"}],"twitter_card":"summary_large_image","schema":{"@context":"https:\/\/schema.org","@graph":[{"@type":"WebPage","@id":"https:\/\/www.larusee.com\/en\/produit\/terrine-absinthe-larusee-verte\/","url":"https:\/\/www.larusee.com\/en\/produit\/terrine-absinthe-larusee-verte\/","name":"Larus\u00e9e Verte absinthe Terrine - Larus\u00e9e","isPartOf":{"@id":"https:\/\/www.larusee.com\/en\/#website"},"primaryImageOfPage":{"@id":"https:\/\/www.larusee.com\/en\/produit\/terrine-absinthe-larusee-verte\/#primaryimage"},"image":{"@id":"https:\/\/www.larusee.com\/en\/produit\/terrine-absinthe-larusee-verte\/#primaryimage"},"thumbnailUrl":"https:\/\/www.larusee.com\/wp-content\/uploads\/2022\/04\/larusee-terrine-absinthe-verte-alcala-closeup.jpg","datePublished":"2022-04-07T15:26:48+00:00","dateModified":"2023-06-28T10:02:55+00:00","description":"A pork terrine with Larus\u00e9e Verte absinthe made by the Alcala Brothers in Vaumarcus, according to a recipe by starred Chef Damien Germanier","breadcrumb":{"@id":"https:\/\/www.larusee.com\/en\/produit\/terrine-absinthe-larusee-verte\/#breadcrumb"},"inLanguage":"en-US","potentialAction":[{"@type":"ReadAction","target":["https:\/\/www.larusee.com\/en\/produit\/terrine-absinthe-larusee-verte\/"]}]},{"@type":"ImageObject","inLanguage":"en-US","@id":"https:\/\/www.larusee.com\/en\/produit\/terrine-absinthe-larusee-verte\/#primaryimage","url":"https:\/\/www.larusee.com\/wp-content\/uploads\/2022\/04\/larusee-terrine-absinthe-verte-alcala-closeup.jpg","contentUrl":"https:\/\/www.larusee.com\/wp-content\/uploads\/2022\/04\/larusee-terrine-absinthe-verte-alcala-closeup.jpg","width":1600,"height":2000,"caption":"Terrine \u00e0 l'Absinthe Larus\u00e9e Verte artisanale"},{"@type":"BreadcrumbList","@id":"https:\/\/www.larusee.com\/en\/produit\/terrine-absinthe-larusee-verte\/#breadcrumb","itemListElement":[{"@type":"ListItem","position":1,"name":"Accueil","item":"https:\/\/www.larusee.com\/en\/"},{"@type":"ListItem","position":2,"name":"Shop","item":"https:\/\/www.larusee.com\/en\/shop\/"},{"@type":"ListItem","position":3,"name":"Larus\u00e9e Verte absinthe Terrine"}]},{"@type":"WebSite","@id":"https:\/\/www.larusee.com\/en\/#website","url":"https:\/\/www.larusee.com\/en\/","name":"Larus\u00e9e","description":"Distillateur d&#039;\u00e9motions","publisher":{"@id":"https:\/\/www.larusee.com\/en\/#organization"},"potentialAction":[{"@type":"SearchAction","target":{"@type":"EntryPoint","urlTemplate":"https:\/\/www.larusee.com\/en\/?s={search_term_string}"},"query-input":{"@type":"PropertyValueSpecification","valueRequired":true,"valueName":"search_term_string"}}],"inLanguage":"en-US"},{"@type":"Organization","@id":"https:\/\/www.larusee.com\/en\/#organization","name":"Larus\u00e9e","url":"https:\/\/www.larusee.com\/en\/","logo":{"@type":"ImageObject","inLanguage":"en-US","@id":"https:\/\/www.larusee.com\/en\/#\/schema\/logo\/image\/","url":"https:\/\/www.larusee.com\/wp-content\/uploads\/2019\/04\/Logo_Larusee_Noir.png","contentUrl":"https:\/\/www.larusee.com\/wp-content\/uploads\/2019\/04\/Logo_Larusee_Noir.png","width":1181,"height":318,"caption":"Larus\u00e9e"},"image":{"@id":"https:\/\/www.larusee.com\/en\/#\/schema\/logo\/image\/"},"sameAs":["https:\/\/www.facebook.com\/AbsintheLarusee","https:\/\/www.instagram.com\/distillerielarusee\/"]}]}},"_links":{"self":[{"href":"https:\/\/www.larusee.com\/en\/wp-json\/wp\/v2\/product\/16271","targetHints":{"allow":["GET"]}}],"collection":[{"href":"https:\/\/www.larusee.com\/en\/wp-json\/wp\/v2\/product"}],"about":[{"href":"https:\/\/www.larusee.com\/en\/wp-json\/wp\/v2\/types\/product"}],"version-history":[{"count":0,"href":"https:\/\/www.larusee.com\/en\/wp-json\/wp\/v2\/product\/16271\/revisions"}],"wp:featuredmedia":[{"embeddable":true,"href":"https:\/\/www.larusee.com\/en\/wp-json\/wp\/v2\/media\/16273"}],"wp:attachment":[{"href":"https:\/\/www.larusee.com\/en\/wp-json\/wp\/v2\/media?parent=16271"}],"wp:term":[{"taxonomy":"product_brand","embeddable":true,"href":"https:\/\/www.larusee.com\/en\/wp-json\/wp\/v2\/product_brand?post=16271"},{"taxonomy":"product_cat","embeddable":true,"href":"https:\/\/www.larusee.com\/en\/wp-json\/wp\/v2\/product_cat?post=16271"},{"taxonomy":"product_tag","embeddable":true,"href":"https:\/\/www.larusee.com\/en\/wp-json\/wp\/v2\/product_tag?post=16271"}],"curies":[{"name":"wp","href":"https:\/\/api.w.org\/{rel}","templated":true}]}}