{"id":16190,"date":"2022-03-18T11:05:58","date_gmt":"2022-03-18T10:05:59","guid":{"rendered":"https:\/\/www.larusee.com\/?post_type=product&#038;p=16190"},"modified":"2023-12-03T18:46:13","modified_gmt":"2023-12-03T17:46:13","slug":"barrel-aged-absinthe-larusee-dix-2022","status":"publish","type":"product","link":"https:\/\/www.larusee.com\/en\/produit\/barrel-aged-absinthe-larusee-dix-2022\/","title":{"rendered":"Barrel aged absinthe Larus\u00e9e DIX 2022"},"content":{"rendered":"<div class=\"wpb-content-wrapper\"><p>[vc_row][vc_column width=&#8221;1\/2&#8243;][vc_column_text]<\/p>\n<div class=\"\">\n<p><b>Content\u2009:<\/b> 50 cl<br \/>\n<b>Volume\u2009:<\/b> 45.2% vol.<\/p>\n<h5>Tasting note<\/h5>\n<div class=\"\">\n<p><em>Golden color, rich and complex nose on Panettone and vanilla.<\/em><\/p>\n<p><em>Sober but intense attack, almost mineral. The power reveals itself little by little, beautiful persistence with notes of raisins and praline.<\/em><\/p>\n<\/div>\n<\/div>\n<p>[\/vc_column_text][\/vc_column][vc_column width=&#8221;1\/2&#8243;][\/vc_column][\/vc_row]<\/p>\n<\/div>","protected":false},"excerpt":{"rendered":"<div class=\"\">\n<p>This <a href=\"https:\/\/www.larusee.com\/produit\/absinthe-blanche-de-leon-70cl-55-vol\/\">Larus\u00e9e Blanche de L\u00e9on<\/a> absinthe was aged for 28 months in an oak barrel that previously contained Chardonnay from the exceptional Roulot estate located in the Meursault 1er Cru appellation (Burgundy, France).<\/p>\n<p>This edition, launched on March 21, 2022, celebrates ten years since the creation of our distillery.<\/p>\n<p><strong>Single edition of 552 numbered bottles<\/strong><\/p>\n<\/div>\n","protected":false},"featured_media":16192,"template":"","meta":[],"product_brand":[],"product_cat":[900,729,728],"product_tag":[730,1251,970,768,787,1250],"class_list":{"0":"post-16190","1":"product","2":"type-product","3":"status-publish","4":"has-post-thumbnail","6":"product_cat-les-precieuses-en","7":"product_cat-our-products","8":"product_cat-shop","9":"product_tag-absinthe-en","10":"product_tag-burgundy","11":"product_tag-france-en","12":"product_tag-larusee","13":"product_tag-limited-edition","14":"product_tag-meursault-en","16":"first","17":"outofstock","18":"taxable","19":"shipping-taxable","20":"purchasable","21":"product-type-simple"},"yoast_head":"<!-- This site is optimized with the Yoast SEO plugin v27.2 - https:\/\/yoast.com\/product\/yoast-seo-wordpress\/ -->\n<title>Barrel aged absinthe Larus\u00e9e DIX 2022 - Larus\u00e9e<\/title>\n<meta name=\"description\" content=\"Absinthe Vieille Larus\u00e9e DIX was matured for 28 months in a barrel that contained the 1er Cru from an exceptional estate in Meursault.\" \/>\n<meta name=\"robots\" content=\"index, follow, max-snippet:-1, max-image-preview:large, max-video-preview:-1\" \/>\n<link rel=\"canonical\" href=\"https:\/\/www.larusee.com\/en\/produit\/barrel-aged-absinthe-larusee-dix-2022\/\" \/>\n<meta property=\"og:locale\" content=\"en_US\" \/>\n<meta property=\"og:type\" content=\"article\" \/>\n<meta property=\"og:title\" content=\"Barrel aged absinthe Larus\u00e9e DIX 2022 - Larus\u00e9e\" \/>\n<meta property=\"og:description\" content=\"Absinthe Vieille Larus\u00e9e DIX was matured for 28 months in a barrel that contained the 1er Cru from an exceptional estate in Meursault.\" \/>\n<meta property=\"og:url\" content=\"https:\/\/www.larusee.com\/en\/produit\/barrel-aged-absinthe-larusee-dix-2022\/\" \/>\n<meta property=\"og:site_name\" content=\"Larus\u00e9e\" \/>\n<meta property=\"article:publisher\" content=\"https:\/\/www.facebook.com\/AbsintheLarusee\" \/>\n<meta property=\"article:modified_time\" content=\"2023-12-03T17:46:13+00:00\" \/>\n<meta property=\"og:image\" content=\"https:\/\/www.larusee.com\/wp-content\/uploads\/2022\/03\/Larusee-absinthe-vieille-dix.jpg\" \/>\n\t<meta property=\"og:image:width\" content=\"1600\" \/>\n\t<meta property=\"og:image:height\" content=\"2000\" \/>\n\t<meta property=\"og:image:type\" content=\"image\/jpeg\" \/>\n<meta name=\"twitter:card\" content=\"summary_large_image\" \/>\n<script type=\"application\/ld+json\" class=\"yoast-schema-graph\">{\"@context\":\"https:\/\/schema.org\",\"@graph\":[{\"@type\":\"WebPage\",\"@id\":\"https:\/\/www.larusee.com\/en\/produit\/barrel-aged-absinthe-larusee-dix-2022\/\",\"url\":\"https:\/\/www.larusee.com\/en\/produit\/barrel-aged-absinthe-larusee-dix-2022\/\",\"name\":\"Barrel aged absinthe Larus\u00e9e DIX 2022 - Larus\u00e9e\",\"isPartOf\":{\"@id\":\"https:\/\/www.larusee.com\/en\/#website\"},\"primaryImageOfPage\":{\"@id\":\"https:\/\/www.larusee.com\/en\/produit\/barrel-aged-absinthe-larusee-dix-2022\/#primaryimage\"},\"image\":{\"@id\":\"https:\/\/www.larusee.com\/en\/produit\/barrel-aged-absinthe-larusee-dix-2022\/#primaryimage\"},\"thumbnailUrl\":\"https:\/\/www.larusee.com\/wp-content\/uploads\/2022\/03\/Larusee-absinthe-vieille-dix.jpg\",\"datePublished\":\"2022-03-18T10:05:59+00:00\",\"dateModified\":\"2023-12-03T17:46:13+00:00\",\"description\":\"Absinthe Vieille Larus\u00e9e DIX was matured for 28 months in a barrel that contained the 1er Cru from an exceptional estate in Meursault.\",\"breadcrumb\":{\"@id\":\"https:\/\/www.larusee.com\/en\/produit\/barrel-aged-absinthe-larusee-dix-2022\/#breadcrumb\"},\"inLanguage\":\"en-US\",\"potentialAction\":[{\"@type\":\"ReadAction\",\"target\":[\"https:\/\/www.larusee.com\/en\/produit\/barrel-aged-absinthe-larusee-dix-2022\/\"]}]},{\"@type\":\"ImageObject\",\"inLanguage\":\"en-US\",\"@id\":\"https:\/\/www.larusee.com\/en\/produit\/barrel-aged-absinthe-larusee-dix-2022\/#primaryimage\",\"url\":\"https:\/\/www.larusee.com\/wp-content\/uploads\/2022\/03\/Larusee-absinthe-vieille-dix.jpg\",\"contentUrl\":\"https:\/\/www.larusee.com\/wp-content\/uploads\/2022\/03\/Larusee-absinthe-vieille-dix.jpg\",\"width\":1600,\"height\":2000,\"caption\":\"Absinthe Vieille Larus\u00e9e DIX 2022 Larus\u00e9e Bouteille Les Pr\u00e9cieuses\"},{\"@type\":\"BreadcrumbList\",\"@id\":\"https:\/\/www.larusee.com\/en\/produit\/barrel-aged-absinthe-larusee-dix-2022\/#breadcrumb\",\"itemListElement\":[{\"@type\":\"ListItem\",\"position\":1,\"name\":\"Accueil\",\"item\":\"https:\/\/www.larusee.com\/en\/\"},{\"@type\":\"ListItem\",\"position\":2,\"name\":\"Shop\",\"item\":\"https:\/\/www.larusee.com\/en\/shop\/\"},{\"@type\":\"ListItem\",\"position\":3,\"name\":\"Barrel aged absinthe Larus\u00e9e DIX 2022\"}]},{\"@type\":\"WebSite\",\"@id\":\"https:\/\/www.larusee.com\/en\/#website\",\"url\":\"https:\/\/www.larusee.com\/en\/\",\"name\":\"Larus\u00e9e\",\"description\":\"Distillateur d&#039;\u00e9motions\",\"publisher\":{\"@id\":\"https:\/\/www.larusee.com\/en\/#organization\"},\"potentialAction\":[{\"@type\":\"SearchAction\",\"target\":{\"@type\":\"EntryPoint\",\"urlTemplate\":\"https:\/\/www.larusee.com\/en\/?s={search_term_string}\"},\"query-input\":{\"@type\":\"PropertyValueSpecification\",\"valueRequired\":true,\"valueName\":\"search_term_string\"}}],\"inLanguage\":\"en-US\"},{\"@type\":\"Organization\",\"@id\":\"https:\/\/www.larusee.com\/en\/#organization\",\"name\":\"Larus\u00e9e\",\"url\":\"https:\/\/www.larusee.com\/en\/\",\"logo\":{\"@type\":\"ImageObject\",\"inLanguage\":\"en-US\",\"@id\":\"https:\/\/www.larusee.com\/en\/#\/schema\/logo\/image\/\",\"url\":\"https:\/\/www.larusee.com\/wp-content\/uploads\/2019\/04\/Logo_Larusee_Noir.png\",\"contentUrl\":\"https:\/\/www.larusee.com\/wp-content\/uploads\/2019\/04\/Logo_Larusee_Noir.png\",\"width\":1181,\"height\":318,\"caption\":\"Larus\u00e9e\"},\"image\":{\"@id\":\"https:\/\/www.larusee.com\/en\/#\/schema\/logo\/image\/\"},\"sameAs\":[\"https:\/\/www.facebook.com\/AbsintheLarusee\",\"https:\/\/www.instagram.com\/distillerielarusee\/\"]}]}<\/script>\n<!-- \/ Yoast SEO plugin. -->","yoast_head_json":{"title":"Barrel aged absinthe Larus\u00e9e DIX 2022 - Larus\u00e9e","description":"Absinthe Vieille Larus\u00e9e DIX was matured for 28 months in a barrel that contained the 1er Cru from an exceptional estate in Meursault.","robots":{"index":"index","follow":"follow","max-snippet":"max-snippet:-1","max-image-preview":"max-image-preview:large","max-video-preview":"max-video-preview:-1"},"canonical":"https:\/\/www.larusee.com\/en\/produit\/barrel-aged-absinthe-larusee-dix-2022\/","og_locale":"en_US","og_type":"article","og_title":"Barrel aged absinthe Larus\u00e9e DIX 2022 - Larus\u00e9e","og_description":"Absinthe Vieille Larus\u00e9e DIX was matured for 28 months in a barrel that contained the 1er Cru from an exceptional estate in Meursault.","og_url":"https:\/\/www.larusee.com\/en\/produit\/barrel-aged-absinthe-larusee-dix-2022\/","og_site_name":"Larus\u00e9e","article_publisher":"https:\/\/www.facebook.com\/AbsintheLarusee","article_modified_time":"2023-12-03T17:46:13+00:00","og_image":[{"width":1600,"height":2000,"url":"https:\/\/www.larusee.com\/wp-content\/uploads\/2022\/03\/Larusee-absinthe-vieille-dix.jpg","type":"image\/jpeg"}],"twitter_card":"summary_large_image","schema":{"@context":"https:\/\/schema.org","@graph":[{"@type":"WebPage","@id":"https:\/\/www.larusee.com\/en\/produit\/barrel-aged-absinthe-larusee-dix-2022\/","url":"https:\/\/www.larusee.com\/en\/produit\/barrel-aged-absinthe-larusee-dix-2022\/","name":"Barrel aged absinthe Larus\u00e9e DIX 2022 - Larus\u00e9e","isPartOf":{"@id":"https:\/\/www.larusee.com\/en\/#website"},"primaryImageOfPage":{"@id":"https:\/\/www.larusee.com\/en\/produit\/barrel-aged-absinthe-larusee-dix-2022\/#primaryimage"},"image":{"@id":"https:\/\/www.larusee.com\/en\/produit\/barrel-aged-absinthe-larusee-dix-2022\/#primaryimage"},"thumbnailUrl":"https:\/\/www.larusee.com\/wp-content\/uploads\/2022\/03\/Larusee-absinthe-vieille-dix.jpg","datePublished":"2022-03-18T10:05:59+00:00","dateModified":"2023-12-03T17:46:13+00:00","description":"Absinthe Vieille Larus\u00e9e DIX was matured for 28 months in a barrel that contained the 1er Cru from an exceptional estate in Meursault.","breadcrumb":{"@id":"https:\/\/www.larusee.com\/en\/produit\/barrel-aged-absinthe-larusee-dix-2022\/#breadcrumb"},"inLanguage":"en-US","potentialAction":[{"@type":"ReadAction","target":["https:\/\/www.larusee.com\/en\/produit\/barrel-aged-absinthe-larusee-dix-2022\/"]}]},{"@type":"ImageObject","inLanguage":"en-US","@id":"https:\/\/www.larusee.com\/en\/produit\/barrel-aged-absinthe-larusee-dix-2022\/#primaryimage","url":"https:\/\/www.larusee.com\/wp-content\/uploads\/2022\/03\/Larusee-absinthe-vieille-dix.jpg","contentUrl":"https:\/\/www.larusee.com\/wp-content\/uploads\/2022\/03\/Larusee-absinthe-vieille-dix.jpg","width":1600,"height":2000,"caption":"Absinthe Vieille Larus\u00e9e DIX 2022 Larus\u00e9e Bouteille Les Pr\u00e9cieuses"},{"@type":"BreadcrumbList","@id":"https:\/\/www.larusee.com\/en\/produit\/barrel-aged-absinthe-larusee-dix-2022\/#breadcrumb","itemListElement":[{"@type":"ListItem","position":1,"name":"Accueil","item":"https:\/\/www.larusee.com\/en\/"},{"@type":"ListItem","position":2,"name":"Shop","item":"https:\/\/www.larusee.com\/en\/shop\/"},{"@type":"ListItem","position":3,"name":"Barrel aged absinthe Larus\u00e9e DIX 2022"}]},{"@type":"WebSite","@id":"https:\/\/www.larusee.com\/en\/#website","url":"https:\/\/www.larusee.com\/en\/","name":"Larus\u00e9e","description":"Distillateur d&#039;\u00e9motions","publisher":{"@id":"https:\/\/www.larusee.com\/en\/#organization"},"potentialAction":[{"@type":"SearchAction","target":{"@type":"EntryPoint","urlTemplate":"https:\/\/www.larusee.com\/en\/?s={search_term_string}"},"query-input":{"@type":"PropertyValueSpecification","valueRequired":true,"valueName":"search_term_string"}}],"inLanguage":"en-US"},{"@type":"Organization","@id":"https:\/\/www.larusee.com\/en\/#organization","name":"Larus\u00e9e","url":"https:\/\/www.larusee.com\/en\/","logo":{"@type":"ImageObject","inLanguage":"en-US","@id":"https:\/\/www.larusee.com\/en\/#\/schema\/logo\/image\/","url":"https:\/\/www.larusee.com\/wp-content\/uploads\/2019\/04\/Logo_Larusee_Noir.png","contentUrl":"https:\/\/www.larusee.com\/wp-content\/uploads\/2019\/04\/Logo_Larusee_Noir.png","width":1181,"height":318,"caption":"Larus\u00e9e"},"image":{"@id":"https:\/\/www.larusee.com\/en\/#\/schema\/logo\/image\/"},"sameAs":["https:\/\/www.facebook.com\/AbsintheLarusee","https:\/\/www.instagram.com\/distillerielarusee\/"]}]}},"_links":{"self":[{"href":"https:\/\/www.larusee.com\/en\/wp-json\/wp\/v2\/product\/16190","targetHints":{"allow":["GET"]}}],"collection":[{"href":"https:\/\/www.larusee.com\/en\/wp-json\/wp\/v2\/product"}],"about":[{"href":"https:\/\/www.larusee.com\/en\/wp-json\/wp\/v2\/types\/product"}],"version-history":[{"count":3,"href":"https:\/\/www.larusee.com\/en\/wp-json\/wp\/v2\/product\/16190\/revisions"}],"predecessor-version":[{"id":20924,"href":"https:\/\/www.larusee.com\/en\/wp-json\/wp\/v2\/product\/16190\/revisions\/20924"}],"wp:featuredmedia":[{"embeddable":true,"href":"https:\/\/www.larusee.com\/en\/wp-json\/wp\/v2\/media\/16192"}],"wp:attachment":[{"href":"https:\/\/www.larusee.com\/en\/wp-json\/wp\/v2\/media?parent=16190"}],"wp:term":[{"taxonomy":"product_brand","embeddable":true,"href":"https:\/\/www.larusee.com\/en\/wp-json\/wp\/v2\/product_brand?post=16190"},{"taxonomy":"product_cat","embeddable":true,"href":"https:\/\/www.larusee.com\/en\/wp-json\/wp\/v2\/product_cat?post=16190"},{"taxonomy":"product_tag","embeddable":true,"href":"https:\/\/www.larusee.com\/en\/wp-json\/wp\/v2\/product_tag?post=16190"}],"curies":[{"name":"wp","href":"https:\/\/api.w.org\/{rel}","templated":true}]}}