{"id":15338,"date":"2021-05-15T12:41:31","date_gmt":"2021-05-15T10:41:32","guid":{"rendered":"https:\/\/www.larusee.com\/?post_type=product&#038;p=15338"},"modified":"2023-06-01T18:21:07","modified_gmt":"2023-06-01T16:21:07","slug":"kinai-tonic-6x-20cl","status":"publish","type":"product","link":"https:\/\/www.larusee.com\/en\/produit\/kinai-tonic-6x-20cl\/","title":{"rendered":"Kina\u00ef Tonic 6x 20cl"},"content":{"rendered":"<div class=\"wpb-content-wrapper\"><p>[vc_row][vc_column][vc_column_text]<\/p>\n<div class=\"\">\n<p><b>Content\u2009:<\/b> 6x 20 cl<br \/>\n<b><\/b><\/p>\n<\/div>\n<p>[\/vc_column_text][vc_column_text]<strong>INGREDIENTS:<\/strong> Local carbonated water, Swiss sugar, organic lemon juice, citric acid, natural quinine flavour, quinine. Preservation aid: potassium sorbate.<\/p>\n<p><em>Store between 0\u00b0C and +5\u00b0C.<\/em>[\/vc_column_text][\/vc_column][\/vc_row]<\/p>\n<\/div>","protected":false},"excerpt":{"rendered":"<div class=\"\">\n<p>By creating the first lemonade in the canton of Neuch\u00e2tel, Maxime Lambelet wanted to offer a regional and less sweet alternative to industrial drinks. <em>&#8220;Simply Better<\/em>&#8221; is the motto that accompanies its manufacturing process. Maxime is committed to offering refreshing, delicious and festive products that respect his values. Passionate, he develops everything in Fenin: from recipes to the bottling system.<\/p>\n<p>The Kina\u00ef Tonic presents a perfect aromatic balance to sublimate your <a href=\"https:\/\/www.larusee.com\/produit\/larusee-london-dry-gin-gintiane-50cl\/\">Gintiane<\/a>.<\/p>\n<\/div>\n","protected":false},"featured_media":17060,"template":"","meta":[],"product_brand":[],"product_cat":[729,728,740],"product_tag":[1193,1192,768,1011,734,731,1010],"class_list":{"0":"post-15338","1":"product","2":"type-product","3":"status-publish","4":"has-post-thumbnail","6":"product_cat-our-products","7":"product_cat-shop","8":"product_cat-the-accessories","9":"product_tag-gin-tonic-en","10":"product_tag-kinai-en","11":"product_tag-larusee","12":"product_tag-made-in-switzerland","13":"product_tag-neuchatel-en","14":"product_tag-switzerland","15":"product_tag-tonic-en","17":"first","18":"instock","19":"taxable","20":"shipping-taxable","21":"purchasable","22":"product-type-simple"},"yoast_head":"<!-- This site is optimized with the Yoast SEO plugin v27.5 - https:\/\/yoast.com\/product\/yoast-seo-wordpress\/ -->\n<title>Kina\u00ef Tonic 6x 20cl - Larus\u00e9e<\/title>\n<meta name=\"description\" content=\"The tonic from Neuch\u00e2tel handmade in Fenin. The perfect match with Gintiane, the London dry gin from Larus\u00e9e.\" \/>\n<meta name=\"robots\" content=\"index, follow, max-snippet:-1, max-image-preview:large, max-video-preview:-1\" \/>\n<link rel=\"canonical\" href=\"https:\/\/www.larusee.com\/en\/produit\/kinai-tonic-6x-20cl\/\" \/>\n<meta property=\"og:locale\" content=\"en_US\" \/>\n<meta property=\"og:type\" content=\"article\" \/>\n<meta property=\"og:title\" content=\"Kina\u00ef Tonic 6x 20cl - Larus\u00e9e\" \/>\n<meta property=\"og:description\" content=\"The tonic from Neuch\u00e2tel handmade in Fenin. The perfect match with Gintiane, the London dry gin from Larus\u00e9e.\" \/>\n<meta property=\"og:url\" content=\"https:\/\/www.larusee.com\/en\/produit\/kinai-tonic-6x-20cl\/\" \/>\n<meta property=\"og:site_name\" content=\"Larus\u00e9e\" \/>\n<meta property=\"article:publisher\" content=\"https:\/\/www.facebook.com\/AbsintheLarusee\" \/>\n<meta property=\"article:modified_time\" content=\"2023-06-01T16:21:07+00:00\" \/>\n<meta property=\"og:image\" content=\"https:\/\/www.larusee.com\/wp-content\/uploads\/2021\/05\/kinai-tonic-20cl-closeup-23.jpg\" \/>\n\t<meta property=\"og:image:width\" content=\"1600\" \/>\n\t<meta property=\"og:image:height\" content=\"2000\" \/>\n\t<meta property=\"og:image:type\" content=\"image\/jpeg\" \/>\n<meta name=\"twitter:card\" content=\"summary_large_image\" \/>\n<script type=\"application\/ld+json\" class=\"yoast-schema-graph\">{\"@context\":\"https:\\\/\\\/schema.org\",\"@graph\":[{\"@type\":\"WebPage\",\"@id\":\"https:\\\/\\\/www.larusee.com\\\/en\\\/produit\\\/kinai-tonic-6x-20cl\\\/\",\"url\":\"https:\\\/\\\/www.larusee.com\\\/en\\\/produit\\\/kinai-tonic-6x-20cl\\\/\",\"name\":\"Kina\u00ef Tonic 6x 20cl - Larus\u00e9e\",\"isPartOf\":{\"@id\":\"https:\\\/\\\/www.larusee.com\\\/en\\\/#website\"},\"primaryImageOfPage\":{\"@id\":\"https:\\\/\\\/www.larusee.com\\\/en\\\/produit\\\/kinai-tonic-6x-20cl\\\/#primaryimage\"},\"image\":{\"@id\":\"https:\\\/\\\/www.larusee.com\\\/en\\\/produit\\\/kinai-tonic-6x-20cl\\\/#primaryimage\"},\"thumbnailUrl\":\"https:\\\/\\\/www.larusee.com\\\/wp-content\\\/uploads\\\/2021\\\/05\\\/kinai-tonic-20cl-closeup-23.jpg\",\"datePublished\":\"2021-05-15T10:41:32+00:00\",\"dateModified\":\"2023-06-01T16:21:07+00:00\",\"description\":\"The tonic from Neuch\u00e2tel handmade in Fenin. The perfect match with Gintiane, the London dry gin from Larus\u00e9e.\",\"breadcrumb\":{\"@id\":\"https:\\\/\\\/www.larusee.com\\\/en\\\/produit\\\/kinai-tonic-6x-20cl\\\/#breadcrumb\"},\"inLanguage\":\"en-US\",\"potentialAction\":[{\"@type\":\"ReadAction\",\"target\":[\"https:\\\/\\\/www.larusee.com\\\/en\\\/produit\\\/kinai-tonic-6x-20cl\\\/\"]}]},{\"@type\":\"ImageObject\",\"inLanguage\":\"en-US\",\"@id\":\"https:\\\/\\\/www.larusee.com\\\/en\\\/produit\\\/kinai-tonic-6x-20cl\\\/#primaryimage\",\"url\":\"https:\\\/\\\/www.larusee.com\\\/wp-content\\\/uploads\\\/2021\\\/05\\\/kinai-tonic-20cl-closeup-23.jpg\",\"contentUrl\":\"https:\\\/\\\/www.larusee.com\\\/wp-content\\\/uploads\\\/2021\\\/05\\\/kinai-tonic-20cl-closeup-23.jpg\",\"width\":1600,\"height\":2000,\"caption\":\"Bouteille Kina\u00ef Tonic classique\"},{\"@type\":\"BreadcrumbList\",\"@id\":\"https:\\\/\\\/www.larusee.com\\\/en\\\/produit\\\/kinai-tonic-6x-20cl\\\/#breadcrumb\",\"itemListElement\":[{\"@type\":\"ListItem\",\"position\":1,\"name\":\"Accueil\",\"item\":\"https:\\\/\\\/www.larusee.com\\\/en\\\/\"},{\"@type\":\"ListItem\",\"position\":2,\"name\":\"Shop\",\"item\":\"https:\\\/\\\/www.larusee.com\\\/en\\\/shop\\\/\"},{\"@type\":\"ListItem\",\"position\":3,\"name\":\"Kina\u00ef Tonic 6x 20cl\"}]},{\"@type\":\"WebSite\",\"@id\":\"https:\\\/\\\/www.larusee.com\\\/en\\\/#website\",\"url\":\"https:\\\/\\\/www.larusee.com\\\/en\\\/\",\"name\":\"Larus\u00e9e\",\"description\":\"Distillateur d&#039;\u00e9motions\",\"publisher\":{\"@id\":\"https:\\\/\\\/www.larusee.com\\\/en\\\/#organization\"},\"potentialAction\":[{\"@type\":\"SearchAction\",\"target\":{\"@type\":\"EntryPoint\",\"urlTemplate\":\"https:\\\/\\\/www.larusee.com\\\/en\\\/?s={search_term_string}\"},\"query-input\":{\"@type\":\"PropertyValueSpecification\",\"valueRequired\":true,\"valueName\":\"search_term_string\"}}],\"inLanguage\":\"en-US\"},{\"@type\":\"Organization\",\"@id\":\"https:\\\/\\\/www.larusee.com\\\/en\\\/#organization\",\"name\":\"Larus\u00e9e\",\"url\":\"https:\\\/\\\/www.larusee.com\\\/en\\\/\",\"logo\":{\"@type\":\"ImageObject\",\"inLanguage\":\"en-US\",\"@id\":\"https:\\\/\\\/www.larusee.com\\\/en\\\/#\\\/schema\\\/logo\\\/image\\\/\",\"url\":\"https:\\\/\\\/www.larusee.com\\\/wp-content\\\/uploads\\\/2019\\\/04\\\/Logo_Larusee_Noir.png\",\"contentUrl\":\"https:\\\/\\\/www.larusee.com\\\/wp-content\\\/uploads\\\/2019\\\/04\\\/Logo_Larusee_Noir.png\",\"width\":1181,\"height\":318,\"caption\":\"Larus\u00e9e\"},\"image\":{\"@id\":\"https:\\\/\\\/www.larusee.com\\\/en\\\/#\\\/schema\\\/logo\\\/image\\\/\"},\"sameAs\":[\"https:\\\/\\\/www.facebook.com\\\/AbsintheLarusee\",\"https:\\\/\\\/www.instagram.com\\\/distillerielarusee\\\/\"]}]}<\/script>\n<!-- \/ Yoast SEO plugin. -->","yoast_head_json":{"title":"Kina\u00ef Tonic 6x 20cl - Larus\u00e9e","description":"The tonic from Neuch\u00e2tel handmade in Fenin. The perfect match with Gintiane, the London dry gin from Larus\u00e9e.","robots":{"index":"index","follow":"follow","max-snippet":"max-snippet:-1","max-image-preview":"max-image-preview:large","max-video-preview":"max-video-preview:-1"},"canonical":"https:\/\/www.larusee.com\/en\/produit\/kinai-tonic-6x-20cl\/","og_locale":"en_US","og_type":"article","og_title":"Kina\u00ef Tonic 6x 20cl - Larus\u00e9e","og_description":"The tonic from Neuch\u00e2tel handmade in Fenin. The perfect match with Gintiane, the London dry gin from Larus\u00e9e.","og_url":"https:\/\/www.larusee.com\/en\/produit\/kinai-tonic-6x-20cl\/","og_site_name":"Larus\u00e9e","article_publisher":"https:\/\/www.facebook.com\/AbsintheLarusee","article_modified_time":"2023-06-01T16:21:07+00:00","og_image":[{"width":1600,"height":2000,"url":"https:\/\/www.larusee.com\/wp-content\/uploads\/2021\/05\/kinai-tonic-20cl-closeup-23.jpg","type":"image\/jpeg"}],"twitter_card":"summary_large_image","schema":{"@context":"https:\/\/schema.org","@graph":[{"@type":"WebPage","@id":"https:\/\/www.larusee.com\/en\/produit\/kinai-tonic-6x-20cl\/","url":"https:\/\/www.larusee.com\/en\/produit\/kinai-tonic-6x-20cl\/","name":"Kina\u00ef Tonic 6x 20cl - Larus\u00e9e","isPartOf":{"@id":"https:\/\/www.larusee.com\/en\/#website"},"primaryImageOfPage":{"@id":"https:\/\/www.larusee.com\/en\/produit\/kinai-tonic-6x-20cl\/#primaryimage"},"image":{"@id":"https:\/\/www.larusee.com\/en\/produit\/kinai-tonic-6x-20cl\/#primaryimage"},"thumbnailUrl":"https:\/\/www.larusee.com\/wp-content\/uploads\/2021\/05\/kinai-tonic-20cl-closeup-23.jpg","datePublished":"2021-05-15T10:41:32+00:00","dateModified":"2023-06-01T16:21:07+00:00","description":"The tonic from Neuch\u00e2tel handmade in Fenin. The perfect match with Gintiane, the London dry gin from Larus\u00e9e.","breadcrumb":{"@id":"https:\/\/www.larusee.com\/en\/produit\/kinai-tonic-6x-20cl\/#breadcrumb"},"inLanguage":"en-US","potentialAction":[{"@type":"ReadAction","target":["https:\/\/www.larusee.com\/en\/produit\/kinai-tonic-6x-20cl\/"]}]},{"@type":"ImageObject","inLanguage":"en-US","@id":"https:\/\/www.larusee.com\/en\/produit\/kinai-tonic-6x-20cl\/#primaryimage","url":"https:\/\/www.larusee.com\/wp-content\/uploads\/2021\/05\/kinai-tonic-20cl-closeup-23.jpg","contentUrl":"https:\/\/www.larusee.com\/wp-content\/uploads\/2021\/05\/kinai-tonic-20cl-closeup-23.jpg","width":1600,"height":2000,"caption":"Bouteille Kina\u00ef Tonic classique"},{"@type":"BreadcrumbList","@id":"https:\/\/www.larusee.com\/en\/produit\/kinai-tonic-6x-20cl\/#breadcrumb","itemListElement":[{"@type":"ListItem","position":1,"name":"Accueil","item":"https:\/\/www.larusee.com\/en\/"},{"@type":"ListItem","position":2,"name":"Shop","item":"https:\/\/www.larusee.com\/en\/shop\/"},{"@type":"ListItem","position":3,"name":"Kina\u00ef Tonic 6x 20cl"}]},{"@type":"WebSite","@id":"https:\/\/www.larusee.com\/en\/#website","url":"https:\/\/www.larusee.com\/en\/","name":"Larus\u00e9e","description":"Distillateur d&#039;\u00e9motions","publisher":{"@id":"https:\/\/www.larusee.com\/en\/#organization"},"potentialAction":[{"@type":"SearchAction","target":{"@type":"EntryPoint","urlTemplate":"https:\/\/www.larusee.com\/en\/?s={search_term_string}"},"query-input":{"@type":"PropertyValueSpecification","valueRequired":true,"valueName":"search_term_string"}}],"inLanguage":"en-US"},{"@type":"Organization","@id":"https:\/\/www.larusee.com\/en\/#organization","name":"Larus\u00e9e","url":"https:\/\/www.larusee.com\/en\/","logo":{"@type":"ImageObject","inLanguage":"en-US","@id":"https:\/\/www.larusee.com\/en\/#\/schema\/logo\/image\/","url":"https:\/\/www.larusee.com\/wp-content\/uploads\/2019\/04\/Logo_Larusee_Noir.png","contentUrl":"https:\/\/www.larusee.com\/wp-content\/uploads\/2019\/04\/Logo_Larusee_Noir.png","width":1181,"height":318,"caption":"Larus\u00e9e"},"image":{"@id":"https:\/\/www.larusee.com\/en\/#\/schema\/logo\/image\/"},"sameAs":["https:\/\/www.facebook.com\/AbsintheLarusee","https:\/\/www.instagram.com\/distillerielarusee\/"]}]}},"_links":{"self":[{"href":"https:\/\/www.larusee.com\/en\/wp-json\/wp\/v2\/product\/15338","targetHints":{"allow":["GET"]}}],"collection":[{"href":"https:\/\/www.larusee.com\/en\/wp-json\/wp\/v2\/product"}],"about":[{"href":"https:\/\/www.larusee.com\/en\/wp-json\/wp\/v2\/types\/product"}],"version-history":[{"count":0,"href":"https:\/\/www.larusee.com\/en\/wp-json\/wp\/v2\/product\/15338\/revisions"}],"wp:featuredmedia":[{"embeddable":true,"href":"https:\/\/www.larusee.com\/en\/wp-json\/wp\/v2\/media\/17060"}],"wp:attachment":[{"href":"https:\/\/www.larusee.com\/en\/wp-json\/wp\/v2\/media?parent=15338"}],"wp:term":[{"taxonomy":"product_brand","embeddable":true,"href":"https:\/\/www.larusee.com\/en\/wp-json\/wp\/v2\/product_brand?post=15338"},{"taxonomy":"product_cat","embeddable":true,"href":"https:\/\/www.larusee.com\/en\/wp-json\/wp\/v2\/product_cat?post=15338"},{"taxonomy":"product_tag","embeddable":true,"href":"https:\/\/www.larusee.com\/en\/wp-json\/wp\/v2\/product_tag?post=15338"}],"curies":[{"name":"wp","href":"https:\/\/api.w.org\/{rel}","templated":true}]}}