{"id":11009,"date":"2019-03-01T16:57:09","date_gmt":"2019-03-01T15:57:09","guid":{"rendered":"https:\/\/www.larusee.com\/produit\/ananas-absinthe-larusee-verte-jam\/"},"modified":"2023-06-28T12:01:06","modified_gmt":"2023-06-28T10:01:06","slug":"pineapple-absinthe-larusee-verte-jam","status":"publish","type":"product","link":"https:\/\/www.larusee.com\/en\/produit\/pineapple-absinthe-larusee-verte-jam\/","title":{"rendered":"Pineapple-Absinthe Larus\u00e9e Verte Jam"},"content":{"rendered":"<div class=\"wpb-content-wrapper\"><p>[vc_row][vc_column width=&#8221;1\/4&#8243;][vc_single_image image=&#8221;14838&#8243; img_size=&#8221;large&#8221;][\/vc_column][vc_column width=&#8221;3\/4&#8243;][vc_column_text]St\u00e9phan Perrotte, Best Confiturier in France and World Champion 2015<\/p>\n<p>Net weight: 220 grams<\/p>\n<p><a href=\"https:\/\/maisonperrotte.fr\">St\u00e9phan Perrotte website<\/a>[\/vc_column_text][\/vc_column][\/vc_row]<\/p>\n<\/div>","protected":false},"excerpt":{"rendered":"<p>His art, he exercises in pots. Gourmet, unctuous, fruity &#8230; fabulous jars of jam. Like a painter, he works in pure colors, but brilliantly assembles his gouaches to obtain original products: a combination of apple, yuzu juice and black sesame, a combination of strawberry, raspberry, Saumur Champigny and blackcurrant pepper, or this nice mix mango and passion fruit. Using the best of fruits and spices, this Master Confiturier of France leaves nothing to chance. That&#8217;s why he concocts his potions in French copper cauldrons.<\/p>\n<p>St\u00e9phan Perrotte, World Champion of Jam 2015, concocts here for Larus\u00e9e a sublime creation associating the pineapple and the <a href=\"http:\/\/www.larusee.com\/produit\/absinthe-larusee-verte- 70cl-65-vol \/ \"> Absinthe Larus\u00e9e Verte <\/a>. In very limited edition!<\/p>\n","protected":false},"featured_media":11010,"template":"","meta":[],"product_brand":[],"product_cat":[1254,729,728,741],"product_tag":[730,733,735,791,793,768,794,797,795],"class_list":{"0":"post-11009","1":"product","2":"type-product","3":"status-publish","4":"has-post-thumbnail","6":"product_cat-deli","7":"product_cat-our-products","8":"product_cat-shop","9":"product_cat-stephan-perrotte-jams","10":"product_tag-absinthe-en","11":"product_tag-green","12":"product_tag-green-fairy","13":"product_tag-handcrafted","14":"product_tag-jam","15":"product_tag-larusee","16":"product_tag-master-jammer","17":"product_tag-pineapple","18":"product_tag-stephan-perrotte-en","20":"first","21":"instock","22":"featured","23":"taxable","24":"shipping-taxable","25":"purchasable","26":"product-type-simple"},"yoast_head":"<!-- This site is optimized with the Yoast SEO plugin v27.5 - https:\/\/yoast.com\/product\/yoast-seo-wordpress\/ -->\n<title>Pineapple-Absinthe Larus\u00e9e Verte Jam - Larus\u00e9e<\/title>\n<meta name=\"robots\" content=\"index, follow, max-snippet:-1, max-image-preview:large, max-video-preview:-1\" \/>\n<link rel=\"canonical\" href=\"https:\/\/www.larusee.com\/en\/produit\/pineapple-absinthe-larusee-verte-jam\/\" \/>\n<meta property=\"og:locale\" content=\"en_US\" \/>\n<meta property=\"og:type\" content=\"article\" \/>\n<meta property=\"og:title\" content=\"Pineapple-Absinthe Larus\u00e9e Verte Jam - Larus\u00e9e\" \/>\n<meta property=\"og:description\" content=\"His art, he exercises in pots. Gourmet, unctuous, fruity ... fabulous jars of jam. Like a painter, he works in pure colors, but brilliantly assembles his gouaches to obtain original products: a combination of apple, yuzu juice and black sesame, a combination of strawberry, raspberry, Saumur Champigny and blackcurrant pepper, or this nice mix mango and passion fruit. Using the best of fruits and spices, this Master Confiturier of France leaves nothing to chance. That&#039;s why he concocts his potions in French copper cauldrons.  St\u00e9phan Perrotte, World Champion of Jam 2015, concocts here for Larus\u00e9e a sublime creation associating the pineapple and the Absinthe Larus\u00e9e Verte . In very limited edition!\" \/>\n<meta property=\"og:url\" content=\"https:\/\/www.larusee.com\/en\/produit\/pineapple-absinthe-larusee-verte-jam\/\" \/>\n<meta property=\"og:site_name\" content=\"Larus\u00e9e\" \/>\n<meta property=\"article:publisher\" content=\"https:\/\/www.facebook.com\/AbsintheLarusee\" \/>\n<meta property=\"article:modified_time\" content=\"2023-06-28T10:01:06+00:00\" \/>\n<meta property=\"og:image\" content=\"https:\/\/www.larusee.com\/wp-content\/uploads\/2019\/04\/larusee-confiture-absinthe-verte-ananas-closeup.jpg\" \/>\n\t<meta property=\"og:image:width\" content=\"1600\" \/>\n\t<meta property=\"og:image:height\" content=\"2000\" \/>\n\t<meta property=\"og:image:type\" content=\"image\/jpeg\" \/>\n<meta name=\"twitter:card\" content=\"summary_large_image\" \/>\n<script type=\"application\/ld+json\" class=\"yoast-schema-graph\">{\"@context\":\"https:\\\/\\\/schema.org\",\"@graph\":[{\"@type\":\"WebPage\",\"@id\":\"https:\\\/\\\/www.larusee.com\\\/en\\\/produit\\\/pineapple-absinthe-larusee-verte-jam\\\/\",\"url\":\"https:\\\/\\\/www.larusee.com\\\/en\\\/produit\\\/pineapple-absinthe-larusee-verte-jam\\\/\",\"name\":\"Pineapple-Absinthe Larus\u00e9e Verte Jam - Larus\u00e9e\",\"isPartOf\":{\"@id\":\"https:\\\/\\\/www.larusee.com\\\/en\\\/#website\"},\"primaryImageOfPage\":{\"@id\":\"https:\\\/\\\/www.larusee.com\\\/en\\\/produit\\\/pineapple-absinthe-larusee-verte-jam\\\/#primaryimage\"},\"image\":{\"@id\":\"https:\\\/\\\/www.larusee.com\\\/en\\\/produit\\\/pineapple-absinthe-larusee-verte-jam\\\/#primaryimage\"},\"thumbnailUrl\":\"https:\\\/\\\/www.larusee.com\\\/wp-content\\\/uploads\\\/2019\\\/04\\\/larusee-confiture-absinthe-verte-ananas-closeup.jpg\",\"datePublished\":\"2019-03-01T15:57:09+00:00\",\"dateModified\":\"2023-06-28T10:01:06+00:00\",\"breadcrumb\":{\"@id\":\"https:\\\/\\\/www.larusee.com\\\/en\\\/produit\\\/pineapple-absinthe-larusee-verte-jam\\\/#breadcrumb\"},\"inLanguage\":\"en-US\",\"potentialAction\":[{\"@type\":\"ReadAction\",\"target\":[\"https:\\\/\\\/www.larusee.com\\\/en\\\/produit\\\/pineapple-absinthe-larusee-verte-jam\\\/\"]}]},{\"@type\":\"ImageObject\",\"inLanguage\":\"en-US\",\"@id\":\"https:\\\/\\\/www.larusee.com\\\/en\\\/produit\\\/pineapple-absinthe-larusee-verte-jam\\\/#primaryimage\",\"url\":\"https:\\\/\\\/www.larusee.com\\\/wp-content\\\/uploads\\\/2019\\\/04\\\/larusee-confiture-absinthe-verte-ananas-closeup.jpg\",\"contentUrl\":\"https:\\\/\\\/www.larusee.com\\\/wp-content\\\/uploads\\\/2019\\\/04\\\/larusee-confiture-absinthe-verte-ananas-closeup.jpg\",\"width\":1600,\"height\":2000,\"caption\":\"Jam St\u00e9phan Perotte Pineapple Absinthe Larus\u00e9e Verte\"},{\"@type\":\"BreadcrumbList\",\"@id\":\"https:\\\/\\\/www.larusee.com\\\/en\\\/produit\\\/pineapple-absinthe-larusee-verte-jam\\\/#breadcrumb\",\"itemListElement\":[{\"@type\":\"ListItem\",\"position\":1,\"name\":\"Accueil\",\"item\":\"https:\\\/\\\/www.larusee.com\\\/en\\\/\"},{\"@type\":\"ListItem\",\"position\":2,\"name\":\"Shop\",\"item\":\"https:\\\/\\\/www.larusee.com\\\/en\\\/shop\\\/\"},{\"@type\":\"ListItem\",\"position\":3,\"name\":\"Pineapple-Absinthe Larus\u00e9e Verte Jam\"}]},{\"@type\":\"WebSite\",\"@id\":\"https:\\\/\\\/www.larusee.com\\\/en\\\/#website\",\"url\":\"https:\\\/\\\/www.larusee.com\\\/en\\\/\",\"name\":\"Larus\u00e9e\",\"description\":\"Distillateur d&#039;\u00e9motions\",\"publisher\":{\"@id\":\"https:\\\/\\\/www.larusee.com\\\/en\\\/#organization\"},\"potentialAction\":[{\"@type\":\"SearchAction\",\"target\":{\"@type\":\"EntryPoint\",\"urlTemplate\":\"https:\\\/\\\/www.larusee.com\\\/en\\\/?s={search_term_string}\"},\"query-input\":{\"@type\":\"PropertyValueSpecification\",\"valueRequired\":true,\"valueName\":\"search_term_string\"}}],\"inLanguage\":\"en-US\"},{\"@type\":\"Organization\",\"@id\":\"https:\\\/\\\/www.larusee.com\\\/en\\\/#organization\",\"name\":\"Larus\u00e9e\",\"url\":\"https:\\\/\\\/www.larusee.com\\\/en\\\/\",\"logo\":{\"@type\":\"ImageObject\",\"inLanguage\":\"en-US\",\"@id\":\"https:\\\/\\\/www.larusee.com\\\/en\\\/#\\\/schema\\\/logo\\\/image\\\/\",\"url\":\"https:\\\/\\\/www.larusee.com\\\/wp-content\\\/uploads\\\/2019\\\/04\\\/Logo_Larusee_Noir.png\",\"contentUrl\":\"https:\\\/\\\/www.larusee.com\\\/wp-content\\\/uploads\\\/2019\\\/04\\\/Logo_Larusee_Noir.png\",\"width\":1181,\"height\":318,\"caption\":\"Larus\u00e9e\"},\"image\":{\"@id\":\"https:\\\/\\\/www.larusee.com\\\/en\\\/#\\\/schema\\\/logo\\\/image\\\/\"},\"sameAs\":[\"https:\\\/\\\/www.facebook.com\\\/AbsintheLarusee\",\"https:\\\/\\\/www.instagram.com\\\/distillerielarusee\\\/\"]}]}<\/script>\n<!-- \/ Yoast SEO plugin. -->","yoast_head_json":{"title":"Pineapple-Absinthe Larus\u00e9e Verte Jam - Larus\u00e9e","robots":{"index":"index","follow":"follow","max-snippet":"max-snippet:-1","max-image-preview":"max-image-preview:large","max-video-preview":"max-video-preview:-1"},"canonical":"https:\/\/www.larusee.com\/en\/produit\/pineapple-absinthe-larusee-verte-jam\/","og_locale":"en_US","og_type":"article","og_title":"Pineapple-Absinthe Larus\u00e9e Verte Jam - Larus\u00e9e","og_description":"His art, he exercises in pots. Gourmet, unctuous, fruity ... fabulous jars of jam. Like a painter, he works in pure colors, but brilliantly assembles his gouaches to obtain original products: a combination of apple, yuzu juice and black sesame, a combination of strawberry, raspberry, Saumur Champigny and blackcurrant pepper, or this nice mix mango and passion fruit. Using the best of fruits and spices, this Master Confiturier of France leaves nothing to chance. That's why he concocts his potions in French copper cauldrons.  St\u00e9phan Perrotte, World Champion of Jam 2015, concocts here for Larus\u00e9e a sublime creation associating the pineapple and the Absinthe Larus\u00e9e Verte . In very limited edition!","og_url":"https:\/\/www.larusee.com\/en\/produit\/pineapple-absinthe-larusee-verte-jam\/","og_site_name":"Larus\u00e9e","article_publisher":"https:\/\/www.facebook.com\/AbsintheLarusee","article_modified_time":"2023-06-28T10:01:06+00:00","og_image":[{"width":1600,"height":2000,"url":"https:\/\/www.larusee.com\/wp-content\/uploads\/2019\/04\/larusee-confiture-absinthe-verte-ananas-closeup.jpg","type":"image\/jpeg"}],"twitter_card":"summary_large_image","schema":{"@context":"https:\/\/schema.org","@graph":[{"@type":"WebPage","@id":"https:\/\/www.larusee.com\/en\/produit\/pineapple-absinthe-larusee-verte-jam\/","url":"https:\/\/www.larusee.com\/en\/produit\/pineapple-absinthe-larusee-verte-jam\/","name":"Pineapple-Absinthe Larus\u00e9e Verte Jam - Larus\u00e9e","isPartOf":{"@id":"https:\/\/www.larusee.com\/en\/#website"},"primaryImageOfPage":{"@id":"https:\/\/www.larusee.com\/en\/produit\/pineapple-absinthe-larusee-verte-jam\/#primaryimage"},"image":{"@id":"https:\/\/www.larusee.com\/en\/produit\/pineapple-absinthe-larusee-verte-jam\/#primaryimage"},"thumbnailUrl":"https:\/\/www.larusee.com\/wp-content\/uploads\/2019\/04\/larusee-confiture-absinthe-verte-ananas-closeup.jpg","datePublished":"2019-03-01T15:57:09+00:00","dateModified":"2023-06-28T10:01:06+00:00","breadcrumb":{"@id":"https:\/\/www.larusee.com\/en\/produit\/pineapple-absinthe-larusee-verte-jam\/#breadcrumb"},"inLanguage":"en-US","potentialAction":[{"@type":"ReadAction","target":["https:\/\/www.larusee.com\/en\/produit\/pineapple-absinthe-larusee-verte-jam\/"]}]},{"@type":"ImageObject","inLanguage":"en-US","@id":"https:\/\/www.larusee.com\/en\/produit\/pineapple-absinthe-larusee-verte-jam\/#primaryimage","url":"https:\/\/www.larusee.com\/wp-content\/uploads\/2019\/04\/larusee-confiture-absinthe-verte-ananas-closeup.jpg","contentUrl":"https:\/\/www.larusee.com\/wp-content\/uploads\/2019\/04\/larusee-confiture-absinthe-verte-ananas-closeup.jpg","width":1600,"height":2000,"caption":"Jam St\u00e9phan Perotte Pineapple Absinthe Larus\u00e9e Verte"},{"@type":"BreadcrumbList","@id":"https:\/\/www.larusee.com\/en\/produit\/pineapple-absinthe-larusee-verte-jam\/#breadcrumb","itemListElement":[{"@type":"ListItem","position":1,"name":"Accueil","item":"https:\/\/www.larusee.com\/en\/"},{"@type":"ListItem","position":2,"name":"Shop","item":"https:\/\/www.larusee.com\/en\/shop\/"},{"@type":"ListItem","position":3,"name":"Pineapple-Absinthe Larus\u00e9e Verte Jam"}]},{"@type":"WebSite","@id":"https:\/\/www.larusee.com\/en\/#website","url":"https:\/\/www.larusee.com\/en\/","name":"Larus\u00e9e","description":"Distillateur d&#039;\u00e9motions","publisher":{"@id":"https:\/\/www.larusee.com\/en\/#organization"},"potentialAction":[{"@type":"SearchAction","target":{"@type":"EntryPoint","urlTemplate":"https:\/\/www.larusee.com\/en\/?s={search_term_string}"},"query-input":{"@type":"PropertyValueSpecification","valueRequired":true,"valueName":"search_term_string"}}],"inLanguage":"en-US"},{"@type":"Organization","@id":"https:\/\/www.larusee.com\/en\/#organization","name":"Larus\u00e9e","url":"https:\/\/www.larusee.com\/en\/","logo":{"@type":"ImageObject","inLanguage":"en-US","@id":"https:\/\/www.larusee.com\/en\/#\/schema\/logo\/image\/","url":"https:\/\/www.larusee.com\/wp-content\/uploads\/2019\/04\/Logo_Larusee_Noir.png","contentUrl":"https:\/\/www.larusee.com\/wp-content\/uploads\/2019\/04\/Logo_Larusee_Noir.png","width":1181,"height":318,"caption":"Larus\u00e9e"},"image":{"@id":"https:\/\/www.larusee.com\/en\/#\/schema\/logo\/image\/"},"sameAs":["https:\/\/www.facebook.com\/AbsintheLarusee","https:\/\/www.instagram.com\/distillerielarusee\/"]}]}},"_links":{"self":[{"href":"https:\/\/www.larusee.com\/en\/wp-json\/wp\/v2\/product\/11009","targetHints":{"allow":["GET"]}}],"collection":[{"href":"https:\/\/www.larusee.com\/en\/wp-json\/wp\/v2\/product"}],"about":[{"href":"https:\/\/www.larusee.com\/en\/wp-json\/wp\/v2\/types\/product"}],"version-history":[{"count":0,"href":"https:\/\/www.larusee.com\/en\/wp-json\/wp\/v2\/product\/11009\/revisions"}],"wp:featuredmedia":[{"embeddable":true,"href":"https:\/\/www.larusee.com\/en\/wp-json\/wp\/v2\/media\/11010"}],"wp:attachment":[{"href":"https:\/\/www.larusee.com\/en\/wp-json\/wp\/v2\/media?parent=11009"}],"wp:term":[{"taxonomy":"product_brand","embeddable":true,"href":"https:\/\/www.larusee.com\/en\/wp-json\/wp\/v2\/product_brand?post=11009"},{"taxonomy":"product_cat","embeddable":true,"href":"https:\/\/www.larusee.com\/en\/wp-json\/wp\/v2\/product_cat?post=11009"},{"taxonomy":"product_tag","embeddable":true,"href":"https:\/\/www.larusee.com\/en\/wp-json\/wp\/v2\/product_tag?post=11009"}],"curies":[{"name":"wp","href":"https:\/\/api.w.org\/{rel}","templated":true}]}}