{"id":10999,"date":"2016-05-25T09:00:02","date_gmt":"2016-05-25T07:00:02","guid":{"rendered":"https:\/\/www.larusee.com\/produit\/pastis-larusee-75cl-45-vol\/"},"modified":"2025-01-09T22:45:33","modified_gmt":"2025-01-09T21:45:33","slug":"pastis-larusee-70cl-45-vol","status":"publish","type":"product","link":"https:\/\/www.larusee.com\/en\/produit\/pastis-larusee-70cl-45-vol\/","title":{"rendered":"Le Pastis Larus\u00e9e"},"content":{"rendered":"<div class=\"wpb-content-wrapper\"><p>[vc_row][vc_column][vc_column_text]<strong>Content:<\/strong> 70 cl<br \/>\n<strong>Volume:<\/strong> 45% abv<\/p>\n<h4>Pastis: the perfect serve<\/h4>\n<div class=\"\">Allow your Pastis to unfold its bouquet of fragrances:<\/div>\n<ul>\n<li>Pour 3cl of Pastis in your glass<\/li>\n<li>Top it up with water to your liking from the Pastis water jug, which has been filled with water and ice cubes<\/li>\n<li>At this point only, add ice cubes to your glass.<\/li>\n<\/ul>\n<p>[\/vc_column_text][vc_separator][\/vc_column][\/vc_row][vc_row][vc_column][vc_column_text]<\/p>\n<h4>Spirits Selection&#8217;s tasting note<\/h4>\n<p><strong>Appearance<\/strong>: Straw-yellow with pretty reflections<\/p>\n<p><strong>Nose:<\/strong> Cinnamon, anise, cloves and grapefruit with very pleasant perfumes followed by spiciness adding layers and complexity.<\/p>\n<p><strong>Palate:<\/strong> The palate continues where the nose leaves off, it is fruity and spicy with anise, herbs and licorice . Persistent with flavors flowing through. Good contrast supporting complexity once again.<\/p>\n<p><strong>Overall:<\/strong> Very exciting with a lot to offer, showing personality and delivering excitement and enjoyment as well. Very well-crafted.[\/vc_column_text][vc_separator][vc_column_text]<\/p>\n<h4>Our swiss pastis awards<\/h4>\n<p>[\/vc_column_text][\/vc_column][\/vc_row][vc_row][vc_column width=&#8221;1\/6&#8243;][vc_single_image image=&#8221;17176&#8243; img_size=&#8221;&#8221; alignment=&#8221;center&#8221;][vc_column_text]<\/p>\n<p style=\"text-align: center;\"><strong>Palme d&#8217;Or<\/strong><\/p>\n<p style=\"text-align: center;\">Concours National de Paris 2023<\/p>\n<p style=\"text-align: center;\">France<\/p>\n<p>[\/vc_column_text][\/vc_column][vc_column width=&#8221;1\/6&#8243;][vc_single_image image=&#8221;14714&#8243; img_size=&#8221;100&#215;93&#8243; alignment=&#8221;center&#8221; onclick=&#8221;link_image&#8221;][vc_column_text]<\/p>\n<p style=\"text-align: center;\"><strong>GOLD<\/strong><\/p>\n<p style=\"text-align: center;\">Spirits Selection by le Concours Mondial de Bruxelles<\/p>\n<p style=\"text-align: center;\">2020<\/p>\n<p>[\/vc_column_text][\/vc_column][vc_column width=&#8221;1\/6&#8243;][vc_single_image image=&#8221;14304&#8243; img_size=&#8221;full&#8221; alignment=&#8221;center&#8221;][vc_column_text]<\/p>\n<p style=\"text-align: center;\"><strong>Silver<\/strong><\/p>\n<p style=\"text-align: center;\">Concours International de Lyon 2020<\/p>\n<p style=\"text-align: center;\">France<\/p>\n<p>[\/vc_column_text][\/vc_column][vc_column width=&#8221;1\/6&#8243;][vc_single_image image=&#8221;11000&#8243; img_size=&#8221;&#8221; alignment=&#8221;center&#8221;][vc_column_text]<\/p>\n<p style=\"text-align: center;\"><strong>GOLD<\/strong><\/p>\n<p style=\"text-align: center;\">Paris International Spirits Trophy 2019<\/p>\n<p style=\"text-align: center;\">France<\/p>\n<p>[\/vc_column_text][\/vc_column][vc_column width=&#8221;1\/6&#8243;][vc_single_image image=&#8221;11001&#8243; img_size=&#8221;&#8221; alignment=&#8221;center&#8221;][vc_column_text]<\/p>\n<p style=\"text-align: center;\"><strong>Palme d&#8217;Or<\/strong><\/p>\n<p style=\"text-align: center;\">Palmar\u00e8s 2019 de l&#8217;Acad\u00e9mie des Vins et de la Gastronomie fran\u00e7aise<\/p>\n<p style=\"text-align: center;\">France<\/p>\n<p>[\/vc_column_text][\/vc_column][vc_column width=&#8221;1\/6&#8243;][\/vc_column][\/vc_row]<\/p>\n<\/div>","protected":false},"excerpt":{"rendered":"<p>A swiss pastis? And from Neuch\u00e2tel? What a strange idea! However, the history of pastis is very closely linked to that of absinth, because the prohibition of absinth led to the creation of this marvellous aniseed beverage, which is so symbolic of sunlit aperitifs. And what country other than France could claim it invented absinth? Switzerland, of course!<\/p>\n<p>Developed in the historic cradle of its mother Absinthe, Pastis Larus\u00e9e is distilled and steeped using entirely artisan processes only. The little marvel we offer you shows that this iconic aniseed drink is full of surprises! It is an explosion of carefully dosed tastes, full of finesse, with plant flavours that could almost be identified individually.<\/p>\n<p>With 45\u2009% by vol. it is peerlessly elegant with a slightly lemony freshness.<\/p>\n","protected":false},"featured_media":21779,"template":"","meta":[],"product_brand":[],"product_cat":[729,766,1483,728],"product_tag":[771,770,768,769,731],"class_list":{"0":"post-10999","1":"product","2":"type-product","3":"status-publish","4":"has-post-thumbnail","6":"product_cat-our-products","7":"product_cat-our-swiss-pastis","8":"product_cat-pastis","9":"product_cat-shop","10":"product_tag-gastronomy","11":"product_tag-gold-award","12":"product_tag-larusee","13":"product_tag-pastis-en","14":"product_tag-switzerland","16":"first","17":"instock","18":"featured","19":"taxable","20":"shipping-taxable","21":"purchasable","22":"product-type-simple"},"yoast_head":"<!-- This site is optimized with the Yoast SEO plugin v27.6 - https:\/\/yoast.com\/product\/yoast-seo-wordpress\/ -->\n<title>Le Pastis Larus\u00e9e - Larus\u00e9e<\/title>\n<meta name=\"description\" content=\"After the Mother (absinthe)\u2026 The Son (Pastis)! Larus\u00e9e creates the lineage of its high-end absinthes by inventing the first Swiss pastis!\" \/>\n<meta name=\"robots\" content=\"index, follow, max-snippet:-1, max-image-preview:large, max-video-preview:-1\" \/>\n<link rel=\"canonical\" href=\"https:\/\/www.larusee.com\/en\/produit\/pastis-larusee-70cl-45-vol\/\" \/>\n<meta property=\"og:locale\" content=\"en_US\" \/>\n<meta property=\"og:type\" content=\"article\" \/>\n<meta property=\"og:title\" content=\"Le Pastis Larus\u00e9e - Larus\u00e9e\" \/>\n<meta property=\"og:description\" content=\"After the Mother (absinthe)\u2026 The Son (Pastis)! Larus\u00e9e creates the lineage of its high-end absinthes by inventing the first Swiss pastis!\" \/>\n<meta property=\"og:url\" content=\"https:\/\/www.larusee.com\/en\/produit\/pastis-larusee-70cl-45-vol\/\" \/>\n<meta property=\"og:site_name\" content=\"Larus\u00e9e\" \/>\n<meta property=\"article:publisher\" content=\"https:\/\/www.facebook.com\/AbsintheLarusee\" \/>\n<meta property=\"article:modified_time\" content=\"2025-01-09T21:45:33+00:00\" \/>\n<meta property=\"og:image\" content=\"https:\/\/www.larusee.com\/wp-content\/uploads\/2024\/11\/larusee-pastis-70cl-2024-closeup.jpg\" \/>\n\t<meta property=\"og:image:width\" content=\"1600\" \/>\n\t<meta property=\"og:image:height\" content=\"2000\" \/>\n\t<meta property=\"og:image:type\" content=\"image\/jpeg\" \/>\n<meta name=\"twitter:card\" content=\"summary_large_image\" \/>\n<meta name=\"twitter:label1\" content=\"Est. reading time\" \/>\n\t<meta name=\"twitter:data1\" content=\"2 minutes\" \/>\n<script type=\"application\/ld+json\" class=\"yoast-schema-graph\">{\"@context\":\"https:\\\/\\\/schema.org\",\"@graph\":[{\"@type\":\"WebPage\",\"@id\":\"https:\\\/\\\/www.larusee.com\\\/en\\\/produit\\\/pastis-larusee-70cl-45-vol\\\/\",\"url\":\"https:\\\/\\\/www.larusee.com\\\/en\\\/produit\\\/pastis-larusee-70cl-45-vol\\\/\",\"name\":\"Le Pastis Larus\u00e9e - Larus\u00e9e\",\"isPartOf\":{\"@id\":\"https:\\\/\\\/www.larusee.com\\\/en\\\/#website\"},\"primaryImageOfPage\":{\"@id\":\"https:\\\/\\\/www.larusee.com\\\/en\\\/produit\\\/pastis-larusee-70cl-45-vol\\\/#primaryimage\"},\"image\":{\"@id\":\"https:\\\/\\\/www.larusee.com\\\/en\\\/produit\\\/pastis-larusee-70cl-45-vol\\\/#primaryimage\"},\"thumbnailUrl\":\"https:\\\/\\\/www.larusee.com\\\/wp-content\\\/uploads\\\/2024\\\/11\\\/larusee-pastis-70cl-2024-closeup.jpg\",\"datePublished\":\"2016-05-25T07:00:02+00:00\",\"dateModified\":\"2025-01-09T21:45:33+00:00\",\"description\":\"After the Mother (absinthe)\u2026 The Son (Pastis)! Larus\u00e9e creates the lineage of its high-end absinthes by inventing the first Swiss pastis!\",\"breadcrumb\":{\"@id\":\"https:\\\/\\\/www.larusee.com\\\/en\\\/produit\\\/pastis-larusee-70cl-45-vol\\\/#breadcrumb\"},\"inLanguage\":\"en-US\",\"potentialAction\":[{\"@type\":\"ReadAction\",\"target\":[\"https:\\\/\\\/www.larusee.com\\\/en\\\/produit\\\/pastis-larusee-70cl-45-vol\\\/\"]}]},{\"@type\":\"ImageObject\",\"inLanguage\":\"en-US\",\"@id\":\"https:\\\/\\\/www.larusee.com\\\/en\\\/produit\\\/pastis-larusee-70cl-45-vol\\\/#primaryimage\",\"url\":\"https:\\\/\\\/www.larusee.com\\\/wp-content\\\/uploads\\\/2024\\\/11\\\/larusee-pastis-70cl-2024-closeup.jpg\",\"contentUrl\":\"https:\\\/\\\/www.larusee.com\\\/wp-content\\\/uploads\\\/2024\\\/11\\\/larusee-pastis-70cl-2024-closeup.jpg\",\"width\":1600,\"height\":2000,\"caption\":\"Bottle of Larus\u00e9e Swiss pastis\"},{\"@type\":\"BreadcrumbList\",\"@id\":\"https:\\\/\\\/www.larusee.com\\\/en\\\/produit\\\/pastis-larusee-70cl-45-vol\\\/#breadcrumb\",\"itemListElement\":[{\"@type\":\"ListItem\",\"position\":1,\"name\":\"Accueil\",\"item\":\"https:\\\/\\\/www.larusee.com\\\/en\\\/\"},{\"@type\":\"ListItem\",\"position\":2,\"name\":\"Shop\",\"item\":\"https:\\\/\\\/www.larusee.com\\\/en\\\/shop\\\/\"},{\"@type\":\"ListItem\",\"position\":3,\"name\":\"Le Pastis Larus\u00e9e\"}]},{\"@type\":\"WebSite\",\"@id\":\"https:\\\/\\\/www.larusee.com\\\/en\\\/#website\",\"url\":\"https:\\\/\\\/www.larusee.com\\\/en\\\/\",\"name\":\"Larus\u00e9e\",\"description\":\"Distillateur d&#039;\u00e9motions\",\"publisher\":{\"@id\":\"https:\\\/\\\/www.larusee.com\\\/en\\\/#organization\"},\"potentialAction\":[{\"@type\":\"SearchAction\",\"target\":{\"@type\":\"EntryPoint\",\"urlTemplate\":\"https:\\\/\\\/www.larusee.com\\\/en\\\/?s={search_term_string}\"},\"query-input\":{\"@type\":\"PropertyValueSpecification\",\"valueRequired\":true,\"valueName\":\"search_term_string\"}}],\"inLanguage\":\"en-US\"},{\"@type\":\"Organization\",\"@id\":\"https:\\\/\\\/www.larusee.com\\\/en\\\/#organization\",\"name\":\"Larus\u00e9e\",\"url\":\"https:\\\/\\\/www.larusee.com\\\/en\\\/\",\"logo\":{\"@type\":\"ImageObject\",\"inLanguage\":\"en-US\",\"@id\":\"https:\\\/\\\/www.larusee.com\\\/en\\\/#\\\/schema\\\/logo\\\/image\\\/\",\"url\":\"https:\\\/\\\/www.larusee.com\\\/wp-content\\\/uploads\\\/2019\\\/04\\\/Logo_Larusee_Noir.png\",\"contentUrl\":\"https:\\\/\\\/www.larusee.com\\\/wp-content\\\/uploads\\\/2019\\\/04\\\/Logo_Larusee_Noir.png\",\"width\":1181,\"height\":318,\"caption\":\"Larus\u00e9e\"},\"image\":{\"@id\":\"https:\\\/\\\/www.larusee.com\\\/en\\\/#\\\/schema\\\/logo\\\/image\\\/\"},\"sameAs\":[\"https:\\\/\\\/www.facebook.com\\\/AbsintheLarusee\",\"https:\\\/\\\/www.instagram.com\\\/distillerielarusee\\\/\"]}]}<\/script>\n<!-- \/ Yoast SEO plugin. -->","yoast_head_json":{"title":"Le Pastis Larus\u00e9e - Larus\u00e9e","description":"After the Mother (absinthe)\u2026 The Son (Pastis)! Larus\u00e9e creates the lineage of its high-end absinthes by inventing the first Swiss pastis!","robots":{"index":"index","follow":"follow","max-snippet":"max-snippet:-1","max-image-preview":"max-image-preview:large","max-video-preview":"max-video-preview:-1"},"canonical":"https:\/\/www.larusee.com\/en\/produit\/pastis-larusee-70cl-45-vol\/","og_locale":"en_US","og_type":"article","og_title":"Le Pastis Larus\u00e9e - Larus\u00e9e","og_description":"After the Mother (absinthe)\u2026 The Son (Pastis)! Larus\u00e9e creates the lineage of its high-end absinthes by inventing the first Swiss pastis!","og_url":"https:\/\/www.larusee.com\/en\/produit\/pastis-larusee-70cl-45-vol\/","og_site_name":"Larus\u00e9e","article_publisher":"https:\/\/www.facebook.com\/AbsintheLarusee","article_modified_time":"2025-01-09T21:45:33+00:00","og_image":[{"width":1600,"height":2000,"url":"https:\/\/www.larusee.com\/wp-content\/uploads\/2024\/11\/larusee-pastis-70cl-2024-closeup.jpg","type":"image\/jpeg"}],"twitter_card":"summary_large_image","twitter_misc":{"Est. reading time":"2 minutes"},"schema":{"@context":"https:\/\/schema.org","@graph":[{"@type":"WebPage","@id":"https:\/\/www.larusee.com\/en\/produit\/pastis-larusee-70cl-45-vol\/","url":"https:\/\/www.larusee.com\/en\/produit\/pastis-larusee-70cl-45-vol\/","name":"Le Pastis Larus\u00e9e - Larus\u00e9e","isPartOf":{"@id":"https:\/\/www.larusee.com\/en\/#website"},"primaryImageOfPage":{"@id":"https:\/\/www.larusee.com\/en\/produit\/pastis-larusee-70cl-45-vol\/#primaryimage"},"image":{"@id":"https:\/\/www.larusee.com\/en\/produit\/pastis-larusee-70cl-45-vol\/#primaryimage"},"thumbnailUrl":"https:\/\/www.larusee.com\/wp-content\/uploads\/2024\/11\/larusee-pastis-70cl-2024-closeup.jpg","datePublished":"2016-05-25T07:00:02+00:00","dateModified":"2025-01-09T21:45:33+00:00","description":"After the Mother (absinthe)\u2026 The Son (Pastis)! Larus\u00e9e creates the lineage of its high-end absinthes by inventing the first Swiss pastis!","breadcrumb":{"@id":"https:\/\/www.larusee.com\/en\/produit\/pastis-larusee-70cl-45-vol\/#breadcrumb"},"inLanguage":"en-US","potentialAction":[{"@type":"ReadAction","target":["https:\/\/www.larusee.com\/en\/produit\/pastis-larusee-70cl-45-vol\/"]}]},{"@type":"ImageObject","inLanguage":"en-US","@id":"https:\/\/www.larusee.com\/en\/produit\/pastis-larusee-70cl-45-vol\/#primaryimage","url":"https:\/\/www.larusee.com\/wp-content\/uploads\/2024\/11\/larusee-pastis-70cl-2024-closeup.jpg","contentUrl":"https:\/\/www.larusee.com\/wp-content\/uploads\/2024\/11\/larusee-pastis-70cl-2024-closeup.jpg","width":1600,"height":2000,"caption":"Bottle of Larus\u00e9e Swiss pastis"},{"@type":"BreadcrumbList","@id":"https:\/\/www.larusee.com\/en\/produit\/pastis-larusee-70cl-45-vol\/#breadcrumb","itemListElement":[{"@type":"ListItem","position":1,"name":"Accueil","item":"https:\/\/www.larusee.com\/en\/"},{"@type":"ListItem","position":2,"name":"Shop","item":"https:\/\/www.larusee.com\/en\/shop\/"},{"@type":"ListItem","position":3,"name":"Le Pastis Larus\u00e9e"}]},{"@type":"WebSite","@id":"https:\/\/www.larusee.com\/en\/#website","url":"https:\/\/www.larusee.com\/en\/","name":"Larus\u00e9e","description":"Distillateur d&#039;\u00e9motions","publisher":{"@id":"https:\/\/www.larusee.com\/en\/#organization"},"potentialAction":[{"@type":"SearchAction","target":{"@type":"EntryPoint","urlTemplate":"https:\/\/www.larusee.com\/en\/?s={search_term_string}"},"query-input":{"@type":"PropertyValueSpecification","valueRequired":true,"valueName":"search_term_string"}}],"inLanguage":"en-US"},{"@type":"Organization","@id":"https:\/\/www.larusee.com\/en\/#organization","name":"Larus\u00e9e","url":"https:\/\/www.larusee.com\/en\/","logo":{"@type":"ImageObject","inLanguage":"en-US","@id":"https:\/\/www.larusee.com\/en\/#\/schema\/logo\/image\/","url":"https:\/\/www.larusee.com\/wp-content\/uploads\/2019\/04\/Logo_Larusee_Noir.png","contentUrl":"https:\/\/www.larusee.com\/wp-content\/uploads\/2019\/04\/Logo_Larusee_Noir.png","width":1181,"height":318,"caption":"Larus\u00e9e"},"image":{"@id":"https:\/\/www.larusee.com\/en\/#\/schema\/logo\/image\/"},"sameAs":["https:\/\/www.facebook.com\/AbsintheLarusee","https:\/\/www.instagram.com\/distillerielarusee\/"]}]}},"_links":{"self":[{"href":"https:\/\/www.larusee.com\/en\/wp-json\/wp\/v2\/product\/10999","targetHints":{"allow":["GET"]}}],"collection":[{"href":"https:\/\/www.larusee.com\/en\/wp-json\/wp\/v2\/product"}],"about":[{"href":"https:\/\/www.larusee.com\/en\/wp-json\/wp\/v2\/types\/product"}],"version-history":[{"count":15,"href":"https:\/\/www.larusee.com\/en\/wp-json\/wp\/v2\/product\/10999\/revisions"}],"predecessor-version":[{"id":22307,"href":"https:\/\/www.larusee.com\/en\/wp-json\/wp\/v2\/product\/10999\/revisions\/22307"}],"wp:featuredmedia":[{"embeddable":true,"href":"https:\/\/www.larusee.com\/en\/wp-json\/wp\/v2\/media\/21779"}],"wp:attachment":[{"href":"https:\/\/www.larusee.com\/en\/wp-json\/wp\/v2\/media?parent=10999"}],"wp:term":[{"taxonomy":"product_brand","embeddable":true,"href":"https:\/\/www.larusee.com\/en\/wp-json\/wp\/v2\/product_brand?post=10999"},{"taxonomy":"product_cat","embeddable":true,"href":"https:\/\/www.larusee.com\/en\/wp-json\/wp\/v2\/product_cat?post=10999"},{"taxonomy":"product_tag","embeddable":true,"href":"https:\/\/www.larusee.com\/en\/wp-json\/wp\/v2\/product_tag?post=10999"}],"curies":[{"name":"wp","href":"https:\/\/api.w.org\/{rel}","templated":true}]}}