{"id":10996,"date":"2014-11-04T20:52:03","date_gmt":"2014-11-04T19:52:03","guid":{"rendered":"https:\/\/www.larusee.com\/produit\/absinthe-blanche-de-leon-70cl-55-vol\/"},"modified":"2025-01-09T22:41:26","modified_gmt":"2025-01-09T21:41:26","slug":"absinthe-blanche-de-leon-70cl-55-vol","status":"publish","type":"product","link":"https:\/\/www.larusee.com\/en\/produit\/absinthe-blanche-de-leon-70cl-55-vol\/","title":{"rendered":"Absinthe Blanche de L\u00e9on"},"content":{"rendered":"<div class=\"wpb-content-wrapper\"><p>[vc_row][vc_column][vc_column_text]<\/p>\n<p><b>Content\u2009:<\/b> 700 ml<br \/>\n<b>Abv\u2009:<\/b> 55%<\/p>\n<p><b>Suggestion: <\/b> Enjoy as an aperitif (1 measure of absinthe to 2-3 measures of very cold water) or as a digestif, neat.\n<\/p>\n<p>[\/vc_column_text][vc_separator][vc_column_text]<\/p>\n<h5>Blanche de L\u00e9on award<\/h5>\n<p>[\/vc_column_text][\/vc_column][\/vc_row][vc_row][vc_column width=&#8221;1\/6&#8243;][vc_single_image image=&#8221;10997&#8243; img_size=&#8221;&#8221; alignment=&#8221;center&#8221;][vc_column_text]<\/p>\n<p style=\"text-align: center;\">Silver<br \/>\nDistiSuisse 2017\/2018<\/p>\n<p>[\/vc_column_text][\/vc_column][vc_column width=&#8221;1\/6&#8243;][\/vc_column][vc_column width=&#8221;1\/6&#8243;][\/vc_column][vc_column width=&#8221;1\/6&#8243;][\/vc_column][vc_column width=&#8221;1\/6&#8243;][\/vc_column][vc_column width=&#8221;1\/6&#8243;][\/vc_column][\/vc_row]<\/p>\n<\/div>","protected":false},"excerpt":{"rendered":"<p>Blanche de L\u00e9on, 55% proof absinthe, is Larus\u00e9e\u2019s way of paying a glowing tribute to the man without whom none of this would have happened. This new absinthe, containing organic, Swiss grown edelweiss, is wholly characteristic of Larus\u00e9e, redolent with sophistication, complexity and delicacy. <\/p>\n<p>The edelweiss gives this absinthe an extra floral note, as well as a more velvety feel, immediately balanced by a slightly sharper taste. Aromas of hay and gingerbread can also be detected. Blanche de L\u00e9on is very much a characterful absinthe.<\/p>\n<p>With a golden label and wax seal, supplied in an elegant brushed aluminium presentation case, Blanc de L\u00e9on is our \u201cwinter absinthe\u201d, produced in only limited quantities between October and December.<\/p>\n","protected":false},"featured_media":21475,"template":"","meta":[],"product_brand":[],"product_cat":[1485,729,728,726,737,1128],"product_tag":[730,762,761,764,760,756,763,759,765,757,731,758],"class_list":{"0":"post-10996","1":"product","2":"type-product","3":"status-publish","4":"has-post-thumbnail","6":"product_cat-absinthes","7":"product_cat-our-products","8":"product_cat-shop","9":"product_cat-the-anisees","10":"product_cat-white-absinthe","11":"product_cat-x-mas-selection","12":"product_tag-absinthe-en","13":"product_tag-bottle","14":"product_tag-christmas","15":"product_tag-exceptional","16":"product_tag-gift","17":"product_tag-gold","18":"product_tag-golden","19":"product_tag-luxury","20":"product_tag-party","21":"product_tag-spirit","22":"product_tag-switzerland","23":"product_tag-white","25":"first","26":"instock","27":"taxable","28":"shipping-taxable","29":"purchasable","30":"product-type-simple"},"yoast_head":"<!-- This site is optimized with the Yoast SEO plugin v27.3 - https:\/\/yoast.com\/product\/yoast-seo-wordpress\/ -->\n<title>Absinthe Blanche de L\u00e9on - Larus\u00e9e<\/title>\n<meta name=\"description\" content=\"The Swiss absinthe Larus\u00e9e Blanche de L\u00e9on is a UFO in the world of absinthe. Produced with organic Swiss edelweiss, it is slightly spicy.\" \/>\n<meta name=\"robots\" content=\"index, follow, max-snippet:-1, max-image-preview:large, max-video-preview:-1\" \/>\n<link rel=\"canonical\" href=\"https:\/\/www.larusee.com\/en\/produit\/absinthe-blanche-de-leon-70cl-55-vol\/\" \/>\n<meta property=\"og:locale\" content=\"en_US\" \/>\n<meta property=\"og:type\" content=\"article\" \/>\n<meta property=\"og:title\" content=\"Absinthe Blanche de L\u00e9on - Larus\u00e9e\" \/>\n<meta property=\"og:description\" content=\"The Swiss absinthe Larus\u00e9e Blanche de L\u00e9on is a UFO in the world of absinthe. Produced with organic Swiss edelweiss, it is slightly spicy.\" \/>\n<meta property=\"og:url\" content=\"https:\/\/www.larusee.com\/en\/produit\/absinthe-blanche-de-leon-70cl-55-vol\/\" \/>\n<meta property=\"og:site_name\" content=\"Larus\u00e9e\" \/>\n<meta property=\"article:publisher\" content=\"https:\/\/www.facebook.com\/AbsintheLarusee\" \/>\n<meta property=\"article:modified_time\" content=\"2025-01-09T21:41:26+00:00\" \/>\n<meta property=\"og:image\" content=\"https:\/\/www.larusee.com\/wp-content\/uploads\/2024\/06\/larusee-blanchedeleon-absinthe-70cl-closeup.jpg\" \/>\n\t<meta property=\"og:image:width\" content=\"1600\" \/>\n\t<meta property=\"og:image:height\" content=\"2000\" \/>\n\t<meta property=\"og:image:type\" content=\"image\/jpeg\" \/>\n<meta name=\"twitter:card\" content=\"summary_large_image\" \/>\n<meta name=\"twitter:label1\" content=\"Est. reading time\" \/>\n\t<meta name=\"twitter:data1\" content=\"1 minute\" \/>\n<script type=\"application\/ld+json\" class=\"yoast-schema-graph\">{\"@context\":\"https:\\\/\\\/schema.org\",\"@graph\":[{\"@type\":\"WebPage\",\"@id\":\"https:\\\/\\\/www.larusee.com\\\/en\\\/produit\\\/absinthe-blanche-de-leon-70cl-55-vol\\\/\",\"url\":\"https:\\\/\\\/www.larusee.com\\\/en\\\/produit\\\/absinthe-blanche-de-leon-70cl-55-vol\\\/\",\"name\":\"Absinthe Blanche de L\u00e9on - Larus\u00e9e\",\"isPartOf\":{\"@id\":\"https:\\\/\\\/www.larusee.com\\\/en\\\/#website\"},\"primaryImageOfPage\":{\"@id\":\"https:\\\/\\\/www.larusee.com\\\/en\\\/produit\\\/absinthe-blanche-de-leon-70cl-55-vol\\\/#primaryimage\"},\"image\":{\"@id\":\"https:\\\/\\\/www.larusee.com\\\/en\\\/produit\\\/absinthe-blanche-de-leon-70cl-55-vol\\\/#primaryimage\"},\"thumbnailUrl\":\"https:\\\/\\\/www.larusee.com\\\/wp-content\\\/uploads\\\/2024\\\/06\\\/larusee-blanchedeleon-absinthe-70cl-closeup.jpg\",\"datePublished\":\"2014-11-04T19:52:03+00:00\",\"dateModified\":\"2025-01-09T21:41:26+00:00\",\"description\":\"The Swiss absinthe Larus\u00e9e Blanche de L\u00e9on is a UFO in the world of absinthe. Produced with organic Swiss edelweiss, it is slightly spicy.\",\"breadcrumb\":{\"@id\":\"https:\\\/\\\/www.larusee.com\\\/en\\\/produit\\\/absinthe-blanche-de-leon-70cl-55-vol\\\/#breadcrumb\"},\"inLanguage\":\"en-US\",\"potentialAction\":[{\"@type\":\"ReadAction\",\"target\":[\"https:\\\/\\\/www.larusee.com\\\/en\\\/produit\\\/absinthe-blanche-de-leon-70cl-55-vol\\\/\"]}]},{\"@type\":\"ImageObject\",\"inLanguage\":\"en-US\",\"@id\":\"https:\\\/\\\/www.larusee.com\\\/en\\\/produit\\\/absinthe-blanche-de-leon-70cl-55-vol\\\/#primaryimage\",\"url\":\"https:\\\/\\\/www.larusee.com\\\/wp-content\\\/uploads\\\/2024\\\/06\\\/larusee-blanchedeleon-absinthe-70cl-closeup.jpg\",\"contentUrl\":\"https:\\\/\\\/www.larusee.com\\\/wp-content\\\/uploads\\\/2024\\\/06\\\/larusee-blanchedeleon-absinthe-70cl-closeup.jpg\",\"width\":1600,\"height\":2000},{\"@type\":\"BreadcrumbList\",\"@id\":\"https:\\\/\\\/www.larusee.com\\\/en\\\/produit\\\/absinthe-blanche-de-leon-70cl-55-vol\\\/#breadcrumb\",\"itemListElement\":[{\"@type\":\"ListItem\",\"position\":1,\"name\":\"Accueil\",\"item\":\"https:\\\/\\\/www.larusee.com\\\/en\\\/\"},{\"@type\":\"ListItem\",\"position\":2,\"name\":\"Shop\",\"item\":\"https:\\\/\\\/www.larusee.com\\\/en\\\/shop\\\/\"},{\"@type\":\"ListItem\",\"position\":3,\"name\":\"Absinthe Blanche de L\u00e9on\"}]},{\"@type\":\"WebSite\",\"@id\":\"https:\\\/\\\/www.larusee.com\\\/en\\\/#website\",\"url\":\"https:\\\/\\\/www.larusee.com\\\/en\\\/\",\"name\":\"Larus\u00e9e\",\"description\":\"Distillateur d&#039;\u00e9motions\",\"publisher\":{\"@id\":\"https:\\\/\\\/www.larusee.com\\\/en\\\/#organization\"},\"potentialAction\":[{\"@type\":\"SearchAction\",\"target\":{\"@type\":\"EntryPoint\",\"urlTemplate\":\"https:\\\/\\\/www.larusee.com\\\/en\\\/?s={search_term_string}\"},\"query-input\":{\"@type\":\"PropertyValueSpecification\",\"valueRequired\":true,\"valueName\":\"search_term_string\"}}],\"inLanguage\":\"en-US\"},{\"@type\":\"Organization\",\"@id\":\"https:\\\/\\\/www.larusee.com\\\/en\\\/#organization\",\"name\":\"Larus\u00e9e\",\"url\":\"https:\\\/\\\/www.larusee.com\\\/en\\\/\",\"logo\":{\"@type\":\"ImageObject\",\"inLanguage\":\"en-US\",\"@id\":\"https:\\\/\\\/www.larusee.com\\\/en\\\/#\\\/schema\\\/logo\\\/image\\\/\",\"url\":\"https:\\\/\\\/www.larusee.com\\\/wp-content\\\/uploads\\\/2019\\\/04\\\/Logo_Larusee_Noir.png\",\"contentUrl\":\"https:\\\/\\\/www.larusee.com\\\/wp-content\\\/uploads\\\/2019\\\/04\\\/Logo_Larusee_Noir.png\",\"width\":1181,\"height\":318,\"caption\":\"Larus\u00e9e\"},\"image\":{\"@id\":\"https:\\\/\\\/www.larusee.com\\\/en\\\/#\\\/schema\\\/logo\\\/image\\\/\"},\"sameAs\":[\"https:\\\/\\\/www.facebook.com\\\/AbsintheLarusee\",\"https:\\\/\\\/www.instagram.com\\\/distillerielarusee\\\/\"]}]}<\/script>\n<!-- \/ Yoast SEO plugin. -->","yoast_head_json":{"title":"Absinthe Blanche de L\u00e9on - Larus\u00e9e","description":"The Swiss absinthe Larus\u00e9e Blanche de L\u00e9on is a UFO in the world of absinthe. Produced with organic Swiss edelweiss, it is slightly spicy.","robots":{"index":"index","follow":"follow","max-snippet":"max-snippet:-1","max-image-preview":"max-image-preview:large","max-video-preview":"max-video-preview:-1"},"canonical":"https:\/\/www.larusee.com\/en\/produit\/absinthe-blanche-de-leon-70cl-55-vol\/","og_locale":"en_US","og_type":"article","og_title":"Absinthe Blanche de L\u00e9on - Larus\u00e9e","og_description":"The Swiss absinthe Larus\u00e9e Blanche de L\u00e9on is a UFO in the world of absinthe. Produced with organic Swiss edelweiss, it is slightly spicy.","og_url":"https:\/\/www.larusee.com\/en\/produit\/absinthe-blanche-de-leon-70cl-55-vol\/","og_site_name":"Larus\u00e9e","article_publisher":"https:\/\/www.facebook.com\/AbsintheLarusee","article_modified_time":"2025-01-09T21:41:26+00:00","og_image":[{"width":1600,"height":2000,"url":"https:\/\/www.larusee.com\/wp-content\/uploads\/2024\/06\/larusee-blanchedeleon-absinthe-70cl-closeup.jpg","type":"image\/jpeg"}],"twitter_card":"summary_large_image","twitter_misc":{"Est. reading time":"1 minute"},"schema":{"@context":"https:\/\/schema.org","@graph":[{"@type":"WebPage","@id":"https:\/\/www.larusee.com\/en\/produit\/absinthe-blanche-de-leon-70cl-55-vol\/","url":"https:\/\/www.larusee.com\/en\/produit\/absinthe-blanche-de-leon-70cl-55-vol\/","name":"Absinthe Blanche de L\u00e9on - Larus\u00e9e","isPartOf":{"@id":"https:\/\/www.larusee.com\/en\/#website"},"primaryImageOfPage":{"@id":"https:\/\/www.larusee.com\/en\/produit\/absinthe-blanche-de-leon-70cl-55-vol\/#primaryimage"},"image":{"@id":"https:\/\/www.larusee.com\/en\/produit\/absinthe-blanche-de-leon-70cl-55-vol\/#primaryimage"},"thumbnailUrl":"https:\/\/www.larusee.com\/wp-content\/uploads\/2024\/06\/larusee-blanchedeleon-absinthe-70cl-closeup.jpg","datePublished":"2014-11-04T19:52:03+00:00","dateModified":"2025-01-09T21:41:26+00:00","description":"The Swiss absinthe Larus\u00e9e Blanche de L\u00e9on is a UFO in the world of absinthe. Produced with organic Swiss edelweiss, it is slightly spicy.","breadcrumb":{"@id":"https:\/\/www.larusee.com\/en\/produit\/absinthe-blanche-de-leon-70cl-55-vol\/#breadcrumb"},"inLanguage":"en-US","potentialAction":[{"@type":"ReadAction","target":["https:\/\/www.larusee.com\/en\/produit\/absinthe-blanche-de-leon-70cl-55-vol\/"]}]},{"@type":"ImageObject","inLanguage":"en-US","@id":"https:\/\/www.larusee.com\/en\/produit\/absinthe-blanche-de-leon-70cl-55-vol\/#primaryimage","url":"https:\/\/www.larusee.com\/wp-content\/uploads\/2024\/06\/larusee-blanchedeleon-absinthe-70cl-closeup.jpg","contentUrl":"https:\/\/www.larusee.com\/wp-content\/uploads\/2024\/06\/larusee-blanchedeleon-absinthe-70cl-closeup.jpg","width":1600,"height":2000},{"@type":"BreadcrumbList","@id":"https:\/\/www.larusee.com\/en\/produit\/absinthe-blanche-de-leon-70cl-55-vol\/#breadcrumb","itemListElement":[{"@type":"ListItem","position":1,"name":"Accueil","item":"https:\/\/www.larusee.com\/en\/"},{"@type":"ListItem","position":2,"name":"Shop","item":"https:\/\/www.larusee.com\/en\/shop\/"},{"@type":"ListItem","position":3,"name":"Absinthe Blanche de L\u00e9on"}]},{"@type":"WebSite","@id":"https:\/\/www.larusee.com\/en\/#website","url":"https:\/\/www.larusee.com\/en\/","name":"Larus\u00e9e","description":"Distillateur d&#039;\u00e9motions","publisher":{"@id":"https:\/\/www.larusee.com\/en\/#organization"},"potentialAction":[{"@type":"SearchAction","target":{"@type":"EntryPoint","urlTemplate":"https:\/\/www.larusee.com\/en\/?s={search_term_string}"},"query-input":{"@type":"PropertyValueSpecification","valueRequired":true,"valueName":"search_term_string"}}],"inLanguage":"en-US"},{"@type":"Organization","@id":"https:\/\/www.larusee.com\/en\/#organization","name":"Larus\u00e9e","url":"https:\/\/www.larusee.com\/en\/","logo":{"@type":"ImageObject","inLanguage":"en-US","@id":"https:\/\/www.larusee.com\/en\/#\/schema\/logo\/image\/","url":"https:\/\/www.larusee.com\/wp-content\/uploads\/2019\/04\/Logo_Larusee_Noir.png","contentUrl":"https:\/\/www.larusee.com\/wp-content\/uploads\/2019\/04\/Logo_Larusee_Noir.png","width":1181,"height":318,"caption":"Larus\u00e9e"},"image":{"@id":"https:\/\/www.larusee.com\/en\/#\/schema\/logo\/image\/"},"sameAs":["https:\/\/www.facebook.com\/AbsintheLarusee","https:\/\/www.instagram.com\/distillerielarusee\/"]}]}},"_links":{"self":[{"href":"https:\/\/www.larusee.com\/en\/wp-json\/wp\/v2\/product\/10996","targetHints":{"allow":["GET"]}}],"collection":[{"href":"https:\/\/www.larusee.com\/en\/wp-json\/wp\/v2\/product"}],"about":[{"href":"https:\/\/www.larusee.com\/en\/wp-json\/wp\/v2\/types\/product"}],"version-history":[{"count":12,"href":"https:\/\/www.larusee.com\/en\/wp-json\/wp\/v2\/product\/10996\/revisions"}],"predecessor-version":[{"id":22275,"href":"https:\/\/www.larusee.com\/en\/wp-json\/wp\/v2\/product\/10996\/revisions\/22275"}],"wp:featuredmedia":[{"embeddable":true,"href":"https:\/\/www.larusee.com\/en\/wp-json\/wp\/v2\/media\/21475"}],"wp:attachment":[{"href":"https:\/\/www.larusee.com\/en\/wp-json\/wp\/v2\/media?parent=10996"}],"wp:term":[{"taxonomy":"product_brand","embeddable":true,"href":"https:\/\/www.larusee.com\/en\/wp-json\/wp\/v2\/product_brand?post=10996"},{"taxonomy":"product_cat","embeddable":true,"href":"https:\/\/www.larusee.com\/en\/wp-json\/wp\/v2\/product_cat?post=10996"},{"taxonomy":"product_tag","embeddable":true,"href":"https:\/\/www.larusee.com\/en\/wp-json\/wp\/v2\/product_tag?post=10996"}],"curies":[{"name":"wp","href":"https:\/\/api.w.org\/{rel}","templated":true}]}}