{"id":10991,"date":"2017-01-02T15:29:28","date_gmt":"2017-01-02T14:29:28","guid":{"rendered":"https:\/\/www.larusee.com\/produit\/absinthe-larusee-bleue-70-cl-55-vol\/"},"modified":"2025-01-09T22:46:19","modified_gmt":"2025-01-09T21:46:19","slug":"absinthe-larusee-bleue-70-cl-55-vol","status":"publish","type":"product","link":"https:\/\/www.larusee.com\/en\/produit\/absinthe-larusee-bleue-70-cl-55-vol\/","title":{"rendered":"Absinthe Larus\u00e9e Bleue"},"content":{"rendered":"<div class=\"wpb-content-wrapper\"><p>[vc_row][vc_column][vc_column_text]<\/p>\n<p><b>Content\u2009:<\/b> 700 ml<br \/>\n<b>Abv\u2009:<\/b> 55%<\/p>\n<p><b>Suggestion: <\/b> Enjoy as an aperitif (1 measure of absinthe to 2-3 measures of very cold water) or as a digestif, neat.\n<\/p>\n<p>[\/vc_column_text][vc_separator][vc_column_text]<\/p>\n<h4>Spirits Selection&#8217;s tasting note<\/h4>\n<p><strong>Appearance:<\/strong> Clear with a light milky note.<\/p>\n<p><strong>Nose:<\/strong> Pronounced anise, well-expressed chamomile with the spice and floral personality supporting complexity.<\/p>\n<p><strong>Palate:<\/strong> The anise, earthy, chamomile and mushroom notes just become brighter on the palate. Vivid with full body and fantastic intensity.<\/p>\n<p><strong>Overall:<\/strong> Well-made style with layers of complexity and the right amount of punch. Long finish for this very well-made product with a fine smooth texture.[\/vc_column_text][vc_separator][vc_column_text]<\/p>\n<h4>Larus\u00e9e Bleue awards<\/h4>\n<p>[\/vc_column_text][\/vc_column][\/vc_row][vc_row][vc_column width=&#8221;1\/6&#8243;][vc_single_image image=&#8221;16313&#8243; img_size=&#8221;100X100&#8243; alignment=&#8221;center&#8221;][vc_column_text]<\/p>\n<p style=\"text-align: center;\"><strong>DOUBLE GOLD<\/strong><\/p>\n<p style=\"text-align: center;\">San Francisco World Spirit Competition 2022<\/p>\n<p style=\"text-align: center;\">USA<\/p>\n<p>[\/vc_column_text][\/vc_column][vc_column width=&#8221;1\/6&#8243;][vc_single_image image=&#8221;14714&#8243; img_size=&#8221;100&#215;93&#8243; alignment=&#8221;center&#8221; onclick=&#8221;link_image&#8221;][vc_column_text]<\/p>\n<p style=\"text-align: center;\"><strong>GOLD<\/strong><\/p>\n<p style=\"text-align: center;\">Spirits Selection by le Concours Mondial de Bruxelles<\/p>\n<p style=\"text-align: center;\">2020<\/p>\n<p>[\/vc_column_text][\/vc_column][vc_column width=&#8221;1\/6&#8243;][vc_single_image image=&#8221;10993&#8243; img_size=&#8221;&#8221; alignment=&#8221;center&#8221;][vc_column_text]<\/p>\n<p style=\"text-align: center;\"><strong>Favorite<\/strong><\/p>\n<p style=\"text-align: center;\">Somm360 2019<\/p>\n<p style=\"text-align: center;\">Montr\u00e9al &#8211; Canada<\/p>\n<p>[\/vc_column_text][\/vc_column][vc_column width=&#8221;1\/6&#8243;][vc_single_image image=&#8221;10992&#8243; img_size=&#8221;&#8221; alignment=&#8221;center&#8221;][vc_column_text]<\/p>\n<p style=\"text-align: center;\"><strong>GOLD<\/strong><\/p>\n<p style=\"text-align: center;\">San Francisco World Spirit Competition 2016<\/p>\n<p style=\"text-align: center;\">USA<\/p>\n<p>[\/vc_column_text][\/vc_column][vc_column width=&#8221;1\/6&#8243;][vc_single_image image=&#8221;10994&#8243; img_size=&#8221;&#8221; alignment=&#8221;center&#8221;][vc_column_text]<\/p>\n<p style=\"text-align: center;\"><strong>GOLD<\/strong><\/p>\n<p style=\"text-align: center;\">Absinthe Masters 2014<\/p>\n<p>[\/vc_column_text][\/vc_column][vc_column width=&#8221;1\/6&#8243;][\/vc_column][\/vc_row]<\/p>\n<\/div>","protected":false},"excerpt":{"rendered":"<p>Larus\u00e9e Bleue, 55% proof absinthe is at once seductive, enchanting and refreshing.<br \/>\nConnoisseurs describe it as sophisticated, complex and round in the mouth.<br \/>\nThe discreet anise flavours are a fitting match for the aromas of absinthium and small absinthe.<\/p>\n<blockquote><p>Double Gold at San Francisco Spirits Competition 2022!<\/p><\/blockquote>\n<p>Larus\u00e9e Bleue is derived from an ancestral recipe, distilled using the methods of yesteryear \u2013 a far cry from industrial generics!<\/p>\n<p>The herbs used are painstakingly selected to produce the very best aromas. Our Master Distiller brings to bear all his expertise to honour the legacy of our forebears \u2013 and breathe a little of the thrill of prohibition into each glass. To achieve this, each bottle<br \/>\nis prepared by hand, from bottling to labelling, including corking and wax sealing of the neck.<\/p>\n","protected":false},"featured_media":21462,"template":"","meta":[],"product_brand":[],"product_cat":[1485,728,726,737],"product_tag":[754,730,732,755,756,734,731],"class_list":{"0":"post-10991","1":"product","2":"type-product","3":"status-publish","4":"has-post-thumbnail","6":"product_cat-absinthes","7":"product_cat-shop","8":"product_cat-the-anisees","9":"product_cat-white-absinthe","10":"product_tag-70cl-en","11":"product_tag-absinthe-en","12":"product_tag-award","13":"product_tag-bleue-en","14":"product_tag-gold","15":"product_tag-neuchatel-en","16":"product_tag-switzerland","18":"first","19":"instock","20":"taxable","21":"shipping-taxable","22":"purchasable","23":"product-type-simple"},"yoast_head":"<!-- This site is optimized with the Yoast SEO plugin v27.6 - https:\/\/yoast.com\/product\/yoast-seo-wordpress\/ -->\n<title>Absinthe Larus\u00e9e Bleue - Larus\u00e9e<\/title>\n<meta name=\"robots\" content=\"index, follow, max-snippet:-1, max-image-preview:large, max-video-preview:-1\" \/>\n<link rel=\"canonical\" href=\"https:\/\/www.larusee.com\/en\/produit\/absinthe-larusee-bleue-70-cl-55-vol\/\" \/>\n<meta property=\"og:locale\" content=\"en_US\" \/>\n<meta property=\"og:type\" content=\"article\" \/>\n<meta property=\"og:title\" content=\"Absinthe Larus\u00e9e Bleue - Larus\u00e9e\" \/>\n<meta property=\"og:description\" content=\"Larus\u00e9e Bleue, 55% proof absinthe is at once seductive, enchanting and refreshing. Connoisseurs describe it as sophisticated, complex and round in the mouth. The discreet anise flavours are a fitting match for the aromas of absinthium and small absinthe. Double Gold at San Francisco Spirits Competition 2022! Larus\u00e9e Bleue is derived from an ancestral recipe, distilled using the methods of yesteryear \u2013 a far cry from industrial generics!  The herbs used are painstakingly selected to produce the very best aromas. Our Master Distiller brings to bear all his expertise to honour the legacy of our forebears \u2013 and breathe a little of the thrill of prohibition into each glass. To achieve this, each bottle is prepared by hand, from bottling to labelling, including corking and wax sealing of the neck.\" \/>\n<meta property=\"og:url\" content=\"https:\/\/www.larusee.com\/en\/produit\/absinthe-larusee-bleue-70-cl-55-vol\/\" \/>\n<meta property=\"og:site_name\" content=\"Larus\u00e9e\" \/>\n<meta property=\"article:publisher\" content=\"https:\/\/www.facebook.com\/AbsintheLarusee\" \/>\n<meta property=\"article:modified_time\" content=\"2025-01-09T21:46:19+00:00\" \/>\n<meta property=\"og:image\" content=\"https:\/\/www.larusee.com\/wp-content\/uploads\/2024\/06\/larusee-bleue-absinthe-70cl-closeup.jpg\" \/>\n\t<meta property=\"og:image:width\" content=\"1600\" \/>\n\t<meta property=\"og:image:height\" content=\"2000\" \/>\n\t<meta property=\"og:image:type\" content=\"image\/jpeg\" \/>\n<meta name=\"twitter:card\" content=\"summary_large_image\" \/>\n<meta name=\"twitter:label1\" content=\"Est. reading time\" \/>\n\t<meta name=\"twitter:data1\" content=\"1 minute\" \/>\n<script type=\"application\/ld+json\" class=\"yoast-schema-graph\">{\"@context\":\"https:\\\/\\\/schema.org\",\"@graph\":[{\"@type\":\"WebPage\",\"@id\":\"https:\\\/\\\/www.larusee.com\\\/en\\\/produit\\\/absinthe-larusee-bleue-70-cl-55-vol\\\/\",\"url\":\"https:\\\/\\\/www.larusee.com\\\/en\\\/produit\\\/absinthe-larusee-bleue-70-cl-55-vol\\\/\",\"name\":\"Absinthe Larus\u00e9e Bleue - Larus\u00e9e\",\"isPartOf\":{\"@id\":\"https:\\\/\\\/www.larusee.com\\\/en\\\/#website\"},\"primaryImageOfPage\":{\"@id\":\"https:\\\/\\\/www.larusee.com\\\/en\\\/produit\\\/absinthe-larusee-bleue-70-cl-55-vol\\\/#primaryimage\"},\"image\":{\"@id\":\"https:\\\/\\\/www.larusee.com\\\/en\\\/produit\\\/absinthe-larusee-bleue-70-cl-55-vol\\\/#primaryimage\"},\"thumbnailUrl\":\"https:\\\/\\\/www.larusee.com\\\/wp-content\\\/uploads\\\/2024\\\/06\\\/larusee-bleue-absinthe-70cl-closeup.jpg\",\"datePublished\":\"2017-01-02T14:29:28+00:00\",\"dateModified\":\"2025-01-09T21:46:19+00:00\",\"breadcrumb\":{\"@id\":\"https:\\\/\\\/www.larusee.com\\\/en\\\/produit\\\/absinthe-larusee-bleue-70-cl-55-vol\\\/#breadcrumb\"},\"inLanguage\":\"en-US\",\"potentialAction\":[{\"@type\":\"ReadAction\",\"target\":[\"https:\\\/\\\/www.larusee.com\\\/en\\\/produit\\\/absinthe-larusee-bleue-70-cl-55-vol\\\/\"]}]},{\"@type\":\"ImageObject\",\"inLanguage\":\"en-US\",\"@id\":\"https:\\\/\\\/www.larusee.com\\\/en\\\/produit\\\/absinthe-larusee-bleue-70-cl-55-vol\\\/#primaryimage\",\"url\":\"https:\\\/\\\/www.larusee.com\\\/wp-content\\\/uploads\\\/2024\\\/06\\\/larusee-bleue-absinthe-70cl-closeup.jpg\",\"contentUrl\":\"https:\\\/\\\/www.larusee.com\\\/wp-content\\\/uploads\\\/2024\\\/06\\\/larusee-bleue-absinthe-70cl-closeup.jpg\",\"width\":1600,\"height\":2000},{\"@type\":\"BreadcrumbList\",\"@id\":\"https:\\\/\\\/www.larusee.com\\\/en\\\/produit\\\/absinthe-larusee-bleue-70-cl-55-vol\\\/#breadcrumb\",\"itemListElement\":[{\"@type\":\"ListItem\",\"position\":1,\"name\":\"Accueil\",\"item\":\"https:\\\/\\\/www.larusee.com\\\/en\\\/\"},{\"@type\":\"ListItem\",\"position\":2,\"name\":\"Shop\",\"item\":\"https:\\\/\\\/www.larusee.com\\\/en\\\/shop\\\/\"},{\"@type\":\"ListItem\",\"position\":3,\"name\":\"Absinthe Larus\u00e9e Bleue\"}]},{\"@type\":\"WebSite\",\"@id\":\"https:\\\/\\\/www.larusee.com\\\/en\\\/#website\",\"url\":\"https:\\\/\\\/www.larusee.com\\\/en\\\/\",\"name\":\"Larus\u00e9e\",\"description\":\"Distillateur d&#039;\u00e9motions\",\"publisher\":{\"@id\":\"https:\\\/\\\/www.larusee.com\\\/en\\\/#organization\"},\"potentialAction\":[{\"@type\":\"SearchAction\",\"target\":{\"@type\":\"EntryPoint\",\"urlTemplate\":\"https:\\\/\\\/www.larusee.com\\\/en\\\/?s={search_term_string}\"},\"query-input\":{\"@type\":\"PropertyValueSpecification\",\"valueRequired\":true,\"valueName\":\"search_term_string\"}}],\"inLanguage\":\"en-US\"},{\"@type\":\"Organization\",\"@id\":\"https:\\\/\\\/www.larusee.com\\\/en\\\/#organization\",\"name\":\"Larus\u00e9e\",\"url\":\"https:\\\/\\\/www.larusee.com\\\/en\\\/\",\"logo\":{\"@type\":\"ImageObject\",\"inLanguage\":\"en-US\",\"@id\":\"https:\\\/\\\/www.larusee.com\\\/en\\\/#\\\/schema\\\/logo\\\/image\\\/\",\"url\":\"https:\\\/\\\/www.larusee.com\\\/wp-content\\\/uploads\\\/2019\\\/04\\\/Logo_Larusee_Noir.png\",\"contentUrl\":\"https:\\\/\\\/www.larusee.com\\\/wp-content\\\/uploads\\\/2019\\\/04\\\/Logo_Larusee_Noir.png\",\"width\":1181,\"height\":318,\"caption\":\"Larus\u00e9e\"},\"image\":{\"@id\":\"https:\\\/\\\/www.larusee.com\\\/en\\\/#\\\/schema\\\/logo\\\/image\\\/\"},\"sameAs\":[\"https:\\\/\\\/www.facebook.com\\\/AbsintheLarusee\",\"https:\\\/\\\/www.instagram.com\\\/distillerielarusee\\\/\"]}]}<\/script>\n<!-- \/ Yoast SEO plugin. -->","yoast_head_json":{"title":"Absinthe Larus\u00e9e Bleue - Larus\u00e9e","robots":{"index":"index","follow":"follow","max-snippet":"max-snippet:-1","max-image-preview":"max-image-preview:large","max-video-preview":"max-video-preview:-1"},"canonical":"https:\/\/www.larusee.com\/en\/produit\/absinthe-larusee-bleue-70-cl-55-vol\/","og_locale":"en_US","og_type":"article","og_title":"Absinthe Larus\u00e9e Bleue - Larus\u00e9e","og_description":"Larus\u00e9e Bleue, 55% proof absinthe is at once seductive, enchanting and refreshing. Connoisseurs describe it as sophisticated, complex and round in the mouth. The discreet anise flavours are a fitting match for the aromas of absinthium and small absinthe. Double Gold at San Francisco Spirits Competition 2022! Larus\u00e9e Bleue is derived from an ancestral recipe, distilled using the methods of yesteryear \u2013 a far cry from industrial generics!  The herbs used are painstakingly selected to produce the very best aromas. Our Master Distiller brings to bear all his expertise to honour the legacy of our forebears \u2013 and breathe a little of the thrill of prohibition into each glass. To achieve this, each bottle is prepared by hand, from bottling to labelling, including corking and wax sealing of the neck.","og_url":"https:\/\/www.larusee.com\/en\/produit\/absinthe-larusee-bleue-70-cl-55-vol\/","og_site_name":"Larus\u00e9e","article_publisher":"https:\/\/www.facebook.com\/AbsintheLarusee","article_modified_time":"2025-01-09T21:46:19+00:00","og_image":[{"width":1600,"height":2000,"url":"https:\/\/www.larusee.com\/wp-content\/uploads\/2024\/06\/larusee-bleue-absinthe-70cl-closeup.jpg","type":"image\/jpeg"}],"twitter_card":"summary_large_image","twitter_misc":{"Est. reading time":"1 minute"},"schema":{"@context":"https:\/\/schema.org","@graph":[{"@type":"WebPage","@id":"https:\/\/www.larusee.com\/en\/produit\/absinthe-larusee-bleue-70-cl-55-vol\/","url":"https:\/\/www.larusee.com\/en\/produit\/absinthe-larusee-bleue-70-cl-55-vol\/","name":"Absinthe Larus\u00e9e Bleue - Larus\u00e9e","isPartOf":{"@id":"https:\/\/www.larusee.com\/en\/#website"},"primaryImageOfPage":{"@id":"https:\/\/www.larusee.com\/en\/produit\/absinthe-larusee-bleue-70-cl-55-vol\/#primaryimage"},"image":{"@id":"https:\/\/www.larusee.com\/en\/produit\/absinthe-larusee-bleue-70-cl-55-vol\/#primaryimage"},"thumbnailUrl":"https:\/\/www.larusee.com\/wp-content\/uploads\/2024\/06\/larusee-bleue-absinthe-70cl-closeup.jpg","datePublished":"2017-01-02T14:29:28+00:00","dateModified":"2025-01-09T21:46:19+00:00","breadcrumb":{"@id":"https:\/\/www.larusee.com\/en\/produit\/absinthe-larusee-bleue-70-cl-55-vol\/#breadcrumb"},"inLanguage":"en-US","potentialAction":[{"@type":"ReadAction","target":["https:\/\/www.larusee.com\/en\/produit\/absinthe-larusee-bleue-70-cl-55-vol\/"]}]},{"@type":"ImageObject","inLanguage":"en-US","@id":"https:\/\/www.larusee.com\/en\/produit\/absinthe-larusee-bleue-70-cl-55-vol\/#primaryimage","url":"https:\/\/www.larusee.com\/wp-content\/uploads\/2024\/06\/larusee-bleue-absinthe-70cl-closeup.jpg","contentUrl":"https:\/\/www.larusee.com\/wp-content\/uploads\/2024\/06\/larusee-bleue-absinthe-70cl-closeup.jpg","width":1600,"height":2000},{"@type":"BreadcrumbList","@id":"https:\/\/www.larusee.com\/en\/produit\/absinthe-larusee-bleue-70-cl-55-vol\/#breadcrumb","itemListElement":[{"@type":"ListItem","position":1,"name":"Accueil","item":"https:\/\/www.larusee.com\/en\/"},{"@type":"ListItem","position":2,"name":"Shop","item":"https:\/\/www.larusee.com\/en\/shop\/"},{"@type":"ListItem","position":3,"name":"Absinthe Larus\u00e9e Bleue"}]},{"@type":"WebSite","@id":"https:\/\/www.larusee.com\/en\/#website","url":"https:\/\/www.larusee.com\/en\/","name":"Larus\u00e9e","description":"Distillateur d&#039;\u00e9motions","publisher":{"@id":"https:\/\/www.larusee.com\/en\/#organization"},"potentialAction":[{"@type":"SearchAction","target":{"@type":"EntryPoint","urlTemplate":"https:\/\/www.larusee.com\/en\/?s={search_term_string}"},"query-input":{"@type":"PropertyValueSpecification","valueRequired":true,"valueName":"search_term_string"}}],"inLanguage":"en-US"},{"@type":"Organization","@id":"https:\/\/www.larusee.com\/en\/#organization","name":"Larus\u00e9e","url":"https:\/\/www.larusee.com\/en\/","logo":{"@type":"ImageObject","inLanguage":"en-US","@id":"https:\/\/www.larusee.com\/en\/#\/schema\/logo\/image\/","url":"https:\/\/www.larusee.com\/wp-content\/uploads\/2019\/04\/Logo_Larusee_Noir.png","contentUrl":"https:\/\/www.larusee.com\/wp-content\/uploads\/2019\/04\/Logo_Larusee_Noir.png","width":1181,"height":318,"caption":"Larus\u00e9e"},"image":{"@id":"https:\/\/www.larusee.com\/en\/#\/schema\/logo\/image\/"},"sameAs":["https:\/\/www.facebook.com\/AbsintheLarusee","https:\/\/www.instagram.com\/distillerielarusee\/"]}]}},"_links":{"self":[{"href":"https:\/\/www.larusee.com\/en\/wp-json\/wp\/v2\/product\/10991","targetHints":{"allow":["GET"]}}],"collection":[{"href":"https:\/\/www.larusee.com\/en\/wp-json\/wp\/v2\/product"}],"about":[{"href":"https:\/\/www.larusee.com\/en\/wp-json\/wp\/v2\/types\/product"}],"version-history":[{"count":12,"href":"https:\/\/www.larusee.com\/en\/wp-json\/wp\/v2\/product\/10991\/revisions"}],"predecessor-version":[{"id":22315,"href":"https:\/\/www.larusee.com\/en\/wp-json\/wp\/v2\/product\/10991\/revisions\/22315"}],"wp:featuredmedia":[{"embeddable":true,"href":"https:\/\/www.larusee.com\/en\/wp-json\/wp\/v2\/media\/21462"}],"wp:attachment":[{"href":"https:\/\/www.larusee.com\/en\/wp-json\/wp\/v2\/media?parent=10991"}],"wp:term":[{"taxonomy":"product_brand","embeddable":true,"href":"https:\/\/www.larusee.com\/en\/wp-json\/wp\/v2\/product_brand?post=10991"},{"taxonomy":"product_cat","embeddable":true,"href":"https:\/\/www.larusee.com\/en\/wp-json\/wp\/v2\/product_cat?post=10991"},{"taxonomy":"product_tag","embeddable":true,"href":"https:\/\/www.larusee.com\/en\/wp-json\/wp\/v2\/product_tag?post=10991"}],"curies":[{"name":"wp","href":"https:\/\/api.w.org\/{rel}","templated":true}]}}