{"id":10957,"date":"2019-04-29T17:25:36","date_gmt":"2019-04-29T15:25:36","guid":{"rendered":"https:\/\/www.larusee.com\/welcome-to-larusee\/"},"modified":"2024-11-19T11:06:38","modified_gmt":"2024-11-19T10:06:38","slug":"welcome-to-larusee","status":"publish","type":"page","link":"https:\/\/www.larusee.com\/en\/welcome-to-larusee\/","title":{"rendered":"Welcome to Larus\u00e9e"},"content":{"rendered":"\t\t<div data-elementor-type=\"wp-page\" data-elementor-id=\"10957\" class=\"elementor elementor-10957 elementor-2933\" data-elementor-post-type=\"page\">\n\t\t\t\t<div class=\"elementor-element elementor-element-58f2f1a e-flex e-con-boxed e-con e-parent\" data-id=\"58f2f1a\" data-element_type=\"container\" data-e-type=\"container\" data-settings=\"{&quot;background_background&quot;:&quot;classic&quot;}\">\n\t\t\t\t\t<div class=\"e-con-inner\">\n\t\t\t\t<div class=\"elementor-element elementor-element-7e843cc elementor-absolute elementor-widget elementor-widget-heading\" data-id=\"7e843cc\" data-element_type=\"widget\" data-e-type=\"widget\" data-settings=\"{&quot;_position&quot;:&quot;absolute&quot;}\" data-widget_type=\"heading.default\">\n\t\t\t\t\t<h1 class=\"elementor-heading-title elementor-size-default\">WELCOME TO LARUS\u00c9E<\/h1>\t\t\t\t<\/div>\n\t\t\t\t\t<\/div>\n\t\t\t\t<\/div>\n\t\t<div class=\"elementor-element elementor-element-234d875 e-flex e-con-boxed e-con e-parent\" data-id=\"234d875\" data-element_type=\"container\" data-e-type=\"container\" data-settings=\"{&quot;background_background&quot;:&quot;classic&quot;}\">\n\t\t\t\t\t<div class=\"e-con-inner\">\n\t\t<div class=\"elementor-element elementor-element-195789a e-con-full e-flex e-con e-child\" data-id=\"195789a\" data-element_type=\"container\" data-e-type=\"container\">\n\t\t\t\t<div class=\"elementor-element elementor-element-b5dd708 elementor-widget elementor-widget-spacer\" data-id=\"b5dd708\" data-element_type=\"widget\" data-e-type=\"widget\" data-widget_type=\"spacer.default\">\n\t\t\t\t\t\t\t<div class=\"elementor-spacer\">\n\t\t\t<div class=\"elementor-spacer-inner\"><\/div>\n\t\t<\/div>\n\t\t\t\t\t\t<\/div>\n\t\t\t\t<div class=\"elementor-element elementor-element-7d6a4e6 elementor-widget elementor-widget-heading\" data-id=\"7d6a4e6\" data-element_type=\"widget\" data-e-type=\"widget\" data-widget_type=\"heading.default\">\n\t\t\t\t\t<h2 class=\"elementor-heading-title elementor-size-default\">Spirits produced in state of the art<\/h2>\t\t\t\t<\/div>\n\t\t\t\t<div class=\"elementor-element elementor-element-c2738e4 e-transform elementor-widget elementor-widget-image\" data-id=\"c2738e4\" data-element_type=\"widget\" data-e-type=\"widget\" data-settings=\"{&quot;_transform_translateY_effect&quot;:{&quot;unit&quot;:&quot;px&quot;,&quot;size&quot;:20,&quot;sizes&quot;:[]},&quot;_transform_translateX_effect&quot;:{&quot;unit&quot;:&quot;px&quot;,&quot;size&quot;:&quot;&quot;,&quot;sizes&quot;:[]},&quot;_transform_translateX_effect_tablet&quot;:{&quot;unit&quot;:&quot;px&quot;,&quot;size&quot;:&quot;&quot;,&quot;sizes&quot;:[]},&quot;_transform_translateX_effect_mobile&quot;:{&quot;unit&quot;:&quot;px&quot;,&quot;size&quot;:&quot;&quot;,&quot;sizes&quot;:[]},&quot;_transform_translateY_effect_tablet&quot;:{&quot;unit&quot;:&quot;px&quot;,&quot;size&quot;:&quot;&quot;,&quot;sizes&quot;:[]},&quot;_transform_translateY_effect_mobile&quot;:{&quot;unit&quot;:&quot;px&quot;,&quot;size&quot;:&quot;&quot;,&quot;sizes&quot;:[]}}\" data-widget_type=\"image.default\">\n\t\t\t\t\t\t\t\t\t\t\t\t\t\t\t<img fetchpriority=\"high\" decoding=\"async\" width=\"600\" height=\"609\" src=\"https:\/\/www.larusee.com\/wp-content\/uploads\/2024\/03\/Larusee_Bleue-600px.png\" class=\"attachment-full size-full wp-image-21318\" alt=\"\" srcset=\"https:\/\/www.larusee.com\/wp-content\/uploads\/2024\/03\/Larusee_Bleue-600px.png 600w, https:\/\/www.larusee.com\/wp-content\/uploads\/2024\/03\/Larusee_Bleue-600px-296x300.png 296w\" sizes=\"(max-width: 600px) 100vw, 600px\" \/>\t\t\t\t\t\t\t\t\t\t\t\t\t\t\t<\/div>\n\t\t\t\t<\/div>\n\t\t<div class=\"elementor-element elementor-element-3d54f98 e-con-full e-flex e-con e-child\" data-id=\"3d54f98\" data-element_type=\"container\" data-e-type=\"container\">\n\t\t\t\t<div class=\"elementor-element elementor-element-a6cc4c5 elementor-widget elementor-widget-spacer\" data-id=\"a6cc4c5\" data-element_type=\"widget\" data-e-type=\"widget\" data-widget_type=\"spacer.default\">\n\t\t\t\t\t\t\t<div class=\"elementor-spacer\">\n\t\t\t<div class=\"elementor-spacer-inner\"><\/div>\n\t\t<\/div>\n\t\t\t\t\t\t<\/div>\n\t\t\t\t<div class=\"elementor-element elementor-element-2162c47 elementor-widget elementor-widget-text-editor\" data-id=\"2162c47\" data-element_type=\"widget\" data-e-type=\"widget\" data-widget_type=\"text-editor.default\">\n\t\t\t\t\t\t\t\t\t<p>When you open a precious bottle from the Larus\u00e9e distillery, you\u2019re immersed in a world of complex aromas unlike any other absinthe you\u2019ll ever encounter.<\/p>\n<p>You\u2019ll discover a subtle world in which absinthium, green anise and fennel mingle, enhanced by a perfectly balanced bouquet of herbs and spices.<br \/>\nCrafted in Switzerland in the canton of Neuch\u00e2tel, the historic cradle of absinthe, Larus\u00e9e is distilled using wholly traditional, artisanal methods, following a jealously guarded nineteenth-century recipe that has been gradually improved over time. Larus\u00e9e\u2019s makers have sought to offer a refined, elegant take on this historic beverage, in which the human touch is very much part of every stage of the manufacturing process. With such carefully-controlled, limited production, along with the knowhow supplied by a dedicated family, we\u2019re sure of providing you with one of the best absinthes available.<\/p>\n<p>We attach great importance to the fact that the human hand must be in contact with the bottle at each stage of its production.<\/p>\n<p>Since then, Larus\u00e9e has successfully branched out into Pastis, gin and liqueur production. Always with the exuberance for which the brand is renowned!<\/p>\n\t\t\t\t\t\t\t\t<\/div>\n\t\t\t\t<\/div>\n\t\t\t\t\t<\/div>\n\t\t\t\t<\/div>\n\t\t<div class=\"elementor-element elementor-element-7b76b78c e-flex e-con-boxed e-con e-parent\" data-id=\"7b76b78c\" data-element_type=\"container\" data-e-type=\"container\">\n\t\t\t\t\t<div class=\"e-con-inner\">\n\t\t\t\t<div class=\"elementor-element elementor-element-62273d8 elementor-blockquote--skin-boxed elementor-blockquote--align-center elementor-widget__width-initial elementor-widget elementor-widget-blockquote\" data-id=\"62273d8\" data-element_type=\"widget\" data-e-type=\"widget\" data-settings=\"{&quot;_animation&quot;:&quot;none&quot;}\" data-widget_type=\"blockquote.default\">\n\t\t\t\t\t\t\t<blockquote class=\"elementor-blockquote\">\n\t\t\t<p class=\"elementor-blockquote__content\">\n\t\t\t\t\u201cWe attach the utmost importance to the fact that the human hand is in contact with the bottle at every stage of its production.\u201d\t\t\t<\/p>\n\t\t\t\t\t\t\t<div class=\"e-q-footer\">\n\t\t\t\t\t\t\t\t\t\t\t<cite class=\"elementor-blockquote__author\">Nicolas Nyfeler<\/cite>\n\t\t\t\t\t\t\t\t\t\t\t\t\t\t<\/div>\n\t\t\t\t\t<\/blockquote>\n\t\t\t\t\t\t<\/div>\n\t\t\t\t\t<\/div>\n\t\t\t\t<\/div>\n\t\t<div class=\"elementor-element elementor-element-7f73da3 e-flex e-con-boxed e-con e-parent\" data-id=\"7f73da3\" data-element_type=\"container\" data-e-type=\"container\" data-settings=\"{&quot;background_background&quot;:&quot;classic&quot;}\">\n\t\t\t\t\t<div class=\"e-con-inner\">\n\t\t<div class=\"elementor-element elementor-element-a3432ee e-grid e-con-full e-con e-child\" data-id=\"a3432ee\" data-element_type=\"container\" data-e-type=\"container\" data-settings=\"{&quot;background_background&quot;:&quot;classic&quot;}\">\n\t\t\t\t<div class=\"elementor-element elementor-element-678b846 elementor-widget elementor-widget-image\" data-id=\"678b846\" data-element_type=\"widget\" data-e-type=\"widget\" data-widget_type=\"image.default\">\n\t\t\t\t\t\t\t\t\t\t\t\t\t\t\t<img decoding=\"async\" width=\"900\" height=\"900\" src=\"https:\/\/www.larusee.com\/wp-content\/uploads\/2019\/04\/cirage.jpg\" class=\"attachment-large size-large wp-image-11296\" alt=\"Cirage du col d&#039;une bouteille d&#039;absinthe Larus\u00e9e\" srcset=\"https:\/\/www.larusee.com\/wp-content\/uploads\/2019\/04\/cirage.jpg 1000w, https:\/\/www.larusee.com\/wp-content\/uploads\/2019\/04\/cirage-100x100.jpg 100w, https:\/\/www.larusee.com\/wp-content\/uploads\/2019\/04\/cirage-920x920.jpg 920w, https:\/\/www.larusee.com\/wp-content\/uploads\/2019\/04\/cirage-150x150.jpg 150w, https:\/\/www.larusee.com\/wp-content\/uploads\/2019\/04\/cirage-300x300.jpg 300w, https:\/\/www.larusee.com\/wp-content\/uploads\/2019\/04\/cirage-768x768.jpg 768w\" sizes=\"(max-width: 900px) 100vw, 900px\" \/>\t\t\t\t\t\t\t\t\t\t\t\t\t\t\t<\/div>\n\t\t\t\t<div class=\"elementor-element elementor-element-80064c9 elementor-widget elementor-widget-image\" data-id=\"80064c9\" data-element_type=\"widget\" data-e-type=\"widget\" data-widget_type=\"image.default\">\n\t\t\t\t\t\t\t\t\t\t\t\t\t\t\t<img decoding=\"async\" width=\"900\" height=\"900\" src=\"https:\/\/www.larusee.com\/wp-content\/uploads\/2019\/04\/remplissage-1000.jpg\" class=\"attachment-large size-large wp-image-11294\" alt=\"Remplissage d&#039;une bouteille d&#039;absinthe Larus\u00e9e\" srcset=\"https:\/\/www.larusee.com\/wp-content\/uploads\/2019\/04\/remplissage-1000.jpg 1000w, https:\/\/www.larusee.com\/wp-content\/uploads\/2019\/04\/remplissage-1000-100x100.jpg 100w, https:\/\/www.larusee.com\/wp-content\/uploads\/2019\/04\/remplissage-1000-920x920.jpg 920w, https:\/\/www.larusee.com\/wp-content\/uploads\/2019\/04\/remplissage-1000-150x150.jpg 150w, https:\/\/www.larusee.com\/wp-content\/uploads\/2019\/04\/remplissage-1000-300x300.jpg 300w, https:\/\/www.larusee.com\/wp-content\/uploads\/2019\/04\/remplissage-1000-768x768.jpg 768w\" sizes=\"(max-width: 900px) 100vw, 900px\" \/>\t\t\t\t\t\t\t\t\t\t\t\t\t\t\t<\/div>\n\t\t\t\t<\/div>\n\t\t\t\t\t<\/div>\n\t\t\t\t<\/div>\n\t\t<div class=\"elementor-element elementor-element-2da64ff e-flex e-con-boxed e-con e-parent\" data-id=\"2da64ff\" data-element_type=\"container\" data-e-type=\"container\">\n\t\t\t\t\t<div class=\"e-con-inner\">\n\t\t<div class=\"elementor-element elementor-element-0cabeb3 e-con-full e-flex e-con e-child\" data-id=\"0cabeb3\" data-element_type=\"container\" data-e-type=\"container\">\n\t\t\t\t<div class=\"elementor-element elementor-element-73060a9 elementor-widget elementor-widget-heading\" data-id=\"73060a9\" data-element_type=\"widget\" data-e-type=\"widget\" data-widget_type=\"heading.default\">\n\t\t\t\t\t<h2 class=\"elementor-heading-title elementor-size-default\"><span class=\"elementor-heading-title elementor-size-default elementor-inline-editing pen\" data-elementor-setting-key=\"title\" data-pen-placeholder=\"\u00c9crivez ici...\" style=\"font-size: 40.871px\">100% handcrafted<\/span><\/h2>\t\t\t\t<\/div>\n\t\t\t\t<\/div>\n\t\t\t\t\t<\/div>\n\t\t\t\t<\/div>\n\t\t<div class=\"elementor-element elementor-element-61cc3a7 e-flex e-con-boxed e-con e-parent\" data-id=\"61cc3a7\" data-element_type=\"container\" data-e-type=\"container\">\n\t\t\t\t\t<div class=\"e-con-inner\">\n\t\t<div class=\"elementor-element elementor-element-6da0aa7 e-con-full e-flex e-con e-child\" data-id=\"6da0aa7\" data-element_type=\"container\" data-e-type=\"container\">\n\t\t\t\t<div class=\"elementor-element elementor-element-529995c elementor-widget elementor-widget-text-editor\" data-id=\"529995c\" data-element_type=\"widget\" data-e-type=\"widget\" data-widget_type=\"text-editor.default\">\n\t\t\t\t\t\t\t\t\t<p>Here at Larus\u00e9e, we have chosen artisanal solutions every step of the way \u2013 and we\u2019re not about to change that! First of all, we carefully select dozens herbs and aromatic plants that make up our different blends of spirits. We pride ourselves on providing the human touch at every stage of each bottle\u2019s journey through production \u2013 all the better to pass on our love of a job well done and make each bottle a work of art in its own right.<\/p>\n\t\t\t\t\t\t\t\t<\/div>\n\t\t\t\t<\/div>\n\t\t<div class=\"elementor-element elementor-element-42d786e e-con-full e-flex e-con e-child\" data-id=\"42d786e\" data-element_type=\"container\" data-e-type=\"container\">\n\t\t\t\t<div class=\"elementor-element elementor-element-e8371e4 elementor-widget elementor-widget-text-editor\" data-id=\"e8371e4\" data-element_type=\"widget\" data-e-type=\"widget\" data-widget_type=\"text-editor.default\">\n\t\t\t\t\t\t\t\t\t<p>The plants are weighed to the nearest gramme before being placed in 120-liter \u201cchauffe\u201d chambers in the still we designed. Bottling is done individually; corking is carried out on a unique machine developed in partnership with a local mechanic; labels are added one by one; and wax sealing of the neck is completed in an old saucepan! This human-sized production is guaranteed to produce exceptional results.<\/p>\n\t\t\t\t\t\t\t\t<\/div>\n\t\t\t\t<\/div>\n\t\t\t\t\t<\/div>\n\t\t\t\t<\/div>\n\t\t<div class=\"elementor-element elementor-element-475b5fb e-flex e-con-boxed e-con e-parent\" data-id=\"475b5fb\" data-element_type=\"container\" data-e-type=\"container\">\n\t\t\t\t\t<div class=\"e-con-inner\">\n\t\t\t\t<div class=\"elementor-element elementor-element-66dcccb elementor-widget elementor-widget-video\" data-id=\"66dcccb\" data-element_type=\"widget\" data-e-type=\"widget\" data-settings=\"{&quot;youtube_url&quot;:&quot;https:\\\/\\\/youtu.be\\\/A2lwuqvj_uc&quot;,&quot;video_type&quot;:&quot;youtube&quot;,&quot;controls&quot;:&quot;yes&quot;}\" data-widget_type=\"video.default\">\n\t\t\t\t\t\t\t<div class=\"elementor-wrapper elementor-open-inline\">\n\t\t\t<div class=\"elementor-video\"><\/div>\t\t<\/div>\n\t\t\t\t\t\t<\/div>\n\t\t\t\t\t<\/div>\n\t\t\t\t<\/div>\n\t\t\t\t<\/div>\n\t\t","protected":false},"excerpt":{"rendered":"<p>WELCOME TO LARUS\u00c9E Spirits produced in state of the art When you open a precious bottle from the Larus\u00e9e distillery, you\u2019re immersed in a world of complex aromas unlike any other absinthe you\u2019ll ever encounter. You\u2019ll discover a subtle world in which absinthium, green anise and fennel mingle, enhanced by a perfectly balanced bouquet of [&hellip;]<\/p>\n","protected":false},"author":1,"featured_media":0,"parent":0,"menu_order":0,"comment_status":"closed","ping_status":"closed","template":"page-full-width.php","meta":{"footnotes":""},"class_list":["post-10957","page","type-page","status-publish","hentry"],"yoast_head":"<!-- This site is optimized with the Yoast SEO plugin v27.5 - https:\/\/yoast.com\/product\/yoast-seo-wordpress\/ -->\n<title>Welcome to Larus\u00e9e - Larus\u00e9e<\/title>\n<meta name=\"description\" content=\"In the Swiss canton of Neuch\u00e2tel, the historic birthplace of absinthe, our spirits are distilled using traditional methods.\" \/>\n<meta name=\"robots\" content=\"index, follow, max-snippet:-1, max-image-preview:large, max-video-preview:-1\" \/>\n<link rel=\"canonical\" href=\"https:\/\/www.larusee.com\/en\/welcome-to-larusee\/\" \/>\n<meta property=\"og:locale\" content=\"en_US\" \/>\n<meta property=\"og:type\" content=\"article\" \/>\n<meta property=\"og:title\" content=\"Welcome to Larus\u00e9e - Larus\u00e9e\" \/>\n<meta property=\"og:description\" content=\"In the Swiss canton of Neuch\u00e2tel, the historic birthplace of absinthe, our spirits are distilled using traditional methods.\" \/>\n<meta property=\"og:url\" content=\"https:\/\/www.larusee.com\/en\/welcome-to-larusee\/\" \/>\n<meta property=\"og:site_name\" content=\"Larus\u00e9e\" \/>\n<meta property=\"article:publisher\" content=\"https:\/\/www.facebook.com\/AbsintheLarusee\" \/>\n<meta property=\"article:modified_time\" content=\"2024-11-19T10:06:38+00:00\" \/>\n<meta property=\"og:image\" content=\"https:\/\/www.larusee.com\/wp-content\/uploads\/2024\/03\/Larusee_Bleue-600px.png\" \/>\n<meta name=\"twitter:card\" content=\"summary_large_image\" \/>\n<meta name=\"twitter:label1\" content=\"Est. reading time\" \/>\n\t<meta name=\"twitter:data1\" content=\"3 minutes\" \/>\n<script type=\"application\/ld+json\" class=\"yoast-schema-graph\">{\"@context\":\"https:\\\/\\\/schema.org\",\"@graph\":[{\"@type\":\"WebPage\",\"@id\":\"https:\\\/\\\/www.larusee.com\\\/en\\\/welcome-to-larusee\\\/\",\"url\":\"https:\\\/\\\/www.larusee.com\\\/en\\\/welcome-to-larusee\\\/\",\"name\":\"Welcome to Larus\u00e9e - Larus\u00e9e\",\"isPartOf\":{\"@id\":\"https:\\\/\\\/www.larusee.com\\\/en\\\/#website\"},\"primaryImageOfPage\":{\"@id\":\"https:\\\/\\\/www.larusee.com\\\/en\\\/welcome-to-larusee\\\/#primaryimage\"},\"image\":{\"@id\":\"https:\\\/\\\/www.larusee.com\\\/en\\\/welcome-to-larusee\\\/#primaryimage\"},\"thumbnailUrl\":\"https:\\\/\\\/www.larusee.com\\\/wp-content\\\/uploads\\\/2024\\\/03\\\/Larusee_Bleue-600px.png\",\"datePublished\":\"2019-04-29T15:25:36+00:00\",\"dateModified\":\"2024-11-19T10:06:38+00:00\",\"description\":\"In the Swiss canton of Neuch\u00e2tel, the historic birthplace of absinthe, our spirits are distilled using traditional methods.\",\"breadcrumb\":{\"@id\":\"https:\\\/\\\/www.larusee.com\\\/en\\\/welcome-to-larusee\\\/#breadcrumb\"},\"inLanguage\":\"en-US\",\"potentialAction\":[{\"@type\":\"ReadAction\",\"target\":[\"https:\\\/\\\/www.larusee.com\\\/en\\\/welcome-to-larusee\\\/\"]}]},{\"@type\":\"ImageObject\",\"inLanguage\":\"en-US\",\"@id\":\"https:\\\/\\\/www.larusee.com\\\/en\\\/welcome-to-larusee\\\/#primaryimage\",\"url\":\"https:\\\/\\\/www.larusee.com\\\/wp-content\\\/uploads\\\/2024\\\/03\\\/Larusee_Bleue-600px.png\",\"contentUrl\":\"https:\\\/\\\/www.larusee.com\\\/wp-content\\\/uploads\\\/2024\\\/03\\\/Larusee_Bleue-600px.png\"},{\"@type\":\"BreadcrumbList\",\"@id\":\"https:\\\/\\\/www.larusee.com\\\/en\\\/welcome-to-larusee\\\/#breadcrumb\",\"itemListElement\":[{\"@type\":\"ListItem\",\"position\":1,\"name\":\"Accueil\",\"item\":\"https:\\\/\\\/www.larusee.com\\\/en\\\/\"},{\"@type\":\"ListItem\",\"position\":2,\"name\":\"Welcome to Larus\u00e9e\"}]},{\"@type\":\"WebSite\",\"@id\":\"https:\\\/\\\/www.larusee.com\\\/en\\\/#website\",\"url\":\"https:\\\/\\\/www.larusee.com\\\/en\\\/\",\"name\":\"Larus\u00e9e\",\"description\":\"Distillateur d&#039;\u00e9motions\",\"publisher\":{\"@id\":\"https:\\\/\\\/www.larusee.com\\\/en\\\/#organization\"},\"potentialAction\":[{\"@type\":\"SearchAction\",\"target\":{\"@type\":\"EntryPoint\",\"urlTemplate\":\"https:\\\/\\\/www.larusee.com\\\/en\\\/?s={search_term_string}\"},\"query-input\":{\"@type\":\"PropertyValueSpecification\",\"valueRequired\":true,\"valueName\":\"search_term_string\"}}],\"inLanguage\":\"en-US\"},{\"@type\":\"Organization\",\"@id\":\"https:\\\/\\\/www.larusee.com\\\/en\\\/#organization\",\"name\":\"Larus\u00e9e\",\"url\":\"https:\\\/\\\/www.larusee.com\\\/en\\\/\",\"logo\":{\"@type\":\"ImageObject\",\"inLanguage\":\"en-US\",\"@id\":\"https:\\\/\\\/www.larusee.com\\\/en\\\/#\\\/schema\\\/logo\\\/image\\\/\",\"url\":\"https:\\\/\\\/www.larusee.com\\\/wp-content\\\/uploads\\\/2019\\\/04\\\/Logo_Larusee_Noir.png\",\"contentUrl\":\"https:\\\/\\\/www.larusee.com\\\/wp-content\\\/uploads\\\/2019\\\/04\\\/Logo_Larusee_Noir.png\",\"width\":1181,\"height\":318,\"caption\":\"Larus\u00e9e\"},\"image\":{\"@id\":\"https:\\\/\\\/www.larusee.com\\\/en\\\/#\\\/schema\\\/logo\\\/image\\\/\"},\"sameAs\":[\"https:\\\/\\\/www.facebook.com\\\/AbsintheLarusee\",\"https:\\\/\\\/www.instagram.com\\\/distillerielarusee\\\/\"]}]}<\/script>\n<!-- \/ Yoast SEO plugin. -->","yoast_head_json":{"title":"Welcome to Larus\u00e9e - Larus\u00e9e","description":"In the Swiss canton of Neuch\u00e2tel, the historic birthplace of absinthe, our spirits are distilled using traditional methods.","robots":{"index":"index","follow":"follow","max-snippet":"max-snippet:-1","max-image-preview":"max-image-preview:large","max-video-preview":"max-video-preview:-1"},"canonical":"https:\/\/www.larusee.com\/en\/welcome-to-larusee\/","og_locale":"en_US","og_type":"article","og_title":"Welcome to Larus\u00e9e - Larus\u00e9e","og_description":"In the Swiss canton of Neuch\u00e2tel, the historic birthplace of absinthe, our spirits are distilled using traditional methods.","og_url":"https:\/\/www.larusee.com\/en\/welcome-to-larusee\/","og_site_name":"Larus\u00e9e","article_publisher":"https:\/\/www.facebook.com\/AbsintheLarusee","article_modified_time":"2024-11-19T10:06:38+00:00","og_image":[{"url":"https:\/\/www.larusee.com\/wp-content\/uploads\/2024\/03\/Larusee_Bleue-600px.png","type":"","width":"","height":""}],"twitter_card":"summary_large_image","twitter_misc":{"Est. reading time":"3 minutes"},"schema":{"@context":"https:\/\/schema.org","@graph":[{"@type":"WebPage","@id":"https:\/\/www.larusee.com\/en\/welcome-to-larusee\/","url":"https:\/\/www.larusee.com\/en\/welcome-to-larusee\/","name":"Welcome to Larus\u00e9e - Larus\u00e9e","isPartOf":{"@id":"https:\/\/www.larusee.com\/en\/#website"},"primaryImageOfPage":{"@id":"https:\/\/www.larusee.com\/en\/welcome-to-larusee\/#primaryimage"},"image":{"@id":"https:\/\/www.larusee.com\/en\/welcome-to-larusee\/#primaryimage"},"thumbnailUrl":"https:\/\/www.larusee.com\/wp-content\/uploads\/2024\/03\/Larusee_Bleue-600px.png","datePublished":"2019-04-29T15:25:36+00:00","dateModified":"2024-11-19T10:06:38+00:00","description":"In the Swiss canton of Neuch\u00e2tel, the historic birthplace of absinthe, our spirits are distilled using traditional methods.","breadcrumb":{"@id":"https:\/\/www.larusee.com\/en\/welcome-to-larusee\/#breadcrumb"},"inLanguage":"en-US","potentialAction":[{"@type":"ReadAction","target":["https:\/\/www.larusee.com\/en\/welcome-to-larusee\/"]}]},{"@type":"ImageObject","inLanguage":"en-US","@id":"https:\/\/www.larusee.com\/en\/welcome-to-larusee\/#primaryimage","url":"https:\/\/www.larusee.com\/wp-content\/uploads\/2024\/03\/Larusee_Bleue-600px.png","contentUrl":"https:\/\/www.larusee.com\/wp-content\/uploads\/2024\/03\/Larusee_Bleue-600px.png"},{"@type":"BreadcrumbList","@id":"https:\/\/www.larusee.com\/en\/welcome-to-larusee\/#breadcrumb","itemListElement":[{"@type":"ListItem","position":1,"name":"Accueil","item":"https:\/\/www.larusee.com\/en\/"},{"@type":"ListItem","position":2,"name":"Welcome to Larus\u00e9e"}]},{"@type":"WebSite","@id":"https:\/\/www.larusee.com\/en\/#website","url":"https:\/\/www.larusee.com\/en\/","name":"Larus\u00e9e","description":"Distillateur d&#039;\u00e9motions","publisher":{"@id":"https:\/\/www.larusee.com\/en\/#organization"},"potentialAction":[{"@type":"SearchAction","target":{"@type":"EntryPoint","urlTemplate":"https:\/\/www.larusee.com\/en\/?s={search_term_string}"},"query-input":{"@type":"PropertyValueSpecification","valueRequired":true,"valueName":"search_term_string"}}],"inLanguage":"en-US"},{"@type":"Organization","@id":"https:\/\/www.larusee.com\/en\/#organization","name":"Larus\u00e9e","url":"https:\/\/www.larusee.com\/en\/","logo":{"@type":"ImageObject","inLanguage":"en-US","@id":"https:\/\/www.larusee.com\/en\/#\/schema\/logo\/image\/","url":"https:\/\/www.larusee.com\/wp-content\/uploads\/2019\/04\/Logo_Larusee_Noir.png","contentUrl":"https:\/\/www.larusee.com\/wp-content\/uploads\/2019\/04\/Logo_Larusee_Noir.png","width":1181,"height":318,"caption":"Larus\u00e9e"},"image":{"@id":"https:\/\/www.larusee.com\/en\/#\/schema\/logo\/image\/"},"sameAs":["https:\/\/www.facebook.com\/AbsintheLarusee","https:\/\/www.instagram.com\/distillerielarusee\/"]}]}},"_links":{"self":[{"href":"https:\/\/www.larusee.com\/en\/wp-json\/wp\/v2\/pages\/10957","targetHints":{"allow":["GET"]}}],"collection":[{"href":"https:\/\/www.larusee.com\/en\/wp-json\/wp\/v2\/pages"}],"about":[{"href":"https:\/\/www.larusee.com\/en\/wp-json\/wp\/v2\/types\/page"}],"author":[{"embeddable":true,"href":"https:\/\/www.larusee.com\/en\/wp-json\/wp\/v2\/users\/1"}],"replies":[{"embeddable":true,"href":"https:\/\/www.larusee.com\/en\/wp-json\/wp\/v2\/comments?post=10957"}],"version-history":[{"count":3,"href":"https:\/\/www.larusee.com\/en\/wp-json\/wp\/v2\/pages\/10957\/revisions"}],"predecessor-version":[{"id":21859,"href":"https:\/\/www.larusee.com\/en\/wp-json\/wp\/v2\/pages\/10957\/revisions\/21859"}],"wp:attachment":[{"href":"https:\/\/www.larusee.com\/en\/wp-json\/wp\/v2\/media?parent=10957"}],"curies":[{"name":"wp","href":"https:\/\/api.w.org\/{rel}","templated":true}]}}