{"id":22945,"date":"2026-05-06T11:59:40","date_gmt":"2026-05-06T09:59:40","guid":{"rendered":"https:\/\/www.larusee.com\/?post_type=product&#038;p=22945"},"modified":"2026-05-07T10:39:48","modified_gmt":"2026-05-07T08:39:48","slug":"jaune-falernum-copie","status":"publish","type":"product","link":"https:\/\/www.larusee.com\/de\/produit\/jaune-falernum-copie\/","title":{"rendered":"JAUNE &#038; R\u00eave de Bulles"},"content":{"rendered":"<div class=\"wpb-content-wrapper\"><p>[vc_row][vc_column][vc_column_text css=&#8220;&#8220;]<\/p>\n<div class=\"\">\n<p><strong>JAUNE, Botanicals-Lik\u00f6r<\/strong><\/p>\n<p><b>Inhalt:\u2009:<\/b> 70 cl<br \/>\n<b>Vlkoholgehalt :<\/b> 36.9% vol.<\/p>\n<div class=\"\">\n<p><strong>R\u00eave de Bulles Weiss<\/strong><\/p>\n<p><b>Inhalt :<\/b> 75 cl<br \/>\n<b>Alkoholgehalt\u2009:<\/b> &lt; 0.5% vol.<\/p>\n<\/div>\n<\/div>\n<p>[\/vc_column_text][\/vc_column][\/vc_row][vc_row][vc_column][vc_separator][\/vc_column][\/vc_row]<\/p>\n<\/div>","protected":false},"excerpt":{"rendered":"<div class=\"\">\n<p>Sie m\u00f6chten einen Spritz zubereiten, der gut aussieht \u2026 aber wenig Alkohol enth\u00e4lt?<\/p>\n<p>Dann haben Sie die richtige L\u00f6sung gefunden: ein wenig JAUNE, ein wenig R\u00eave de Bulles 0 %, Eisw\u00fcrfel und etwas Mineralwasser \u2013 und schon k\u00f6nnen Sie Ihre G\u00e4ste verw\u00f6hnen!<\/p>\n<\/div>\n","protected":false},"featured_media":22949,"template":"","meta":[],"product_brand":[],"product_cat":[753,1511,1472,804,825],"product_tag":[1514,1452,1475,1474,845,1512,826,842,1473,1502,1513,839],"class_list":{"0":"post-22945","1":"product","2":"type-product","3":"status-publish","4":"has-post-thumbnail","6":"product_cat-der-shop","7":"product_cat-die-ensembles","8":"product_cat-likoere","9":"product_cat-unsere-produkte","10":"product_cat-unsere-spezialitaten","11":"product_tag-alpen","12":"product_tag-bitterkeit","13":"product_tag-botanik","14":"product_tag-cocktail-de","15":"product_tag-ensemble","16":"product_tag-larusee-de","17":"product_tag-likor","18":"product_tag-pflanzen","19":"product_tag-schaumwein","20":"product_tag-spritz","21":"product_tag-sus","23":"first","24":"instock","25":"taxable","26":"shipping-taxable","27":"purchasable","28":"product-type-yith_bundle"},"yoast_head":"<!-- This site is optimized with the Yoast SEO plugin v27.5 - https:\/\/yoast.com\/product\/yoast-seo-wordpress\/ -->\n<title>JAUNE &amp; R\u00eave de Bulles - Larus\u00e9e<\/title>\n<meta name=\"description\" content=\"Sie m\u00f6chten einen Spritz zubereiten, der gut aussieht \u2026 aber wenig Alkohol enth\u00e4lt?\" \/>\n<meta name=\"robots\" content=\"index, follow, max-snippet:-1, max-image-preview:large, max-video-preview:-1\" \/>\n<link rel=\"canonical\" href=\"https:\/\/www.larusee.com\/de\/produit\/jaune-falernum-copie\/\" \/>\n<meta property=\"og:locale\" content=\"de_DE\" \/>\n<meta property=\"og:type\" content=\"article\" \/>\n<meta property=\"og:title\" content=\"JAUNE &amp; R\u00eave de Bulles - Larus\u00e9e\" \/>\n<meta property=\"og:description\" content=\"Sie m\u00f6chten einen Spritz zubereiten, der gut aussieht \u2026 aber wenig Alkohol enth\u00e4lt?\" \/>\n<meta property=\"og:url\" content=\"https:\/\/www.larusee.com\/de\/produit\/jaune-falernum-copie\/\" \/>\n<meta property=\"og:site_name\" content=\"Larus\u00e9e\" \/>\n<meta property=\"article:publisher\" content=\"https:\/\/www.facebook.com\/AbsintheLarusee\" \/>\n<meta property=\"article:modified_time\" content=\"2026-05-07T08:39:48+00:00\" \/>\n<meta property=\"og:image\" content=\"https:\/\/www.larusee.com\/wp-content\/uploads\/2026\/05\/larusee-jaune-liqueur-70cl-reve-de-bulles-blanc.jpg\" \/>\n\t<meta property=\"og:image:width\" content=\"1600\" \/>\n\t<meta property=\"og:image:height\" content=\"2000\" \/>\n\t<meta property=\"og:image:type\" content=\"image\/jpeg\" \/>\n<meta name=\"twitter:card\" content=\"summary_large_image\" \/>\n<script type=\"application\/ld+json\" class=\"yoast-schema-graph\">{\"@context\":\"https:\\\/\\\/schema.org\",\"@graph\":[{\"@type\":\"WebPage\",\"@id\":\"https:\\\/\\\/www.larusee.com\\\/de\\\/produit\\\/jaune-falernum-copie\\\/\",\"url\":\"https:\\\/\\\/www.larusee.com\\\/de\\\/produit\\\/jaune-falernum-copie\\\/\",\"name\":\"JAUNE & R\u00eave de Bulles - Larus\u00e9e\",\"isPartOf\":{\"@id\":\"https:\\\/\\\/www.larusee.com\\\/de\\\/#website\"},\"primaryImageOfPage\":{\"@id\":\"https:\\\/\\\/www.larusee.com\\\/de\\\/produit\\\/jaune-falernum-copie\\\/#primaryimage\"},\"image\":{\"@id\":\"https:\\\/\\\/www.larusee.com\\\/de\\\/produit\\\/jaune-falernum-copie\\\/#primaryimage\"},\"thumbnailUrl\":\"https:\\\/\\\/www.larusee.com\\\/wp-content\\\/uploads\\\/2026\\\/05\\\/larusee-jaune-liqueur-70cl-reve-de-bulles-blanc.jpg\",\"datePublished\":\"2026-05-06T09:59:40+00:00\",\"dateModified\":\"2026-05-07T08:39:48+00:00\",\"description\":\"Sie m\u00f6chten einen Spritz zubereiten, der gut aussieht \u2026 aber wenig Alkohol enth\u00e4lt?\",\"breadcrumb\":{\"@id\":\"https:\\\/\\\/www.larusee.com\\\/de\\\/produit\\\/jaune-falernum-copie\\\/#breadcrumb\"},\"inLanguage\":\"de\",\"potentialAction\":[{\"@type\":\"ReadAction\",\"target\":[\"https:\\\/\\\/www.larusee.com\\\/de\\\/produit\\\/jaune-falernum-copie\\\/\"]}]},{\"@type\":\"ImageObject\",\"inLanguage\":\"de\",\"@id\":\"https:\\\/\\\/www.larusee.com\\\/de\\\/produit\\\/jaune-falernum-copie\\\/#primaryimage\",\"url\":\"https:\\\/\\\/www.larusee.com\\\/wp-content\\\/uploads\\\/2026\\\/05\\\/larusee-jaune-liqueur-70cl-reve-de-bulles-blanc.jpg\",\"contentUrl\":\"https:\\\/\\\/www.larusee.com\\\/wp-content\\\/uploads\\\/2026\\\/05\\\/larusee-jaune-liqueur-70cl-reve-de-bulles-blanc.jpg\",\"width\":1600,\"height\":2000},{\"@type\":\"BreadcrumbList\",\"@id\":\"https:\\\/\\\/www.larusee.com\\\/de\\\/produit\\\/jaune-falernum-copie\\\/#breadcrumb\",\"itemListElement\":[{\"@type\":\"ListItem\",\"position\":1,\"name\":\"Accueil\",\"item\":\"https:\\\/\\\/www.larusee.com\\\/de\\\/\"},{\"@type\":\"ListItem\",\"position\":2,\"name\":\"Boutique\",\"item\":\"https:\\\/\\\/www.larusee.com\\\/de\\\/boutique\\\/\"},{\"@type\":\"ListItem\",\"position\":3,\"name\":\"JAUNE &#038; R\u00eave de Bulles\"}]},{\"@type\":\"WebSite\",\"@id\":\"https:\\\/\\\/www.larusee.com\\\/de\\\/#website\",\"url\":\"https:\\\/\\\/www.larusee.com\\\/de\\\/\",\"name\":\"Larus\u00e9e\",\"description\":\"Distillateur d&#039;\u00e9motions\",\"publisher\":{\"@id\":\"https:\\\/\\\/www.larusee.com\\\/de\\\/#organization\"},\"potentialAction\":[{\"@type\":\"SearchAction\",\"target\":{\"@type\":\"EntryPoint\",\"urlTemplate\":\"https:\\\/\\\/www.larusee.com\\\/de\\\/?s={search_term_string}\"},\"query-input\":{\"@type\":\"PropertyValueSpecification\",\"valueRequired\":true,\"valueName\":\"search_term_string\"}}],\"inLanguage\":\"de\"},{\"@type\":\"Organization\",\"@id\":\"https:\\\/\\\/www.larusee.com\\\/de\\\/#organization\",\"name\":\"Larus\u00e9e\",\"url\":\"https:\\\/\\\/www.larusee.com\\\/de\\\/\",\"logo\":{\"@type\":\"ImageObject\",\"inLanguage\":\"de\",\"@id\":\"https:\\\/\\\/www.larusee.com\\\/de\\\/#\\\/schema\\\/logo\\\/image\\\/\",\"url\":\"https:\\\/\\\/www.larusee.com\\\/wp-content\\\/uploads\\\/2019\\\/04\\\/Logo_Larusee_Noir.png\",\"contentUrl\":\"https:\\\/\\\/www.larusee.com\\\/wp-content\\\/uploads\\\/2019\\\/04\\\/Logo_Larusee_Noir.png\",\"width\":1181,\"height\":318,\"caption\":\"Larus\u00e9e\"},\"image\":{\"@id\":\"https:\\\/\\\/www.larusee.com\\\/de\\\/#\\\/schema\\\/logo\\\/image\\\/\"},\"sameAs\":[\"https:\\\/\\\/www.facebook.com\\\/AbsintheLarusee\",\"https:\\\/\\\/www.instagram.com\\\/distillerielarusee\\\/\"]}]}<\/script>\n<!-- \/ Yoast SEO plugin. -->","yoast_head_json":{"title":"JAUNE & R\u00eave de Bulles - Larus\u00e9e","description":"Sie m\u00f6chten einen Spritz zubereiten, der gut aussieht \u2026 aber wenig Alkohol enth\u00e4lt?","robots":{"index":"index","follow":"follow","max-snippet":"max-snippet:-1","max-image-preview":"max-image-preview:large","max-video-preview":"max-video-preview:-1"},"canonical":"https:\/\/www.larusee.com\/de\/produit\/jaune-falernum-copie\/","og_locale":"de_DE","og_type":"article","og_title":"JAUNE & R\u00eave de Bulles - Larus\u00e9e","og_description":"Sie m\u00f6chten einen Spritz zubereiten, der gut aussieht \u2026 aber wenig Alkohol enth\u00e4lt?","og_url":"https:\/\/www.larusee.com\/de\/produit\/jaune-falernum-copie\/","og_site_name":"Larus\u00e9e","article_publisher":"https:\/\/www.facebook.com\/AbsintheLarusee","article_modified_time":"2026-05-07T08:39:48+00:00","og_image":[{"width":1600,"height":2000,"url":"https:\/\/www.larusee.com\/wp-content\/uploads\/2026\/05\/larusee-jaune-liqueur-70cl-reve-de-bulles-blanc.jpg","type":"image\/jpeg"}],"twitter_card":"summary_large_image","schema":{"@context":"https:\/\/schema.org","@graph":[{"@type":"WebPage","@id":"https:\/\/www.larusee.com\/de\/produit\/jaune-falernum-copie\/","url":"https:\/\/www.larusee.com\/de\/produit\/jaune-falernum-copie\/","name":"JAUNE & R\u00eave de Bulles - Larus\u00e9e","isPartOf":{"@id":"https:\/\/www.larusee.com\/de\/#website"},"primaryImageOfPage":{"@id":"https:\/\/www.larusee.com\/de\/produit\/jaune-falernum-copie\/#primaryimage"},"image":{"@id":"https:\/\/www.larusee.com\/de\/produit\/jaune-falernum-copie\/#primaryimage"},"thumbnailUrl":"https:\/\/www.larusee.com\/wp-content\/uploads\/2026\/05\/larusee-jaune-liqueur-70cl-reve-de-bulles-blanc.jpg","datePublished":"2026-05-06T09:59:40+00:00","dateModified":"2026-05-07T08:39:48+00:00","description":"Sie m\u00f6chten einen Spritz zubereiten, der gut aussieht \u2026 aber wenig Alkohol enth\u00e4lt?","breadcrumb":{"@id":"https:\/\/www.larusee.com\/de\/produit\/jaune-falernum-copie\/#breadcrumb"},"inLanguage":"de","potentialAction":[{"@type":"ReadAction","target":["https:\/\/www.larusee.com\/de\/produit\/jaune-falernum-copie\/"]}]},{"@type":"ImageObject","inLanguage":"de","@id":"https:\/\/www.larusee.com\/de\/produit\/jaune-falernum-copie\/#primaryimage","url":"https:\/\/www.larusee.com\/wp-content\/uploads\/2026\/05\/larusee-jaune-liqueur-70cl-reve-de-bulles-blanc.jpg","contentUrl":"https:\/\/www.larusee.com\/wp-content\/uploads\/2026\/05\/larusee-jaune-liqueur-70cl-reve-de-bulles-blanc.jpg","width":1600,"height":2000},{"@type":"BreadcrumbList","@id":"https:\/\/www.larusee.com\/de\/produit\/jaune-falernum-copie\/#breadcrumb","itemListElement":[{"@type":"ListItem","position":1,"name":"Accueil","item":"https:\/\/www.larusee.com\/de\/"},{"@type":"ListItem","position":2,"name":"Boutique","item":"https:\/\/www.larusee.com\/de\/boutique\/"},{"@type":"ListItem","position":3,"name":"JAUNE &#038; R\u00eave de Bulles"}]},{"@type":"WebSite","@id":"https:\/\/www.larusee.com\/de\/#website","url":"https:\/\/www.larusee.com\/de\/","name":"Larus\u00e9e","description":"Distillateur d&#039;\u00e9motions","publisher":{"@id":"https:\/\/www.larusee.com\/de\/#organization"},"potentialAction":[{"@type":"SearchAction","target":{"@type":"EntryPoint","urlTemplate":"https:\/\/www.larusee.com\/de\/?s={search_term_string}"},"query-input":{"@type":"PropertyValueSpecification","valueRequired":true,"valueName":"search_term_string"}}],"inLanguage":"de"},{"@type":"Organization","@id":"https:\/\/www.larusee.com\/de\/#organization","name":"Larus\u00e9e","url":"https:\/\/www.larusee.com\/de\/","logo":{"@type":"ImageObject","inLanguage":"de","@id":"https:\/\/www.larusee.com\/de\/#\/schema\/logo\/image\/","url":"https:\/\/www.larusee.com\/wp-content\/uploads\/2019\/04\/Logo_Larusee_Noir.png","contentUrl":"https:\/\/www.larusee.com\/wp-content\/uploads\/2019\/04\/Logo_Larusee_Noir.png","width":1181,"height":318,"caption":"Larus\u00e9e"},"image":{"@id":"https:\/\/www.larusee.com\/de\/#\/schema\/logo\/image\/"},"sameAs":["https:\/\/www.facebook.com\/AbsintheLarusee","https:\/\/www.instagram.com\/distillerielarusee\/"]}]}},"_links":{"self":[{"href":"https:\/\/www.larusee.com\/de\/wp-json\/wp\/v2\/product\/22945","targetHints":{"allow":["GET"]}}],"collection":[{"href":"https:\/\/www.larusee.com\/de\/wp-json\/wp\/v2\/product"}],"about":[{"href":"https:\/\/www.larusee.com\/de\/wp-json\/wp\/v2\/types\/product"}],"version-history":[{"count":3,"href":"https:\/\/www.larusee.com\/de\/wp-json\/wp\/v2\/product\/22945\/revisions"}],"predecessor-version":[{"id":22980,"href":"https:\/\/www.larusee.com\/de\/wp-json\/wp\/v2\/product\/22945\/revisions\/22980"}],"wp:featuredmedia":[{"embeddable":true,"href":"https:\/\/www.larusee.com\/de\/wp-json\/wp\/v2\/media\/22949"}],"wp:attachment":[{"href":"https:\/\/www.larusee.com\/de\/wp-json\/wp\/v2\/media?parent=22945"}],"wp:term":[{"taxonomy":"product_brand","embeddable":true,"href":"https:\/\/www.larusee.com\/de\/wp-json\/wp\/v2\/product_brand?post=22945"},{"taxonomy":"product_cat","embeddable":true,"href":"https:\/\/www.larusee.com\/de\/wp-json\/wp\/v2\/product_cat?post=22945"},{"taxonomy":"product_tag","embeddable":true,"href":"https:\/\/www.larusee.com\/de\/wp-json\/wp\/v2\/product_tag?post=22945"}],"curies":[{"name":"wp","href":"https:\/\/api.w.org\/{rel}","templated":true}]}}