{"id":22839,"date":"2026-03-25T10:46:36","date_gmt":"2026-03-25T09:46:36","guid":{"rendered":"https:\/\/www.larusee.com\/?post_type=product&#038;p=22839"},"modified":"2026-05-07T10:54:07","modified_gmt":"2026-05-07T08:54:07","slug":"carnets-de-voyage-paris-ix-copie","status":"publish","type":"product","link":"https:\/\/www.larusee.com\/de\/produit\/carnets-de-voyage-paris-ix-copie\/","title":{"rendered":"Carnets de voyage: Das Trio"},"content":{"rendered":"<div class=\"wpb-content-wrapper\"><p>[vc_row][vc_column][vc_column_text]<br \/>\nIn den Gassen flanieren, sich in der Landschaft verlieren, die Du\u0308fte auf dem Markt schnuppern\u2026 Aus diesem Fernweh ist <strong>Carnets de Voyage<\/strong>\u00ae entstanden, eine Gin-Sammlung ersonnen von Liebhabern von Du\u0308ften und Aromen. Mit diesen Kreationen wollen wir Erinnerungen teilen, die wir von unseren vielen Reisen mitbringen. So nehmen Sie unsere aussergew\u00f6hnlichen Gins mit auf eine Reise rund um die Welt, bei der es ganz besondere Kulturen und Du\u0308fte zu erkunden gibt.<br \/>\n[\/vc_column_text][vc_column_text css=&#8220;&#8220;]<\/p>\n<div class=\"\">\n<p><b>Flascheninhalt:<\/b> 3x 50 cl<br \/>\n<b>Alkoholgehalt:<\/b> 40%<\/p>\n<\/div>\n<p>[\/vc_column_text][vc_empty_space][\/vc_column][\/vc_row]<\/p>\n<\/div>","protected":false},"excerpt":{"rendered":"<p>[vc_row][vc_column][vc_column_text] In den Gassen flanieren, sich in der Landschaft verlieren, die Du\u0308fte auf dem Markt schnuppern\u2026 Aus diesem Fernweh ist Carnets de Voyage\u00ae entstanden, eine Gin-Sammlung ersonnen von Liebhabern von Du\u0308ften und Aromen. Mit diesen Kreationen wollen wir Erinnerungen teilen, die wir von unseren vielen Reisen mitbringen. So nehmen Sie unsere aussergew\u00f6hnlichen Gins mit auf [&hellip;]<\/p>\n","protected":false},"featured_media":22843,"template":"","meta":[],"product_brand":[],"product_cat":[1404,753,1511,1488,804],"product_tag":[805,1430,1413,1022,826,1186,809,1411,1438,806],"class_list":{"0":"post-22839","1":"product","2":"type-product","3":"status-publish","4":"has-post-thumbnail","6":"product_cat-carnets-de-voyage-de","7":"product_cat-der-shop","8":"product_cat-die-ensembles","9":"product_cat-die-gins","10":"product_cat-unsere-produkte","11":"product_tag-absinthe-de","12":"product_tag-bali-de","13":"product_tag-carnets-de-voyage-de","14":"product_tag-gin-de","15":"product_tag-larusee-de","16":"product_tag-london-dry-gin-de","17":"product_tag-neuenburg","18":"product_tag-oslo-de","19":"product_tag-paris-de","20":"product_tag-schweiz","22":"first","23":"instock","24":"taxable","25":"shipping-taxable","26":"purchasable","27":"product-type-yith_bundle"},"yoast_head":"<!-- This site is optimized with the Yoast SEO plugin v27.5 - https:\/\/yoast.com\/product\/yoast-seo-wordpress\/ -->\n<title>Carnets de voyage: Das Trio - Larus\u00e9e<\/title>\n<meta name=\"description\" content=\"Larus\u00e9e pr\u00e4sentiert \u201eCarnets de Voyage\u201c, eine Kollektion ungew\u00f6hnlicher Gins, inspiriert von unseren Reisen rund um die Welt: Bali, Paris und Oslo.\" \/>\n<meta name=\"robots\" content=\"index, follow, max-snippet:-1, max-image-preview:large, max-video-preview:-1\" \/>\n<link rel=\"canonical\" href=\"https:\/\/www.larusee.com\/de\/produit\/carnets-de-voyage-paris-ix-copie\/\" \/>\n<meta property=\"og:locale\" content=\"de_DE\" \/>\n<meta property=\"og:type\" content=\"article\" \/>\n<meta property=\"og:title\" content=\"Carnets de voyage: Das Trio - Larus\u00e9e\" \/>\n<meta property=\"og:description\" content=\"Larus\u00e9e pr\u00e4sentiert \u201eCarnets de Voyage\u201c, eine Kollektion ungew\u00f6hnlicher Gins, inspiriert von unseren Reisen rund um die Welt: Bali, Paris und Oslo.\" \/>\n<meta property=\"og:url\" content=\"https:\/\/www.larusee.com\/de\/produit\/carnets-de-voyage-paris-ix-copie\/\" \/>\n<meta property=\"og:site_name\" content=\"Larus\u00e9e\" \/>\n<meta property=\"article:publisher\" content=\"https:\/\/www.facebook.com\/AbsintheLarusee\" \/>\n<meta property=\"article:modified_time\" content=\"2026-05-07T08:54:07+00:00\" \/>\n<meta property=\"og:image\" content=\"https:\/\/www.larusee.com\/wp-content\/uploads\/2026\/03\/larusee-carnets-de-voyage-bundle-50cl-closeup.jpg\" \/>\n\t<meta property=\"og:image:width\" content=\"1600\" \/>\n\t<meta property=\"og:image:height\" content=\"2000\" \/>\n\t<meta property=\"og:image:type\" content=\"image\/jpeg\" \/>\n<meta name=\"twitter:card\" content=\"summary_large_image\" \/>\n<meta name=\"twitter:label1\" content=\"Gesch\u00e4tzte Lesezeit\" \/>\n\t<meta name=\"twitter:data1\" content=\"1\u00a0Minute\" \/>\n<script type=\"application\/ld+json\" class=\"yoast-schema-graph\">{\"@context\":\"https:\\\/\\\/schema.org\",\"@graph\":[{\"@type\":\"WebPage\",\"@id\":\"https:\\\/\\\/www.larusee.com\\\/de\\\/produit\\\/carnets-de-voyage-paris-ix-copie\\\/\",\"url\":\"https:\\\/\\\/www.larusee.com\\\/de\\\/produit\\\/carnets-de-voyage-paris-ix-copie\\\/\",\"name\":\"Carnets de voyage: Das Trio - Larus\u00e9e\",\"isPartOf\":{\"@id\":\"https:\\\/\\\/www.larusee.com\\\/de\\\/#website\"},\"primaryImageOfPage\":{\"@id\":\"https:\\\/\\\/www.larusee.com\\\/de\\\/produit\\\/carnets-de-voyage-paris-ix-copie\\\/#primaryimage\"},\"image\":{\"@id\":\"https:\\\/\\\/www.larusee.com\\\/de\\\/produit\\\/carnets-de-voyage-paris-ix-copie\\\/#primaryimage\"},\"thumbnailUrl\":\"https:\\\/\\\/www.larusee.com\\\/wp-content\\\/uploads\\\/2026\\\/03\\\/larusee-carnets-de-voyage-bundle-50cl-closeup.jpg\",\"datePublished\":\"2026-03-25T09:46:36+00:00\",\"dateModified\":\"2026-05-07T08:54:07+00:00\",\"description\":\"Larus\u00e9e pr\u00e4sentiert \u201eCarnets de Voyage\u201c, eine Kollektion ungew\u00f6hnlicher Gins, inspiriert von unseren Reisen rund um die Welt: Bali, Paris und Oslo.\",\"breadcrumb\":{\"@id\":\"https:\\\/\\\/www.larusee.com\\\/de\\\/produit\\\/carnets-de-voyage-paris-ix-copie\\\/#breadcrumb\"},\"inLanguage\":\"de\",\"potentialAction\":[{\"@type\":\"ReadAction\",\"target\":[\"https:\\\/\\\/www.larusee.com\\\/de\\\/produit\\\/carnets-de-voyage-paris-ix-copie\\\/\"]}]},{\"@type\":\"ImageObject\",\"inLanguage\":\"de\",\"@id\":\"https:\\\/\\\/www.larusee.com\\\/de\\\/produit\\\/carnets-de-voyage-paris-ix-copie\\\/#primaryimage\",\"url\":\"https:\\\/\\\/www.larusee.com\\\/wp-content\\\/uploads\\\/2026\\\/03\\\/larusee-carnets-de-voyage-bundle-50cl-closeup.jpg\",\"contentUrl\":\"https:\\\/\\\/www.larusee.com\\\/wp-content\\\/uploads\\\/2026\\\/03\\\/larusee-carnets-de-voyage-bundle-50cl-closeup.jpg\",\"width\":1600,\"height\":2000},{\"@type\":\"BreadcrumbList\",\"@id\":\"https:\\\/\\\/www.larusee.com\\\/de\\\/produit\\\/carnets-de-voyage-paris-ix-copie\\\/#breadcrumb\",\"itemListElement\":[{\"@type\":\"ListItem\",\"position\":1,\"name\":\"Accueil\",\"item\":\"https:\\\/\\\/www.larusee.com\\\/de\\\/\"},{\"@type\":\"ListItem\",\"position\":2,\"name\":\"Boutique\",\"item\":\"https:\\\/\\\/www.larusee.com\\\/de\\\/boutique\\\/\"},{\"@type\":\"ListItem\",\"position\":3,\"name\":\"Carnets de voyage: Das Trio\"}]},{\"@type\":\"WebSite\",\"@id\":\"https:\\\/\\\/www.larusee.com\\\/de\\\/#website\",\"url\":\"https:\\\/\\\/www.larusee.com\\\/de\\\/\",\"name\":\"Larus\u00e9e\",\"description\":\"Distillateur d&#039;\u00e9motions\",\"publisher\":{\"@id\":\"https:\\\/\\\/www.larusee.com\\\/de\\\/#organization\"},\"potentialAction\":[{\"@type\":\"SearchAction\",\"target\":{\"@type\":\"EntryPoint\",\"urlTemplate\":\"https:\\\/\\\/www.larusee.com\\\/de\\\/?s={search_term_string}\"},\"query-input\":{\"@type\":\"PropertyValueSpecification\",\"valueRequired\":true,\"valueName\":\"search_term_string\"}}],\"inLanguage\":\"de\"},{\"@type\":\"Organization\",\"@id\":\"https:\\\/\\\/www.larusee.com\\\/de\\\/#organization\",\"name\":\"Larus\u00e9e\",\"url\":\"https:\\\/\\\/www.larusee.com\\\/de\\\/\",\"logo\":{\"@type\":\"ImageObject\",\"inLanguage\":\"de\",\"@id\":\"https:\\\/\\\/www.larusee.com\\\/de\\\/#\\\/schema\\\/logo\\\/image\\\/\",\"url\":\"https:\\\/\\\/www.larusee.com\\\/wp-content\\\/uploads\\\/2019\\\/04\\\/Logo_Larusee_Noir.png\",\"contentUrl\":\"https:\\\/\\\/www.larusee.com\\\/wp-content\\\/uploads\\\/2019\\\/04\\\/Logo_Larusee_Noir.png\",\"width\":1181,\"height\":318,\"caption\":\"Larus\u00e9e\"},\"image\":{\"@id\":\"https:\\\/\\\/www.larusee.com\\\/de\\\/#\\\/schema\\\/logo\\\/image\\\/\"},\"sameAs\":[\"https:\\\/\\\/www.facebook.com\\\/AbsintheLarusee\",\"https:\\\/\\\/www.instagram.com\\\/distillerielarusee\\\/\"]}]}<\/script>\n<!-- \/ Yoast SEO plugin. -->","yoast_head_json":{"title":"Carnets de voyage: Das Trio - Larus\u00e9e","description":"Larus\u00e9e pr\u00e4sentiert \u201eCarnets de Voyage\u201c, eine Kollektion ungew\u00f6hnlicher Gins, inspiriert von unseren Reisen rund um die Welt: Bali, Paris und Oslo.","robots":{"index":"index","follow":"follow","max-snippet":"max-snippet:-1","max-image-preview":"max-image-preview:large","max-video-preview":"max-video-preview:-1"},"canonical":"https:\/\/www.larusee.com\/de\/produit\/carnets-de-voyage-paris-ix-copie\/","og_locale":"de_DE","og_type":"article","og_title":"Carnets de voyage: Das Trio - Larus\u00e9e","og_description":"Larus\u00e9e pr\u00e4sentiert \u201eCarnets de Voyage\u201c, eine Kollektion ungew\u00f6hnlicher Gins, inspiriert von unseren Reisen rund um die Welt: Bali, Paris und Oslo.","og_url":"https:\/\/www.larusee.com\/de\/produit\/carnets-de-voyage-paris-ix-copie\/","og_site_name":"Larus\u00e9e","article_publisher":"https:\/\/www.facebook.com\/AbsintheLarusee","article_modified_time":"2026-05-07T08:54:07+00:00","og_image":[{"width":1600,"height":2000,"url":"https:\/\/www.larusee.com\/wp-content\/uploads\/2026\/03\/larusee-carnets-de-voyage-bundle-50cl-closeup.jpg","type":"image\/jpeg"}],"twitter_card":"summary_large_image","twitter_misc":{"Gesch\u00e4tzte Lesezeit":"1\u00a0Minute"},"schema":{"@context":"https:\/\/schema.org","@graph":[{"@type":"WebPage","@id":"https:\/\/www.larusee.com\/de\/produit\/carnets-de-voyage-paris-ix-copie\/","url":"https:\/\/www.larusee.com\/de\/produit\/carnets-de-voyage-paris-ix-copie\/","name":"Carnets de voyage: Das Trio - Larus\u00e9e","isPartOf":{"@id":"https:\/\/www.larusee.com\/de\/#website"},"primaryImageOfPage":{"@id":"https:\/\/www.larusee.com\/de\/produit\/carnets-de-voyage-paris-ix-copie\/#primaryimage"},"image":{"@id":"https:\/\/www.larusee.com\/de\/produit\/carnets-de-voyage-paris-ix-copie\/#primaryimage"},"thumbnailUrl":"https:\/\/www.larusee.com\/wp-content\/uploads\/2026\/03\/larusee-carnets-de-voyage-bundle-50cl-closeup.jpg","datePublished":"2026-03-25T09:46:36+00:00","dateModified":"2026-05-07T08:54:07+00:00","description":"Larus\u00e9e pr\u00e4sentiert \u201eCarnets de Voyage\u201c, eine Kollektion ungew\u00f6hnlicher Gins, inspiriert von unseren Reisen rund um die Welt: Bali, Paris und Oslo.","breadcrumb":{"@id":"https:\/\/www.larusee.com\/de\/produit\/carnets-de-voyage-paris-ix-copie\/#breadcrumb"},"inLanguage":"de","potentialAction":[{"@type":"ReadAction","target":["https:\/\/www.larusee.com\/de\/produit\/carnets-de-voyage-paris-ix-copie\/"]}]},{"@type":"ImageObject","inLanguage":"de","@id":"https:\/\/www.larusee.com\/de\/produit\/carnets-de-voyage-paris-ix-copie\/#primaryimage","url":"https:\/\/www.larusee.com\/wp-content\/uploads\/2026\/03\/larusee-carnets-de-voyage-bundle-50cl-closeup.jpg","contentUrl":"https:\/\/www.larusee.com\/wp-content\/uploads\/2026\/03\/larusee-carnets-de-voyage-bundle-50cl-closeup.jpg","width":1600,"height":2000},{"@type":"BreadcrumbList","@id":"https:\/\/www.larusee.com\/de\/produit\/carnets-de-voyage-paris-ix-copie\/#breadcrumb","itemListElement":[{"@type":"ListItem","position":1,"name":"Accueil","item":"https:\/\/www.larusee.com\/de\/"},{"@type":"ListItem","position":2,"name":"Boutique","item":"https:\/\/www.larusee.com\/de\/boutique\/"},{"@type":"ListItem","position":3,"name":"Carnets de voyage: Das Trio"}]},{"@type":"WebSite","@id":"https:\/\/www.larusee.com\/de\/#website","url":"https:\/\/www.larusee.com\/de\/","name":"Larus\u00e9e","description":"Distillateur d&#039;\u00e9motions","publisher":{"@id":"https:\/\/www.larusee.com\/de\/#organization"},"potentialAction":[{"@type":"SearchAction","target":{"@type":"EntryPoint","urlTemplate":"https:\/\/www.larusee.com\/de\/?s={search_term_string}"},"query-input":{"@type":"PropertyValueSpecification","valueRequired":true,"valueName":"search_term_string"}}],"inLanguage":"de"},{"@type":"Organization","@id":"https:\/\/www.larusee.com\/de\/#organization","name":"Larus\u00e9e","url":"https:\/\/www.larusee.com\/de\/","logo":{"@type":"ImageObject","inLanguage":"de","@id":"https:\/\/www.larusee.com\/de\/#\/schema\/logo\/image\/","url":"https:\/\/www.larusee.com\/wp-content\/uploads\/2019\/04\/Logo_Larusee_Noir.png","contentUrl":"https:\/\/www.larusee.com\/wp-content\/uploads\/2019\/04\/Logo_Larusee_Noir.png","width":1181,"height":318,"caption":"Larus\u00e9e"},"image":{"@id":"https:\/\/www.larusee.com\/de\/#\/schema\/logo\/image\/"},"sameAs":["https:\/\/www.facebook.com\/AbsintheLarusee","https:\/\/www.instagram.com\/distillerielarusee\/"]}]}},"_links":{"self":[{"href":"https:\/\/www.larusee.com\/de\/wp-json\/wp\/v2\/product\/22839","targetHints":{"allow":["GET"]}}],"collection":[{"href":"https:\/\/www.larusee.com\/de\/wp-json\/wp\/v2\/product"}],"about":[{"href":"https:\/\/www.larusee.com\/de\/wp-json\/wp\/v2\/types\/product"}],"version-history":[{"count":6,"href":"https:\/\/www.larusee.com\/de\/wp-json\/wp\/v2\/product\/22839\/revisions"}],"predecessor-version":[{"id":22992,"href":"https:\/\/www.larusee.com\/de\/wp-json\/wp\/v2\/product\/22839\/revisions\/22992"}],"wp:featuredmedia":[{"embeddable":true,"href":"https:\/\/www.larusee.com\/de\/wp-json\/wp\/v2\/media\/22843"}],"wp:attachment":[{"href":"https:\/\/www.larusee.com\/de\/wp-json\/wp\/v2\/media?parent=22839"}],"wp:term":[{"taxonomy":"product_brand","embeddable":true,"href":"https:\/\/www.larusee.com\/de\/wp-json\/wp\/v2\/product_brand?post=22839"},{"taxonomy":"product_cat","embeddable":true,"href":"https:\/\/www.larusee.com\/de\/wp-json\/wp\/v2\/product_cat?post=22839"},{"taxonomy":"product_tag","embeddable":true,"href":"https:\/\/www.larusee.com\/de\/wp-json\/wp\/v2\/product_tag?post=22839"}],"curies":[{"name":"wp","href":"https:\/\/api.w.org\/{rel}","templated":true}]}}