{"id":22696,"date":"2025-12-11T10:30:15","date_gmt":"2025-12-11T09:30:15","guid":{"rendered":"https:\/\/www.larusee.com\/?post_type=product&#038;p=22696"},"modified":"2025-12-11T11:16:27","modified_gmt":"2025-12-11T10:16:27","slug":"jaune-copie","status":"publish","type":"product","link":"https:\/\/www.larusee.com\/de\/produit\/jaune-copie\/","title":{"rendered":"R\u00eave de Bulles Weiss"},"content":{"rendered":"<div class=\"wpb-content-wrapper\"><p>[vc_row][vc_column][vc_column_text css=&#8220;&#8220;]<\/p>\n<div class=\"\">\n<p><b>Inhalt\u2009:<\/b> 75 cl<br \/>\n<b>Volume\u2009:<\/b> &lt; 0.5% vol.<\/p>\n<div>\n<p>Ein eleganter, ausgewogener Wein mit einer hellgoldenen Farbe. Zarte Aromen von Trockenfr\u00fcchten und Noten von wei\u00dfen Bl\u00fcten, untermalt von einer sch\u00f6nen S\u00e4ure. Ein sehr frischer Wein mit einer leicht s\u00fc\u00dflichen Note. Das Must-have unter den alkoholfreien Weinen.<\/p>\n<\/div>\n<\/div>\n<p>[\/vc_column_text][\/vc_column][\/vc_row][vc_row][vc_column][vc_separator][\/vc_column][\/vc_row]<\/p>\n<\/div>","protected":false},"excerpt":{"rendered":"<div class=\"\">\n<div class=\"\">\n<p>Mit seiner goldenen, strahlenden Farbe zeichnet sich \u201eR\u00eave de bulles\u201c durch seine Ausgewogenheit aus. Seine zarten Aromen von wei\u00dffleischigen Fr\u00fcchten und seine blumigen Noten sorgen f\u00fcr eine angenehme Frische.<\/p>\n<p>Perfekt f\u00fcr festliche Anl\u00e4sse, Aperitifs oder zur Zubereitung eines alkoholarmen Cocktails mit unserem Kr\u00e4uterlik\u00f6r <a href=\"https:\/\/www.larusee.com\/produit\/jaune-liqueur-de-botaniques\/\" target=\"_blank\" rel=\"noopener\">JAUNE<\/a>.<\/p>\n<\/div>\n<\/div>\n","protected":false},"featured_media":22700,"template":"","meta":[],"product_brand":[1489],"product_cat":[1255,753,804,1129,749],"product_tag":[1500,845,1501,1502],"class_list":{"0":"post-22696","1":"product","2":"type-product","3":"status-publish","4":"has-post-thumbnail","6":"product_brand-mauler","7":"product_cat-delikatessen","8":"product_cat-der-shop","9":"product_cat-unsere-produkte","10":"product_cat-weihnachtsauswahl","11":"product_cat-zubehoer","12":"product_tag-alkoholfrei","13":"product_tag-cocktail-de","14":"product_tag-mauler","15":"product_tag-schaumwein","17":"first","18":"instock","19":"taxable","20":"shipping-taxable","21":"purchasable","22":"product-type-simple"},"yoast_head":"<!-- This site is optimized with the Yoast SEO plugin v27.5 - https:\/\/yoast.com\/product\/yoast-seo-wordpress\/ -->\n<title>R\u00eave de Bulles Weiss - Larus\u00e9e<\/title>\n<meta name=\"description\" content=\"Der alkoholfreie \u201eR\u00eave de bulles\u201d ist ein leichter und erfrischender Schaumwein. Perfekt f\u00fcr festliche Anl\u00e4sse und Aperitifs.\" \/>\n<meta name=\"robots\" content=\"index, follow, max-snippet:-1, max-image-preview:large, max-video-preview:-1\" \/>\n<link rel=\"canonical\" href=\"https:\/\/www.larusee.com\/de\/produit\/jaune-copie\/\" \/>\n<meta property=\"og:locale\" content=\"de_DE\" \/>\n<meta property=\"og:type\" content=\"article\" \/>\n<meta property=\"og:title\" content=\"R\u00eave de Bulles Weiss - Larus\u00e9e\" \/>\n<meta property=\"og:description\" content=\"Der alkoholfreie \u201eR\u00eave de bulles\u201d ist ein leichter und erfrischender Schaumwein. Perfekt f\u00fcr festliche Anl\u00e4sse und Aperitifs.\" \/>\n<meta property=\"og:url\" content=\"https:\/\/www.larusee.com\/de\/produit\/jaune-copie\/\" \/>\n<meta property=\"og:site_name\" content=\"Larus\u00e9e\" \/>\n<meta property=\"article:publisher\" content=\"https:\/\/www.facebook.com\/AbsintheLarusee\" \/>\n<meta property=\"article:modified_time\" content=\"2025-12-11T10:16:27+00:00\" \/>\n<meta property=\"og:image\" content=\"https:\/\/www.larusee.com\/wp-content\/uploads\/2025\/12\/mauler-reve-de-bulles-blanc.jpg\" \/>\n\t<meta property=\"og:image:width\" content=\"1600\" \/>\n\t<meta property=\"og:image:height\" content=\"2000\" \/>\n\t<meta property=\"og:image:type\" content=\"image\/jpeg\" \/>\n<meta name=\"twitter:card\" content=\"summary_large_image\" \/>\n<script type=\"application\/ld+json\" class=\"yoast-schema-graph\">{\"@context\":\"https:\\\/\\\/schema.org\",\"@graph\":[{\"@type\":\"WebPage\",\"@id\":\"https:\\\/\\\/www.larusee.com\\\/de\\\/produit\\\/jaune-copie\\\/\",\"url\":\"https:\\\/\\\/www.larusee.com\\\/de\\\/produit\\\/jaune-copie\\\/\",\"name\":\"R\u00eave de Bulles Weiss - Larus\u00e9e\",\"isPartOf\":{\"@id\":\"https:\\\/\\\/www.larusee.com\\\/de\\\/#website\"},\"primaryImageOfPage\":{\"@id\":\"https:\\\/\\\/www.larusee.com\\\/de\\\/produit\\\/jaune-copie\\\/#primaryimage\"},\"image\":{\"@id\":\"https:\\\/\\\/www.larusee.com\\\/de\\\/produit\\\/jaune-copie\\\/#primaryimage\"},\"thumbnailUrl\":\"https:\\\/\\\/www.larusee.com\\\/wp-content\\\/uploads\\\/2025\\\/12\\\/mauler-reve-de-bulles-blanc.jpg\",\"datePublished\":\"2025-12-11T09:30:15+00:00\",\"dateModified\":\"2025-12-11T10:16:27+00:00\",\"description\":\"Der alkoholfreie \u201eR\u00eave de bulles\u201d ist ein leichter und erfrischender Schaumwein. Perfekt f\u00fcr festliche Anl\u00e4sse und Aperitifs.\",\"breadcrumb\":{\"@id\":\"https:\\\/\\\/www.larusee.com\\\/de\\\/produit\\\/jaune-copie\\\/#breadcrumb\"},\"inLanguage\":\"de\",\"potentialAction\":[{\"@type\":\"ReadAction\",\"target\":[\"https:\\\/\\\/www.larusee.com\\\/de\\\/produit\\\/jaune-copie\\\/\"]}]},{\"@type\":\"ImageObject\",\"inLanguage\":\"de\",\"@id\":\"https:\\\/\\\/www.larusee.com\\\/de\\\/produit\\\/jaune-copie\\\/#primaryimage\",\"url\":\"https:\\\/\\\/www.larusee.com\\\/wp-content\\\/uploads\\\/2025\\\/12\\\/mauler-reve-de-bulles-blanc.jpg\",\"contentUrl\":\"https:\\\/\\\/www.larusee.com\\\/wp-content\\\/uploads\\\/2025\\\/12\\\/mauler-reve-de-bulles-blanc.jpg\",\"width\":1600,\"height\":2000},{\"@type\":\"BreadcrumbList\",\"@id\":\"https:\\\/\\\/www.larusee.com\\\/de\\\/produit\\\/jaune-copie\\\/#breadcrumb\",\"itemListElement\":[{\"@type\":\"ListItem\",\"position\":1,\"name\":\"Accueil\",\"item\":\"https:\\\/\\\/www.larusee.com\\\/de\\\/\"},{\"@type\":\"ListItem\",\"position\":2,\"name\":\"Boutique\",\"item\":\"https:\\\/\\\/www.larusee.com\\\/de\\\/boutique\\\/\"},{\"@type\":\"ListItem\",\"position\":3,\"name\":\"R\u00eave de Bulles Weiss\"}]},{\"@type\":\"WebSite\",\"@id\":\"https:\\\/\\\/www.larusee.com\\\/de\\\/#website\",\"url\":\"https:\\\/\\\/www.larusee.com\\\/de\\\/\",\"name\":\"Larus\u00e9e\",\"description\":\"Distillateur d&#039;\u00e9motions\",\"publisher\":{\"@id\":\"https:\\\/\\\/www.larusee.com\\\/de\\\/#organization\"},\"potentialAction\":[{\"@type\":\"SearchAction\",\"target\":{\"@type\":\"EntryPoint\",\"urlTemplate\":\"https:\\\/\\\/www.larusee.com\\\/de\\\/?s={search_term_string}\"},\"query-input\":{\"@type\":\"PropertyValueSpecification\",\"valueRequired\":true,\"valueName\":\"search_term_string\"}}],\"inLanguage\":\"de\"},{\"@type\":\"Organization\",\"@id\":\"https:\\\/\\\/www.larusee.com\\\/de\\\/#organization\",\"name\":\"Larus\u00e9e\",\"url\":\"https:\\\/\\\/www.larusee.com\\\/de\\\/\",\"logo\":{\"@type\":\"ImageObject\",\"inLanguage\":\"de\",\"@id\":\"https:\\\/\\\/www.larusee.com\\\/de\\\/#\\\/schema\\\/logo\\\/image\\\/\",\"url\":\"https:\\\/\\\/www.larusee.com\\\/wp-content\\\/uploads\\\/2019\\\/04\\\/Logo_Larusee_Noir.png\",\"contentUrl\":\"https:\\\/\\\/www.larusee.com\\\/wp-content\\\/uploads\\\/2019\\\/04\\\/Logo_Larusee_Noir.png\",\"width\":1181,\"height\":318,\"caption\":\"Larus\u00e9e\"},\"image\":{\"@id\":\"https:\\\/\\\/www.larusee.com\\\/de\\\/#\\\/schema\\\/logo\\\/image\\\/\"},\"sameAs\":[\"https:\\\/\\\/www.facebook.com\\\/AbsintheLarusee\",\"https:\\\/\\\/www.instagram.com\\\/distillerielarusee\\\/\"]}]}<\/script>\n<!-- \/ Yoast SEO plugin. -->","yoast_head_json":{"title":"R\u00eave de Bulles Weiss - Larus\u00e9e","description":"Der alkoholfreie \u201eR\u00eave de bulles\u201d ist ein leichter und erfrischender Schaumwein. Perfekt f\u00fcr festliche Anl\u00e4sse und Aperitifs.","robots":{"index":"index","follow":"follow","max-snippet":"max-snippet:-1","max-image-preview":"max-image-preview:large","max-video-preview":"max-video-preview:-1"},"canonical":"https:\/\/www.larusee.com\/de\/produit\/jaune-copie\/","og_locale":"de_DE","og_type":"article","og_title":"R\u00eave de Bulles Weiss - Larus\u00e9e","og_description":"Der alkoholfreie \u201eR\u00eave de bulles\u201d ist ein leichter und erfrischender Schaumwein. Perfekt f\u00fcr festliche Anl\u00e4sse und Aperitifs.","og_url":"https:\/\/www.larusee.com\/de\/produit\/jaune-copie\/","og_site_name":"Larus\u00e9e","article_publisher":"https:\/\/www.facebook.com\/AbsintheLarusee","article_modified_time":"2025-12-11T10:16:27+00:00","og_image":[{"width":1600,"height":2000,"url":"https:\/\/www.larusee.com\/wp-content\/uploads\/2025\/12\/mauler-reve-de-bulles-blanc.jpg","type":"image\/jpeg"}],"twitter_card":"summary_large_image","schema":{"@context":"https:\/\/schema.org","@graph":[{"@type":"WebPage","@id":"https:\/\/www.larusee.com\/de\/produit\/jaune-copie\/","url":"https:\/\/www.larusee.com\/de\/produit\/jaune-copie\/","name":"R\u00eave de Bulles Weiss - Larus\u00e9e","isPartOf":{"@id":"https:\/\/www.larusee.com\/de\/#website"},"primaryImageOfPage":{"@id":"https:\/\/www.larusee.com\/de\/produit\/jaune-copie\/#primaryimage"},"image":{"@id":"https:\/\/www.larusee.com\/de\/produit\/jaune-copie\/#primaryimage"},"thumbnailUrl":"https:\/\/www.larusee.com\/wp-content\/uploads\/2025\/12\/mauler-reve-de-bulles-blanc.jpg","datePublished":"2025-12-11T09:30:15+00:00","dateModified":"2025-12-11T10:16:27+00:00","description":"Der alkoholfreie \u201eR\u00eave de bulles\u201d ist ein leichter und erfrischender Schaumwein. Perfekt f\u00fcr festliche Anl\u00e4sse und Aperitifs.","breadcrumb":{"@id":"https:\/\/www.larusee.com\/de\/produit\/jaune-copie\/#breadcrumb"},"inLanguage":"de","potentialAction":[{"@type":"ReadAction","target":["https:\/\/www.larusee.com\/de\/produit\/jaune-copie\/"]}]},{"@type":"ImageObject","inLanguage":"de","@id":"https:\/\/www.larusee.com\/de\/produit\/jaune-copie\/#primaryimage","url":"https:\/\/www.larusee.com\/wp-content\/uploads\/2025\/12\/mauler-reve-de-bulles-blanc.jpg","contentUrl":"https:\/\/www.larusee.com\/wp-content\/uploads\/2025\/12\/mauler-reve-de-bulles-blanc.jpg","width":1600,"height":2000},{"@type":"BreadcrumbList","@id":"https:\/\/www.larusee.com\/de\/produit\/jaune-copie\/#breadcrumb","itemListElement":[{"@type":"ListItem","position":1,"name":"Accueil","item":"https:\/\/www.larusee.com\/de\/"},{"@type":"ListItem","position":2,"name":"Boutique","item":"https:\/\/www.larusee.com\/de\/boutique\/"},{"@type":"ListItem","position":3,"name":"R\u00eave de Bulles Weiss"}]},{"@type":"WebSite","@id":"https:\/\/www.larusee.com\/de\/#website","url":"https:\/\/www.larusee.com\/de\/","name":"Larus\u00e9e","description":"Distillateur d&#039;\u00e9motions","publisher":{"@id":"https:\/\/www.larusee.com\/de\/#organization"},"potentialAction":[{"@type":"SearchAction","target":{"@type":"EntryPoint","urlTemplate":"https:\/\/www.larusee.com\/de\/?s={search_term_string}"},"query-input":{"@type":"PropertyValueSpecification","valueRequired":true,"valueName":"search_term_string"}}],"inLanguage":"de"},{"@type":"Organization","@id":"https:\/\/www.larusee.com\/de\/#organization","name":"Larus\u00e9e","url":"https:\/\/www.larusee.com\/de\/","logo":{"@type":"ImageObject","inLanguage":"de","@id":"https:\/\/www.larusee.com\/de\/#\/schema\/logo\/image\/","url":"https:\/\/www.larusee.com\/wp-content\/uploads\/2019\/04\/Logo_Larusee_Noir.png","contentUrl":"https:\/\/www.larusee.com\/wp-content\/uploads\/2019\/04\/Logo_Larusee_Noir.png","width":1181,"height":318,"caption":"Larus\u00e9e"},"image":{"@id":"https:\/\/www.larusee.com\/de\/#\/schema\/logo\/image\/"},"sameAs":["https:\/\/www.facebook.com\/AbsintheLarusee","https:\/\/www.instagram.com\/distillerielarusee\/"]}]}},"_links":{"self":[{"href":"https:\/\/www.larusee.com\/de\/wp-json\/wp\/v2\/product\/22696","targetHints":{"allow":["GET"]}}],"collection":[{"href":"https:\/\/www.larusee.com\/de\/wp-json\/wp\/v2\/product"}],"about":[{"href":"https:\/\/www.larusee.com\/de\/wp-json\/wp\/v2\/types\/product"}],"version-history":[{"count":6,"href":"https:\/\/www.larusee.com\/de\/wp-json\/wp\/v2\/product\/22696\/revisions"}],"predecessor-version":[{"id":22734,"href":"https:\/\/www.larusee.com\/de\/wp-json\/wp\/v2\/product\/22696\/revisions\/22734"}],"wp:featuredmedia":[{"embeddable":true,"href":"https:\/\/www.larusee.com\/de\/wp-json\/wp\/v2\/media\/22700"}],"wp:attachment":[{"href":"https:\/\/www.larusee.com\/de\/wp-json\/wp\/v2\/media?parent=22696"}],"wp:term":[{"taxonomy":"product_brand","embeddable":true,"href":"https:\/\/www.larusee.com\/de\/wp-json\/wp\/v2\/product_brand?post=22696"},{"taxonomy":"product_cat","embeddable":true,"href":"https:\/\/www.larusee.com\/de\/wp-json\/wp\/v2\/product_cat?post=22696"},{"taxonomy":"product_tag","embeddable":true,"href":"https:\/\/www.larusee.com\/de\/wp-json\/wp\/v2\/product_tag?post=22696"}],"curies":[{"name":"wp","href":"https:\/\/api.w.org\/{rel}","templated":true}]}}