{"id":21543,"date":"2024-06-21T18:23:06","date_gmt":"2024-06-21T16:23:06","guid":{"rendered":"https:\/\/www.larusee.com\/?post_type=product&#038;p=21543"},"modified":"2025-12-11T11:08:12","modified_gmt":"2025-12-11T10:08:12","slug":"jaune","status":"publish","type":"product","link":"https:\/\/www.larusee.com\/de\/produit\/jaune\/","title":{"rendered":"JAUNE"},"content":{"rendered":"<div class=\"wpb-content-wrapper\"><p>[vc_row][vc_column][vc_column_text css=&#8220;&#8220;]<\/p>\n<div class=\"\">\n<p><strong>Inhalt:<\/strong> 70 cl<br \/>\n<strong>Volumen:<\/strong> 36.9% vol.<\/p>\n<p>Dieser Lik\u00f6r wird Sie mit seiner leichten Bitterkeit und seiner Frische begeistern.<\/p>\n<p>GELB ist eine Nase von duftendem Eisenkraut und Honig, ein wirbelnder Mund, in dem Pfefferminze, Waldmeister, Beifu\u00df und viele ihrer Freunde vorbeiziehen, und ein sehr lang anhaltender Abgang.<\/p>\n<p>Genie\u00dfen Sie ihn pur, auf Eis oder in Cocktails.<\/p>\n<\/div>\n<p>[\/vc_column_text][\/vc_column][\/vc_row][vc_row][vc_column][vc_separator][\/vc_column][\/vc_row]<\/p>\n<\/div>","protected":false},"excerpt":{"rendered":"<div class=\"\">\n<p>Um dieses au\u00dfergew\u00f6hnliche Elixier zum Leben zu erwecken, haben wir uns mit der Geschichte der Kr\u00e4uterlik\u00f6re besch\u00e4ftigt. In der Bibliothek von Neuch\u00e2tel holten wir uns unsere Inspiration aus alten B\u00fcchern, schauten in alte Herbarien der Region und testeten alte Rezepte.<\/p>\n<p>So entstand JAUNE, ein Lik\u00f6r aus der heutigen Zeit, der aus \u00fcber drei\u00dfig Pflanzen besteht.<\/p>\n<\/div>\n","protected":false},"featured_media":21537,"template":"","meta":[],"product_brand":[],"product_cat":[753,1472,804,825],"product_tag":[1452,1475,1474,845,826,842,1473,839],"class_list":{"0":"post-21543","1":"product","2":"type-product","3":"status-publish","4":"has-post-thumbnail","6":"product_cat-der-shop","7":"product_cat-likoere","8":"product_cat-unsere-produkte","9":"product_cat-unsere-spezialitaten","10":"product_tag-alpen","11":"product_tag-bitterkeit","12":"product_tag-botanik","13":"product_tag-cocktail-de","14":"product_tag-larusee-de","15":"product_tag-likor","16":"product_tag-pflanzen","17":"product_tag-sus","19":"first","20":"instock","21":"taxable","22":"shipping-taxable","23":"purchasable","24":"product-type-simple"},"yoast_head":"<!-- This site is optimized with the Yoast SEO plugin v27.2 - https:\/\/yoast.com\/product\/yoast-seo-wordpress\/ -->\n<title>JAUNE - Larus\u00e9e<\/title>\n<meta name=\"description\" content=\"JAUNE, ein moderner Lik\u00f6r mit einer leicht bitteren Note, der aus \u00fcber drei\u00dfig Pflanzen besteht. Ein au\u00dfergew\u00f6hnliches Elixier.\" \/>\n<meta name=\"robots\" content=\"index, follow, max-snippet:-1, max-image-preview:large, max-video-preview:-1\" \/>\n<link rel=\"canonical\" href=\"https:\/\/www.larusee.com\/de\/produit\/jaune\/\" \/>\n<meta property=\"og:locale\" content=\"de_DE\" \/>\n<meta property=\"og:type\" content=\"article\" \/>\n<meta property=\"og:title\" content=\"JAUNE - Larus\u00e9e\" \/>\n<meta property=\"og:description\" content=\"JAUNE, ein moderner Lik\u00f6r mit einer leicht bitteren Note, der aus \u00fcber drei\u00dfig Pflanzen besteht. Ein au\u00dfergew\u00f6hnliches Elixier.\" \/>\n<meta property=\"og:url\" content=\"https:\/\/www.larusee.com\/de\/produit\/jaune\/\" \/>\n<meta property=\"og:site_name\" content=\"Larus\u00e9e\" \/>\n<meta property=\"article:publisher\" content=\"https:\/\/www.facebook.com\/AbsintheLarusee\" \/>\n<meta property=\"article:modified_time\" content=\"2025-12-11T10:08:12+00:00\" \/>\n<meta property=\"og:image\" content=\"https:\/\/www.larusee.com\/wp-content\/uploads\/2024\/06\/larusee-jaune-liqueur-70cl-closeup.jpg\" \/>\n\t<meta property=\"og:image:width\" content=\"1600\" \/>\n\t<meta property=\"og:image:height\" content=\"2000\" \/>\n\t<meta property=\"og:image:type\" content=\"image\/jpeg\" \/>\n<meta name=\"twitter:card\" content=\"summary_large_image\" \/>\n<script type=\"application\/ld+json\" class=\"yoast-schema-graph\">{\"@context\":\"https:\/\/schema.org\",\"@graph\":[{\"@type\":\"WebPage\",\"@id\":\"https:\/\/www.larusee.com\/de\/produit\/jaune\/\",\"url\":\"https:\/\/www.larusee.com\/de\/produit\/jaune\/\",\"name\":\"JAUNE - Larus\u00e9e\",\"isPartOf\":{\"@id\":\"https:\/\/www.larusee.com\/de\/#website\"},\"primaryImageOfPage\":{\"@id\":\"https:\/\/www.larusee.com\/de\/produit\/jaune\/#primaryimage\"},\"image\":{\"@id\":\"https:\/\/www.larusee.com\/de\/produit\/jaune\/#primaryimage\"},\"thumbnailUrl\":\"https:\/\/www.larusee.com\/wp-content\/uploads\/2024\/06\/larusee-jaune-liqueur-70cl-closeup.jpg\",\"datePublished\":\"2024-06-21T16:23:06+00:00\",\"dateModified\":\"2025-12-11T10:08:12+00:00\",\"description\":\"JAUNE, ein moderner Lik\u00f6r mit einer leicht bitteren Note, der aus \u00fcber drei\u00dfig Pflanzen besteht. Ein au\u00dfergew\u00f6hnliches Elixier.\",\"breadcrumb\":{\"@id\":\"https:\/\/www.larusee.com\/de\/produit\/jaune\/#breadcrumb\"},\"inLanguage\":\"de\",\"potentialAction\":[{\"@type\":\"ReadAction\",\"target\":[\"https:\/\/www.larusee.com\/de\/produit\/jaune\/\"]}]},{\"@type\":\"ImageObject\",\"inLanguage\":\"de\",\"@id\":\"https:\/\/www.larusee.com\/de\/produit\/jaune\/#primaryimage\",\"url\":\"https:\/\/www.larusee.com\/wp-content\/uploads\/2024\/06\/larusee-jaune-liqueur-70cl-closeup.jpg\",\"contentUrl\":\"https:\/\/www.larusee.com\/wp-content\/uploads\/2024\/06\/larusee-jaune-liqueur-70cl-closeup.jpg\",\"width\":1600,\"height\":2000},{\"@type\":\"BreadcrumbList\",\"@id\":\"https:\/\/www.larusee.com\/de\/produit\/jaune\/#breadcrumb\",\"itemListElement\":[{\"@type\":\"ListItem\",\"position\":1,\"name\":\"Accueil\",\"item\":\"https:\/\/www.larusee.com\/de\/\"},{\"@type\":\"ListItem\",\"position\":2,\"name\":\"Boutique\",\"item\":\"https:\/\/www.larusee.com\/de\/boutique\/\"},{\"@type\":\"ListItem\",\"position\":3,\"name\":\"JAUNE\"}]},{\"@type\":\"WebSite\",\"@id\":\"https:\/\/www.larusee.com\/de\/#website\",\"url\":\"https:\/\/www.larusee.com\/de\/\",\"name\":\"Larus\u00e9e\",\"description\":\"Distillateur d&#039;\u00e9motions\",\"publisher\":{\"@id\":\"https:\/\/www.larusee.com\/de\/#organization\"},\"potentialAction\":[{\"@type\":\"SearchAction\",\"target\":{\"@type\":\"EntryPoint\",\"urlTemplate\":\"https:\/\/www.larusee.com\/de\/?s={search_term_string}\"},\"query-input\":{\"@type\":\"PropertyValueSpecification\",\"valueRequired\":true,\"valueName\":\"search_term_string\"}}],\"inLanguage\":\"de\"},{\"@type\":\"Organization\",\"@id\":\"https:\/\/www.larusee.com\/de\/#organization\",\"name\":\"Larus\u00e9e\",\"url\":\"https:\/\/www.larusee.com\/de\/\",\"logo\":{\"@type\":\"ImageObject\",\"inLanguage\":\"de\",\"@id\":\"https:\/\/www.larusee.com\/de\/#\/schema\/logo\/image\/\",\"url\":\"https:\/\/www.larusee.com\/wp-content\/uploads\/2019\/04\/Logo_Larusee_Noir.png\",\"contentUrl\":\"https:\/\/www.larusee.com\/wp-content\/uploads\/2019\/04\/Logo_Larusee_Noir.png\",\"width\":1181,\"height\":318,\"caption\":\"Larus\u00e9e\"},\"image\":{\"@id\":\"https:\/\/www.larusee.com\/de\/#\/schema\/logo\/image\/\"},\"sameAs\":[\"https:\/\/www.facebook.com\/AbsintheLarusee\",\"https:\/\/www.instagram.com\/distillerielarusee\/\"]}]}<\/script>\n<!-- \/ Yoast SEO plugin. -->","yoast_head_json":{"title":"JAUNE - Larus\u00e9e","description":"JAUNE, ein moderner Lik\u00f6r mit einer leicht bitteren Note, der aus \u00fcber drei\u00dfig Pflanzen besteht. Ein au\u00dfergew\u00f6hnliches Elixier.","robots":{"index":"index","follow":"follow","max-snippet":"max-snippet:-1","max-image-preview":"max-image-preview:large","max-video-preview":"max-video-preview:-1"},"canonical":"https:\/\/www.larusee.com\/de\/produit\/jaune\/","og_locale":"de_DE","og_type":"article","og_title":"JAUNE - Larus\u00e9e","og_description":"JAUNE, ein moderner Lik\u00f6r mit einer leicht bitteren Note, der aus \u00fcber drei\u00dfig Pflanzen besteht. Ein au\u00dfergew\u00f6hnliches Elixier.","og_url":"https:\/\/www.larusee.com\/de\/produit\/jaune\/","og_site_name":"Larus\u00e9e","article_publisher":"https:\/\/www.facebook.com\/AbsintheLarusee","article_modified_time":"2025-12-11T10:08:12+00:00","og_image":[{"width":1600,"height":2000,"url":"https:\/\/www.larusee.com\/wp-content\/uploads\/2024\/06\/larusee-jaune-liqueur-70cl-closeup.jpg","type":"image\/jpeg"}],"twitter_card":"summary_large_image","schema":{"@context":"https:\/\/schema.org","@graph":[{"@type":"WebPage","@id":"https:\/\/www.larusee.com\/de\/produit\/jaune\/","url":"https:\/\/www.larusee.com\/de\/produit\/jaune\/","name":"JAUNE - Larus\u00e9e","isPartOf":{"@id":"https:\/\/www.larusee.com\/de\/#website"},"primaryImageOfPage":{"@id":"https:\/\/www.larusee.com\/de\/produit\/jaune\/#primaryimage"},"image":{"@id":"https:\/\/www.larusee.com\/de\/produit\/jaune\/#primaryimage"},"thumbnailUrl":"https:\/\/www.larusee.com\/wp-content\/uploads\/2024\/06\/larusee-jaune-liqueur-70cl-closeup.jpg","datePublished":"2024-06-21T16:23:06+00:00","dateModified":"2025-12-11T10:08:12+00:00","description":"JAUNE, ein moderner Lik\u00f6r mit einer leicht bitteren Note, der aus \u00fcber drei\u00dfig Pflanzen besteht. Ein au\u00dfergew\u00f6hnliches Elixier.","breadcrumb":{"@id":"https:\/\/www.larusee.com\/de\/produit\/jaune\/#breadcrumb"},"inLanguage":"de","potentialAction":[{"@type":"ReadAction","target":["https:\/\/www.larusee.com\/de\/produit\/jaune\/"]}]},{"@type":"ImageObject","inLanguage":"de","@id":"https:\/\/www.larusee.com\/de\/produit\/jaune\/#primaryimage","url":"https:\/\/www.larusee.com\/wp-content\/uploads\/2024\/06\/larusee-jaune-liqueur-70cl-closeup.jpg","contentUrl":"https:\/\/www.larusee.com\/wp-content\/uploads\/2024\/06\/larusee-jaune-liqueur-70cl-closeup.jpg","width":1600,"height":2000},{"@type":"BreadcrumbList","@id":"https:\/\/www.larusee.com\/de\/produit\/jaune\/#breadcrumb","itemListElement":[{"@type":"ListItem","position":1,"name":"Accueil","item":"https:\/\/www.larusee.com\/de\/"},{"@type":"ListItem","position":2,"name":"Boutique","item":"https:\/\/www.larusee.com\/de\/boutique\/"},{"@type":"ListItem","position":3,"name":"JAUNE"}]},{"@type":"WebSite","@id":"https:\/\/www.larusee.com\/de\/#website","url":"https:\/\/www.larusee.com\/de\/","name":"Larus\u00e9e","description":"Distillateur d&#039;\u00e9motions","publisher":{"@id":"https:\/\/www.larusee.com\/de\/#organization"},"potentialAction":[{"@type":"SearchAction","target":{"@type":"EntryPoint","urlTemplate":"https:\/\/www.larusee.com\/de\/?s={search_term_string}"},"query-input":{"@type":"PropertyValueSpecification","valueRequired":true,"valueName":"search_term_string"}}],"inLanguage":"de"},{"@type":"Organization","@id":"https:\/\/www.larusee.com\/de\/#organization","name":"Larus\u00e9e","url":"https:\/\/www.larusee.com\/de\/","logo":{"@type":"ImageObject","inLanguage":"de","@id":"https:\/\/www.larusee.com\/de\/#\/schema\/logo\/image\/","url":"https:\/\/www.larusee.com\/wp-content\/uploads\/2019\/04\/Logo_Larusee_Noir.png","contentUrl":"https:\/\/www.larusee.com\/wp-content\/uploads\/2019\/04\/Logo_Larusee_Noir.png","width":1181,"height":318,"caption":"Larus\u00e9e"},"image":{"@id":"https:\/\/www.larusee.com\/de\/#\/schema\/logo\/image\/"},"sameAs":["https:\/\/www.facebook.com\/AbsintheLarusee","https:\/\/www.instagram.com\/distillerielarusee\/"]}]}},"_links":{"self":[{"href":"https:\/\/www.larusee.com\/de\/wp-json\/wp\/v2\/product\/21543","targetHints":{"allow":["GET"]}}],"collection":[{"href":"https:\/\/www.larusee.com\/de\/wp-json\/wp\/v2\/product"}],"about":[{"href":"https:\/\/www.larusee.com\/de\/wp-json\/wp\/v2\/types\/product"}],"version-history":[{"count":17,"href":"https:\/\/www.larusee.com\/de\/wp-json\/wp\/v2\/product\/21543\/revisions"}],"predecessor-version":[{"id":22726,"href":"https:\/\/www.larusee.com\/de\/wp-json\/wp\/v2\/product\/21543\/revisions\/22726"}],"wp:featuredmedia":[{"embeddable":true,"href":"https:\/\/www.larusee.com\/de\/wp-json\/wp\/v2\/media\/21537"}],"wp:attachment":[{"href":"https:\/\/www.larusee.com\/de\/wp-json\/wp\/v2\/media?parent=21543"}],"wp:term":[{"taxonomy":"product_brand","embeddable":true,"href":"https:\/\/www.larusee.com\/de\/wp-json\/wp\/v2\/product_brand?post=21543"},{"taxonomy":"product_cat","embeddable":true,"href":"https:\/\/www.larusee.com\/de\/wp-json\/wp\/v2\/product_cat?post=21543"},{"taxonomy":"product_tag","embeddable":true,"href":"https:\/\/www.larusee.com\/de\/wp-json\/wp\/v2\/product_tag?post=21543"}],"curies":[{"name":"wp","href":"https:\/\/api.w.org\/{rel}","templated":true}]}}