{"id":21433,"date":"2024-06-13T17:38:05","date_gmt":"2024-06-13T15:38:06","guid":{"rendered":"https:\/\/www.larusee.com\/?post_type=product&#038;p=21433"},"modified":"2024-06-13T17:58:25","modified_gmt":"2024-06-13T15:58:25","slug":"der-trainer-und-die-11-spieler","status":"publish","type":"product","link":"https:\/\/www.larusee.com\/de\/produit\/der-trainer-und-die-11-spieler\/","title":{"rendered":"Der Trainer und die 11 Spieler"},"content":{"rendered":"<div class=\"wpb-content-wrapper\"><p>[vc_row][vc_column][vc_column_text]<\/p>\n<div class=\"wpb_text_column wpb_content_element\">\n<div class=\"wpb_wrapper\">\n<div class=\"\">\n<p>In den Gassen flanieren, sich in der Landschaft verlieren, die Du\u0308fte auf dem Markt schnuppern\u2026 Aus diesem Fernweh ist <strong>Carnets de Voyage<\/strong>\u00ae entstanden, eine Gin-Sammlung ersonnen von Liebhabern von Du\u0308ften und Aromen. Mit diesen Kreationen wollen wir Erinnerungen teilen, die wir von unseren vielen Reisen mitbringen. So nehmen Sie unsere aussergew\u00f6hnlichen Gins mit auf eine Reise rund um die Welt, bei der es ganz besondere Kulturen und Du\u0308fte zu erkunden gibt.<\/p>\n<\/div>\n<\/div>\n<\/div>\n<p>[\/vc_column_text][vc_column_text css=&#8220;&#8220;]<br \/>\n<b>Flascheninhalt:<\/b> 50 cl<br \/>\n<b>Alkoholgehalt:<\/b> 40%<\/p>\n<p>Unser Angebot umfasst 1 Flasche Gin Carnets de Voyage: La Suisse und 11 Flaschen Kina\u00ef Classique 20cl.[\/vc_column_text][vc_empty_space][\/vc_column][\/vc_row]<\/p>\n<\/div>","protected":false},"excerpt":{"rendered":"<div class=\"\">\n<p>Die Schweiz. Selbst f\u00fcr uns Helvetier ist sie ein Reiseziel an sich. Wandern in den Alpen, die Kapellbr\u00fccke in Luzern \u00fcberqueren, sich im Lavaux verlieren, ein Wochenende in Graub\u00fcnden verbringen oder einen Shopping-Nachmittag in Z\u00fcrich genie\u00dfen &#8211; die Schweiz ist vielf\u00e4ltig.<\/p>\n<p>Unser London Dry Gin<strong> Carnets de voyage: La Suisse<\/strong> wird in Handarbeit mit haupts\u00e4chlich alpinen Botanicals destilliert. Seine Aromen von Zitronenthymian, Steinklee, Minze und Edelwei\u00df versetzen Sie im Nu in die Schweizer Alpen.<\/p>\n<\/div>\n","protected":false},"featured_media":20456,"template":"","meta":[],"product_brand":[],"product_cat":[1404,753,804,1129],"product_tag":[1452,1413,1022,826,1186,809,806],"class_list":{"0":"post-21433","1":"product","2":"type-product","3":"status-publish","4":"has-post-thumbnail","6":"product_cat-carnets-de-voyage-de","7":"product_cat-der-shop","8":"product_cat-unsere-produkte","9":"product_cat-weihnachtsauswahl","10":"product_tag-alpen","11":"product_tag-carnets-de-voyage-de","12":"product_tag-gin-de","13":"product_tag-larusee-de","14":"product_tag-london-dry-gin-de","15":"product_tag-neuenburg","16":"product_tag-schweiz","18":"first","19":"instock","20":"taxable","21":"shipping-taxable","22":"purchasable","23":"product-type-simple"},"yoast_head":"<!-- This site is optimized with the Yoast SEO plugin v27.3 - https:\/\/yoast.com\/product\/yoast-seo-wordpress\/ -->\n<title>Der Trainer und die 11 Spieler - Larus\u00e9e<\/title>\n<meta name=\"description\" content=\"Er wird haupts\u00e4chlich mit Alpenpflanzen destilliert. Sein Duft nach Zitronenthymian, Minze und Edelwei\u00df versetzt Sie in das Herz der Schweizer Alpen.\" \/>\n<meta name=\"robots\" content=\"index, follow, max-snippet:-1, max-image-preview:large, max-video-preview:-1\" \/>\n<link rel=\"canonical\" href=\"https:\/\/www.larusee.com\/de\/produit\/der-trainer-und-die-11-spieler\/\" \/>\n<meta property=\"og:locale\" content=\"de_DE\" \/>\n<meta property=\"og:type\" content=\"article\" \/>\n<meta property=\"og:title\" content=\"Der Trainer und die 11 Spieler - Larus\u00e9e\" \/>\n<meta property=\"og:description\" content=\"Er wird haupts\u00e4chlich mit Alpenpflanzen destilliert. Sein Duft nach Zitronenthymian, Minze und Edelwei\u00df versetzt Sie in das Herz der Schweizer Alpen.\" \/>\n<meta property=\"og:url\" content=\"https:\/\/www.larusee.com\/de\/produit\/der-trainer-und-die-11-spieler\/\" \/>\n<meta property=\"og:site_name\" content=\"Larus\u00e9e\" \/>\n<meta property=\"article:publisher\" content=\"https:\/\/www.facebook.com\/AbsintheLarusee\" \/>\n<meta property=\"article:modified_time\" content=\"2024-06-13T15:58:25+00:00\" \/>\n<meta property=\"og:image\" content=\"https:\/\/www.larusee.com\/wp-content\/uploads\/2023\/10\/larusee-carnets-de-voyage-la-Suisse-50cl-closeup.jpg\" \/>\n\t<meta property=\"og:image:width\" content=\"1600\" \/>\n\t<meta property=\"og:image:height\" content=\"2000\" \/>\n\t<meta property=\"og:image:type\" content=\"image\/jpeg\" \/>\n<meta name=\"twitter:card\" content=\"summary_large_image\" \/>\n<meta name=\"twitter:label1\" content=\"Gesch\u00e4tzte Lesezeit\" \/>\n\t<meta name=\"twitter:data1\" content=\"1\u00a0Minute\" \/>\n<script type=\"application\/ld+json\" class=\"yoast-schema-graph\">{\"@context\":\"https:\\\/\\\/schema.org\",\"@graph\":[{\"@type\":\"WebPage\",\"@id\":\"https:\\\/\\\/www.larusee.com\\\/de\\\/produit\\\/der-trainer-und-die-11-spieler\\\/\",\"url\":\"https:\\\/\\\/www.larusee.com\\\/de\\\/produit\\\/der-trainer-und-die-11-spieler\\\/\",\"name\":\"Der Trainer und die 11 Spieler - Larus\u00e9e\",\"isPartOf\":{\"@id\":\"https:\\\/\\\/www.larusee.com\\\/de\\\/#website\"},\"primaryImageOfPage\":{\"@id\":\"https:\\\/\\\/www.larusee.com\\\/de\\\/produit\\\/der-trainer-und-die-11-spieler\\\/#primaryimage\"},\"image\":{\"@id\":\"https:\\\/\\\/www.larusee.com\\\/de\\\/produit\\\/der-trainer-und-die-11-spieler\\\/#primaryimage\"},\"thumbnailUrl\":\"https:\\\/\\\/www.larusee.com\\\/wp-content\\\/uploads\\\/2023\\\/10\\\/larusee-carnets-de-voyage-la-Suisse-50cl-closeup.jpg\",\"datePublished\":\"2024-06-13T15:38:06+00:00\",\"dateModified\":\"2024-06-13T15:58:25+00:00\",\"description\":\"Er wird haupts\u00e4chlich mit Alpenpflanzen destilliert. Sein Duft nach Zitronenthymian, Minze und Edelwei\u00df versetzt Sie in das Herz der Schweizer Alpen.\",\"breadcrumb\":{\"@id\":\"https:\\\/\\\/www.larusee.com\\\/de\\\/produit\\\/der-trainer-und-die-11-spieler\\\/#breadcrumb\"},\"inLanguage\":\"de\",\"potentialAction\":[{\"@type\":\"ReadAction\",\"target\":[\"https:\\\/\\\/www.larusee.com\\\/de\\\/produit\\\/der-trainer-und-die-11-spieler\\\/\"]}]},{\"@type\":\"ImageObject\",\"inLanguage\":\"de\",\"@id\":\"https:\\\/\\\/www.larusee.com\\\/de\\\/produit\\\/der-trainer-und-die-11-spieler\\\/#primaryimage\",\"url\":\"https:\\\/\\\/www.larusee.com\\\/wp-content\\\/uploads\\\/2023\\\/10\\\/larusee-carnets-de-voyage-la-Suisse-50cl-closeup.jpg\",\"contentUrl\":\"https:\\\/\\\/www.larusee.com\\\/wp-content\\\/uploads\\\/2023\\\/10\\\/larusee-carnets-de-voyage-la-Suisse-50cl-closeup.jpg\",\"width\":1600,\"height\":2000},{\"@type\":\"BreadcrumbList\",\"@id\":\"https:\\\/\\\/www.larusee.com\\\/de\\\/produit\\\/der-trainer-und-die-11-spieler\\\/#breadcrumb\",\"itemListElement\":[{\"@type\":\"ListItem\",\"position\":1,\"name\":\"Accueil\",\"item\":\"https:\\\/\\\/www.larusee.com\\\/de\\\/\"},{\"@type\":\"ListItem\",\"position\":2,\"name\":\"Boutique\",\"item\":\"https:\\\/\\\/www.larusee.com\\\/de\\\/boutique\\\/\"},{\"@type\":\"ListItem\",\"position\":3,\"name\":\"Der Trainer und die 11 Spieler\"}]},{\"@type\":\"WebSite\",\"@id\":\"https:\\\/\\\/www.larusee.com\\\/de\\\/#website\",\"url\":\"https:\\\/\\\/www.larusee.com\\\/de\\\/\",\"name\":\"Larus\u00e9e\",\"description\":\"Distillateur d&#039;\u00e9motions\",\"publisher\":{\"@id\":\"https:\\\/\\\/www.larusee.com\\\/de\\\/#organization\"},\"potentialAction\":[{\"@type\":\"SearchAction\",\"target\":{\"@type\":\"EntryPoint\",\"urlTemplate\":\"https:\\\/\\\/www.larusee.com\\\/de\\\/?s={search_term_string}\"},\"query-input\":{\"@type\":\"PropertyValueSpecification\",\"valueRequired\":true,\"valueName\":\"search_term_string\"}}],\"inLanguage\":\"de\"},{\"@type\":\"Organization\",\"@id\":\"https:\\\/\\\/www.larusee.com\\\/de\\\/#organization\",\"name\":\"Larus\u00e9e\",\"url\":\"https:\\\/\\\/www.larusee.com\\\/de\\\/\",\"logo\":{\"@type\":\"ImageObject\",\"inLanguage\":\"de\",\"@id\":\"https:\\\/\\\/www.larusee.com\\\/de\\\/#\\\/schema\\\/logo\\\/image\\\/\",\"url\":\"https:\\\/\\\/www.larusee.com\\\/wp-content\\\/uploads\\\/2019\\\/04\\\/Logo_Larusee_Noir.png\",\"contentUrl\":\"https:\\\/\\\/www.larusee.com\\\/wp-content\\\/uploads\\\/2019\\\/04\\\/Logo_Larusee_Noir.png\",\"width\":1181,\"height\":318,\"caption\":\"Larus\u00e9e\"},\"image\":{\"@id\":\"https:\\\/\\\/www.larusee.com\\\/de\\\/#\\\/schema\\\/logo\\\/image\\\/\"},\"sameAs\":[\"https:\\\/\\\/www.facebook.com\\\/AbsintheLarusee\",\"https:\\\/\\\/www.instagram.com\\\/distillerielarusee\\\/\"]}]}<\/script>\n<!-- \/ Yoast SEO plugin. -->","yoast_head_json":{"title":"Der Trainer und die 11 Spieler - Larus\u00e9e","description":"Er wird haupts\u00e4chlich mit Alpenpflanzen destilliert. Sein Duft nach Zitronenthymian, Minze und Edelwei\u00df versetzt Sie in das Herz der Schweizer Alpen.","robots":{"index":"index","follow":"follow","max-snippet":"max-snippet:-1","max-image-preview":"max-image-preview:large","max-video-preview":"max-video-preview:-1"},"canonical":"https:\/\/www.larusee.com\/de\/produit\/der-trainer-und-die-11-spieler\/","og_locale":"de_DE","og_type":"article","og_title":"Der Trainer und die 11 Spieler - Larus\u00e9e","og_description":"Er wird haupts\u00e4chlich mit Alpenpflanzen destilliert. Sein Duft nach Zitronenthymian, Minze und Edelwei\u00df versetzt Sie in das Herz der Schweizer Alpen.","og_url":"https:\/\/www.larusee.com\/de\/produit\/der-trainer-und-die-11-spieler\/","og_site_name":"Larus\u00e9e","article_publisher":"https:\/\/www.facebook.com\/AbsintheLarusee","article_modified_time":"2024-06-13T15:58:25+00:00","og_image":[{"width":1600,"height":2000,"url":"https:\/\/www.larusee.com\/wp-content\/uploads\/2023\/10\/larusee-carnets-de-voyage-la-Suisse-50cl-closeup.jpg","type":"image\/jpeg"}],"twitter_card":"summary_large_image","twitter_misc":{"Gesch\u00e4tzte Lesezeit":"1\u00a0Minute"},"schema":{"@context":"https:\/\/schema.org","@graph":[{"@type":"WebPage","@id":"https:\/\/www.larusee.com\/de\/produit\/der-trainer-und-die-11-spieler\/","url":"https:\/\/www.larusee.com\/de\/produit\/der-trainer-und-die-11-spieler\/","name":"Der Trainer und die 11 Spieler - Larus\u00e9e","isPartOf":{"@id":"https:\/\/www.larusee.com\/de\/#website"},"primaryImageOfPage":{"@id":"https:\/\/www.larusee.com\/de\/produit\/der-trainer-und-die-11-spieler\/#primaryimage"},"image":{"@id":"https:\/\/www.larusee.com\/de\/produit\/der-trainer-und-die-11-spieler\/#primaryimage"},"thumbnailUrl":"https:\/\/www.larusee.com\/wp-content\/uploads\/2023\/10\/larusee-carnets-de-voyage-la-Suisse-50cl-closeup.jpg","datePublished":"2024-06-13T15:38:06+00:00","dateModified":"2024-06-13T15:58:25+00:00","description":"Er wird haupts\u00e4chlich mit Alpenpflanzen destilliert. Sein Duft nach Zitronenthymian, Minze und Edelwei\u00df versetzt Sie in das Herz der Schweizer Alpen.","breadcrumb":{"@id":"https:\/\/www.larusee.com\/de\/produit\/der-trainer-und-die-11-spieler\/#breadcrumb"},"inLanguage":"de","potentialAction":[{"@type":"ReadAction","target":["https:\/\/www.larusee.com\/de\/produit\/der-trainer-und-die-11-spieler\/"]}]},{"@type":"ImageObject","inLanguage":"de","@id":"https:\/\/www.larusee.com\/de\/produit\/der-trainer-und-die-11-spieler\/#primaryimage","url":"https:\/\/www.larusee.com\/wp-content\/uploads\/2023\/10\/larusee-carnets-de-voyage-la-Suisse-50cl-closeup.jpg","contentUrl":"https:\/\/www.larusee.com\/wp-content\/uploads\/2023\/10\/larusee-carnets-de-voyage-la-Suisse-50cl-closeup.jpg","width":1600,"height":2000},{"@type":"BreadcrumbList","@id":"https:\/\/www.larusee.com\/de\/produit\/der-trainer-und-die-11-spieler\/#breadcrumb","itemListElement":[{"@type":"ListItem","position":1,"name":"Accueil","item":"https:\/\/www.larusee.com\/de\/"},{"@type":"ListItem","position":2,"name":"Boutique","item":"https:\/\/www.larusee.com\/de\/boutique\/"},{"@type":"ListItem","position":3,"name":"Der Trainer und die 11 Spieler"}]},{"@type":"WebSite","@id":"https:\/\/www.larusee.com\/de\/#website","url":"https:\/\/www.larusee.com\/de\/","name":"Larus\u00e9e","description":"Distillateur d&#039;\u00e9motions","publisher":{"@id":"https:\/\/www.larusee.com\/de\/#organization"},"potentialAction":[{"@type":"SearchAction","target":{"@type":"EntryPoint","urlTemplate":"https:\/\/www.larusee.com\/de\/?s={search_term_string}"},"query-input":{"@type":"PropertyValueSpecification","valueRequired":true,"valueName":"search_term_string"}}],"inLanguage":"de"},{"@type":"Organization","@id":"https:\/\/www.larusee.com\/de\/#organization","name":"Larus\u00e9e","url":"https:\/\/www.larusee.com\/de\/","logo":{"@type":"ImageObject","inLanguage":"de","@id":"https:\/\/www.larusee.com\/de\/#\/schema\/logo\/image\/","url":"https:\/\/www.larusee.com\/wp-content\/uploads\/2019\/04\/Logo_Larusee_Noir.png","contentUrl":"https:\/\/www.larusee.com\/wp-content\/uploads\/2019\/04\/Logo_Larusee_Noir.png","width":1181,"height":318,"caption":"Larus\u00e9e"},"image":{"@id":"https:\/\/www.larusee.com\/de\/#\/schema\/logo\/image\/"},"sameAs":["https:\/\/www.facebook.com\/AbsintheLarusee","https:\/\/www.instagram.com\/distillerielarusee\/"]}]}},"_links":{"self":[{"href":"https:\/\/www.larusee.com\/de\/wp-json\/wp\/v2\/product\/21433","targetHints":{"allow":["GET"]}}],"collection":[{"href":"https:\/\/www.larusee.com\/de\/wp-json\/wp\/v2\/product"}],"about":[{"href":"https:\/\/www.larusee.com\/de\/wp-json\/wp\/v2\/types\/product"}],"version-history":[{"count":4,"href":"https:\/\/www.larusee.com\/de\/wp-json\/wp\/v2\/product\/21433\/revisions"}],"predecessor-version":[{"id":21447,"href":"https:\/\/www.larusee.com\/de\/wp-json\/wp\/v2\/product\/21433\/revisions\/21447"}],"wp:featuredmedia":[{"embeddable":true,"href":"https:\/\/www.larusee.com\/de\/wp-json\/wp\/v2\/media\/20456"}],"wp:attachment":[{"href":"https:\/\/www.larusee.com\/de\/wp-json\/wp\/v2\/media?parent=21433"}],"wp:term":[{"taxonomy":"product_brand","embeddable":true,"href":"https:\/\/www.larusee.com\/de\/wp-json\/wp\/v2\/product_brand?post=21433"},{"taxonomy":"product_cat","embeddable":true,"href":"https:\/\/www.larusee.com\/de\/wp-json\/wp\/v2\/product_cat?post=21433"},{"taxonomy":"product_tag","embeddable":true,"href":"https:\/\/www.larusee.com\/de\/wp-json\/wp\/v2\/product_tag?post=21433"}],"curies":[{"name":"wp","href":"https:\/\/api.w.org\/{rel}","templated":true}]}}