{"id":21030,"date":"2023-12-05T22:41:58","date_gmt":"2023-12-05T21:41:59","guid":{"rendered":"https:\/\/www.larusee.com\/?post_type=product&#038;p=21030"},"modified":"2025-11-19T18:08:32","modified_gmt":"2025-11-19T17:08:32","slug":"absinthe-vieille-larusee-mogador-2020-copie","status":"publish","type":"product","link":"https:\/\/www.larusee.com\/de\/produit\/absinthe-vieille-larusee-mogador-2020-copie\/","title":{"rendered":"Absinthe Vieille Larus\u00e9e Rouge Mogador"},"content":{"rendered":"<div class=\"wpb-content-wrapper\"><p>[vc_row][vc_column width=&#8220;1\/2&#8243;][vc_column_text]<\/p>\n<div class=\"\">\n<p><b>Inhalt\u2009:<\/b> 70 cl<br \/>\n<b>Volume\u2009:<\/b> 45% vol.<\/p>\n<h5>Die Verkostungsnote<\/h5>\n<div class=\"\">\n<p><em>Intensives Bernstein, ein Bouquet von seltener Komplexit\u00e4t. Noten von Anis, frischen Holzsp\u00e4nen und geschnittenem Heu. Ein n\u00fcchterner Auftakt im Mund, ein Crescendo, Kraft und Nachhaltigkeit&#8230;<\/em><\/p>\n<p><em>Lakritzgeschmack, hinterl\u00e4sst am Gaumen eine schokoladige Erinnerung.<\/em><\/p>\n<p><em>Ein Wasserfall, der den Charme enth\u00fcllt: eine ungeahnte Weichheit, ein neues Gesicht, eine samtige Textur.<\/em><\/p>\n<\/div>\n<\/div>\n<p>[\/vc_column_text][\/vc_column][vc_column width=&#8220;1\/2&#8243;][\/vc_column][\/vc_row]<\/p>\n<\/div>","protected":false},"excerpt":{"rendered":"<div class=\"\">\n<p><strong>Altere Schwester des <a href=\"https:\/\/www.larusee.com\/produit\/absinthe-vieille-larusee-mogador-2020\/\">Mogador<\/a>, der 2020 die Goldmedaille und den ersten Platz beim <a href=\"http:\/\/www.larusee.com\/premiere-place-et-medaille-dor-pour-notre-absinthe-vieille\/\" target=\"_blank\" rel=\"noopener noreferrer\">Swiss Spirits Award<\/a>\u00a0gewann,\u00a0<\/strong>dieser\u00a0absinthe Larus\u00e9e <a href=\"https:\/\/www.larusee.com\/produit\/absinthe-blanche-de-leon-70cl-55-vol\/\" target=\"_blank\" rel=\"noopener noreferrer\"><i>Blanche de L\u00e9on<\/i><\/a><\/p>\n<p>reifte drei Jahre lang in einem Eichenfass, das zuvor die au\u00dfergew\u00f6hnliche Cuv\u00e9e &#8211; eine von Hand gelesene Mischung aus Syrah, Mourv\u00e8dre und Cabernet &#8211; des Ch\u00e2teau d&#8217;Estoublon, eines ber\u00fchmten Weinguts im Tal von Baux-de-Provence in S\u00fcdfrankreich, enthalten hatte. Dieser au\u00dfergew\u00f6hnliche Absinthe wird ohne Wasser als Digestif genossen.<\/p>\n<p><strong>Einmalige Auflage von 403 nummerierten Flaschen.<\/strong><\/p>\n<p>November 2023<\/p>\n<\/div>\n","protected":false},"featured_media":21034,"template":"","meta":[],"product_brand":[],"product_cat":[753,1486,903,804,1129],"product_tag":[805,1073,1075,971,826,1076,840,1074,1072],"class_list":{"0":"post-21030","1":"product","2":"type-product","3":"status-publish","4":"has-post-thumbnail","6":"product_cat-der-shop","7":"product_cat-die-absinthes","8":"product_cat-les-precieuses-de","9":"product_cat-unsere-produkte","10":"product_cat-weihnachtsauswahl","11":"product_tag-absinthe-de","12":"product_tag-cabernet-de","13":"product_tag-chateau-destoublon-de","14":"product_tag-frankreich","15":"product_tag-larusee-de","16":"product_tag-les-baux-de-provence-de","17":"product_tag-limitierte-auflage","18":"product_tag-mourvedre-de","19":"product_tag-syrah-de","21":"first","22":"instock","23":"taxable","24":"shipping-taxable","25":"purchasable","26":"product-type-simple"},"yoast_head":"<!-- This site is optimized with the Yoast SEO plugin v27.5 - https:\/\/yoast.com\/product\/yoast-seo-wordpress\/ -->\n<title>Absinthe Vieille Larus\u00e9e Rouge Mogador - Larus\u00e9e<\/title>\n<meta name=\"description\" content=\"Absinth Vieille Larus\u00e9e Mogador reifte 36 Monate in einem Fass, das die au\u00dfergew\u00f6hnliche Cuv\u00e9e aus einem Gut in Baux-de-Provence enthielt.\" \/>\n<meta name=\"robots\" content=\"index, follow, max-snippet:-1, max-image-preview:large, max-video-preview:-1\" \/>\n<link rel=\"canonical\" href=\"https:\/\/www.larusee.com\/de\/produit\/absinthe-vieille-larusee-mogador-2020-copie\/\" \/>\n<meta property=\"og:locale\" content=\"de_DE\" \/>\n<meta property=\"og:type\" content=\"article\" \/>\n<meta property=\"og:title\" content=\"Absinthe Vieille Larus\u00e9e Rouge Mogador - Larus\u00e9e\" \/>\n<meta property=\"og:description\" content=\"Absinth Vieille Larus\u00e9e Mogador reifte 36 Monate in einem Fass, das die au\u00dfergew\u00f6hnliche Cuv\u00e9e aus einem Gut in Baux-de-Provence enthielt.\" \/>\n<meta property=\"og:url\" content=\"https:\/\/www.larusee.com\/de\/produit\/absinthe-vieille-larusee-mogador-2020-copie\/\" \/>\n<meta property=\"og:site_name\" content=\"Larus\u00e9e\" \/>\n<meta property=\"article:publisher\" content=\"https:\/\/www.facebook.com\/AbsintheLarusee\" \/>\n<meta property=\"article:modified_time\" content=\"2025-11-19T17:08:32+00:00\" \/>\n<meta property=\"og:image\" content=\"https:\/\/www.larusee.com\/wp-content\/uploads\/2023\/12\/larusee-rouge-mogador-70cl-closeup.jpg\" \/>\n\t<meta property=\"og:image:width\" content=\"1600\" \/>\n\t<meta property=\"og:image:height\" content=\"2000\" \/>\n\t<meta property=\"og:image:type\" content=\"image\/jpeg\" \/>\n<meta name=\"twitter:card\" content=\"summary_large_image\" \/>\n<script type=\"application\/ld+json\" class=\"yoast-schema-graph\">{\"@context\":\"https:\\\/\\\/schema.org\",\"@graph\":[{\"@type\":\"WebPage\",\"@id\":\"https:\\\/\\\/www.larusee.com\\\/de\\\/produit\\\/absinthe-vieille-larusee-mogador-2020-copie\\\/\",\"url\":\"https:\\\/\\\/www.larusee.com\\\/de\\\/produit\\\/absinthe-vieille-larusee-mogador-2020-copie\\\/\",\"name\":\"Absinthe Vieille Larus\u00e9e Rouge Mogador - Larus\u00e9e\",\"isPartOf\":{\"@id\":\"https:\\\/\\\/www.larusee.com\\\/de\\\/#website\"},\"primaryImageOfPage\":{\"@id\":\"https:\\\/\\\/www.larusee.com\\\/de\\\/produit\\\/absinthe-vieille-larusee-mogador-2020-copie\\\/#primaryimage\"},\"image\":{\"@id\":\"https:\\\/\\\/www.larusee.com\\\/de\\\/produit\\\/absinthe-vieille-larusee-mogador-2020-copie\\\/#primaryimage\"},\"thumbnailUrl\":\"https:\\\/\\\/www.larusee.com\\\/wp-content\\\/uploads\\\/2023\\\/12\\\/larusee-rouge-mogador-70cl-closeup.jpg\",\"datePublished\":\"2023-12-05T21:41:59+00:00\",\"dateModified\":\"2025-11-19T17:08:32+00:00\",\"description\":\"Absinth Vieille Larus\u00e9e Mogador reifte 36 Monate in einem Fass, das die au\u00dfergew\u00f6hnliche Cuv\u00e9e aus einem Gut in Baux-de-Provence enthielt.\",\"breadcrumb\":{\"@id\":\"https:\\\/\\\/www.larusee.com\\\/de\\\/produit\\\/absinthe-vieille-larusee-mogador-2020-copie\\\/#breadcrumb\"},\"inLanguage\":\"de\",\"potentialAction\":[{\"@type\":\"ReadAction\",\"target\":[\"https:\\\/\\\/www.larusee.com\\\/de\\\/produit\\\/absinthe-vieille-larusee-mogador-2020-copie\\\/\"]}]},{\"@type\":\"ImageObject\",\"inLanguage\":\"de\",\"@id\":\"https:\\\/\\\/www.larusee.com\\\/de\\\/produit\\\/absinthe-vieille-larusee-mogador-2020-copie\\\/#primaryimage\",\"url\":\"https:\\\/\\\/www.larusee.com\\\/wp-content\\\/uploads\\\/2023\\\/12\\\/larusee-rouge-mogador-70cl-closeup.jpg\",\"contentUrl\":\"https:\\\/\\\/www.larusee.com\\\/wp-content\\\/uploads\\\/2023\\\/12\\\/larusee-rouge-mogador-70cl-closeup.jpg\",\"width\":1600,\"height\":2000},{\"@type\":\"BreadcrumbList\",\"@id\":\"https:\\\/\\\/www.larusee.com\\\/de\\\/produit\\\/absinthe-vieille-larusee-mogador-2020-copie\\\/#breadcrumb\",\"itemListElement\":[{\"@type\":\"ListItem\",\"position\":1,\"name\":\"Accueil\",\"item\":\"https:\\\/\\\/www.larusee.com\\\/de\\\/\"},{\"@type\":\"ListItem\",\"position\":2,\"name\":\"Boutique\",\"item\":\"https:\\\/\\\/www.larusee.com\\\/de\\\/boutique\\\/\"},{\"@type\":\"ListItem\",\"position\":3,\"name\":\"Absinthe Vieille Larus\u00e9e Rouge Mogador\"}]},{\"@type\":\"WebSite\",\"@id\":\"https:\\\/\\\/www.larusee.com\\\/de\\\/#website\",\"url\":\"https:\\\/\\\/www.larusee.com\\\/de\\\/\",\"name\":\"Larus\u00e9e\",\"description\":\"Distillateur d&#039;\u00e9motions\",\"publisher\":{\"@id\":\"https:\\\/\\\/www.larusee.com\\\/de\\\/#organization\"},\"potentialAction\":[{\"@type\":\"SearchAction\",\"target\":{\"@type\":\"EntryPoint\",\"urlTemplate\":\"https:\\\/\\\/www.larusee.com\\\/de\\\/?s={search_term_string}\"},\"query-input\":{\"@type\":\"PropertyValueSpecification\",\"valueRequired\":true,\"valueName\":\"search_term_string\"}}],\"inLanguage\":\"de\"},{\"@type\":\"Organization\",\"@id\":\"https:\\\/\\\/www.larusee.com\\\/de\\\/#organization\",\"name\":\"Larus\u00e9e\",\"url\":\"https:\\\/\\\/www.larusee.com\\\/de\\\/\",\"logo\":{\"@type\":\"ImageObject\",\"inLanguage\":\"de\",\"@id\":\"https:\\\/\\\/www.larusee.com\\\/de\\\/#\\\/schema\\\/logo\\\/image\\\/\",\"url\":\"https:\\\/\\\/www.larusee.com\\\/wp-content\\\/uploads\\\/2019\\\/04\\\/Logo_Larusee_Noir.png\",\"contentUrl\":\"https:\\\/\\\/www.larusee.com\\\/wp-content\\\/uploads\\\/2019\\\/04\\\/Logo_Larusee_Noir.png\",\"width\":1181,\"height\":318,\"caption\":\"Larus\u00e9e\"},\"image\":{\"@id\":\"https:\\\/\\\/www.larusee.com\\\/de\\\/#\\\/schema\\\/logo\\\/image\\\/\"},\"sameAs\":[\"https:\\\/\\\/www.facebook.com\\\/AbsintheLarusee\",\"https:\\\/\\\/www.instagram.com\\\/distillerielarusee\\\/\"]}]}<\/script>\n<!-- \/ Yoast SEO plugin. -->","yoast_head_json":{"title":"Absinthe Vieille Larus\u00e9e Rouge Mogador - Larus\u00e9e","description":"Absinth Vieille Larus\u00e9e Mogador reifte 36 Monate in einem Fass, das die au\u00dfergew\u00f6hnliche Cuv\u00e9e aus einem Gut in Baux-de-Provence enthielt.","robots":{"index":"index","follow":"follow","max-snippet":"max-snippet:-1","max-image-preview":"max-image-preview:large","max-video-preview":"max-video-preview:-1"},"canonical":"https:\/\/www.larusee.com\/de\/produit\/absinthe-vieille-larusee-mogador-2020-copie\/","og_locale":"de_DE","og_type":"article","og_title":"Absinthe Vieille Larus\u00e9e Rouge Mogador - Larus\u00e9e","og_description":"Absinth Vieille Larus\u00e9e Mogador reifte 36 Monate in einem Fass, das die au\u00dfergew\u00f6hnliche Cuv\u00e9e aus einem Gut in Baux-de-Provence enthielt.","og_url":"https:\/\/www.larusee.com\/de\/produit\/absinthe-vieille-larusee-mogador-2020-copie\/","og_site_name":"Larus\u00e9e","article_publisher":"https:\/\/www.facebook.com\/AbsintheLarusee","article_modified_time":"2025-11-19T17:08:32+00:00","og_image":[{"width":1600,"height":2000,"url":"https:\/\/www.larusee.com\/wp-content\/uploads\/2023\/12\/larusee-rouge-mogador-70cl-closeup.jpg","type":"image\/jpeg"}],"twitter_card":"summary_large_image","schema":{"@context":"https:\/\/schema.org","@graph":[{"@type":"WebPage","@id":"https:\/\/www.larusee.com\/de\/produit\/absinthe-vieille-larusee-mogador-2020-copie\/","url":"https:\/\/www.larusee.com\/de\/produit\/absinthe-vieille-larusee-mogador-2020-copie\/","name":"Absinthe Vieille Larus\u00e9e Rouge Mogador - Larus\u00e9e","isPartOf":{"@id":"https:\/\/www.larusee.com\/de\/#website"},"primaryImageOfPage":{"@id":"https:\/\/www.larusee.com\/de\/produit\/absinthe-vieille-larusee-mogador-2020-copie\/#primaryimage"},"image":{"@id":"https:\/\/www.larusee.com\/de\/produit\/absinthe-vieille-larusee-mogador-2020-copie\/#primaryimage"},"thumbnailUrl":"https:\/\/www.larusee.com\/wp-content\/uploads\/2023\/12\/larusee-rouge-mogador-70cl-closeup.jpg","datePublished":"2023-12-05T21:41:59+00:00","dateModified":"2025-11-19T17:08:32+00:00","description":"Absinth Vieille Larus\u00e9e Mogador reifte 36 Monate in einem Fass, das die au\u00dfergew\u00f6hnliche Cuv\u00e9e aus einem Gut in Baux-de-Provence enthielt.","breadcrumb":{"@id":"https:\/\/www.larusee.com\/de\/produit\/absinthe-vieille-larusee-mogador-2020-copie\/#breadcrumb"},"inLanguage":"de","potentialAction":[{"@type":"ReadAction","target":["https:\/\/www.larusee.com\/de\/produit\/absinthe-vieille-larusee-mogador-2020-copie\/"]}]},{"@type":"ImageObject","inLanguage":"de","@id":"https:\/\/www.larusee.com\/de\/produit\/absinthe-vieille-larusee-mogador-2020-copie\/#primaryimage","url":"https:\/\/www.larusee.com\/wp-content\/uploads\/2023\/12\/larusee-rouge-mogador-70cl-closeup.jpg","contentUrl":"https:\/\/www.larusee.com\/wp-content\/uploads\/2023\/12\/larusee-rouge-mogador-70cl-closeup.jpg","width":1600,"height":2000},{"@type":"BreadcrumbList","@id":"https:\/\/www.larusee.com\/de\/produit\/absinthe-vieille-larusee-mogador-2020-copie\/#breadcrumb","itemListElement":[{"@type":"ListItem","position":1,"name":"Accueil","item":"https:\/\/www.larusee.com\/de\/"},{"@type":"ListItem","position":2,"name":"Boutique","item":"https:\/\/www.larusee.com\/de\/boutique\/"},{"@type":"ListItem","position":3,"name":"Absinthe Vieille Larus\u00e9e Rouge Mogador"}]},{"@type":"WebSite","@id":"https:\/\/www.larusee.com\/de\/#website","url":"https:\/\/www.larusee.com\/de\/","name":"Larus\u00e9e","description":"Distillateur d&#039;\u00e9motions","publisher":{"@id":"https:\/\/www.larusee.com\/de\/#organization"},"potentialAction":[{"@type":"SearchAction","target":{"@type":"EntryPoint","urlTemplate":"https:\/\/www.larusee.com\/de\/?s={search_term_string}"},"query-input":{"@type":"PropertyValueSpecification","valueRequired":true,"valueName":"search_term_string"}}],"inLanguage":"de"},{"@type":"Organization","@id":"https:\/\/www.larusee.com\/de\/#organization","name":"Larus\u00e9e","url":"https:\/\/www.larusee.com\/de\/","logo":{"@type":"ImageObject","inLanguage":"de","@id":"https:\/\/www.larusee.com\/de\/#\/schema\/logo\/image\/","url":"https:\/\/www.larusee.com\/wp-content\/uploads\/2019\/04\/Logo_Larusee_Noir.png","contentUrl":"https:\/\/www.larusee.com\/wp-content\/uploads\/2019\/04\/Logo_Larusee_Noir.png","width":1181,"height":318,"caption":"Larus\u00e9e"},"image":{"@id":"https:\/\/www.larusee.com\/de\/#\/schema\/logo\/image\/"},"sameAs":["https:\/\/www.facebook.com\/AbsintheLarusee","https:\/\/www.instagram.com\/distillerielarusee\/"]}]}},"_links":{"self":[{"href":"https:\/\/www.larusee.com\/de\/wp-json\/wp\/v2\/product\/21030","targetHints":{"allow":["GET"]}}],"collection":[{"href":"https:\/\/www.larusee.com\/de\/wp-json\/wp\/v2\/product"}],"about":[{"href":"https:\/\/www.larusee.com\/de\/wp-json\/wp\/v2\/types\/product"}],"version-history":[{"count":9,"href":"https:\/\/www.larusee.com\/de\/wp-json\/wp\/v2\/product\/21030\/revisions"}],"predecessor-version":[{"id":22662,"href":"https:\/\/www.larusee.com\/de\/wp-json\/wp\/v2\/product\/21030\/revisions\/22662"}],"wp:featuredmedia":[{"embeddable":true,"href":"https:\/\/www.larusee.com\/de\/wp-json\/wp\/v2\/media\/21034"}],"wp:attachment":[{"href":"https:\/\/www.larusee.com\/de\/wp-json\/wp\/v2\/media?parent=21030"}],"wp:term":[{"taxonomy":"product_brand","embeddable":true,"href":"https:\/\/www.larusee.com\/de\/wp-json\/wp\/v2\/product_brand?post=21030"},{"taxonomy":"product_cat","embeddable":true,"href":"https:\/\/www.larusee.com\/de\/wp-json\/wp\/v2\/product_cat?post=21030"},{"taxonomy":"product_tag","embeddable":true,"href":"https:\/\/www.larusee.com\/de\/wp-json\/wp\/v2\/product_tag?post=21030"}],"curies":[{"name":"wp","href":"https:\/\/api.w.org\/{rel}","templated":true}]}}