{"id":21009,"date":"2023-12-04T22:16:36","date_gmt":"2023-12-04T21:16:36","guid":{"rendered":"https:\/\/www.larusee.com\/?post_type=product&#038;p=21009"},"modified":"2025-12-22T16:03:25","modified_gmt":"2025-12-22T15:03:25","slug":"absinthe-larusee-blanche-de-leon-copie","status":"publish","type":"product","link":"https:\/\/www.larusee.com\/de\/produit\/absinthe-larusee-blanche-de-leon-copie\/","title":{"rendered":"Absinthes Essentielles"},"content":{"rendered":"<div class=\"wpb-content-wrapper\"><p>[vc_row][vc_column][vc_column_text]<b>Inhalt\u2009:<\/b> 3x 10 cl<br \/>\n<b>Volumen\u2009:<\/b> 2x 55% vol. und 1x 65% vol.<\/p>\n<p><strong>Anmerkung:<\/strong> Larus\u00e9e Bleue und Blanche de L\u00e9on werden als Aperitif (1 Teil Absinth auf 2-3 Teile sehr kaltes Wasser) oder als Digestif ohne Zugabe von Wasser genossen. Larus\u00e9e Verte sollte als Aperitif (1 Teil Absinth auf 3-4 Teile sehr k\u00fchles Wasser) oder als Digestif (1 Teil Absinth auf 1 Teil sehr k\u00fchles Wasser) genossen werden.[\/vc_column_text][\/vc_column][\/vc_row]<\/p>\n<\/div>","protected":false},"excerpt":{"rendered":"<p><em>Absinthes Essentielles<\/em> ist eine Entdeckungsreise in die Welt von Larus\u00e9e. Diese Kollektion von drei Flaschen Absinth, die von der Schweizer Destillerie angeboten werden, erm\u00f6glicht es Ihnen, die breite Palette an Aromen zu genie\u00dfen, die nur diese Spirituose bieten kann.<\/p>\n<p>Larus\u00e9e Bleue erinnert Sie daran, dass der Absinth die Mutter des Pastis ist. Blanche de L\u00e9on, ein Absinth, der mit Edelwei\u00df und Piment d&#8217;Espelettes hergestellt wird, f\u00fchrt Sie zwischen Sch\u00e4rfe und Cremigkeit hin und her. Und Larus\u00e9e Verte f\u00fchrt Sie zu pflanzlichen Noten mit einer perfekt kontrollierten Bitterkeit.<\/p>\n<p>All dies in kleinen Formaten, die in eleganten Verpackungen pr\u00e4sentiert werden.<\/p>\n","protected":false},"featured_media":21016,"template":"","meta":[],"product_brand":[],"product_cat":[753,1486,744,752,746,1463,804,1129,745],"product_tag":[811,805,813,1130,1460,814,810,1459,809,806],"class_list":{"0":"post-21009","1":"product","2":"type-product","3":"status-publish","4":"has-post-thumbnail","6":"product_cat-der-shop","7":"product_cat-die-absinthes","8":"product_cat-die-anisten","9":"product_cat-die-boxen","10":"product_cat-grun-absinthe","11":"product_cat-kleine-formate","12":"product_cat-unsere-produkte","13":"product_cat-weihnachtsauswahl","14":"product_cat-weiss-absinthe","15":"product_tag-10cl-de","16":"product_tag-absinthe-de","17":"product_tag-bleue-de","18":"product_tag-box","19":"product_tag-edelweiss-de","20":"product_tag-gold-de","21":"product_tag-grune-fee","22":"product_tag-leon-de","23":"product_tag-neuenburg","24":"product_tag-schweiz","26":"first","27":"instock","28":"taxable","29":"shipping-taxable","30":"purchasable","31":"product-type-simple"},"yoast_head":"<!-- This site is optimized with the Yoast SEO plugin v27.2 - https:\/\/yoast.com\/product\/yoast-seo-wordpress\/ -->\n<title>Absinthes Essentielles - Larus\u00e9e<\/title>\n<meta name=\"description\" content=\"Eine kleine Flasche Larus\u00e9e Bleue Absinth in 10cl, die Sie \u00fcberall hin mitnehmen k\u00f6nnen, auch wenn Sie mit dem Flugzeug im Handgep\u00e4ck reisen!\" \/>\n<meta name=\"robots\" content=\"index, follow, max-snippet:-1, max-image-preview:large, max-video-preview:-1\" \/>\n<link rel=\"canonical\" href=\"https:\/\/www.larusee.com\/de\/produit\/absinthe-larusee-blanche-de-leon-copie\/\" \/>\n<meta property=\"og:locale\" content=\"de_DE\" \/>\n<meta property=\"og:type\" content=\"article\" \/>\n<meta property=\"og:title\" content=\"Absinthes Essentielles - Larus\u00e9e\" \/>\n<meta property=\"og:description\" content=\"Eine kleine Flasche Larus\u00e9e Bleue Absinth in 10cl, die Sie \u00fcberall hin mitnehmen k\u00f6nnen, auch wenn Sie mit dem Flugzeug im Handgep\u00e4ck reisen!\" \/>\n<meta property=\"og:url\" content=\"https:\/\/www.larusee.com\/de\/produit\/absinthe-larusee-blanche-de-leon-copie\/\" \/>\n<meta property=\"og:site_name\" content=\"Larus\u00e9e\" \/>\n<meta property=\"article:publisher\" content=\"https:\/\/www.facebook.com\/AbsintheLarusee\" \/>\n<meta property=\"article:modified_time\" content=\"2025-12-22T15:03:25+00:00\" \/>\n<meta property=\"og:image\" content=\"https:\/\/www.larusee.com\/wp-content\/uploads\/2023\/12\/larusee-bleue-absinthe-10cl-degustation.jpg\" \/>\n\t<meta property=\"og:image:width\" content=\"1600\" \/>\n\t<meta property=\"og:image:height\" content=\"2000\" \/>\n\t<meta property=\"og:image:type\" content=\"image\/jpeg\" \/>\n<meta name=\"twitter:card\" content=\"summary_large_image\" \/>\n<script type=\"application\/ld+json\" class=\"yoast-schema-graph\">{\"@context\":\"https:\/\/schema.org\",\"@graph\":[{\"@type\":\"WebPage\",\"@id\":\"https:\/\/www.larusee.com\/de\/produit\/absinthe-larusee-blanche-de-leon-copie\/\",\"url\":\"https:\/\/www.larusee.com\/de\/produit\/absinthe-larusee-blanche-de-leon-copie\/\",\"name\":\"Absinthes Essentielles - Larus\u00e9e\",\"isPartOf\":{\"@id\":\"https:\/\/www.larusee.com\/de\/#website\"},\"primaryImageOfPage\":{\"@id\":\"https:\/\/www.larusee.com\/de\/produit\/absinthe-larusee-blanche-de-leon-copie\/#primaryimage\"},\"image\":{\"@id\":\"https:\/\/www.larusee.com\/de\/produit\/absinthe-larusee-blanche-de-leon-copie\/#primaryimage\"},\"thumbnailUrl\":\"https:\/\/www.larusee.com\/wp-content\/uploads\/2023\/12\/larusee-bleue-absinthe-10cl-degustation.jpg\",\"datePublished\":\"2023-12-04T21:16:36+00:00\",\"dateModified\":\"2025-12-22T15:03:25+00:00\",\"description\":\"Eine kleine Flasche Larus\u00e9e Bleue Absinth in 10cl, die Sie \u00fcberall hin mitnehmen k\u00f6nnen, auch wenn Sie mit dem Flugzeug im Handgep\u00e4ck reisen!\",\"breadcrumb\":{\"@id\":\"https:\/\/www.larusee.com\/de\/produit\/absinthe-larusee-blanche-de-leon-copie\/#breadcrumb\"},\"inLanguage\":\"de\",\"potentialAction\":[{\"@type\":\"ReadAction\",\"target\":[\"https:\/\/www.larusee.com\/de\/produit\/absinthe-larusee-blanche-de-leon-copie\/\"]}]},{\"@type\":\"ImageObject\",\"inLanguage\":\"de\",\"@id\":\"https:\/\/www.larusee.com\/de\/produit\/absinthe-larusee-blanche-de-leon-copie\/#primaryimage\",\"url\":\"https:\/\/www.larusee.com\/wp-content\/uploads\/2023\/12\/larusee-bleue-absinthe-10cl-degustation.jpg\",\"contentUrl\":\"https:\/\/www.larusee.com\/wp-content\/uploads\/2023\/12\/larusee-bleue-absinthe-10cl-degustation.jpg\",\"width\":1600,\"height\":2000},{\"@type\":\"BreadcrumbList\",\"@id\":\"https:\/\/www.larusee.com\/de\/produit\/absinthe-larusee-blanche-de-leon-copie\/#breadcrumb\",\"itemListElement\":[{\"@type\":\"ListItem\",\"position\":1,\"name\":\"Accueil\",\"item\":\"https:\/\/www.larusee.com\/de\/\"},{\"@type\":\"ListItem\",\"position\":2,\"name\":\"Boutique\",\"item\":\"https:\/\/www.larusee.com\/de\/boutique\/\"},{\"@type\":\"ListItem\",\"position\":3,\"name\":\"Absinthes Essentielles\"}]},{\"@type\":\"WebSite\",\"@id\":\"https:\/\/www.larusee.com\/de\/#website\",\"url\":\"https:\/\/www.larusee.com\/de\/\",\"name\":\"Larus\u00e9e\",\"description\":\"Distillateur d&#039;\u00e9motions\",\"publisher\":{\"@id\":\"https:\/\/www.larusee.com\/de\/#organization\"},\"potentialAction\":[{\"@type\":\"SearchAction\",\"target\":{\"@type\":\"EntryPoint\",\"urlTemplate\":\"https:\/\/www.larusee.com\/de\/?s={search_term_string}\"},\"query-input\":{\"@type\":\"PropertyValueSpecification\",\"valueRequired\":true,\"valueName\":\"search_term_string\"}}],\"inLanguage\":\"de\"},{\"@type\":\"Organization\",\"@id\":\"https:\/\/www.larusee.com\/de\/#organization\",\"name\":\"Larus\u00e9e\",\"url\":\"https:\/\/www.larusee.com\/de\/\",\"logo\":{\"@type\":\"ImageObject\",\"inLanguage\":\"de\",\"@id\":\"https:\/\/www.larusee.com\/de\/#\/schema\/logo\/image\/\",\"url\":\"https:\/\/www.larusee.com\/wp-content\/uploads\/2019\/04\/Logo_Larusee_Noir.png\",\"contentUrl\":\"https:\/\/www.larusee.com\/wp-content\/uploads\/2019\/04\/Logo_Larusee_Noir.png\",\"width\":1181,\"height\":318,\"caption\":\"Larus\u00e9e\"},\"image\":{\"@id\":\"https:\/\/www.larusee.com\/de\/#\/schema\/logo\/image\/\"},\"sameAs\":[\"https:\/\/www.facebook.com\/AbsintheLarusee\",\"https:\/\/www.instagram.com\/distillerielarusee\/\"]}]}<\/script>\n<!-- \/ Yoast SEO plugin. -->","yoast_head_json":{"title":"Absinthes Essentielles - Larus\u00e9e","description":"Eine kleine Flasche Larus\u00e9e Bleue Absinth in 10cl, die Sie \u00fcberall hin mitnehmen k\u00f6nnen, auch wenn Sie mit dem Flugzeug im Handgep\u00e4ck reisen!","robots":{"index":"index","follow":"follow","max-snippet":"max-snippet:-1","max-image-preview":"max-image-preview:large","max-video-preview":"max-video-preview:-1"},"canonical":"https:\/\/www.larusee.com\/de\/produit\/absinthe-larusee-blanche-de-leon-copie\/","og_locale":"de_DE","og_type":"article","og_title":"Absinthes Essentielles - Larus\u00e9e","og_description":"Eine kleine Flasche Larus\u00e9e Bleue Absinth in 10cl, die Sie \u00fcberall hin mitnehmen k\u00f6nnen, auch wenn Sie mit dem Flugzeug im Handgep\u00e4ck reisen!","og_url":"https:\/\/www.larusee.com\/de\/produit\/absinthe-larusee-blanche-de-leon-copie\/","og_site_name":"Larus\u00e9e","article_publisher":"https:\/\/www.facebook.com\/AbsintheLarusee","article_modified_time":"2025-12-22T15:03:25+00:00","og_image":[{"width":1600,"height":2000,"url":"https:\/\/www.larusee.com\/wp-content\/uploads\/2023\/12\/larusee-bleue-absinthe-10cl-degustation.jpg","type":"image\/jpeg"}],"twitter_card":"summary_large_image","schema":{"@context":"https:\/\/schema.org","@graph":[{"@type":"WebPage","@id":"https:\/\/www.larusee.com\/de\/produit\/absinthe-larusee-blanche-de-leon-copie\/","url":"https:\/\/www.larusee.com\/de\/produit\/absinthe-larusee-blanche-de-leon-copie\/","name":"Absinthes Essentielles - Larus\u00e9e","isPartOf":{"@id":"https:\/\/www.larusee.com\/de\/#website"},"primaryImageOfPage":{"@id":"https:\/\/www.larusee.com\/de\/produit\/absinthe-larusee-blanche-de-leon-copie\/#primaryimage"},"image":{"@id":"https:\/\/www.larusee.com\/de\/produit\/absinthe-larusee-blanche-de-leon-copie\/#primaryimage"},"thumbnailUrl":"https:\/\/www.larusee.com\/wp-content\/uploads\/2023\/12\/larusee-bleue-absinthe-10cl-degustation.jpg","datePublished":"2023-12-04T21:16:36+00:00","dateModified":"2025-12-22T15:03:25+00:00","description":"Eine kleine Flasche Larus\u00e9e Bleue Absinth in 10cl, die Sie \u00fcberall hin mitnehmen k\u00f6nnen, auch wenn Sie mit dem Flugzeug im Handgep\u00e4ck reisen!","breadcrumb":{"@id":"https:\/\/www.larusee.com\/de\/produit\/absinthe-larusee-blanche-de-leon-copie\/#breadcrumb"},"inLanguage":"de","potentialAction":[{"@type":"ReadAction","target":["https:\/\/www.larusee.com\/de\/produit\/absinthe-larusee-blanche-de-leon-copie\/"]}]},{"@type":"ImageObject","inLanguage":"de","@id":"https:\/\/www.larusee.com\/de\/produit\/absinthe-larusee-blanche-de-leon-copie\/#primaryimage","url":"https:\/\/www.larusee.com\/wp-content\/uploads\/2023\/12\/larusee-bleue-absinthe-10cl-degustation.jpg","contentUrl":"https:\/\/www.larusee.com\/wp-content\/uploads\/2023\/12\/larusee-bleue-absinthe-10cl-degustation.jpg","width":1600,"height":2000},{"@type":"BreadcrumbList","@id":"https:\/\/www.larusee.com\/de\/produit\/absinthe-larusee-blanche-de-leon-copie\/#breadcrumb","itemListElement":[{"@type":"ListItem","position":1,"name":"Accueil","item":"https:\/\/www.larusee.com\/de\/"},{"@type":"ListItem","position":2,"name":"Boutique","item":"https:\/\/www.larusee.com\/de\/boutique\/"},{"@type":"ListItem","position":3,"name":"Absinthes Essentielles"}]},{"@type":"WebSite","@id":"https:\/\/www.larusee.com\/de\/#website","url":"https:\/\/www.larusee.com\/de\/","name":"Larus\u00e9e","description":"Distillateur d&#039;\u00e9motions","publisher":{"@id":"https:\/\/www.larusee.com\/de\/#organization"},"potentialAction":[{"@type":"SearchAction","target":{"@type":"EntryPoint","urlTemplate":"https:\/\/www.larusee.com\/de\/?s={search_term_string}"},"query-input":{"@type":"PropertyValueSpecification","valueRequired":true,"valueName":"search_term_string"}}],"inLanguage":"de"},{"@type":"Organization","@id":"https:\/\/www.larusee.com\/de\/#organization","name":"Larus\u00e9e","url":"https:\/\/www.larusee.com\/de\/","logo":{"@type":"ImageObject","inLanguage":"de","@id":"https:\/\/www.larusee.com\/de\/#\/schema\/logo\/image\/","url":"https:\/\/www.larusee.com\/wp-content\/uploads\/2019\/04\/Logo_Larusee_Noir.png","contentUrl":"https:\/\/www.larusee.com\/wp-content\/uploads\/2019\/04\/Logo_Larusee_Noir.png","width":1181,"height":318,"caption":"Larus\u00e9e"},"image":{"@id":"https:\/\/www.larusee.com\/de\/#\/schema\/logo\/image\/"},"sameAs":["https:\/\/www.facebook.com\/AbsintheLarusee","https:\/\/www.instagram.com\/distillerielarusee\/"]}]}},"_links":{"self":[{"href":"https:\/\/www.larusee.com\/de\/wp-json\/wp\/v2\/product\/21009","targetHints":{"allow":["GET"]}}],"collection":[{"href":"https:\/\/www.larusee.com\/de\/wp-json\/wp\/v2\/product"}],"about":[{"href":"https:\/\/www.larusee.com\/de\/wp-json\/wp\/v2\/types\/product"}],"version-history":[{"count":13,"href":"https:\/\/www.larusee.com\/de\/wp-json\/wp\/v2\/product\/21009\/revisions"}],"predecessor-version":[{"id":22763,"href":"https:\/\/www.larusee.com\/de\/wp-json\/wp\/v2\/product\/21009\/revisions\/22763"}],"wp:featuredmedia":[{"embeddable":true,"href":"https:\/\/www.larusee.com\/de\/wp-json\/wp\/v2\/media\/21016"}],"wp:attachment":[{"href":"https:\/\/www.larusee.com\/de\/wp-json\/wp\/v2\/media?parent=21009"}],"wp:term":[{"taxonomy":"product_brand","embeddable":true,"href":"https:\/\/www.larusee.com\/de\/wp-json\/wp\/v2\/product_brand?post=21009"},{"taxonomy":"product_cat","embeddable":true,"href":"https:\/\/www.larusee.com\/de\/wp-json\/wp\/v2\/product_cat?post=21009"},{"taxonomy":"product_tag","embeddable":true,"href":"https:\/\/www.larusee.com\/de\/wp-json\/wp\/v2\/product_tag?post=21009"}],"curies":[{"name":"wp","href":"https:\/\/api.w.org\/{rel}","templated":true}]}}