{"id":20452,"date":"2023-10-06T11:28:53","date_gmt":"2023-10-06T09:28:53","guid":{"rendered":"https:\/\/www.larusee.com\/?post_type=product&#038;p=20452"},"modified":"2026-03-25T11:09:09","modified_gmt":"2026-03-25T10:09:09","slug":"carnets-de-voyage-la-suisse","status":"publish","type":"product","link":"https:\/\/www.larusee.com\/de\/produit\/carnets-de-voyage-la-suisse\/","title":{"rendered":"Carnets de voyage: La Suisse"},"content":{"rendered":"<div class=\"wpb-content-wrapper\"><p>[vc_row][vc_column][vc_column_text]<\/p>\n<div class=\"\">\n<p style=\"font-weight: 400;\">In den Gassen flanieren, sich in der Landschaft verlieren, die Du\u0308fte auf dem Markt schnuppern\u2026 Aus diesem Fernweh ist <strong>Carnets de Voyage<\/strong>\u00ae entstanden, eine Gin-Sammlung ersonnen von Liebhabern von Du\u0308ften und Aromen. Mit diesen Kreationen wollen wir Erinnerungen teilen, die wir von unseren vielen Reisen mitbringen. So nehmen Sie unsere aussergew\u00f6hnlichen Gins mit auf eine Reise rund um die Welt, bei der es ganz besondere Kulturen und Du\u0308fte zu erkunden gibt.<\/p>\n<\/div>\n<p>[\/vc_column_text][vc_column_text]<br \/>\n<b>Flascheninhalt:<\/b> 50 cl<br \/>\n<b>Alkoholgehalt:<\/b> 40%<br \/>\n[\/vc_column_text][vc_empty_space][vc_row_inner][vc_column_inner][vc_column_text]<\/p>\n<h3>Der Reisebegleiter<\/h3>\n<p>[\/vc_column_text][vc_single_image image=&#8220;17061&#8243; img_size=&#8220;full&#8220; alignment=&#8220;center&#8220; onclick=&#8220;custom_link&#8220; link=&#8220;https:\/\/www.larusee.com\/de\/produit\/kinai-tonic-20cl-6er-pack\/&#8220;][vc_custom_heading text=&#8220;Kina\u00ef Classique Tonic 6x 20cl&#8220; font_container=&#8220;tag:h4|text_align:center&#8220; google_fonts=&#8220;font_family:Asul%3Aregular%2C700|font_style:400%20regular%3A400%3Anormal&#8220;]<p class=\"product woocommerce add_to_cart_inline \" style=\"border:4px solid #ccc; padding: 12px;\"><span class=\"woocommerce-Price-amount amount\"><bdi><span class=\"woocommerce-Price-currencySymbol\">&#67;&#72;&#70;<\/span>&nbsp;18.00<\/bdi><\/span><a href=\"\/de\/wp-json\/wp\/v2\/product\/20452?add-to-cart=15336\" aria-describedby=\"woocommerce_loop_add_to_cart_link_describedby_15336\" data-quantity=\"1\" class=\"button product_type_simple add_to_cart_button ajax_add_to_cart\" data-product_id=\"15336\" data-product_sku=\"7649990914046\" aria-label=\"In den Warenkorb legen: \u201eKina\u00ef Classique Tonic 6x 20cl\u201c\" rel=\"nofollow\" data-success_message=\"\u201eKina\u00ef Classique Tonic 6x 20cl\u201c wurde deinem Warenkorb hinzugef\u00fcgt\" role=\"button\">In den Warenkorb<\/a>\t<span id=\"woocommerce_loop_add_to_cart_link_describedby_15336\" class=\"screen-reader-text\">\n\t\t\t<\/span>\n<\/p>[\/vc_column_inner][\/vc_row_inner][\/vc_column][\/vc_row]<\/p>\n<\/div>","protected":false},"excerpt":{"rendered":"<div class=\"\">\n<p>Die Schweiz. Selbst f\u00fcr uns Helvetier ist sie ein Reiseziel an sich. Wandern in den Alpen, die Kapellbr\u00fccke in Luzern \u00fcberqueren, sich im Lavaux verlieren, ein Wochenende in Graub\u00fcnden verbringen oder einen Shopping-Nachmittag in Z\u00fcrich genie\u00dfen &#8211; die Schweiz ist vielf\u00e4ltig.<\/p>\n<p>Unser London Dry Gin<strong> Carnets de voyage: La Suisse<\/strong> wird in Handarbeit mit haupts\u00e4chlich alpinen Botanicals destilliert. Seine Aromen von Zitronenthymian, Steinklee, Minze und Edelwei\u00df versetzen Sie im Nu in die Schweizer Alpen.<\/p>\n<\/div>\n","protected":false},"featured_media":20456,"template":"","meta":[],"product_brand":[],"product_cat":[1404,753,1488,804,1129],"product_tag":[1452,1413,1022,826,1186,809,806],"class_list":{"0":"post-20452","1":"product","2":"type-product","3":"status-publish","4":"has-post-thumbnail","6":"product_cat-carnets-de-voyage-de","7":"product_cat-der-shop","8":"product_cat-die-gins","9":"product_cat-unsere-produkte","10":"product_cat-weihnachtsauswahl","11":"product_tag-alpen","12":"product_tag-carnets-de-voyage-de","13":"product_tag-gin-de","14":"product_tag-larusee-de","15":"product_tag-london-dry-gin-de","16":"product_tag-neuenburg","17":"product_tag-schweiz","19":"first","20":"instock","21":"taxable","22":"shipping-taxable","23":"purchasable","24":"product-type-simple"},"yoast_head":"<!-- This site is optimized with the Yoast SEO plugin v27.6 - https:\/\/yoast.com\/product\/yoast-seo-wordpress\/ -->\n<title>Carnets de voyage: La Suisse - Larus\u00e9e<\/title>\n<meta name=\"description\" content=\"Er wird haupts\u00e4chlich mit Alpenpflanzen destilliert. Sein Duft nach Zitronenthymian, Minze und Edelwei\u00df versetzt Sie in das Herz der Schweizer Alpen.\" \/>\n<meta name=\"robots\" content=\"index, follow, max-snippet:-1, max-image-preview:large, max-video-preview:-1\" \/>\n<link rel=\"canonical\" href=\"https:\/\/www.larusee.com\/de\/produit\/carnets-de-voyage-la-suisse\/\" \/>\n<meta property=\"og:locale\" content=\"de_DE\" \/>\n<meta property=\"og:type\" content=\"article\" \/>\n<meta property=\"og:title\" content=\"Carnets de voyage: La Suisse - Larus\u00e9e\" \/>\n<meta property=\"og:description\" content=\"Er wird haupts\u00e4chlich mit Alpenpflanzen destilliert. Sein Duft nach Zitronenthymian, Minze und Edelwei\u00df versetzt Sie in das Herz der Schweizer Alpen.\" \/>\n<meta property=\"og:url\" content=\"https:\/\/www.larusee.com\/de\/produit\/carnets-de-voyage-la-suisse\/\" \/>\n<meta property=\"og:site_name\" content=\"Larus\u00e9e\" \/>\n<meta property=\"article:publisher\" content=\"https:\/\/www.facebook.com\/AbsintheLarusee\" \/>\n<meta property=\"article:modified_time\" content=\"2026-03-25T10:09:09+00:00\" \/>\n<meta property=\"og:image\" content=\"https:\/\/www.larusee.com\/wp-content\/uploads\/2023\/10\/larusee-carnets-de-voyage-la-Suisse-50cl-closeup.jpg\" \/>\n\t<meta property=\"og:image:width\" content=\"1600\" \/>\n\t<meta property=\"og:image:height\" content=\"2000\" \/>\n\t<meta property=\"og:image:type\" content=\"image\/jpeg\" \/>\n<meta name=\"twitter:card\" content=\"summary_large_image\" \/>\n<meta name=\"twitter:label1\" content=\"Gesch\u00e4tzte Lesezeit\" \/>\n\t<meta name=\"twitter:data1\" content=\"1\u00a0Minute\" \/>\n<script type=\"application\/ld+json\" class=\"yoast-schema-graph\">{\"@context\":\"https:\\\/\\\/schema.org\",\"@graph\":[{\"@type\":\"WebPage\",\"@id\":\"https:\\\/\\\/www.larusee.com\\\/de\\\/produit\\\/carnets-de-voyage-la-suisse\\\/\",\"url\":\"https:\\\/\\\/www.larusee.com\\\/de\\\/produit\\\/carnets-de-voyage-la-suisse\\\/\",\"name\":\"Carnets de voyage: La Suisse - Larus\u00e9e\",\"isPartOf\":{\"@id\":\"https:\\\/\\\/www.larusee.com\\\/de\\\/#website\"},\"primaryImageOfPage\":{\"@id\":\"https:\\\/\\\/www.larusee.com\\\/de\\\/produit\\\/carnets-de-voyage-la-suisse\\\/#primaryimage\"},\"image\":{\"@id\":\"https:\\\/\\\/www.larusee.com\\\/de\\\/produit\\\/carnets-de-voyage-la-suisse\\\/#primaryimage\"},\"thumbnailUrl\":\"https:\\\/\\\/www.larusee.com\\\/wp-content\\\/uploads\\\/2023\\\/10\\\/larusee-carnets-de-voyage-la-Suisse-50cl-closeup.jpg\",\"datePublished\":\"2023-10-06T09:28:53+00:00\",\"dateModified\":\"2026-03-25T10:09:09+00:00\",\"description\":\"Er wird haupts\u00e4chlich mit Alpenpflanzen destilliert. Sein Duft nach Zitronenthymian, Minze und Edelwei\u00df versetzt Sie in das Herz der Schweizer Alpen.\",\"breadcrumb\":{\"@id\":\"https:\\\/\\\/www.larusee.com\\\/de\\\/produit\\\/carnets-de-voyage-la-suisse\\\/#breadcrumb\"},\"inLanguage\":\"de\",\"potentialAction\":[{\"@type\":\"ReadAction\",\"target\":[\"https:\\\/\\\/www.larusee.com\\\/de\\\/produit\\\/carnets-de-voyage-la-suisse\\\/\"]}]},{\"@type\":\"ImageObject\",\"inLanguage\":\"de\",\"@id\":\"https:\\\/\\\/www.larusee.com\\\/de\\\/produit\\\/carnets-de-voyage-la-suisse\\\/#primaryimage\",\"url\":\"https:\\\/\\\/www.larusee.com\\\/wp-content\\\/uploads\\\/2023\\\/10\\\/larusee-carnets-de-voyage-la-Suisse-50cl-closeup.jpg\",\"contentUrl\":\"https:\\\/\\\/www.larusee.com\\\/wp-content\\\/uploads\\\/2023\\\/10\\\/larusee-carnets-de-voyage-la-Suisse-50cl-closeup.jpg\",\"width\":1600,\"height\":2000},{\"@type\":\"BreadcrumbList\",\"@id\":\"https:\\\/\\\/www.larusee.com\\\/de\\\/produit\\\/carnets-de-voyage-la-suisse\\\/#breadcrumb\",\"itemListElement\":[{\"@type\":\"ListItem\",\"position\":1,\"name\":\"Accueil\",\"item\":\"https:\\\/\\\/www.larusee.com\\\/de\\\/\"},{\"@type\":\"ListItem\",\"position\":2,\"name\":\"Boutique\",\"item\":\"https:\\\/\\\/www.larusee.com\\\/de\\\/boutique\\\/\"},{\"@type\":\"ListItem\",\"position\":3,\"name\":\"Carnets de voyage: La Suisse\"}]},{\"@type\":\"WebSite\",\"@id\":\"https:\\\/\\\/www.larusee.com\\\/de\\\/#website\",\"url\":\"https:\\\/\\\/www.larusee.com\\\/de\\\/\",\"name\":\"Larus\u00e9e\",\"description\":\"Distillateur d&#039;\u00e9motions\",\"publisher\":{\"@id\":\"https:\\\/\\\/www.larusee.com\\\/de\\\/#organization\"},\"potentialAction\":[{\"@type\":\"SearchAction\",\"target\":{\"@type\":\"EntryPoint\",\"urlTemplate\":\"https:\\\/\\\/www.larusee.com\\\/de\\\/?s={search_term_string}\"},\"query-input\":{\"@type\":\"PropertyValueSpecification\",\"valueRequired\":true,\"valueName\":\"search_term_string\"}}],\"inLanguage\":\"de\"},{\"@type\":\"Organization\",\"@id\":\"https:\\\/\\\/www.larusee.com\\\/de\\\/#organization\",\"name\":\"Larus\u00e9e\",\"url\":\"https:\\\/\\\/www.larusee.com\\\/de\\\/\",\"logo\":{\"@type\":\"ImageObject\",\"inLanguage\":\"de\",\"@id\":\"https:\\\/\\\/www.larusee.com\\\/de\\\/#\\\/schema\\\/logo\\\/image\\\/\",\"url\":\"https:\\\/\\\/www.larusee.com\\\/wp-content\\\/uploads\\\/2019\\\/04\\\/Logo_Larusee_Noir.png\",\"contentUrl\":\"https:\\\/\\\/www.larusee.com\\\/wp-content\\\/uploads\\\/2019\\\/04\\\/Logo_Larusee_Noir.png\",\"width\":1181,\"height\":318,\"caption\":\"Larus\u00e9e\"},\"image\":{\"@id\":\"https:\\\/\\\/www.larusee.com\\\/de\\\/#\\\/schema\\\/logo\\\/image\\\/\"},\"sameAs\":[\"https:\\\/\\\/www.facebook.com\\\/AbsintheLarusee\",\"https:\\\/\\\/www.instagram.com\\\/distillerielarusee\\\/\"]}]}<\/script>\n<!-- \/ Yoast SEO plugin. -->","yoast_head_json":{"title":"Carnets de voyage: La Suisse - Larus\u00e9e","description":"Er wird haupts\u00e4chlich mit Alpenpflanzen destilliert. Sein Duft nach Zitronenthymian, Minze und Edelwei\u00df versetzt Sie in das Herz der Schweizer Alpen.","robots":{"index":"index","follow":"follow","max-snippet":"max-snippet:-1","max-image-preview":"max-image-preview:large","max-video-preview":"max-video-preview:-1"},"canonical":"https:\/\/www.larusee.com\/de\/produit\/carnets-de-voyage-la-suisse\/","og_locale":"de_DE","og_type":"article","og_title":"Carnets de voyage: La Suisse - Larus\u00e9e","og_description":"Er wird haupts\u00e4chlich mit Alpenpflanzen destilliert. Sein Duft nach Zitronenthymian, Minze und Edelwei\u00df versetzt Sie in das Herz der Schweizer Alpen.","og_url":"https:\/\/www.larusee.com\/de\/produit\/carnets-de-voyage-la-suisse\/","og_site_name":"Larus\u00e9e","article_publisher":"https:\/\/www.facebook.com\/AbsintheLarusee","article_modified_time":"2026-03-25T10:09:09+00:00","og_image":[{"width":1600,"height":2000,"url":"https:\/\/www.larusee.com\/wp-content\/uploads\/2023\/10\/larusee-carnets-de-voyage-la-Suisse-50cl-closeup.jpg","type":"image\/jpeg"}],"twitter_card":"summary_large_image","twitter_misc":{"Gesch\u00e4tzte Lesezeit":"1\u00a0Minute"},"schema":{"@context":"https:\/\/schema.org","@graph":[{"@type":"WebPage","@id":"https:\/\/www.larusee.com\/de\/produit\/carnets-de-voyage-la-suisse\/","url":"https:\/\/www.larusee.com\/de\/produit\/carnets-de-voyage-la-suisse\/","name":"Carnets de voyage: La Suisse - Larus\u00e9e","isPartOf":{"@id":"https:\/\/www.larusee.com\/de\/#website"},"primaryImageOfPage":{"@id":"https:\/\/www.larusee.com\/de\/produit\/carnets-de-voyage-la-suisse\/#primaryimage"},"image":{"@id":"https:\/\/www.larusee.com\/de\/produit\/carnets-de-voyage-la-suisse\/#primaryimage"},"thumbnailUrl":"https:\/\/www.larusee.com\/wp-content\/uploads\/2023\/10\/larusee-carnets-de-voyage-la-Suisse-50cl-closeup.jpg","datePublished":"2023-10-06T09:28:53+00:00","dateModified":"2026-03-25T10:09:09+00:00","description":"Er wird haupts\u00e4chlich mit Alpenpflanzen destilliert. Sein Duft nach Zitronenthymian, Minze und Edelwei\u00df versetzt Sie in das Herz der Schweizer Alpen.","breadcrumb":{"@id":"https:\/\/www.larusee.com\/de\/produit\/carnets-de-voyage-la-suisse\/#breadcrumb"},"inLanguage":"de","potentialAction":[{"@type":"ReadAction","target":["https:\/\/www.larusee.com\/de\/produit\/carnets-de-voyage-la-suisse\/"]}]},{"@type":"ImageObject","inLanguage":"de","@id":"https:\/\/www.larusee.com\/de\/produit\/carnets-de-voyage-la-suisse\/#primaryimage","url":"https:\/\/www.larusee.com\/wp-content\/uploads\/2023\/10\/larusee-carnets-de-voyage-la-Suisse-50cl-closeup.jpg","contentUrl":"https:\/\/www.larusee.com\/wp-content\/uploads\/2023\/10\/larusee-carnets-de-voyage-la-Suisse-50cl-closeup.jpg","width":1600,"height":2000},{"@type":"BreadcrumbList","@id":"https:\/\/www.larusee.com\/de\/produit\/carnets-de-voyage-la-suisse\/#breadcrumb","itemListElement":[{"@type":"ListItem","position":1,"name":"Accueil","item":"https:\/\/www.larusee.com\/de\/"},{"@type":"ListItem","position":2,"name":"Boutique","item":"https:\/\/www.larusee.com\/de\/boutique\/"},{"@type":"ListItem","position":3,"name":"Carnets de voyage: La Suisse"}]},{"@type":"WebSite","@id":"https:\/\/www.larusee.com\/de\/#website","url":"https:\/\/www.larusee.com\/de\/","name":"Larus\u00e9e","description":"Distillateur d&#039;\u00e9motions","publisher":{"@id":"https:\/\/www.larusee.com\/de\/#organization"},"potentialAction":[{"@type":"SearchAction","target":{"@type":"EntryPoint","urlTemplate":"https:\/\/www.larusee.com\/de\/?s={search_term_string}"},"query-input":{"@type":"PropertyValueSpecification","valueRequired":true,"valueName":"search_term_string"}}],"inLanguage":"de"},{"@type":"Organization","@id":"https:\/\/www.larusee.com\/de\/#organization","name":"Larus\u00e9e","url":"https:\/\/www.larusee.com\/de\/","logo":{"@type":"ImageObject","inLanguage":"de","@id":"https:\/\/www.larusee.com\/de\/#\/schema\/logo\/image\/","url":"https:\/\/www.larusee.com\/wp-content\/uploads\/2019\/04\/Logo_Larusee_Noir.png","contentUrl":"https:\/\/www.larusee.com\/wp-content\/uploads\/2019\/04\/Logo_Larusee_Noir.png","width":1181,"height":318,"caption":"Larus\u00e9e"},"image":{"@id":"https:\/\/www.larusee.com\/de\/#\/schema\/logo\/image\/"},"sameAs":["https:\/\/www.facebook.com\/AbsintheLarusee","https:\/\/www.instagram.com\/distillerielarusee\/"]}]}},"_links":{"self":[{"href":"https:\/\/www.larusee.com\/de\/wp-json\/wp\/v2\/product\/20452","targetHints":{"allow":["GET"]}}],"collection":[{"href":"https:\/\/www.larusee.com\/de\/wp-json\/wp\/v2\/product"}],"about":[{"href":"https:\/\/www.larusee.com\/de\/wp-json\/wp\/v2\/types\/product"}],"version-history":[{"count":22,"href":"https:\/\/www.larusee.com\/de\/wp-json\/wp\/v2\/product\/20452\/revisions"}],"predecessor-version":[{"id":22875,"href":"https:\/\/www.larusee.com\/de\/wp-json\/wp\/v2\/product\/20452\/revisions\/22875"}],"wp:featuredmedia":[{"embeddable":true,"href":"https:\/\/www.larusee.com\/de\/wp-json\/wp\/v2\/media\/20456"}],"wp:attachment":[{"href":"https:\/\/www.larusee.com\/de\/wp-json\/wp\/v2\/media?parent=20452"}],"wp:term":[{"taxonomy":"product_brand","embeddable":true,"href":"https:\/\/www.larusee.com\/de\/wp-json\/wp\/v2\/product_brand?post=20452"},{"taxonomy":"product_cat","embeddable":true,"href":"https:\/\/www.larusee.com\/de\/wp-json\/wp\/v2\/product_cat?post=20452"},{"taxonomy":"product_tag","embeddable":true,"href":"https:\/\/www.larusee.com\/de\/wp-json\/wp\/v2\/product_tag?post=20452"}],"curies":[{"name":"wp","href":"https:\/\/api.w.org\/{rel}","templated":true}]}}