{"id":17068,"date":"2023-05-22T16:05:25","date_gmt":"2023-05-22T14:05:25","guid":{"rendered":"https:\/\/www.larusee.com\/?post_type=product&#038;p=17068"},"modified":"2023-05-22T17:14:41","modified_gmt":"2023-05-22T15:14:41","slug":"toms-tonic-water-20cl-6er-pack","status":"publish","type":"product","link":"https:\/\/www.larusee.com\/de\/produit\/toms-tonic-water-20cl-6er-pack\/","title":{"rendered":"Tom&#8217;s Tonic Water 20cl 6er Pack"},"content":{"rendered":"<div class=\"wpb-content-wrapper\"><p>[vc_row][vc_column][vc_column_text]<\/p>\n<div class=\"\">\n<p><b>Flascheninhalt:<\/b> 6x 20 cl<br \/>\n<b><\/b><\/p>\n<\/div>\n<p>[\/vc_column_text][vc_column_text]<em>Handcrafted by nature<\/em> ist Tom&#8217;s Mojo. Es bedeutet, dass sie so viele nat\u00fcrliche Zutaten wie m\u00f6glich f\u00fcr ihre Getr\u00e4nke verwenden, dass sie bei der Herstellung auf h\u00f6chste Qualit\u00e4t achten und dass sie den Geschmack der Natur in ihren Produkten hervorheben.[\/vc_column_text][\/vc_column][\/vc_row]<\/p>\n<\/div>","protected":false},"excerpt":{"rendered":"<div class=\"\">\n<p>Tom&#8217;s Tonic ist nicht farblos, sondern rot. Woher kommt diese Farbe? Entscheidend f\u00fcr den Geschmack ist das Chinin, das dem Tonic seine typisch bittere Note verleiht. F\u00fcr unser Tonic extrahieren wir das Chinin nach einem traditionellen Verfahren direkt aus der Rinde des Chinarindenbaums. Neben den Bitterstoffen werden auch Farbpigmente gel\u00f6st, die dem Tonic seine r\u00f6tliche Farbe verleihen.<\/p>\n<p>Hinzu kommen Zitronengras, Ingwer, Pfeffer, Zitronensaft, Zitronens\u00e4ure, Aroniabeeren &#8211; und Zucker. Mit gerade einmal 5,9 Gramm Zucker pro 100 ml passt Tom&#8217;s Tonic Water gut zu aromatischen Gins.<\/p>\n<\/div>\n","protected":false},"featured_media":17064,"template":"","meta":[],"product_brand":[],"product_cat":[753,1420,804,749],"product_tag":[1421,1195,1015,826,806,1422,1014],"class_list":{"0":"post-17068","1":"product","2":"type-product","3":"status-publish","4":"has-post-thumbnail","6":"product_cat-der-shop","7":"product_cat-tonic","8":"product_cat-unsere-produkte","9":"product_cat-zubehoer","10":"product_tag-bern-de","11":"product_tag-gin-tonic-de","12":"product_tag-hergestellt-in-der-schweiz","13":"product_tag-larusee-de","14":"product_tag-schweiz","15":"product_tag-toms-de","16":"product_tag-tonic-de","18":"first","19":"outofstock","20":"taxable","21":"shipping-taxable","22":"purchasable","23":"product-type-simple"},"yoast_head":"<!-- This site is optimized with the Yoast SEO plugin v27.5 - https:\/\/yoast.com\/product\/yoast-seo-wordpress\/ -->\n<title>Tom&#039;s Tonic Water 20cl 6er Pack - Larus\u00e9e<\/title>\n<meta name=\"description\" content=\"Das Schweizer Tonic, das in Bern handwerklich hergestellt wird. Er passt perfekt zum salzigen und rauchigen Gin von Larus\u00e9e: Carnets de voyage: Oslo.\" \/>\n<meta name=\"robots\" content=\"index, follow, max-snippet:-1, max-image-preview:large, max-video-preview:-1\" \/>\n<link rel=\"canonical\" href=\"https:\/\/www.larusee.com\/de\/produit\/toms-tonic-water-20cl-6er-pack\/\" \/>\n<meta property=\"og:locale\" content=\"de_DE\" \/>\n<meta property=\"og:type\" content=\"article\" \/>\n<meta property=\"og:title\" content=\"Tom&#039;s Tonic Water 20cl 6er Pack - Larus\u00e9e\" \/>\n<meta property=\"og:description\" content=\"Das Schweizer Tonic, das in Bern handwerklich hergestellt wird. Er passt perfekt zum salzigen und rauchigen Gin von Larus\u00e9e: Carnets de voyage: Oslo.\" \/>\n<meta property=\"og:url\" content=\"https:\/\/www.larusee.com\/de\/produit\/toms-tonic-water-20cl-6er-pack\/\" \/>\n<meta property=\"og:site_name\" content=\"Larus\u00e9e\" \/>\n<meta property=\"article:publisher\" content=\"https:\/\/www.facebook.com\/AbsintheLarusee\" \/>\n<meta property=\"article:modified_time\" content=\"2023-05-22T15:14:41+00:00\" \/>\n<meta property=\"og:image\" content=\"https:\/\/www.larusee.com\/wp-content\/uploads\/2021\/05\/Toms-tonic-20cl-closeup.jpg\" \/>\n\t<meta property=\"og:image:width\" content=\"1600\" \/>\n\t<meta property=\"og:image:height\" content=\"2000\" \/>\n\t<meta property=\"og:image:type\" content=\"image\/jpeg\" \/>\n<meta name=\"twitter:card\" content=\"summary_large_image\" \/>\n<script type=\"application\/ld+json\" class=\"yoast-schema-graph\">{\"@context\":\"https:\\\/\\\/schema.org\",\"@graph\":[{\"@type\":\"WebPage\",\"@id\":\"https:\\\/\\\/www.larusee.com\\\/de\\\/produit\\\/toms-tonic-water-20cl-6er-pack\\\/\",\"url\":\"https:\\\/\\\/www.larusee.com\\\/de\\\/produit\\\/toms-tonic-water-20cl-6er-pack\\\/\",\"name\":\"Tom's Tonic Water 20cl 6er Pack - Larus\u00e9e\",\"isPartOf\":{\"@id\":\"https:\\\/\\\/www.larusee.com\\\/de\\\/#website\"},\"primaryImageOfPage\":{\"@id\":\"https:\\\/\\\/www.larusee.com\\\/de\\\/produit\\\/toms-tonic-water-20cl-6er-pack\\\/#primaryimage\"},\"image\":{\"@id\":\"https:\\\/\\\/www.larusee.com\\\/de\\\/produit\\\/toms-tonic-water-20cl-6er-pack\\\/#primaryimage\"},\"thumbnailUrl\":\"https:\\\/\\\/www.larusee.com\\\/wp-content\\\/uploads\\\/2021\\\/05\\\/Toms-tonic-20cl-closeup.jpg\",\"datePublished\":\"2023-05-22T14:05:25+00:00\",\"dateModified\":\"2023-05-22T15:14:41+00:00\",\"description\":\"Das Schweizer Tonic, das in Bern handwerklich hergestellt wird. Er passt perfekt zum salzigen und rauchigen Gin von Larus\u00e9e: Carnets de voyage: Oslo.\",\"breadcrumb\":{\"@id\":\"https:\\\/\\\/www.larusee.com\\\/de\\\/produit\\\/toms-tonic-water-20cl-6er-pack\\\/#breadcrumb\"},\"inLanguage\":\"de\",\"potentialAction\":[{\"@type\":\"ReadAction\",\"target\":[\"https:\\\/\\\/www.larusee.com\\\/de\\\/produit\\\/toms-tonic-water-20cl-6er-pack\\\/\"]}]},{\"@type\":\"ImageObject\",\"inLanguage\":\"de\",\"@id\":\"https:\\\/\\\/www.larusee.com\\\/de\\\/produit\\\/toms-tonic-water-20cl-6er-pack\\\/#primaryimage\",\"url\":\"https:\\\/\\\/www.larusee.com\\\/wp-content\\\/uploads\\\/2021\\\/05\\\/Toms-tonic-20cl-closeup.jpg\",\"contentUrl\":\"https:\\\/\\\/www.larusee.com\\\/wp-content\\\/uploads\\\/2021\\\/05\\\/Toms-tonic-20cl-closeup.jpg\",\"width\":1600,\"height\":2000,\"caption\":\"Tom's - Tonic Water\"},{\"@type\":\"BreadcrumbList\",\"@id\":\"https:\\\/\\\/www.larusee.com\\\/de\\\/produit\\\/toms-tonic-water-20cl-6er-pack\\\/#breadcrumb\",\"itemListElement\":[{\"@type\":\"ListItem\",\"position\":1,\"name\":\"Accueil\",\"item\":\"https:\\\/\\\/www.larusee.com\\\/de\\\/\"},{\"@type\":\"ListItem\",\"position\":2,\"name\":\"Boutique\",\"item\":\"https:\\\/\\\/www.larusee.com\\\/de\\\/boutique\\\/\"},{\"@type\":\"ListItem\",\"position\":3,\"name\":\"Tom&#8217;s Tonic Water 20cl 6er Pack\"}]},{\"@type\":\"WebSite\",\"@id\":\"https:\\\/\\\/www.larusee.com\\\/de\\\/#website\",\"url\":\"https:\\\/\\\/www.larusee.com\\\/de\\\/\",\"name\":\"Larus\u00e9e\",\"description\":\"Distillateur d&#039;\u00e9motions\",\"publisher\":{\"@id\":\"https:\\\/\\\/www.larusee.com\\\/de\\\/#organization\"},\"potentialAction\":[{\"@type\":\"SearchAction\",\"target\":{\"@type\":\"EntryPoint\",\"urlTemplate\":\"https:\\\/\\\/www.larusee.com\\\/de\\\/?s={search_term_string}\"},\"query-input\":{\"@type\":\"PropertyValueSpecification\",\"valueRequired\":true,\"valueName\":\"search_term_string\"}}],\"inLanguage\":\"de\"},{\"@type\":\"Organization\",\"@id\":\"https:\\\/\\\/www.larusee.com\\\/de\\\/#organization\",\"name\":\"Larus\u00e9e\",\"url\":\"https:\\\/\\\/www.larusee.com\\\/de\\\/\",\"logo\":{\"@type\":\"ImageObject\",\"inLanguage\":\"de\",\"@id\":\"https:\\\/\\\/www.larusee.com\\\/de\\\/#\\\/schema\\\/logo\\\/image\\\/\",\"url\":\"https:\\\/\\\/www.larusee.com\\\/wp-content\\\/uploads\\\/2019\\\/04\\\/Logo_Larusee_Noir.png\",\"contentUrl\":\"https:\\\/\\\/www.larusee.com\\\/wp-content\\\/uploads\\\/2019\\\/04\\\/Logo_Larusee_Noir.png\",\"width\":1181,\"height\":318,\"caption\":\"Larus\u00e9e\"},\"image\":{\"@id\":\"https:\\\/\\\/www.larusee.com\\\/de\\\/#\\\/schema\\\/logo\\\/image\\\/\"},\"sameAs\":[\"https:\\\/\\\/www.facebook.com\\\/AbsintheLarusee\",\"https:\\\/\\\/www.instagram.com\\\/distillerielarusee\\\/\"]}]}<\/script>\n<!-- \/ Yoast SEO plugin. -->","yoast_head_json":{"title":"Tom's Tonic Water 20cl 6er Pack - Larus\u00e9e","description":"Das Schweizer Tonic, das in Bern handwerklich hergestellt wird. Er passt perfekt zum salzigen und rauchigen Gin von Larus\u00e9e: Carnets de voyage: Oslo.","robots":{"index":"index","follow":"follow","max-snippet":"max-snippet:-1","max-image-preview":"max-image-preview:large","max-video-preview":"max-video-preview:-1"},"canonical":"https:\/\/www.larusee.com\/de\/produit\/toms-tonic-water-20cl-6er-pack\/","og_locale":"de_DE","og_type":"article","og_title":"Tom's Tonic Water 20cl 6er Pack - Larus\u00e9e","og_description":"Das Schweizer Tonic, das in Bern handwerklich hergestellt wird. Er passt perfekt zum salzigen und rauchigen Gin von Larus\u00e9e: Carnets de voyage: Oslo.","og_url":"https:\/\/www.larusee.com\/de\/produit\/toms-tonic-water-20cl-6er-pack\/","og_site_name":"Larus\u00e9e","article_publisher":"https:\/\/www.facebook.com\/AbsintheLarusee","article_modified_time":"2023-05-22T15:14:41+00:00","og_image":[{"width":1600,"height":2000,"url":"https:\/\/www.larusee.com\/wp-content\/uploads\/2021\/05\/Toms-tonic-20cl-closeup.jpg","type":"image\/jpeg"}],"twitter_card":"summary_large_image","schema":{"@context":"https:\/\/schema.org","@graph":[{"@type":"WebPage","@id":"https:\/\/www.larusee.com\/de\/produit\/toms-tonic-water-20cl-6er-pack\/","url":"https:\/\/www.larusee.com\/de\/produit\/toms-tonic-water-20cl-6er-pack\/","name":"Tom's Tonic Water 20cl 6er Pack - Larus\u00e9e","isPartOf":{"@id":"https:\/\/www.larusee.com\/de\/#website"},"primaryImageOfPage":{"@id":"https:\/\/www.larusee.com\/de\/produit\/toms-tonic-water-20cl-6er-pack\/#primaryimage"},"image":{"@id":"https:\/\/www.larusee.com\/de\/produit\/toms-tonic-water-20cl-6er-pack\/#primaryimage"},"thumbnailUrl":"https:\/\/www.larusee.com\/wp-content\/uploads\/2021\/05\/Toms-tonic-20cl-closeup.jpg","datePublished":"2023-05-22T14:05:25+00:00","dateModified":"2023-05-22T15:14:41+00:00","description":"Das Schweizer Tonic, das in Bern handwerklich hergestellt wird. Er passt perfekt zum salzigen und rauchigen Gin von Larus\u00e9e: Carnets de voyage: Oslo.","breadcrumb":{"@id":"https:\/\/www.larusee.com\/de\/produit\/toms-tonic-water-20cl-6er-pack\/#breadcrumb"},"inLanguage":"de","potentialAction":[{"@type":"ReadAction","target":["https:\/\/www.larusee.com\/de\/produit\/toms-tonic-water-20cl-6er-pack\/"]}]},{"@type":"ImageObject","inLanguage":"de","@id":"https:\/\/www.larusee.com\/de\/produit\/toms-tonic-water-20cl-6er-pack\/#primaryimage","url":"https:\/\/www.larusee.com\/wp-content\/uploads\/2021\/05\/Toms-tonic-20cl-closeup.jpg","contentUrl":"https:\/\/www.larusee.com\/wp-content\/uploads\/2021\/05\/Toms-tonic-20cl-closeup.jpg","width":1600,"height":2000,"caption":"Tom's - Tonic Water"},{"@type":"BreadcrumbList","@id":"https:\/\/www.larusee.com\/de\/produit\/toms-tonic-water-20cl-6er-pack\/#breadcrumb","itemListElement":[{"@type":"ListItem","position":1,"name":"Accueil","item":"https:\/\/www.larusee.com\/de\/"},{"@type":"ListItem","position":2,"name":"Boutique","item":"https:\/\/www.larusee.com\/de\/boutique\/"},{"@type":"ListItem","position":3,"name":"Tom&#8217;s Tonic Water 20cl 6er Pack"}]},{"@type":"WebSite","@id":"https:\/\/www.larusee.com\/de\/#website","url":"https:\/\/www.larusee.com\/de\/","name":"Larus\u00e9e","description":"Distillateur d&#039;\u00e9motions","publisher":{"@id":"https:\/\/www.larusee.com\/de\/#organization"},"potentialAction":[{"@type":"SearchAction","target":{"@type":"EntryPoint","urlTemplate":"https:\/\/www.larusee.com\/de\/?s={search_term_string}"},"query-input":{"@type":"PropertyValueSpecification","valueRequired":true,"valueName":"search_term_string"}}],"inLanguage":"de"},{"@type":"Organization","@id":"https:\/\/www.larusee.com\/de\/#organization","name":"Larus\u00e9e","url":"https:\/\/www.larusee.com\/de\/","logo":{"@type":"ImageObject","inLanguage":"de","@id":"https:\/\/www.larusee.com\/de\/#\/schema\/logo\/image\/","url":"https:\/\/www.larusee.com\/wp-content\/uploads\/2019\/04\/Logo_Larusee_Noir.png","contentUrl":"https:\/\/www.larusee.com\/wp-content\/uploads\/2019\/04\/Logo_Larusee_Noir.png","width":1181,"height":318,"caption":"Larus\u00e9e"},"image":{"@id":"https:\/\/www.larusee.com\/de\/#\/schema\/logo\/image\/"},"sameAs":["https:\/\/www.facebook.com\/AbsintheLarusee","https:\/\/www.instagram.com\/distillerielarusee\/"]}]}},"_links":{"self":[{"href":"https:\/\/www.larusee.com\/de\/wp-json\/wp\/v2\/product\/17068","targetHints":{"allow":["GET"]}}],"collection":[{"href":"https:\/\/www.larusee.com\/de\/wp-json\/wp\/v2\/product"}],"about":[{"href":"https:\/\/www.larusee.com\/de\/wp-json\/wp\/v2\/types\/product"}],"version-history":[{"count":0,"href":"https:\/\/www.larusee.com\/de\/wp-json\/wp\/v2\/product\/17068\/revisions"}],"wp:featuredmedia":[{"embeddable":true,"href":"https:\/\/www.larusee.com\/de\/wp-json\/wp\/v2\/media\/17064"}],"wp:attachment":[{"href":"https:\/\/www.larusee.com\/de\/wp-json\/wp\/v2\/media?parent=17068"}],"wp:term":[{"taxonomy":"product_brand","embeddable":true,"href":"https:\/\/www.larusee.com\/de\/wp-json\/wp\/v2\/product_brand?post=17068"},{"taxonomy":"product_cat","embeddable":true,"href":"https:\/\/www.larusee.com\/de\/wp-json\/wp\/v2\/product_cat?post=17068"},{"taxonomy":"product_tag","embeddable":true,"href":"https:\/\/www.larusee.com\/de\/wp-json\/wp\/v2\/product_tag?post=17068"}],"curies":[{"name":"wp","href":"https:\/\/api.w.org\/{rel}","templated":true}]}}