{"id":16189,"date":"2022-03-18T11:05:58","date_gmt":"2022-03-18T10:05:58","guid":{"rendered":"https:\/\/www.larusee.com\/?post_type=product&#038;p=16189"},"modified":"2023-12-03T18:46:39","modified_gmt":"2023-12-03T17:46:39","slug":"absinthe-vieille-larusee-dix-2022","status":"publish","type":"product","link":"https:\/\/www.larusee.com\/de\/produit\/absinthe-vieille-larusee-dix-2022\/","title":{"rendered":"Absinthe Vieille Larus\u00e9e DIX 2022"},"content":{"rendered":"<div class=\"wpb-content-wrapper\"><p>[vc_row][vc_column width=&#8220;1\/2&#8243;][vc_column_text]<\/p>\n<div class=\"\">\n<p><b>Kapazit\u00e4t\u2009:<\/b> 50 cl<br \/>\n<b>Volumen\u2009:<\/b> 45.2% vol.<\/p>\n<h5>Die Verkostungsnotiz<\/h5>\n<div class=\"\">\n<p><em>Goldene Farbe, reiche und komplexe Nase auf Panettone und Vanille.<\/em><\/p>\n<p><em>N\u00fcchterner, aber intensiver Angriff, fast mineralisch. Die Kraft offenbart sich nach und nach, sch\u00f6ne Persistenz mit Noten von Rosinen und Pralinen.<\/em><\/p>\n<\/div>\n<\/div>\n<p>[\/vc_column_text][\/vc_column][vc_column width=&#8220;1\/2&#8243;][\/vc_column][\/vc_row]<\/p>\n<\/div>","protected":false},"excerpt":{"rendered":"<div class=\"\">\n<p>Dieser Absinth Larus\u00e9e Blanche de L\u00e9on wurde 28 Monate lang in einem Eichenfass gereift, das zuvor Chardonnay aus dem au\u00dfergew\u00f6hnlichen Weingut Roulot in der Appellation Meursault 1er Cru (Burgund, Frankreich) enthielt.<\/p>\n<p>Diese Ausgabe, die am 21. M\u00e4rz 2022 eingef\u00fchrt wurde, feiert zehn Jahre seit der Gr\u00fcndung unserer Brennerei.<\/p>\n<p><strong>Einzelausgabe von 552 nummerierten Flaschen<\/strong><\/p>\n<\/div>\n","protected":false},"featured_media":16193,"template":"","meta":[],"product_brand":[],"product_cat":[753,903,804],"product_tag":[805,1325,971,826,840,1252],"class_list":{"0":"post-16189","1":"product","2":"type-product","3":"status-publish","4":"has-post-thumbnail","6":"product_cat-der-shop","7":"product_cat-les-precieuses-de","8":"product_cat-unsere-produkte","9":"product_tag-absinthe-de","10":"product_tag-burgund","11":"product_tag-frankreich","12":"product_tag-larusee-de","13":"product_tag-limitierte-auflage","14":"product_tag-meursault-de","16":"first","17":"outofstock","18":"taxable","19":"shipping-taxable","20":"purchasable","21":"product-type-simple"},"yoast_head":"<!-- This site is optimized with the Yoast SEO plugin v27.5 - https:\/\/yoast.com\/product\/yoast-seo-wordpress\/ -->\n<title>Absinthe Vieille Larus\u00e9e DIX 2022 - Larus\u00e9e<\/title>\n<meta name=\"description\" content=\"Absinth Vieille Larus\u00e9e DIX wurde 28 Monate lang in einem Fass gereift, das den 1er Cru von einem au\u00dfergew\u00f6hnlichen Weingut in Meursault enthielt.\" \/>\n<meta name=\"robots\" content=\"index, follow, max-snippet:-1, max-image-preview:large, max-video-preview:-1\" \/>\n<link rel=\"canonical\" href=\"https:\/\/www.larusee.com\/de\/produit\/absinthe-vieille-larusee-dix-2022\/\" \/>\n<meta property=\"og:locale\" content=\"de_DE\" \/>\n<meta property=\"og:type\" content=\"article\" \/>\n<meta property=\"og:title\" content=\"Absinthe Vieille Larus\u00e9e DIX 2022 - Larus\u00e9e\" \/>\n<meta property=\"og:description\" content=\"Absinth Vieille Larus\u00e9e DIX wurde 28 Monate lang in einem Fass gereift, das den 1er Cru von einem au\u00dfergew\u00f6hnlichen Weingut in Meursault enthielt.\" \/>\n<meta property=\"og:url\" content=\"https:\/\/www.larusee.com\/de\/produit\/absinthe-vieille-larusee-dix-2022\/\" \/>\n<meta property=\"og:site_name\" content=\"Larus\u00e9e\" \/>\n<meta property=\"article:publisher\" content=\"https:\/\/www.facebook.com\/AbsintheLarusee\" \/>\n<meta property=\"article:modified_time\" content=\"2023-12-03T17:46:39+00:00\" \/>\n<meta property=\"og:image\" content=\"https:\/\/www.larusee.com\/wp-content\/uploads\/2022\/03\/Larusee-absinthe-vieille-dix.jpg\" \/>\n\t<meta property=\"og:image:width\" content=\"1600\" \/>\n\t<meta property=\"og:image:height\" content=\"2000\" \/>\n\t<meta property=\"og:image:type\" content=\"image\/jpeg\" \/>\n<meta name=\"twitter:card\" content=\"summary_large_image\" \/>\n<script type=\"application\/ld+json\" class=\"yoast-schema-graph\">{\"@context\":\"https:\\\/\\\/schema.org\",\"@graph\":[{\"@type\":\"WebPage\",\"@id\":\"https:\\\/\\\/www.larusee.com\\\/de\\\/produit\\\/absinthe-vieille-larusee-dix-2022\\\/\",\"url\":\"https:\\\/\\\/www.larusee.com\\\/de\\\/produit\\\/absinthe-vieille-larusee-dix-2022\\\/\",\"name\":\"Absinthe Vieille Larus\u00e9e DIX 2022 - Larus\u00e9e\",\"isPartOf\":{\"@id\":\"https:\\\/\\\/www.larusee.com\\\/de\\\/#website\"},\"primaryImageOfPage\":{\"@id\":\"https:\\\/\\\/www.larusee.com\\\/de\\\/produit\\\/absinthe-vieille-larusee-dix-2022\\\/#primaryimage\"},\"image\":{\"@id\":\"https:\\\/\\\/www.larusee.com\\\/de\\\/produit\\\/absinthe-vieille-larusee-dix-2022\\\/#primaryimage\"},\"thumbnailUrl\":\"https:\\\/\\\/www.larusee.com\\\/wp-content\\\/uploads\\\/2022\\\/03\\\/Larusee-absinthe-vieille-dix.jpg\",\"datePublished\":\"2022-03-18T10:05:58+00:00\",\"dateModified\":\"2023-12-03T17:46:39+00:00\",\"description\":\"Absinth Vieille Larus\u00e9e DIX wurde 28 Monate lang in einem Fass gereift, das den 1er Cru von einem au\u00dfergew\u00f6hnlichen Weingut in Meursault enthielt.\",\"breadcrumb\":{\"@id\":\"https:\\\/\\\/www.larusee.com\\\/de\\\/produit\\\/absinthe-vieille-larusee-dix-2022\\\/#breadcrumb\"},\"inLanguage\":\"de\",\"potentialAction\":[{\"@type\":\"ReadAction\",\"target\":[\"https:\\\/\\\/www.larusee.com\\\/de\\\/produit\\\/absinthe-vieille-larusee-dix-2022\\\/\"]}]},{\"@type\":\"ImageObject\",\"inLanguage\":\"de\",\"@id\":\"https:\\\/\\\/www.larusee.com\\\/de\\\/produit\\\/absinthe-vieille-larusee-dix-2022\\\/#primaryimage\",\"url\":\"https:\\\/\\\/www.larusee.com\\\/wp-content\\\/uploads\\\/2022\\\/03\\\/Larusee-absinthe-vieille-dix.jpg\",\"contentUrl\":\"https:\\\/\\\/www.larusee.com\\\/wp-content\\\/uploads\\\/2022\\\/03\\\/Larusee-absinthe-vieille-dix.jpg\",\"width\":1600,\"height\":2000,\"caption\":\"Absinthe Vieille Larus\u00e9e DIX 2022 Larus\u00e9e Bouteille Les Pr\u00e9cieuses\"},{\"@type\":\"BreadcrumbList\",\"@id\":\"https:\\\/\\\/www.larusee.com\\\/de\\\/produit\\\/absinthe-vieille-larusee-dix-2022\\\/#breadcrumb\",\"itemListElement\":[{\"@type\":\"ListItem\",\"position\":1,\"name\":\"Accueil\",\"item\":\"https:\\\/\\\/www.larusee.com\\\/de\\\/\"},{\"@type\":\"ListItem\",\"position\":2,\"name\":\"Boutique\",\"item\":\"https:\\\/\\\/www.larusee.com\\\/de\\\/boutique\\\/\"},{\"@type\":\"ListItem\",\"position\":3,\"name\":\"Absinthe Vieille Larus\u00e9e DIX 2022\"}]},{\"@type\":\"WebSite\",\"@id\":\"https:\\\/\\\/www.larusee.com\\\/de\\\/#website\",\"url\":\"https:\\\/\\\/www.larusee.com\\\/de\\\/\",\"name\":\"Larus\u00e9e\",\"description\":\"Distillateur d&#039;\u00e9motions\",\"publisher\":{\"@id\":\"https:\\\/\\\/www.larusee.com\\\/de\\\/#organization\"},\"potentialAction\":[{\"@type\":\"SearchAction\",\"target\":{\"@type\":\"EntryPoint\",\"urlTemplate\":\"https:\\\/\\\/www.larusee.com\\\/de\\\/?s={search_term_string}\"},\"query-input\":{\"@type\":\"PropertyValueSpecification\",\"valueRequired\":true,\"valueName\":\"search_term_string\"}}],\"inLanguage\":\"de\"},{\"@type\":\"Organization\",\"@id\":\"https:\\\/\\\/www.larusee.com\\\/de\\\/#organization\",\"name\":\"Larus\u00e9e\",\"url\":\"https:\\\/\\\/www.larusee.com\\\/de\\\/\",\"logo\":{\"@type\":\"ImageObject\",\"inLanguage\":\"de\",\"@id\":\"https:\\\/\\\/www.larusee.com\\\/de\\\/#\\\/schema\\\/logo\\\/image\\\/\",\"url\":\"https:\\\/\\\/www.larusee.com\\\/wp-content\\\/uploads\\\/2019\\\/04\\\/Logo_Larusee_Noir.png\",\"contentUrl\":\"https:\\\/\\\/www.larusee.com\\\/wp-content\\\/uploads\\\/2019\\\/04\\\/Logo_Larusee_Noir.png\",\"width\":1181,\"height\":318,\"caption\":\"Larus\u00e9e\"},\"image\":{\"@id\":\"https:\\\/\\\/www.larusee.com\\\/de\\\/#\\\/schema\\\/logo\\\/image\\\/\"},\"sameAs\":[\"https:\\\/\\\/www.facebook.com\\\/AbsintheLarusee\",\"https:\\\/\\\/www.instagram.com\\\/distillerielarusee\\\/\"]}]}<\/script>\n<!-- \/ Yoast SEO plugin. -->","yoast_head_json":{"title":"Absinthe Vieille Larus\u00e9e DIX 2022 - Larus\u00e9e","description":"Absinth Vieille Larus\u00e9e DIX wurde 28 Monate lang in einem Fass gereift, das den 1er Cru von einem au\u00dfergew\u00f6hnlichen Weingut in Meursault enthielt.","robots":{"index":"index","follow":"follow","max-snippet":"max-snippet:-1","max-image-preview":"max-image-preview:large","max-video-preview":"max-video-preview:-1"},"canonical":"https:\/\/www.larusee.com\/de\/produit\/absinthe-vieille-larusee-dix-2022\/","og_locale":"de_DE","og_type":"article","og_title":"Absinthe Vieille Larus\u00e9e DIX 2022 - Larus\u00e9e","og_description":"Absinth Vieille Larus\u00e9e DIX wurde 28 Monate lang in einem Fass gereift, das den 1er Cru von einem au\u00dfergew\u00f6hnlichen Weingut in Meursault enthielt.","og_url":"https:\/\/www.larusee.com\/de\/produit\/absinthe-vieille-larusee-dix-2022\/","og_site_name":"Larus\u00e9e","article_publisher":"https:\/\/www.facebook.com\/AbsintheLarusee","article_modified_time":"2023-12-03T17:46:39+00:00","og_image":[{"width":1600,"height":2000,"url":"https:\/\/www.larusee.com\/wp-content\/uploads\/2022\/03\/Larusee-absinthe-vieille-dix.jpg","type":"image\/jpeg"}],"twitter_card":"summary_large_image","schema":{"@context":"https:\/\/schema.org","@graph":[{"@type":"WebPage","@id":"https:\/\/www.larusee.com\/de\/produit\/absinthe-vieille-larusee-dix-2022\/","url":"https:\/\/www.larusee.com\/de\/produit\/absinthe-vieille-larusee-dix-2022\/","name":"Absinthe Vieille Larus\u00e9e DIX 2022 - Larus\u00e9e","isPartOf":{"@id":"https:\/\/www.larusee.com\/de\/#website"},"primaryImageOfPage":{"@id":"https:\/\/www.larusee.com\/de\/produit\/absinthe-vieille-larusee-dix-2022\/#primaryimage"},"image":{"@id":"https:\/\/www.larusee.com\/de\/produit\/absinthe-vieille-larusee-dix-2022\/#primaryimage"},"thumbnailUrl":"https:\/\/www.larusee.com\/wp-content\/uploads\/2022\/03\/Larusee-absinthe-vieille-dix.jpg","datePublished":"2022-03-18T10:05:58+00:00","dateModified":"2023-12-03T17:46:39+00:00","description":"Absinth Vieille Larus\u00e9e DIX wurde 28 Monate lang in einem Fass gereift, das den 1er Cru von einem au\u00dfergew\u00f6hnlichen Weingut in Meursault enthielt.","breadcrumb":{"@id":"https:\/\/www.larusee.com\/de\/produit\/absinthe-vieille-larusee-dix-2022\/#breadcrumb"},"inLanguage":"de","potentialAction":[{"@type":"ReadAction","target":["https:\/\/www.larusee.com\/de\/produit\/absinthe-vieille-larusee-dix-2022\/"]}]},{"@type":"ImageObject","inLanguage":"de","@id":"https:\/\/www.larusee.com\/de\/produit\/absinthe-vieille-larusee-dix-2022\/#primaryimage","url":"https:\/\/www.larusee.com\/wp-content\/uploads\/2022\/03\/Larusee-absinthe-vieille-dix.jpg","contentUrl":"https:\/\/www.larusee.com\/wp-content\/uploads\/2022\/03\/Larusee-absinthe-vieille-dix.jpg","width":1600,"height":2000,"caption":"Absinthe Vieille Larus\u00e9e DIX 2022 Larus\u00e9e Bouteille Les Pr\u00e9cieuses"},{"@type":"BreadcrumbList","@id":"https:\/\/www.larusee.com\/de\/produit\/absinthe-vieille-larusee-dix-2022\/#breadcrumb","itemListElement":[{"@type":"ListItem","position":1,"name":"Accueil","item":"https:\/\/www.larusee.com\/de\/"},{"@type":"ListItem","position":2,"name":"Boutique","item":"https:\/\/www.larusee.com\/de\/boutique\/"},{"@type":"ListItem","position":3,"name":"Absinthe Vieille Larus\u00e9e DIX 2022"}]},{"@type":"WebSite","@id":"https:\/\/www.larusee.com\/de\/#website","url":"https:\/\/www.larusee.com\/de\/","name":"Larus\u00e9e","description":"Distillateur d&#039;\u00e9motions","publisher":{"@id":"https:\/\/www.larusee.com\/de\/#organization"},"potentialAction":[{"@type":"SearchAction","target":{"@type":"EntryPoint","urlTemplate":"https:\/\/www.larusee.com\/de\/?s={search_term_string}"},"query-input":{"@type":"PropertyValueSpecification","valueRequired":true,"valueName":"search_term_string"}}],"inLanguage":"de"},{"@type":"Organization","@id":"https:\/\/www.larusee.com\/de\/#organization","name":"Larus\u00e9e","url":"https:\/\/www.larusee.com\/de\/","logo":{"@type":"ImageObject","inLanguage":"de","@id":"https:\/\/www.larusee.com\/de\/#\/schema\/logo\/image\/","url":"https:\/\/www.larusee.com\/wp-content\/uploads\/2019\/04\/Logo_Larusee_Noir.png","contentUrl":"https:\/\/www.larusee.com\/wp-content\/uploads\/2019\/04\/Logo_Larusee_Noir.png","width":1181,"height":318,"caption":"Larus\u00e9e"},"image":{"@id":"https:\/\/www.larusee.com\/de\/#\/schema\/logo\/image\/"},"sameAs":["https:\/\/www.facebook.com\/AbsintheLarusee","https:\/\/www.instagram.com\/distillerielarusee\/"]}]}},"_links":{"self":[{"href":"https:\/\/www.larusee.com\/de\/wp-json\/wp\/v2\/product\/16189","targetHints":{"allow":["GET"]}}],"collection":[{"href":"https:\/\/www.larusee.com\/de\/wp-json\/wp\/v2\/product"}],"about":[{"href":"https:\/\/www.larusee.com\/de\/wp-json\/wp\/v2\/types\/product"}],"version-history":[{"count":3,"href":"https:\/\/www.larusee.com\/de\/wp-json\/wp\/v2\/product\/16189\/revisions"}],"predecessor-version":[{"id":20927,"href":"https:\/\/www.larusee.com\/de\/wp-json\/wp\/v2\/product\/16189\/revisions\/20927"}],"wp:featuredmedia":[{"embeddable":true,"href":"https:\/\/www.larusee.com\/de\/wp-json\/wp\/v2\/media\/16193"}],"wp:attachment":[{"href":"https:\/\/www.larusee.com\/de\/wp-json\/wp\/v2\/media?parent=16189"}],"wp:term":[{"taxonomy":"product_brand","embeddable":true,"href":"https:\/\/www.larusee.com\/de\/wp-json\/wp\/v2\/product_brand?post=16189"},{"taxonomy":"product_cat","embeddable":true,"href":"https:\/\/www.larusee.com\/de\/wp-json\/wp\/v2\/product_cat?post=16189"},{"taxonomy":"product_tag","embeddable":true,"href":"https:\/\/www.larusee.com\/de\/wp-json\/wp\/v2\/product_tag?post=16189"}],"curies":[{"name":"wp","href":"https:\/\/api.w.org\/{rel}","templated":true}]}}