{"id":15327,"date":"2021-05-14T17:10:33","date_gmt":"2021-05-14T15:10:33","guid":{"rendered":"https:\/\/www.larusee.com\/?post_type=product&#038;p=15327"},"modified":"2025-02-10T11:05:24","modified_gmt":"2025-02-10T10:05:24","slug":"larusee-london-dry-gin-gintiane-50cl","status":"publish","type":"product","link":"https:\/\/www.larusee.com\/de\/produit\/larusee-london-dry-gin-gintiane-50cl\/","title":{"rendered":"Gintiane"},"content":{"rendered":"<div class=\"wpb-content-wrapper\"><p>[vc_row][vc_column width=&#8220;1\/2&#8243;][vc_column_text]<\/p>\n<div class=\"\">\n<p><b>Kapazit\u00e4t\u2009:<\/b> 50 cl<br \/>\n<b>Volumen\u2009:<\/b> 41% vol.<\/p>\n<h5>Die Verkostungsnotiz<\/h5>\n<div class=\"\">\n<p><em>Gintiane ist ein charakteristischer Gin, der in der Nase Noten von Kakao und Zitrusfr\u00fcchten zeigt. Am Gaumen weichen die ersten Enziannoten einem blumigen Abgang, in dem Rose und Violett gegeneinander antreten.<\/em><\/p>\n<\/div>\n<\/div>\n<p>[\/vc_column_text][vc_empty_space][vc_row_inner][vc_column_inner][vc_column_text]<\/p>\n<h2>Das perfekte Gin-Tonic!<\/h2>\n<p>[\/vc_column_text][\/vc_column_inner][\/vc_row_inner][vc_column_text]Wie w\u00e4re es, wenn Sie Ihrem Lieblingscocktail eine Wendung geben?<\/p>\n<ul>\n<li>2cl von Gintiane, dem Gin von Larus\u00e9e<\/li>\n<li>1 cl Larus\u00e9e Bleue Absinth<\/li>\n<li>20cl Tonic Kina\u00ef<\/li>\n<\/ul>\n<p>In ein gro\u00dfes Stielglas auf einem Bett aus Eisw\u00fcrfeln 2 cl Gintiane und dann 1 cl Larus\u00e9e Bleue Absinth gie\u00dfen. Top mit 20 cl Tonic Kina\u00ef. Mit einer Schale Grapefruit, Zitrone oder ein paar Bl\u00fctenbl\u00e4ttern Rosen oder Veilchen dekorieren.[\/vc_column_text][\/vc_column][vc_column width=&#8220;1\/2&#8243;][vc_column_text]<img decoding=\"async\" class=\"alignleft size-full wp-image-15241\" src=\"https:\/\/www.larusee.com\/wp-content\/uploads\/2019\/04\/plaque-l-2021-2.png\" alt=\"\" width=\"157\" height=\"220\" \/>Gintiane erhielt eine Goldmedaille bei der <a href=\"https:\/\/www.concourslyon.com\/concours-international-lyon.html\" target=\"_blank\" rel=\"noopener\">Concours International de Lyon<\/a>.[\/vc_column_text][\/vc_column][\/vc_row]<\/p>\n<\/div>","protected":false},"excerpt":{"rendered":"<div class=\"\">\n<p>Gintiane ist eine Anspielung auf unsere Herkunftsregion: das Pays de Neuch\u00e2tel. In der Tat wird dieser Londoner Dry Gin mit einem Hauch von Enzian- und Kakaowurzeln verfeinert, eine Hommage an die Montagnards, die das Entwurzeln von Enzianwurzeln von Hand fortf\u00fchren, und an Philippe Suchard, der in Neuenburg einer der Pioniere der Schokolade in der Mitte war -1800s.<\/p>\n<p><strong>Bis 12. Februar, 12 Uhr: Gintiane + 3 Kina\u00ef Tonics: CHF 49.90<\/strong><\/p>\n<\/div>\n","protected":false},"featured_media":15322,"template":"","meta":[],"product_brand":[],"product_cat":[753,1488,804,825],"product_tag":[1188,1187,826,1186,809,1189,806],"class_list":{"0":"post-15327","1":"product","2":"type-product","3":"status-publish","4":"has-post-thumbnail","6":"product_cat-der-shop","7":"product_cat-die-gins","8":"product_cat-unsere-produkte","9":"product_cat-unsere-spezialitaten","10":"product_tag-enzian","11":"product_tag-kakao","12":"product_tag-larusee-de","13":"product_tag-london-dry-gin-de","14":"product_tag-neuenburg","15":"product_tag-philippe-suchard-de","16":"product_tag-schweiz","18":"first","19":"instock","20":"taxable","21":"shipping-taxable","22":"purchasable","23":"product-type-simple"},"yoast_head":"<!-- This site is optimized with the Yoast SEO plugin v27.6 - https:\/\/yoast.com\/product\/yoast-seo-wordpress\/ -->\n<title>Gintiane - Larus\u00e9e<\/title>\n<meta name=\"description\" content=\"Schweizer Produkt, Gintiane ist ein London Dry Gin mit Charakter, verfeinert mit einem Hauch Enzianwurzeln und Kakao\" \/>\n<meta name=\"robots\" content=\"index, follow, max-snippet:-1, max-image-preview:large, max-video-preview:-1\" \/>\n<link rel=\"canonical\" href=\"https:\/\/www.larusee.com\/de\/produit\/larusee-london-dry-gin-gintiane-50cl\/\" \/>\n<meta property=\"og:locale\" content=\"de_DE\" \/>\n<meta property=\"og:type\" content=\"article\" \/>\n<meta property=\"og:title\" content=\"Gintiane - Larus\u00e9e\" \/>\n<meta property=\"og:description\" content=\"Schweizer Produkt, Gintiane ist ein London Dry Gin mit Charakter, verfeinert mit einem Hauch Enzianwurzeln und Kakao\" \/>\n<meta property=\"og:url\" content=\"https:\/\/www.larusee.com\/de\/produit\/larusee-london-dry-gin-gintiane-50cl\/\" \/>\n<meta property=\"og:site_name\" content=\"Larus\u00e9e\" \/>\n<meta property=\"article:publisher\" content=\"https:\/\/www.facebook.com\/AbsintheLarusee\" \/>\n<meta property=\"article:modified_time\" content=\"2025-02-10T10:05:24+00:00\" \/>\n<meta property=\"og:image\" content=\"https:\/\/www.larusee.com\/wp-content\/uploads\/2021\/05\/larusee-gintiane-50cl-closeup.jpg\" \/>\n\t<meta property=\"og:image:width\" content=\"1600\" \/>\n\t<meta property=\"og:image:height\" content=\"2000\" \/>\n\t<meta property=\"og:image:type\" content=\"image\/jpeg\" \/>\n<meta name=\"twitter:card\" content=\"summary_large_image\" \/>\n<meta name=\"twitter:label1\" content=\"Gesch\u00e4tzte Lesezeit\" \/>\n\t<meta name=\"twitter:data1\" content=\"1\u00a0Minute\" \/>\n<script type=\"application\/ld+json\" class=\"yoast-schema-graph\">{\"@context\":\"https:\\\/\\\/schema.org\",\"@graph\":[{\"@type\":\"WebPage\",\"@id\":\"https:\\\/\\\/www.larusee.com\\\/de\\\/produit\\\/larusee-london-dry-gin-gintiane-50cl\\\/\",\"url\":\"https:\\\/\\\/www.larusee.com\\\/de\\\/produit\\\/larusee-london-dry-gin-gintiane-50cl\\\/\",\"name\":\"Gintiane - Larus\u00e9e\",\"isPartOf\":{\"@id\":\"https:\\\/\\\/www.larusee.com\\\/de\\\/#website\"},\"primaryImageOfPage\":{\"@id\":\"https:\\\/\\\/www.larusee.com\\\/de\\\/produit\\\/larusee-london-dry-gin-gintiane-50cl\\\/#primaryimage\"},\"image\":{\"@id\":\"https:\\\/\\\/www.larusee.com\\\/de\\\/produit\\\/larusee-london-dry-gin-gintiane-50cl\\\/#primaryimage\"},\"thumbnailUrl\":\"https:\\\/\\\/www.larusee.com\\\/wp-content\\\/uploads\\\/2021\\\/05\\\/larusee-gintiane-50cl-closeup.jpg\",\"datePublished\":\"2021-05-14T15:10:33+00:00\",\"dateModified\":\"2025-02-10T10:05:24+00:00\",\"description\":\"Schweizer Produkt, Gintiane ist ein London Dry Gin mit Charakter, verfeinert mit einem Hauch Enzianwurzeln und Kakao\",\"breadcrumb\":{\"@id\":\"https:\\\/\\\/www.larusee.com\\\/de\\\/produit\\\/larusee-london-dry-gin-gintiane-50cl\\\/#breadcrumb\"},\"inLanguage\":\"de\",\"potentialAction\":[{\"@type\":\"ReadAction\",\"target\":[\"https:\\\/\\\/www.larusee.com\\\/de\\\/produit\\\/larusee-london-dry-gin-gintiane-50cl\\\/\"]}]},{\"@type\":\"ImageObject\",\"inLanguage\":\"de\",\"@id\":\"https:\\\/\\\/www.larusee.com\\\/de\\\/produit\\\/larusee-london-dry-gin-gintiane-50cl\\\/#primaryimage\",\"url\":\"https:\\\/\\\/www.larusee.com\\\/wp-content\\\/uploads\\\/2021\\\/05\\\/larusee-gintiane-50cl-closeup.jpg\",\"contentUrl\":\"https:\\\/\\\/www.larusee.com\\\/wp-content\\\/uploads\\\/2021\\\/05\\\/larusee-gintiane-50cl-closeup.jpg\",\"width\":1600,\"height\":2000},{\"@type\":\"BreadcrumbList\",\"@id\":\"https:\\\/\\\/www.larusee.com\\\/de\\\/produit\\\/larusee-london-dry-gin-gintiane-50cl\\\/#breadcrumb\",\"itemListElement\":[{\"@type\":\"ListItem\",\"position\":1,\"name\":\"Accueil\",\"item\":\"https:\\\/\\\/www.larusee.com\\\/de\\\/\"},{\"@type\":\"ListItem\",\"position\":2,\"name\":\"Boutique\",\"item\":\"https:\\\/\\\/www.larusee.com\\\/de\\\/boutique\\\/\"},{\"@type\":\"ListItem\",\"position\":3,\"name\":\"Gintiane\"}]},{\"@type\":\"WebSite\",\"@id\":\"https:\\\/\\\/www.larusee.com\\\/de\\\/#website\",\"url\":\"https:\\\/\\\/www.larusee.com\\\/de\\\/\",\"name\":\"Larus\u00e9e\",\"description\":\"Distillateur d&#039;\u00e9motions\",\"publisher\":{\"@id\":\"https:\\\/\\\/www.larusee.com\\\/de\\\/#organization\"},\"potentialAction\":[{\"@type\":\"SearchAction\",\"target\":{\"@type\":\"EntryPoint\",\"urlTemplate\":\"https:\\\/\\\/www.larusee.com\\\/de\\\/?s={search_term_string}\"},\"query-input\":{\"@type\":\"PropertyValueSpecification\",\"valueRequired\":true,\"valueName\":\"search_term_string\"}}],\"inLanguage\":\"de\"},{\"@type\":\"Organization\",\"@id\":\"https:\\\/\\\/www.larusee.com\\\/de\\\/#organization\",\"name\":\"Larus\u00e9e\",\"url\":\"https:\\\/\\\/www.larusee.com\\\/de\\\/\",\"logo\":{\"@type\":\"ImageObject\",\"inLanguage\":\"de\",\"@id\":\"https:\\\/\\\/www.larusee.com\\\/de\\\/#\\\/schema\\\/logo\\\/image\\\/\",\"url\":\"https:\\\/\\\/www.larusee.com\\\/wp-content\\\/uploads\\\/2019\\\/04\\\/Logo_Larusee_Noir.png\",\"contentUrl\":\"https:\\\/\\\/www.larusee.com\\\/wp-content\\\/uploads\\\/2019\\\/04\\\/Logo_Larusee_Noir.png\",\"width\":1181,\"height\":318,\"caption\":\"Larus\u00e9e\"},\"image\":{\"@id\":\"https:\\\/\\\/www.larusee.com\\\/de\\\/#\\\/schema\\\/logo\\\/image\\\/\"},\"sameAs\":[\"https:\\\/\\\/www.facebook.com\\\/AbsintheLarusee\",\"https:\\\/\\\/www.instagram.com\\\/distillerielarusee\\\/\"]}]}<\/script>\n<!-- \/ Yoast SEO plugin. -->","yoast_head_json":{"title":"Gintiane - Larus\u00e9e","description":"Schweizer Produkt, Gintiane ist ein London Dry Gin mit Charakter, verfeinert mit einem Hauch Enzianwurzeln und Kakao","robots":{"index":"index","follow":"follow","max-snippet":"max-snippet:-1","max-image-preview":"max-image-preview:large","max-video-preview":"max-video-preview:-1"},"canonical":"https:\/\/www.larusee.com\/de\/produit\/larusee-london-dry-gin-gintiane-50cl\/","og_locale":"de_DE","og_type":"article","og_title":"Gintiane - Larus\u00e9e","og_description":"Schweizer Produkt, Gintiane ist ein London Dry Gin mit Charakter, verfeinert mit einem Hauch Enzianwurzeln und Kakao","og_url":"https:\/\/www.larusee.com\/de\/produit\/larusee-london-dry-gin-gintiane-50cl\/","og_site_name":"Larus\u00e9e","article_publisher":"https:\/\/www.facebook.com\/AbsintheLarusee","article_modified_time":"2025-02-10T10:05:24+00:00","og_image":[{"width":1600,"height":2000,"url":"https:\/\/www.larusee.com\/wp-content\/uploads\/2021\/05\/larusee-gintiane-50cl-closeup.jpg","type":"image\/jpeg"}],"twitter_card":"summary_large_image","twitter_misc":{"Gesch\u00e4tzte Lesezeit":"1\u00a0Minute"},"schema":{"@context":"https:\/\/schema.org","@graph":[{"@type":"WebPage","@id":"https:\/\/www.larusee.com\/de\/produit\/larusee-london-dry-gin-gintiane-50cl\/","url":"https:\/\/www.larusee.com\/de\/produit\/larusee-london-dry-gin-gintiane-50cl\/","name":"Gintiane - Larus\u00e9e","isPartOf":{"@id":"https:\/\/www.larusee.com\/de\/#website"},"primaryImageOfPage":{"@id":"https:\/\/www.larusee.com\/de\/produit\/larusee-london-dry-gin-gintiane-50cl\/#primaryimage"},"image":{"@id":"https:\/\/www.larusee.com\/de\/produit\/larusee-london-dry-gin-gintiane-50cl\/#primaryimage"},"thumbnailUrl":"https:\/\/www.larusee.com\/wp-content\/uploads\/2021\/05\/larusee-gintiane-50cl-closeup.jpg","datePublished":"2021-05-14T15:10:33+00:00","dateModified":"2025-02-10T10:05:24+00:00","description":"Schweizer Produkt, Gintiane ist ein London Dry Gin mit Charakter, verfeinert mit einem Hauch Enzianwurzeln und Kakao","breadcrumb":{"@id":"https:\/\/www.larusee.com\/de\/produit\/larusee-london-dry-gin-gintiane-50cl\/#breadcrumb"},"inLanguage":"de","potentialAction":[{"@type":"ReadAction","target":["https:\/\/www.larusee.com\/de\/produit\/larusee-london-dry-gin-gintiane-50cl\/"]}]},{"@type":"ImageObject","inLanguage":"de","@id":"https:\/\/www.larusee.com\/de\/produit\/larusee-london-dry-gin-gintiane-50cl\/#primaryimage","url":"https:\/\/www.larusee.com\/wp-content\/uploads\/2021\/05\/larusee-gintiane-50cl-closeup.jpg","contentUrl":"https:\/\/www.larusee.com\/wp-content\/uploads\/2021\/05\/larusee-gintiane-50cl-closeup.jpg","width":1600,"height":2000},{"@type":"BreadcrumbList","@id":"https:\/\/www.larusee.com\/de\/produit\/larusee-london-dry-gin-gintiane-50cl\/#breadcrumb","itemListElement":[{"@type":"ListItem","position":1,"name":"Accueil","item":"https:\/\/www.larusee.com\/de\/"},{"@type":"ListItem","position":2,"name":"Boutique","item":"https:\/\/www.larusee.com\/de\/boutique\/"},{"@type":"ListItem","position":3,"name":"Gintiane"}]},{"@type":"WebSite","@id":"https:\/\/www.larusee.com\/de\/#website","url":"https:\/\/www.larusee.com\/de\/","name":"Larus\u00e9e","description":"Distillateur d&#039;\u00e9motions","publisher":{"@id":"https:\/\/www.larusee.com\/de\/#organization"},"potentialAction":[{"@type":"SearchAction","target":{"@type":"EntryPoint","urlTemplate":"https:\/\/www.larusee.com\/de\/?s={search_term_string}"},"query-input":{"@type":"PropertyValueSpecification","valueRequired":true,"valueName":"search_term_string"}}],"inLanguage":"de"},{"@type":"Organization","@id":"https:\/\/www.larusee.com\/de\/#organization","name":"Larus\u00e9e","url":"https:\/\/www.larusee.com\/de\/","logo":{"@type":"ImageObject","inLanguage":"de","@id":"https:\/\/www.larusee.com\/de\/#\/schema\/logo\/image\/","url":"https:\/\/www.larusee.com\/wp-content\/uploads\/2019\/04\/Logo_Larusee_Noir.png","contentUrl":"https:\/\/www.larusee.com\/wp-content\/uploads\/2019\/04\/Logo_Larusee_Noir.png","width":1181,"height":318,"caption":"Larus\u00e9e"},"image":{"@id":"https:\/\/www.larusee.com\/de\/#\/schema\/logo\/image\/"},"sameAs":["https:\/\/www.facebook.com\/AbsintheLarusee","https:\/\/www.instagram.com\/distillerielarusee\/"]}]}},"_links":{"self":[{"href":"https:\/\/www.larusee.com\/de\/wp-json\/wp\/v2\/product\/15327","targetHints":{"allow":["GET"]}}],"collection":[{"href":"https:\/\/www.larusee.com\/de\/wp-json\/wp\/v2\/product"}],"about":[{"href":"https:\/\/www.larusee.com\/de\/wp-json\/wp\/v2\/types\/product"}],"version-history":[{"count":9,"href":"https:\/\/www.larusee.com\/de\/wp-json\/wp\/v2\/product\/15327\/revisions"}],"predecessor-version":[{"id":22432,"href":"https:\/\/www.larusee.com\/de\/wp-json\/wp\/v2\/product\/15327\/revisions\/22432"}],"wp:featuredmedia":[{"embeddable":true,"href":"https:\/\/www.larusee.com\/de\/wp-json\/wp\/v2\/media\/15322"}],"wp:attachment":[{"href":"https:\/\/www.larusee.com\/de\/wp-json\/wp\/v2\/media?parent=15327"}],"wp:term":[{"taxonomy":"product_brand","embeddable":true,"href":"https:\/\/www.larusee.com\/de\/wp-json\/wp\/v2\/product_brand?post=15327"},{"taxonomy":"product_cat","embeddable":true,"href":"https:\/\/www.larusee.com\/de\/wp-json\/wp\/v2\/product_cat?post=15327"},{"taxonomy":"product_tag","embeddable":true,"href":"https:\/\/www.larusee.com\/de\/wp-json\/wp\/v2\/product_tag?post=15327"}],"curies":[{"name":"wp","href":"https:\/\/api.w.org\/{rel}","templated":true}]}}