{"id":14688,"date":"2020-11-05T10:17:04","date_gmt":"2020-11-05T09:17:04","guid":{"rendered":"http:\/\/www.larusee.com\/?post_type=product&#038;p=14688"},"modified":"2023-06-01T18:22:22","modified_gmt":"2023-06-01T16:22:22","slug":"duo-von-pastis-glasern","status":"publish","type":"product","link":"https:\/\/www.larusee.com\/de\/produit\/duo-von-pastis-glasern\/","title":{"rendered":"Duo von Pastis Gl\u00e4sern"},"content":{"rendered":"<div class=\"wpb-content-wrapper\"><p>[vc_row][vc_column width=&#8220;1\/2&#8243;][vc_column_text]<\/p>\n<p><strong>Kapazit\u00e4t:<\/strong> 26 cl<\/p>\n<p>[\/vc_column_text][\/vc_column][vc_column width=&#8220;1\/2&#8243;][\/vc_column][\/vc_row]<\/p>\n<\/div>","protected":false},"excerpt":{"rendered":"<div class=\"\">\n<p>Unser Duo Pastis Larus\u00e9e Gl\u00e4ser, um einen Aperitif mit Stil zu teilen. Unsere Pastisgl\u00e4ser sind sowohl elegant als auch widerstandsf\u00e4hig und ideal f\u00fcr den t\u00e4glichen Gebrauch. Unser siebgedrucktes Pastisglas besteht aus bruchsicherem und sp\u00fclmaschinenfestem Glas und ist au\u00dferdem kratzfest.<\/p>\n<h3>Wichtig: Wie man die Pastis serviert<\/h3>\n<p>Damit sich alle Aromen Ihrer Pastis \u00f6ffnen und Sie sie so schmecken k\u00f6nnen, wie sie von ihrem Sch\u00f6pfer entworfen wurden, ist es wichtig, dass Sie diese Reihenfolge einhalten:<\/p>\n<ol>\n<li>Gie\u00dfen Sie 3cl Pastis in Ihr Glas<\/li>\n<li>Nach Ihrem Geschmack mit frischem Wasser abdecken<\/li>\n<li>F\u00fcgen Sie jetzt und nur jetzt die Eisw\u00fcrfel hinzu.<\/li>\n<\/ol>\n<p>Wenn Sie die Eisw\u00fcrfel direkt in die Pastis geben, &#8222;funkeln&#8220; Sie sie und Sie werden nicht in der Lage sein, ihre ganze Komplexit\u00e4t zu genie\u00dfen. Diese Art, Pastis zu servieren, hei\u00dft &#8222;<em>A la Parisienne<\/em>&#8222;!<\/p>\n<\/div>\n","protected":false},"featured_media":14692,"template":"","meta":[],"product_brand":[],"product_cat":[753,804,749],"product_tag":[805,875,826,827],"class_list":{"0":"post-14688","1":"product","2":"type-product","3":"status-publish","4":"has-post-thumbnail","6":"product_cat-der-shop","7":"product_cat-unsere-produkte","8":"product_cat-zubehoer","9":"product_tag-absinthe-de","10":"product_tag-glas","11":"product_tag-larusee-de","12":"product_tag-pastis-de","14":"first","15":"outofstock","16":"taxable","17":"shipping-taxable","18":"purchasable","19":"product-type-simple"},"yoast_head":"<!-- This site is optimized with the Yoast SEO plugin v27.5 - https:\/\/yoast.com\/product\/yoast-seo-wordpress\/ -->\n<title>Duo von Pastis Gl\u00e4sern - Larus\u00e9e<\/title>\n<meta name=\"description\" content=\"Unser Duo Pastis Larus\u00e9e Gl\u00e4ser, um einen Aperitif mit Stil zu teilen. Best\u00e4ndig und Design, geeignet f\u00fcr den Geschirrsp\u00fcler.\" \/>\n<meta name=\"robots\" content=\"index, follow, max-snippet:-1, max-image-preview:large, max-video-preview:-1\" \/>\n<link rel=\"canonical\" href=\"https:\/\/www.larusee.com\/de\/produit\/duo-von-pastis-glasern\/\" \/>\n<meta property=\"og:locale\" content=\"de_DE\" \/>\n<meta property=\"og:type\" content=\"article\" \/>\n<meta property=\"og:title\" content=\"Duo von Pastis Gl\u00e4sern - Larus\u00e9e\" \/>\n<meta property=\"og:description\" content=\"Unser Duo Pastis Larus\u00e9e Gl\u00e4ser, um einen Aperitif mit Stil zu teilen. Best\u00e4ndig und Design, geeignet f\u00fcr den Geschirrsp\u00fcler.\" \/>\n<meta property=\"og:url\" content=\"https:\/\/www.larusee.com\/de\/produit\/duo-von-pastis-glasern\/\" \/>\n<meta property=\"og:site_name\" content=\"Larus\u00e9e\" \/>\n<meta property=\"article:publisher\" content=\"https:\/\/www.facebook.com\/AbsintheLarusee\" \/>\n<meta property=\"article:modified_time\" content=\"2023-06-01T16:22:22+00:00\" \/>\n<meta property=\"og:image\" content=\"https:\/\/www.larusee.com\/wp-content\/uploads\/2020\/11\/larusee-verre-a-pastis-26cl-closeup.jpg\" \/>\n\t<meta property=\"og:image:width\" content=\"1600\" \/>\n\t<meta property=\"og:image:height\" content=\"2000\" \/>\n\t<meta property=\"og:image:type\" content=\"image\/jpeg\" \/>\n<meta name=\"twitter:card\" content=\"summary_large_image\" \/>\n<script type=\"application\/ld+json\" class=\"yoast-schema-graph\">{\"@context\":\"https:\\\/\\\/schema.org\",\"@graph\":[{\"@type\":\"WebPage\",\"@id\":\"https:\\\/\\\/www.larusee.com\\\/de\\\/produit\\\/duo-von-pastis-glasern\\\/\",\"url\":\"https:\\\/\\\/www.larusee.com\\\/de\\\/produit\\\/duo-von-pastis-glasern\\\/\",\"name\":\"Duo von Pastis Gl\u00e4sern - Larus\u00e9e\",\"isPartOf\":{\"@id\":\"https:\\\/\\\/www.larusee.com\\\/de\\\/#website\"},\"primaryImageOfPage\":{\"@id\":\"https:\\\/\\\/www.larusee.com\\\/de\\\/produit\\\/duo-von-pastis-glasern\\\/#primaryimage\"},\"image\":{\"@id\":\"https:\\\/\\\/www.larusee.com\\\/de\\\/produit\\\/duo-von-pastis-glasern\\\/#primaryimage\"},\"thumbnailUrl\":\"https:\\\/\\\/www.larusee.com\\\/wp-content\\\/uploads\\\/2020\\\/11\\\/larusee-verre-a-pastis-26cl-closeup.jpg\",\"datePublished\":\"2020-11-05T09:17:04+00:00\",\"dateModified\":\"2023-06-01T16:22:22+00:00\",\"description\":\"Unser Duo Pastis Larus\u00e9e Gl\u00e4ser, um einen Aperitif mit Stil zu teilen. Best\u00e4ndig und Design, geeignet f\u00fcr den Geschirrsp\u00fcler.\",\"breadcrumb\":{\"@id\":\"https:\\\/\\\/www.larusee.com\\\/de\\\/produit\\\/duo-von-pastis-glasern\\\/#breadcrumb\"},\"inLanguage\":\"de\",\"potentialAction\":[{\"@type\":\"ReadAction\",\"target\":[\"https:\\\/\\\/www.larusee.com\\\/de\\\/produit\\\/duo-von-pastis-glasern\\\/\"]}]},{\"@type\":\"ImageObject\",\"inLanguage\":\"de\",\"@id\":\"https:\\\/\\\/www.larusee.com\\\/de\\\/produit\\\/duo-von-pastis-glasern\\\/#primaryimage\",\"url\":\"https:\\\/\\\/www.larusee.com\\\/wp-content\\\/uploads\\\/2020\\\/11\\\/larusee-verre-a-pastis-26cl-closeup.jpg\",\"contentUrl\":\"https:\\\/\\\/www.larusee.com\\\/wp-content\\\/uploads\\\/2020\\\/11\\\/larusee-verre-a-pastis-26cl-closeup.jpg\",\"width\":1600,\"height\":2000,\"caption\":\"Verres \u00e0 Pastis Larus\u00e9e\"},{\"@type\":\"BreadcrumbList\",\"@id\":\"https:\\\/\\\/www.larusee.com\\\/de\\\/produit\\\/duo-von-pastis-glasern\\\/#breadcrumb\",\"itemListElement\":[{\"@type\":\"ListItem\",\"position\":1,\"name\":\"Accueil\",\"item\":\"https:\\\/\\\/www.larusee.com\\\/de\\\/\"},{\"@type\":\"ListItem\",\"position\":2,\"name\":\"Boutique\",\"item\":\"https:\\\/\\\/www.larusee.com\\\/de\\\/boutique\\\/\"},{\"@type\":\"ListItem\",\"position\":3,\"name\":\"Duo von Pastis Gl\u00e4sern\"}]},{\"@type\":\"WebSite\",\"@id\":\"https:\\\/\\\/www.larusee.com\\\/de\\\/#website\",\"url\":\"https:\\\/\\\/www.larusee.com\\\/de\\\/\",\"name\":\"Larus\u00e9e\",\"description\":\"Distillateur d&#039;\u00e9motions\",\"publisher\":{\"@id\":\"https:\\\/\\\/www.larusee.com\\\/de\\\/#organization\"},\"potentialAction\":[{\"@type\":\"SearchAction\",\"target\":{\"@type\":\"EntryPoint\",\"urlTemplate\":\"https:\\\/\\\/www.larusee.com\\\/de\\\/?s={search_term_string}\"},\"query-input\":{\"@type\":\"PropertyValueSpecification\",\"valueRequired\":true,\"valueName\":\"search_term_string\"}}],\"inLanguage\":\"de\"},{\"@type\":\"Organization\",\"@id\":\"https:\\\/\\\/www.larusee.com\\\/de\\\/#organization\",\"name\":\"Larus\u00e9e\",\"url\":\"https:\\\/\\\/www.larusee.com\\\/de\\\/\",\"logo\":{\"@type\":\"ImageObject\",\"inLanguage\":\"de\",\"@id\":\"https:\\\/\\\/www.larusee.com\\\/de\\\/#\\\/schema\\\/logo\\\/image\\\/\",\"url\":\"https:\\\/\\\/www.larusee.com\\\/wp-content\\\/uploads\\\/2019\\\/04\\\/Logo_Larusee_Noir.png\",\"contentUrl\":\"https:\\\/\\\/www.larusee.com\\\/wp-content\\\/uploads\\\/2019\\\/04\\\/Logo_Larusee_Noir.png\",\"width\":1181,\"height\":318,\"caption\":\"Larus\u00e9e\"},\"image\":{\"@id\":\"https:\\\/\\\/www.larusee.com\\\/de\\\/#\\\/schema\\\/logo\\\/image\\\/\"},\"sameAs\":[\"https:\\\/\\\/www.facebook.com\\\/AbsintheLarusee\",\"https:\\\/\\\/www.instagram.com\\\/distillerielarusee\\\/\"]}]}<\/script>\n<!-- \/ Yoast SEO plugin. -->","yoast_head_json":{"title":"Duo von Pastis Gl\u00e4sern - Larus\u00e9e","description":"Unser Duo Pastis Larus\u00e9e Gl\u00e4ser, um einen Aperitif mit Stil zu teilen. Best\u00e4ndig und Design, geeignet f\u00fcr den Geschirrsp\u00fcler.","robots":{"index":"index","follow":"follow","max-snippet":"max-snippet:-1","max-image-preview":"max-image-preview:large","max-video-preview":"max-video-preview:-1"},"canonical":"https:\/\/www.larusee.com\/de\/produit\/duo-von-pastis-glasern\/","og_locale":"de_DE","og_type":"article","og_title":"Duo von Pastis Gl\u00e4sern - Larus\u00e9e","og_description":"Unser Duo Pastis Larus\u00e9e Gl\u00e4ser, um einen Aperitif mit Stil zu teilen. Best\u00e4ndig und Design, geeignet f\u00fcr den Geschirrsp\u00fcler.","og_url":"https:\/\/www.larusee.com\/de\/produit\/duo-von-pastis-glasern\/","og_site_name":"Larus\u00e9e","article_publisher":"https:\/\/www.facebook.com\/AbsintheLarusee","article_modified_time":"2023-06-01T16:22:22+00:00","og_image":[{"width":1600,"height":2000,"url":"https:\/\/www.larusee.com\/wp-content\/uploads\/2020\/11\/larusee-verre-a-pastis-26cl-closeup.jpg","type":"image\/jpeg"}],"twitter_card":"summary_large_image","schema":{"@context":"https:\/\/schema.org","@graph":[{"@type":"WebPage","@id":"https:\/\/www.larusee.com\/de\/produit\/duo-von-pastis-glasern\/","url":"https:\/\/www.larusee.com\/de\/produit\/duo-von-pastis-glasern\/","name":"Duo von Pastis Gl\u00e4sern - Larus\u00e9e","isPartOf":{"@id":"https:\/\/www.larusee.com\/de\/#website"},"primaryImageOfPage":{"@id":"https:\/\/www.larusee.com\/de\/produit\/duo-von-pastis-glasern\/#primaryimage"},"image":{"@id":"https:\/\/www.larusee.com\/de\/produit\/duo-von-pastis-glasern\/#primaryimage"},"thumbnailUrl":"https:\/\/www.larusee.com\/wp-content\/uploads\/2020\/11\/larusee-verre-a-pastis-26cl-closeup.jpg","datePublished":"2020-11-05T09:17:04+00:00","dateModified":"2023-06-01T16:22:22+00:00","description":"Unser Duo Pastis Larus\u00e9e Gl\u00e4ser, um einen Aperitif mit Stil zu teilen. Best\u00e4ndig und Design, geeignet f\u00fcr den Geschirrsp\u00fcler.","breadcrumb":{"@id":"https:\/\/www.larusee.com\/de\/produit\/duo-von-pastis-glasern\/#breadcrumb"},"inLanguage":"de","potentialAction":[{"@type":"ReadAction","target":["https:\/\/www.larusee.com\/de\/produit\/duo-von-pastis-glasern\/"]}]},{"@type":"ImageObject","inLanguage":"de","@id":"https:\/\/www.larusee.com\/de\/produit\/duo-von-pastis-glasern\/#primaryimage","url":"https:\/\/www.larusee.com\/wp-content\/uploads\/2020\/11\/larusee-verre-a-pastis-26cl-closeup.jpg","contentUrl":"https:\/\/www.larusee.com\/wp-content\/uploads\/2020\/11\/larusee-verre-a-pastis-26cl-closeup.jpg","width":1600,"height":2000,"caption":"Verres \u00e0 Pastis Larus\u00e9e"},{"@type":"BreadcrumbList","@id":"https:\/\/www.larusee.com\/de\/produit\/duo-von-pastis-glasern\/#breadcrumb","itemListElement":[{"@type":"ListItem","position":1,"name":"Accueil","item":"https:\/\/www.larusee.com\/de\/"},{"@type":"ListItem","position":2,"name":"Boutique","item":"https:\/\/www.larusee.com\/de\/boutique\/"},{"@type":"ListItem","position":3,"name":"Duo von Pastis Gl\u00e4sern"}]},{"@type":"WebSite","@id":"https:\/\/www.larusee.com\/de\/#website","url":"https:\/\/www.larusee.com\/de\/","name":"Larus\u00e9e","description":"Distillateur d&#039;\u00e9motions","publisher":{"@id":"https:\/\/www.larusee.com\/de\/#organization"},"potentialAction":[{"@type":"SearchAction","target":{"@type":"EntryPoint","urlTemplate":"https:\/\/www.larusee.com\/de\/?s={search_term_string}"},"query-input":{"@type":"PropertyValueSpecification","valueRequired":true,"valueName":"search_term_string"}}],"inLanguage":"de"},{"@type":"Organization","@id":"https:\/\/www.larusee.com\/de\/#organization","name":"Larus\u00e9e","url":"https:\/\/www.larusee.com\/de\/","logo":{"@type":"ImageObject","inLanguage":"de","@id":"https:\/\/www.larusee.com\/de\/#\/schema\/logo\/image\/","url":"https:\/\/www.larusee.com\/wp-content\/uploads\/2019\/04\/Logo_Larusee_Noir.png","contentUrl":"https:\/\/www.larusee.com\/wp-content\/uploads\/2019\/04\/Logo_Larusee_Noir.png","width":1181,"height":318,"caption":"Larus\u00e9e"},"image":{"@id":"https:\/\/www.larusee.com\/de\/#\/schema\/logo\/image\/"},"sameAs":["https:\/\/www.facebook.com\/AbsintheLarusee","https:\/\/www.instagram.com\/distillerielarusee\/"]}]}},"_links":{"self":[{"href":"https:\/\/www.larusee.com\/de\/wp-json\/wp\/v2\/product\/14688","targetHints":{"allow":["GET"]}}],"collection":[{"href":"https:\/\/www.larusee.com\/de\/wp-json\/wp\/v2\/product"}],"about":[{"href":"https:\/\/www.larusee.com\/de\/wp-json\/wp\/v2\/types\/product"}],"version-history":[{"count":0,"href":"https:\/\/www.larusee.com\/de\/wp-json\/wp\/v2\/product\/14688\/revisions"}],"wp:featuredmedia":[{"embeddable":true,"href":"https:\/\/www.larusee.com\/de\/wp-json\/wp\/v2\/media\/14692"}],"wp:attachment":[{"href":"https:\/\/www.larusee.com\/de\/wp-json\/wp\/v2\/media?parent=14688"}],"wp:term":[{"taxonomy":"product_brand","embeddable":true,"href":"https:\/\/www.larusee.com\/de\/wp-json\/wp\/v2\/product_brand?post=14688"},{"taxonomy":"product_cat","embeddable":true,"href":"https:\/\/www.larusee.com\/de\/wp-json\/wp\/v2\/product_cat?post=14688"},{"taxonomy":"product_tag","embeddable":true,"href":"https:\/\/www.larusee.com\/de\/wp-json\/wp\/v2\/product_tag?post=14688"}],"curies":[{"name":"wp","href":"https:\/\/api.w.org\/{rel}","templated":true}]}}