{"id":14682,"date":"2020-11-04T18:17:17","date_gmt":"2020-11-04T17:17:17","guid":{"rendered":"http:\/\/www.larusee.com\/?post_type=product&#038;p=14682"},"modified":"2023-12-03T18:50:01","modified_gmt":"2023-12-03T17:50:01","slug":"pastis-gieskanne","status":"publish","type":"product","link":"https:\/\/www.larusee.com\/de\/produit\/pastis-gieskanne\/","title":{"rendered":"Pastis Gie\u00dfkanne"},"content":{"rendered":"<div class=\"wpb-content-wrapper\"><p>[vc_row][vc_column width=&#8220;1\/2&#8243;][vc_column_text]<\/p>\n<div class=\"\">\n<p><strong>Kapazit\u00e4t:<\/strong> 30 cl<br \/><b><\/b><\/p>\n<\/div>\n<p>[\/vc_column_text][\/vc_column][vc_column width=&#8220;1\/2&#8243;][\/vc_column][\/vc_row]<\/p>\n<\/div>","protected":false},"excerpt":{"rendered":"<div class=\"\">\n<p>Larus\u00e9e erfindet das zeremonielle Servieren von Anis-Aperitifs mit dieser eleganten Pastis-Gie\u00dfkanne neu, die auch als Absinth-Gie\u00dfkanne verwendet werden kann!<\/p>\n<p>In der Tat ist es m\u00f6glich, die legend\u00e4re Regel einzuhalten, nach der der Eisw\u00fcrfel niemals mit dem Absinth in Kontakt kommen darf. Die Eisw\u00fcrfel und das Wasser im Reservoir dieser Edelstahlbew\u00e4sserung k\u00f6nnen es daher erm\u00f6glichen, unter optimalen Bedingungen sehr frisches Wasser f\u00fcr einen Aperitif \u00fcber Ihren Pastis &#8211; oder Absinth &#8211; zu gie\u00dfen.<\/p>\n<\/div>\n","protected":false},"featured_media":14686,"template":"","meta":[],"product_brand":[],"product_cat":[753,824,804,749],"product_tag":[805,1081,826,827,1082],"class_list":{"0":"post-14682","1":"product","2":"type-product","3":"status-publish","4":"has-post-thumbnail","6":"product_cat-der-shop","7":"product_cat-unser-schweizer-pastis","8":"product_cat-unsere-produkte","9":"product_cat-zubehoer","10":"product_tag-absinthe-de","11":"product_tag-gieskanne","12":"product_tag-larusee-de","13":"product_tag-pastis-de","14":"product_tag-rostfreier-stahl","16":"first","17":"instock","18":"taxable","19":"shipping-taxable","20":"purchasable","21":"product-type-simple"},"yoast_head":"<!-- This site is optimized with the Yoast SEO plugin v27.6 - https:\/\/yoast.com\/product\/yoast-seo-wordpress\/ -->\n<title>Pastis Gie\u00dfkanne - Larus\u00e9e<\/title>\n<meta name=\"description\" content=\"Die Larus\u00e9e Pastis - oder Absinth - Gie\u00dfkanne aus Edelstahl und lasergraviert, mit der Sie stilvoll sehr frisches Wasser genie\u00dfen k\u00f6nnen.\" \/>\n<meta name=\"robots\" content=\"index, follow, max-snippet:-1, max-image-preview:large, max-video-preview:-1\" \/>\n<link rel=\"canonical\" href=\"https:\/\/www.larusee.com\/de\/produit\/pastis-gieskanne\/\" \/>\n<meta property=\"og:locale\" content=\"de_DE\" \/>\n<meta property=\"og:type\" content=\"article\" \/>\n<meta property=\"og:title\" content=\"Pastis Gie\u00dfkanne - Larus\u00e9e\" \/>\n<meta property=\"og:description\" content=\"Die Larus\u00e9e Pastis - oder Absinth - Gie\u00dfkanne aus Edelstahl und lasergraviert, mit der Sie stilvoll sehr frisches Wasser genie\u00dfen k\u00f6nnen.\" \/>\n<meta property=\"og:url\" content=\"https:\/\/www.larusee.com\/de\/produit\/pastis-gieskanne\/\" \/>\n<meta property=\"og:site_name\" content=\"Larus\u00e9e\" \/>\n<meta property=\"article:publisher\" content=\"https:\/\/www.facebook.com\/AbsintheLarusee\" \/>\n<meta property=\"article:modified_time\" content=\"2023-12-03T17:50:01+00:00\" \/>\n<meta property=\"og:image\" content=\"https:\/\/www.larusee.com\/wp-content\/uploads\/2020\/11\/larusee-arrosoir-70cl-closeup.jpg\" \/>\n\t<meta property=\"og:image:width\" content=\"1600\" \/>\n\t<meta property=\"og:image:height\" content=\"2000\" \/>\n\t<meta property=\"og:image:type\" content=\"image\/jpeg\" \/>\n<meta name=\"twitter:card\" content=\"summary_large_image\" \/>\n<script type=\"application\/ld+json\" class=\"yoast-schema-graph\">{\"@context\":\"https:\\\/\\\/schema.org\",\"@graph\":[{\"@type\":\"WebPage\",\"@id\":\"https:\\\/\\\/www.larusee.com\\\/de\\\/produit\\\/pastis-gieskanne\\\/\",\"url\":\"https:\\\/\\\/www.larusee.com\\\/de\\\/produit\\\/pastis-gieskanne\\\/\",\"name\":\"Pastis Gie\u00dfkanne - Larus\u00e9e\",\"isPartOf\":{\"@id\":\"https:\\\/\\\/www.larusee.com\\\/de\\\/#website\"},\"primaryImageOfPage\":{\"@id\":\"https:\\\/\\\/www.larusee.com\\\/de\\\/produit\\\/pastis-gieskanne\\\/#primaryimage\"},\"image\":{\"@id\":\"https:\\\/\\\/www.larusee.com\\\/de\\\/produit\\\/pastis-gieskanne\\\/#primaryimage\"},\"thumbnailUrl\":\"https:\\\/\\\/www.larusee.com\\\/wp-content\\\/uploads\\\/2020\\\/11\\\/larusee-arrosoir-70cl-closeup.jpg\",\"datePublished\":\"2020-11-04T17:17:17+00:00\",\"dateModified\":\"2023-12-03T17:50:01+00:00\",\"description\":\"Die Larus\u00e9e Pastis - oder Absinth - Gie\u00dfkanne aus Edelstahl und lasergraviert, mit der Sie stilvoll sehr frisches Wasser genie\u00dfen k\u00f6nnen.\",\"breadcrumb\":{\"@id\":\"https:\\\/\\\/www.larusee.com\\\/de\\\/produit\\\/pastis-gieskanne\\\/#breadcrumb\"},\"inLanguage\":\"de\",\"potentialAction\":[{\"@type\":\"ReadAction\",\"target\":[\"https:\\\/\\\/www.larusee.com\\\/de\\\/produit\\\/pastis-gieskanne\\\/\"]}]},{\"@type\":\"ImageObject\",\"inLanguage\":\"de\",\"@id\":\"https:\\\/\\\/www.larusee.com\\\/de\\\/produit\\\/pastis-gieskanne\\\/#primaryimage\",\"url\":\"https:\\\/\\\/www.larusee.com\\\/wp-content\\\/uploads\\\/2020\\\/11\\\/larusee-arrosoir-70cl-closeup.jpg\",\"contentUrl\":\"https:\\\/\\\/www.larusee.com\\\/wp-content\\\/uploads\\\/2020\\\/11\\\/larusee-arrosoir-70cl-closeup.jpg\",\"width\":1600,\"height\":2000},{\"@type\":\"BreadcrumbList\",\"@id\":\"https:\\\/\\\/www.larusee.com\\\/de\\\/produit\\\/pastis-gieskanne\\\/#breadcrumb\",\"itemListElement\":[{\"@type\":\"ListItem\",\"position\":1,\"name\":\"Accueil\",\"item\":\"https:\\\/\\\/www.larusee.com\\\/de\\\/\"},{\"@type\":\"ListItem\",\"position\":2,\"name\":\"Boutique\",\"item\":\"https:\\\/\\\/www.larusee.com\\\/de\\\/boutique\\\/\"},{\"@type\":\"ListItem\",\"position\":3,\"name\":\"Pastis Gie\u00dfkanne\"}]},{\"@type\":\"WebSite\",\"@id\":\"https:\\\/\\\/www.larusee.com\\\/de\\\/#website\",\"url\":\"https:\\\/\\\/www.larusee.com\\\/de\\\/\",\"name\":\"Larus\u00e9e\",\"description\":\"Distillateur d&#039;\u00e9motions\",\"publisher\":{\"@id\":\"https:\\\/\\\/www.larusee.com\\\/de\\\/#organization\"},\"potentialAction\":[{\"@type\":\"SearchAction\",\"target\":{\"@type\":\"EntryPoint\",\"urlTemplate\":\"https:\\\/\\\/www.larusee.com\\\/de\\\/?s={search_term_string}\"},\"query-input\":{\"@type\":\"PropertyValueSpecification\",\"valueRequired\":true,\"valueName\":\"search_term_string\"}}],\"inLanguage\":\"de\"},{\"@type\":\"Organization\",\"@id\":\"https:\\\/\\\/www.larusee.com\\\/de\\\/#organization\",\"name\":\"Larus\u00e9e\",\"url\":\"https:\\\/\\\/www.larusee.com\\\/de\\\/\",\"logo\":{\"@type\":\"ImageObject\",\"inLanguage\":\"de\",\"@id\":\"https:\\\/\\\/www.larusee.com\\\/de\\\/#\\\/schema\\\/logo\\\/image\\\/\",\"url\":\"https:\\\/\\\/www.larusee.com\\\/wp-content\\\/uploads\\\/2019\\\/04\\\/Logo_Larusee_Noir.png\",\"contentUrl\":\"https:\\\/\\\/www.larusee.com\\\/wp-content\\\/uploads\\\/2019\\\/04\\\/Logo_Larusee_Noir.png\",\"width\":1181,\"height\":318,\"caption\":\"Larus\u00e9e\"},\"image\":{\"@id\":\"https:\\\/\\\/www.larusee.com\\\/de\\\/#\\\/schema\\\/logo\\\/image\\\/\"},\"sameAs\":[\"https:\\\/\\\/www.facebook.com\\\/AbsintheLarusee\",\"https:\\\/\\\/www.instagram.com\\\/distillerielarusee\\\/\"]}]}<\/script>\n<!-- \/ Yoast SEO plugin. -->","yoast_head_json":{"title":"Pastis Gie\u00dfkanne - Larus\u00e9e","description":"Die Larus\u00e9e Pastis - oder Absinth - Gie\u00dfkanne aus Edelstahl und lasergraviert, mit der Sie stilvoll sehr frisches Wasser genie\u00dfen k\u00f6nnen.","robots":{"index":"index","follow":"follow","max-snippet":"max-snippet:-1","max-image-preview":"max-image-preview:large","max-video-preview":"max-video-preview:-1"},"canonical":"https:\/\/www.larusee.com\/de\/produit\/pastis-gieskanne\/","og_locale":"de_DE","og_type":"article","og_title":"Pastis Gie\u00dfkanne - Larus\u00e9e","og_description":"Die Larus\u00e9e Pastis - oder Absinth - Gie\u00dfkanne aus Edelstahl und lasergraviert, mit der Sie stilvoll sehr frisches Wasser genie\u00dfen k\u00f6nnen.","og_url":"https:\/\/www.larusee.com\/de\/produit\/pastis-gieskanne\/","og_site_name":"Larus\u00e9e","article_publisher":"https:\/\/www.facebook.com\/AbsintheLarusee","article_modified_time":"2023-12-03T17:50:01+00:00","og_image":[{"width":1600,"height":2000,"url":"https:\/\/www.larusee.com\/wp-content\/uploads\/2020\/11\/larusee-arrosoir-70cl-closeup.jpg","type":"image\/jpeg"}],"twitter_card":"summary_large_image","schema":{"@context":"https:\/\/schema.org","@graph":[{"@type":"WebPage","@id":"https:\/\/www.larusee.com\/de\/produit\/pastis-gieskanne\/","url":"https:\/\/www.larusee.com\/de\/produit\/pastis-gieskanne\/","name":"Pastis Gie\u00dfkanne - Larus\u00e9e","isPartOf":{"@id":"https:\/\/www.larusee.com\/de\/#website"},"primaryImageOfPage":{"@id":"https:\/\/www.larusee.com\/de\/produit\/pastis-gieskanne\/#primaryimage"},"image":{"@id":"https:\/\/www.larusee.com\/de\/produit\/pastis-gieskanne\/#primaryimage"},"thumbnailUrl":"https:\/\/www.larusee.com\/wp-content\/uploads\/2020\/11\/larusee-arrosoir-70cl-closeup.jpg","datePublished":"2020-11-04T17:17:17+00:00","dateModified":"2023-12-03T17:50:01+00:00","description":"Die Larus\u00e9e Pastis - oder Absinth - Gie\u00dfkanne aus Edelstahl und lasergraviert, mit der Sie stilvoll sehr frisches Wasser genie\u00dfen k\u00f6nnen.","breadcrumb":{"@id":"https:\/\/www.larusee.com\/de\/produit\/pastis-gieskanne\/#breadcrumb"},"inLanguage":"de","potentialAction":[{"@type":"ReadAction","target":["https:\/\/www.larusee.com\/de\/produit\/pastis-gieskanne\/"]}]},{"@type":"ImageObject","inLanguage":"de","@id":"https:\/\/www.larusee.com\/de\/produit\/pastis-gieskanne\/#primaryimage","url":"https:\/\/www.larusee.com\/wp-content\/uploads\/2020\/11\/larusee-arrosoir-70cl-closeup.jpg","contentUrl":"https:\/\/www.larusee.com\/wp-content\/uploads\/2020\/11\/larusee-arrosoir-70cl-closeup.jpg","width":1600,"height":2000},{"@type":"BreadcrumbList","@id":"https:\/\/www.larusee.com\/de\/produit\/pastis-gieskanne\/#breadcrumb","itemListElement":[{"@type":"ListItem","position":1,"name":"Accueil","item":"https:\/\/www.larusee.com\/de\/"},{"@type":"ListItem","position":2,"name":"Boutique","item":"https:\/\/www.larusee.com\/de\/boutique\/"},{"@type":"ListItem","position":3,"name":"Pastis Gie\u00dfkanne"}]},{"@type":"WebSite","@id":"https:\/\/www.larusee.com\/de\/#website","url":"https:\/\/www.larusee.com\/de\/","name":"Larus\u00e9e","description":"Distillateur d&#039;\u00e9motions","publisher":{"@id":"https:\/\/www.larusee.com\/de\/#organization"},"potentialAction":[{"@type":"SearchAction","target":{"@type":"EntryPoint","urlTemplate":"https:\/\/www.larusee.com\/de\/?s={search_term_string}"},"query-input":{"@type":"PropertyValueSpecification","valueRequired":true,"valueName":"search_term_string"}}],"inLanguage":"de"},{"@type":"Organization","@id":"https:\/\/www.larusee.com\/de\/#organization","name":"Larus\u00e9e","url":"https:\/\/www.larusee.com\/de\/","logo":{"@type":"ImageObject","inLanguage":"de","@id":"https:\/\/www.larusee.com\/de\/#\/schema\/logo\/image\/","url":"https:\/\/www.larusee.com\/wp-content\/uploads\/2019\/04\/Logo_Larusee_Noir.png","contentUrl":"https:\/\/www.larusee.com\/wp-content\/uploads\/2019\/04\/Logo_Larusee_Noir.png","width":1181,"height":318,"caption":"Larus\u00e9e"},"image":{"@id":"https:\/\/www.larusee.com\/de\/#\/schema\/logo\/image\/"},"sameAs":["https:\/\/www.facebook.com\/AbsintheLarusee","https:\/\/www.instagram.com\/distillerielarusee\/"]}]}},"_links":{"self":[{"href":"https:\/\/www.larusee.com\/de\/wp-json\/wp\/v2\/product\/14682","targetHints":{"allow":["GET"]}}],"collection":[{"href":"https:\/\/www.larusee.com\/de\/wp-json\/wp\/v2\/product"}],"about":[{"href":"https:\/\/www.larusee.com\/de\/wp-json\/wp\/v2\/types\/product"}],"version-history":[{"count":3,"href":"https:\/\/www.larusee.com\/de\/wp-json\/wp\/v2\/product\/14682\/revisions"}],"predecessor-version":[{"id":20942,"href":"https:\/\/www.larusee.com\/de\/wp-json\/wp\/v2\/product\/14682\/revisions\/20942"}],"wp:featuredmedia":[{"embeddable":true,"href":"https:\/\/www.larusee.com\/de\/wp-json\/wp\/v2\/media\/14686"}],"wp:attachment":[{"href":"https:\/\/www.larusee.com\/de\/wp-json\/wp\/v2\/media?parent=14682"}],"wp:term":[{"taxonomy":"product_brand","embeddable":true,"href":"https:\/\/www.larusee.com\/de\/wp-json\/wp\/v2\/product_brand?post=14682"},{"taxonomy":"product_cat","embeddable":true,"href":"https:\/\/www.larusee.com\/de\/wp-json\/wp\/v2\/product_cat?post=14682"},{"taxonomy":"product_tag","embeddable":true,"href":"https:\/\/www.larusee.com\/de\/wp-json\/wp\/v2\/product_tag?post=14682"}],"curies":[{"name":"wp","href":"https:\/\/api.w.org\/{rel}","templated":true}]}}