{"id":14591,"date":"2020-09-27T17:33:28","date_gmt":"2020-09-27T15:33:28","guid":{"rendered":"http:\/\/www.larusee.com\/?post_type=product&#038;p=14591"},"modified":"2023-12-03T18:51:40","modified_gmt":"2023-12-03T17:51:40","slug":"absinthe-vieille-larusee-mogador-2020","status":"publish","type":"product","link":"https:\/\/www.larusee.com\/de\/produit\/absinthe-vieille-larusee-mogador-2020\/","title":{"rendered":"Absinthe Vieille Larus\u00e9e Mogador 2020"},"content":{"rendered":"<div class=\"wpb-content-wrapper\"><p>[vc_row][vc_column width=&#8220;1\/2&#8243;][vc_column_text]<\/p>\n<div class=\"\">\n<p><b>Inhalt\u2009:<\/b> 50 cl<br \/>\n<b>Vol.\u2009:<\/b> 45.1% vol.<\/p>\n<h5>Marie Linders Verkostungsnotiz, \u00d6nologin<\/h5>\n<div class=\"\">\n<p><em>Intensiver Bernstein, ein Strau\u00df seltener Komplexit\u00e4t. Noten von Anis, frischen Hackschnitzeln und geschnittenem Heu. Ein n\u00fcchterner Angriff am Gaumen, ein Anstieg von Crescendo, Kraft und Ausdauer &#8230;<\/em><\/p>\n<p><em>Lakritzgeschmack, hinterl\u00e4sst am Gaumen Schokoladenerinnerungen.<\/em><\/p>\n<p><em>Ein Wasserfall, der Charme offenbart: eine unerwartete Weichheit, ein neues Gesicht, eine samtige Textur.\u00a0<\/em><\/p>\n<\/div>\n<\/div>\n<p><strong>Achtung! Letzte Flaschen!<\/strong><\/p>\n<\/div>\n<p>[\/vc_column_text][\/vc_column][vc_column width=&#8220;1\/2&#8243;][\/vc_column][\/vc_row]<\/p>\n<\/div>","protected":false},"excerpt":{"rendered":"<div class=\"\">\n<p><img decoding=\"async\" class=\"size-full wp-image-14813 alignnone\" src=\"http:\/\/www.larusee.com\/wp-content\/uploads\/2020\/09\/Logo_Gold_SwissSpiritsAward_1_Platz-120.png\" alt=\"\" width=\"120\" height=\"120\" srcset=\"https:\/\/www.larusee.com\/wp-content\/uploads\/2020\/09\/Logo_Gold_SwissSpiritsAward_1_Platz-120.png 120w, https:\/\/www.larusee.com\/wp-content\/uploads\/2020\/09\/Logo_Gold_SwissSpiritsAward_1_Platz-120-100x100.png 100w\" sizes=\"(max-width: 120px) 100vw, 120px\" \/><\/p>\n<p><strong>Goldmedaille und 1. Platz der <a href=\"https:\/\/www.larusee.com\/de\/?p=14781\" target=\"_blank\" rel=\"noopener noreferrer\">Swiss Spirits Award 2020<\/a><\/strong>, <\/p>\n<p>dieser Absinth Larus\u00e9e\u00a0<a href=\"https:\/\/www.larusee.com\/produit\/absinthe-blanche-de-leon-70cl-55-vol\/\" target=\"_blank\" rel=\"noopener noreferrer\"><i>Blanche de L\u00e9on<\/i><\/a>\u00a0reifte 18 Monate in einem Eichenfass, in dem zuvor die au\u00dfergew\u00f6hnliche Cuv\u00e9e &#8211; eine Mischung aus Syrah, Mourv\u00e8dre und Cabernet &#8211; aus dem <a href=\"https:\/\/chateau-estoublon.com\" target=\"_blank\" rel=\"noopener noreferrer\">Ch\u00e2teau d&#8217;Estoublon<\/a>, einem ber\u00fchmten Weingut im Baux-Tal, enthalten war. De-Provence in S\u00fcdfrankreich.<\/p>\n<p><strong>Einzigartige Auflage von 574 nummerierten Flaschen<\/strong><\/p>\n<\/div>\n","protected":false},"featured_media":14595,"template":"","meta":[],"product_brand":[],"product_cat":[753,903,804],"product_tag":[805,1073,1075,971,826,1076,840,1074,1072],"class_list":{"0":"post-14591","1":"product","2":"type-product","3":"status-publish","4":"has-post-thumbnail","6":"product_cat-der-shop","7":"product_cat-les-precieuses-de","8":"product_cat-unsere-produkte","9":"product_tag-absinthe-de","10":"product_tag-cabernet-de","11":"product_tag-chateau-destoublon-de","12":"product_tag-frankreich","13":"product_tag-larusee-de","14":"product_tag-les-baux-de-provence-de","15":"product_tag-limitierte-auflage","16":"product_tag-mourvedre-de","17":"product_tag-syrah-de","19":"first","20":"outofstock","21":"taxable","22":"shipping-taxable","23":"purchasable","24":"product-type-simple"},"yoast_head":"<!-- This site is optimized with the Yoast SEO plugin v27.5 - https:\/\/yoast.com\/product\/yoast-seo-wordpress\/ -->\n<title>Absinthe Vieille Larus\u00e9e Mogador 2020 - Larus\u00e9e<\/title>\n<meta name=\"description\" content=\"Absinth Vieille Larus\u00e9e Mogador reifte 18 Monate in einem Fass, das die au\u00dfergew\u00f6hnliche Cuv\u00e9e aus einem Gut in Baux-de-Provence enthielt.\" \/>\n<meta name=\"robots\" content=\"index, follow, max-snippet:-1, max-image-preview:large, max-video-preview:-1\" \/>\n<link rel=\"canonical\" href=\"https:\/\/www.larusee.com\/de\/produit\/absinthe-vieille-larusee-mogador-2020\/\" \/>\n<meta property=\"og:locale\" content=\"de_DE\" \/>\n<meta property=\"og:type\" content=\"article\" \/>\n<meta property=\"og:title\" content=\"Absinthe Vieille Larus\u00e9e Mogador 2020 - Larus\u00e9e\" \/>\n<meta property=\"og:description\" content=\"Absinth Vieille Larus\u00e9e Mogador reifte 18 Monate in einem Fass, das die au\u00dfergew\u00f6hnliche Cuv\u00e9e aus einem Gut in Baux-de-Provence enthielt.\" \/>\n<meta property=\"og:url\" content=\"https:\/\/www.larusee.com\/de\/produit\/absinthe-vieille-larusee-mogador-2020\/\" \/>\n<meta property=\"og:site_name\" content=\"Larus\u00e9e\" \/>\n<meta property=\"article:publisher\" content=\"https:\/\/www.facebook.com\/AbsintheLarusee\" \/>\n<meta property=\"article:modified_time\" content=\"2023-12-03T17:51:40+00:00\" \/>\n<meta property=\"og:image\" content=\"https:\/\/www.larusee.com\/wp-content\/uploads\/2020\/09\/larusee-precieuses-mogador-50cl-closeup.jpg\" \/>\n\t<meta property=\"og:image:width\" content=\"1600\" \/>\n\t<meta property=\"og:image:height\" content=\"2000\" \/>\n\t<meta property=\"og:image:type\" content=\"image\/jpeg\" \/>\n<meta name=\"twitter:card\" content=\"summary_large_image\" \/>\n<script type=\"application\/ld+json\" class=\"yoast-schema-graph\">{\"@context\":\"https:\\\/\\\/schema.org\",\"@graph\":[{\"@type\":\"WebPage\",\"@id\":\"https:\\\/\\\/www.larusee.com\\\/de\\\/produit\\\/absinthe-vieille-larusee-mogador-2020\\\/\",\"url\":\"https:\\\/\\\/www.larusee.com\\\/de\\\/produit\\\/absinthe-vieille-larusee-mogador-2020\\\/\",\"name\":\"Absinthe Vieille Larus\u00e9e Mogador 2020 - Larus\u00e9e\",\"isPartOf\":{\"@id\":\"https:\\\/\\\/www.larusee.com\\\/de\\\/#website\"},\"primaryImageOfPage\":{\"@id\":\"https:\\\/\\\/www.larusee.com\\\/de\\\/produit\\\/absinthe-vieille-larusee-mogador-2020\\\/#primaryimage\"},\"image\":{\"@id\":\"https:\\\/\\\/www.larusee.com\\\/de\\\/produit\\\/absinthe-vieille-larusee-mogador-2020\\\/#primaryimage\"},\"thumbnailUrl\":\"https:\\\/\\\/www.larusee.com\\\/wp-content\\\/uploads\\\/2020\\\/09\\\/larusee-precieuses-mogador-50cl-closeup.jpg\",\"datePublished\":\"2020-09-27T15:33:28+00:00\",\"dateModified\":\"2023-12-03T17:51:40+00:00\",\"description\":\"Absinth Vieille Larus\u00e9e Mogador reifte 18 Monate in einem Fass, das die au\u00dfergew\u00f6hnliche Cuv\u00e9e aus einem Gut in Baux-de-Provence enthielt.\",\"breadcrumb\":{\"@id\":\"https:\\\/\\\/www.larusee.com\\\/de\\\/produit\\\/absinthe-vieille-larusee-mogador-2020\\\/#breadcrumb\"},\"inLanguage\":\"de\",\"potentialAction\":[{\"@type\":\"ReadAction\",\"target\":[\"https:\\\/\\\/www.larusee.com\\\/de\\\/produit\\\/absinthe-vieille-larusee-mogador-2020\\\/\"]}]},{\"@type\":\"ImageObject\",\"inLanguage\":\"de\",\"@id\":\"https:\\\/\\\/www.larusee.com\\\/de\\\/produit\\\/absinthe-vieille-larusee-mogador-2020\\\/#primaryimage\",\"url\":\"https:\\\/\\\/www.larusee.com\\\/wp-content\\\/uploads\\\/2020\\\/09\\\/larusee-precieuses-mogador-50cl-closeup.jpg\",\"contentUrl\":\"https:\\\/\\\/www.larusee.com\\\/wp-content\\\/uploads\\\/2020\\\/09\\\/larusee-precieuses-mogador-50cl-closeup.jpg\",\"width\":1600,\"height\":2000,\"caption\":\"Absinthe Vieille Larus\u00e9e Mogador\"},{\"@type\":\"BreadcrumbList\",\"@id\":\"https:\\\/\\\/www.larusee.com\\\/de\\\/produit\\\/absinthe-vieille-larusee-mogador-2020\\\/#breadcrumb\",\"itemListElement\":[{\"@type\":\"ListItem\",\"position\":1,\"name\":\"Accueil\",\"item\":\"https:\\\/\\\/www.larusee.com\\\/de\\\/\"},{\"@type\":\"ListItem\",\"position\":2,\"name\":\"Boutique\",\"item\":\"https:\\\/\\\/www.larusee.com\\\/de\\\/boutique\\\/\"},{\"@type\":\"ListItem\",\"position\":3,\"name\":\"Absinthe Vieille Larus\u00e9e Mogador 2020\"}]},{\"@type\":\"WebSite\",\"@id\":\"https:\\\/\\\/www.larusee.com\\\/de\\\/#website\",\"url\":\"https:\\\/\\\/www.larusee.com\\\/de\\\/\",\"name\":\"Larus\u00e9e\",\"description\":\"Distillateur d&#039;\u00e9motions\",\"publisher\":{\"@id\":\"https:\\\/\\\/www.larusee.com\\\/de\\\/#organization\"},\"potentialAction\":[{\"@type\":\"SearchAction\",\"target\":{\"@type\":\"EntryPoint\",\"urlTemplate\":\"https:\\\/\\\/www.larusee.com\\\/de\\\/?s={search_term_string}\"},\"query-input\":{\"@type\":\"PropertyValueSpecification\",\"valueRequired\":true,\"valueName\":\"search_term_string\"}}],\"inLanguage\":\"de\"},{\"@type\":\"Organization\",\"@id\":\"https:\\\/\\\/www.larusee.com\\\/de\\\/#organization\",\"name\":\"Larus\u00e9e\",\"url\":\"https:\\\/\\\/www.larusee.com\\\/de\\\/\",\"logo\":{\"@type\":\"ImageObject\",\"inLanguage\":\"de\",\"@id\":\"https:\\\/\\\/www.larusee.com\\\/de\\\/#\\\/schema\\\/logo\\\/image\\\/\",\"url\":\"https:\\\/\\\/www.larusee.com\\\/wp-content\\\/uploads\\\/2019\\\/04\\\/Logo_Larusee_Noir.png\",\"contentUrl\":\"https:\\\/\\\/www.larusee.com\\\/wp-content\\\/uploads\\\/2019\\\/04\\\/Logo_Larusee_Noir.png\",\"width\":1181,\"height\":318,\"caption\":\"Larus\u00e9e\"},\"image\":{\"@id\":\"https:\\\/\\\/www.larusee.com\\\/de\\\/#\\\/schema\\\/logo\\\/image\\\/\"},\"sameAs\":[\"https:\\\/\\\/www.facebook.com\\\/AbsintheLarusee\",\"https:\\\/\\\/www.instagram.com\\\/distillerielarusee\\\/\"]}]}<\/script>\n<!-- \/ Yoast SEO plugin. -->","yoast_head_json":{"title":"Absinthe Vieille Larus\u00e9e Mogador 2020 - Larus\u00e9e","description":"Absinth Vieille Larus\u00e9e Mogador reifte 18 Monate in einem Fass, das die au\u00dfergew\u00f6hnliche Cuv\u00e9e aus einem Gut in Baux-de-Provence enthielt.","robots":{"index":"index","follow":"follow","max-snippet":"max-snippet:-1","max-image-preview":"max-image-preview:large","max-video-preview":"max-video-preview:-1"},"canonical":"https:\/\/www.larusee.com\/de\/produit\/absinthe-vieille-larusee-mogador-2020\/","og_locale":"de_DE","og_type":"article","og_title":"Absinthe Vieille Larus\u00e9e Mogador 2020 - Larus\u00e9e","og_description":"Absinth Vieille Larus\u00e9e Mogador reifte 18 Monate in einem Fass, das die au\u00dfergew\u00f6hnliche Cuv\u00e9e aus einem Gut in Baux-de-Provence enthielt.","og_url":"https:\/\/www.larusee.com\/de\/produit\/absinthe-vieille-larusee-mogador-2020\/","og_site_name":"Larus\u00e9e","article_publisher":"https:\/\/www.facebook.com\/AbsintheLarusee","article_modified_time":"2023-12-03T17:51:40+00:00","og_image":[{"width":1600,"height":2000,"url":"https:\/\/www.larusee.com\/wp-content\/uploads\/2020\/09\/larusee-precieuses-mogador-50cl-closeup.jpg","type":"image\/jpeg"}],"twitter_card":"summary_large_image","schema":{"@context":"https:\/\/schema.org","@graph":[{"@type":"WebPage","@id":"https:\/\/www.larusee.com\/de\/produit\/absinthe-vieille-larusee-mogador-2020\/","url":"https:\/\/www.larusee.com\/de\/produit\/absinthe-vieille-larusee-mogador-2020\/","name":"Absinthe Vieille Larus\u00e9e Mogador 2020 - Larus\u00e9e","isPartOf":{"@id":"https:\/\/www.larusee.com\/de\/#website"},"primaryImageOfPage":{"@id":"https:\/\/www.larusee.com\/de\/produit\/absinthe-vieille-larusee-mogador-2020\/#primaryimage"},"image":{"@id":"https:\/\/www.larusee.com\/de\/produit\/absinthe-vieille-larusee-mogador-2020\/#primaryimage"},"thumbnailUrl":"https:\/\/www.larusee.com\/wp-content\/uploads\/2020\/09\/larusee-precieuses-mogador-50cl-closeup.jpg","datePublished":"2020-09-27T15:33:28+00:00","dateModified":"2023-12-03T17:51:40+00:00","description":"Absinth Vieille Larus\u00e9e Mogador reifte 18 Monate in einem Fass, das die au\u00dfergew\u00f6hnliche Cuv\u00e9e aus einem Gut in Baux-de-Provence enthielt.","breadcrumb":{"@id":"https:\/\/www.larusee.com\/de\/produit\/absinthe-vieille-larusee-mogador-2020\/#breadcrumb"},"inLanguage":"de","potentialAction":[{"@type":"ReadAction","target":["https:\/\/www.larusee.com\/de\/produit\/absinthe-vieille-larusee-mogador-2020\/"]}]},{"@type":"ImageObject","inLanguage":"de","@id":"https:\/\/www.larusee.com\/de\/produit\/absinthe-vieille-larusee-mogador-2020\/#primaryimage","url":"https:\/\/www.larusee.com\/wp-content\/uploads\/2020\/09\/larusee-precieuses-mogador-50cl-closeup.jpg","contentUrl":"https:\/\/www.larusee.com\/wp-content\/uploads\/2020\/09\/larusee-precieuses-mogador-50cl-closeup.jpg","width":1600,"height":2000,"caption":"Absinthe Vieille Larus\u00e9e Mogador"},{"@type":"BreadcrumbList","@id":"https:\/\/www.larusee.com\/de\/produit\/absinthe-vieille-larusee-mogador-2020\/#breadcrumb","itemListElement":[{"@type":"ListItem","position":1,"name":"Accueil","item":"https:\/\/www.larusee.com\/de\/"},{"@type":"ListItem","position":2,"name":"Boutique","item":"https:\/\/www.larusee.com\/de\/boutique\/"},{"@type":"ListItem","position":3,"name":"Absinthe Vieille Larus\u00e9e Mogador 2020"}]},{"@type":"WebSite","@id":"https:\/\/www.larusee.com\/de\/#website","url":"https:\/\/www.larusee.com\/de\/","name":"Larus\u00e9e","description":"Distillateur d&#039;\u00e9motions","publisher":{"@id":"https:\/\/www.larusee.com\/de\/#organization"},"potentialAction":[{"@type":"SearchAction","target":{"@type":"EntryPoint","urlTemplate":"https:\/\/www.larusee.com\/de\/?s={search_term_string}"},"query-input":{"@type":"PropertyValueSpecification","valueRequired":true,"valueName":"search_term_string"}}],"inLanguage":"de"},{"@type":"Organization","@id":"https:\/\/www.larusee.com\/de\/#organization","name":"Larus\u00e9e","url":"https:\/\/www.larusee.com\/de\/","logo":{"@type":"ImageObject","inLanguage":"de","@id":"https:\/\/www.larusee.com\/de\/#\/schema\/logo\/image\/","url":"https:\/\/www.larusee.com\/wp-content\/uploads\/2019\/04\/Logo_Larusee_Noir.png","contentUrl":"https:\/\/www.larusee.com\/wp-content\/uploads\/2019\/04\/Logo_Larusee_Noir.png","width":1181,"height":318,"caption":"Larus\u00e9e"},"image":{"@id":"https:\/\/www.larusee.com\/de\/#\/schema\/logo\/image\/"},"sameAs":["https:\/\/www.facebook.com\/AbsintheLarusee","https:\/\/www.instagram.com\/distillerielarusee\/"]}]}},"_links":{"self":[{"href":"https:\/\/www.larusee.com\/de\/wp-json\/wp\/v2\/product\/14591","targetHints":{"allow":["GET"]}}],"collection":[{"href":"https:\/\/www.larusee.com\/de\/wp-json\/wp\/v2\/product"}],"about":[{"href":"https:\/\/www.larusee.com\/de\/wp-json\/wp\/v2\/types\/product"}],"version-history":[{"count":3,"href":"https:\/\/www.larusee.com\/de\/wp-json\/wp\/v2\/product\/14591\/revisions"}],"predecessor-version":[{"id":20948,"href":"https:\/\/www.larusee.com\/de\/wp-json\/wp\/v2\/product\/14591\/revisions\/20948"}],"wp:featuredmedia":[{"embeddable":true,"href":"https:\/\/www.larusee.com\/de\/wp-json\/wp\/v2\/media\/14595"}],"wp:attachment":[{"href":"https:\/\/www.larusee.com\/de\/wp-json\/wp\/v2\/media?parent=14591"}],"wp:term":[{"taxonomy":"product_brand","embeddable":true,"href":"https:\/\/www.larusee.com\/de\/wp-json\/wp\/v2\/product_brand?post=14591"},{"taxonomy":"product_cat","embeddable":true,"href":"https:\/\/www.larusee.com\/de\/wp-json\/wp\/v2\/product_cat?post=14591"},{"taxonomy":"product_tag","embeddable":true,"href":"https:\/\/www.larusee.com\/de\/wp-json\/wp\/v2\/product_tag?post=14591"}],"curies":[{"name":"wp","href":"https:\/\/api.w.org\/{rel}","templated":true}]}}