{"id":14420,"date":"2020-04-24T16:31:41","date_gmt":"2020-04-24T14:31:42","guid":{"rendered":"http:\/\/www.larusee.com\/?post_type=product&#038;p=14420"},"modified":"2025-01-09T21:43:17","modified_gmt":"2025-01-09T20:43:17","slug":"pastis-larusee-3-flaschen","status":"publish","type":"product","link":"https:\/\/www.larusee.com\/de\/produit\/pastis-larusee-3-flaschen\/","title":{"rendered":"Pastis Larus\u00e9e 3 Flaschen"},"content":{"rendered":"<div class=\"wpb-content-wrapper\"><p>[vc_row][vc_column][vc_column_text]<\/p>\n<p><b>Kapazit\u00e4t\u2009:<\/b>\u00a03x 70 cl<br \/><b>Volumen\u2009:<\/b> 45% vol.<\/p>\n<p><b>Hinweis\u2009:<\/b> Genie\u00dfen Sie als Aperitif (1 Dosis Pastis f\u00fcr 4-5 Dosen sehr frisches Wasser).<\/p>\n<p>[\/vc_column_text][vc_separator][vc_column_text]<\/p>\n<h4>Die Medaillen, die unser Schweizer Pastis gewonnen hat<\/h4>\n<p>[\/vc_column_text][\/vc_column][\/vc_row][vc_row][vc_column width=&#8220;1\/6&#8243;][vc_single_image image=&#8220;14712&#8243; img_size=&#8220;full&#8220; alignment=&#8220;center&#8220;][vc_column_text]<\/p>\n<p style=\"text-align: center;\"><strong>Gold<\/strong><br \/>\nConcours Mondial de Bruxelles 2020<\/p>\n<p>[\/vc_column_text][\/vc_column][vc_column width=&#8220;1\/6&#8243;][vc_single_image image=&#8220;14305&#8243; img_size=&#8220;full&#8220; alignment=&#8220;center&#8220;][vc_column_text]<\/p>\n<p style=\"text-align: center;\"><strong>Silber<\/strong><br \/>Concours International de Lyon 2020<\/p>\n<p>[\/vc_column_text][\/vc_column][vc_column width=&#8220;1\/6&#8243;][vc_single_image image=&#8220;11120&#8243; img_size=&#8220;&#8220; alignment=&#8220;center&#8220;][vc_column_text]<\/p>\n<p style=\"text-align: center;\"><strong>Gold<\/strong><br \/>Paris International Spirits Trophy 2019<\/p>\n<p>[\/vc_column_text][\/vc_column][vc_column width=&#8220;1\/6&#8243;][vc_single_image image=&#8220;11121&#8243; img_size=&#8220;&#8220; alignment=&#8220;center&#8220;][vc_column_text]<\/p>\n<p style=\"text-align: center;\"><strong>Gold<\/strong><br \/>Palmar\u00e8s de l&#8217;AVGF<\/p>\n<p>[\/vc_column_text][\/vc_column][vc_column width=&#8220;1\/6&#8243;][\/vc_column][vc_column width=&#8220;1\/6&#8243;][\/vc_column][\/vc_row]<\/p>\n<\/div>","protected":false},"excerpt":{"rendered":"<p>Ein Schweizer Pastis &#8230; und dann noch aus Neuenburg? Was f\u00fcr eine witzige Idee! Dennoch, die Geschichte des \u201ekleinen Gelben\u201c ist eng mit der des Absinths verbunden, da es dem Verbot dieses letzteren zu verdanken ist, dass dieses wunderbare anishaltige Getr\u00e4nk, Symbol der in der Sonne genossenen Aperitifs, geschaffen wurde. Und welches andere Land als Frankreich kann die Erfindung des Absinths f\u00fcr sich beanspruchen? Die Schweiz nat\u00fcrlich! Entwickelt in der historischen Wiege seiner Mutter, dem Absinth, wird der Pastis Larus\u00e9e auf vollst\u00e4ndig handwerkliche Art destilliert und mazeriert. Das kleine Wunder, das wir Ihnen anbieten, zeigt, dass dieses legend\u00e4re Anisgetr\u00e4nk auch \u00fcberraschen kann! Es ist eine Explosion von sorgf\u00e4ltig bemessenen Geschmacksrichtungen, in aller Finesse, mit D\u00fcften von Pflanzen, die man fast einzeln unterscheiden k\u00f6nnte. Mit einem Alkoholgehalt von 45%, einer seltenen Eleganz, bietet er Ihnen ein leichtet zitronige Frische.<\/p>\n","protected":false},"featured_media":21804,"template":"","meta":[],"product_brand":[],"product_cat":[753,824,804],"product_tag":[829,828,826,827,806],"class_list":{"0":"post-14420","1":"product","2":"type-product","3":"status-publish","4":"has-post-thumbnail","6":"product_cat-der-shop","7":"product_cat-unser-schweizer-pastis","8":"product_cat-unsere-produkte","9":"product_tag-gastronomie-de","10":"product_tag-goldmedaille","11":"product_tag-larusee-de","12":"product_tag-pastis-de","13":"product_tag-schweiz","15":"first","16":"instock","17":"featured","18":"taxable","19":"shipping-taxable","20":"purchasable","21":"product-type-simple"},"yoast_head":"<!-- This site is optimized with the Yoast SEO plugin v27.6 - https:\/\/yoast.com\/product\/yoast-seo-wordpress\/ -->\n<title>Pastis Larus\u00e9e 3 Flaschen - Larus\u00e9e<\/title>\n<meta name=\"description\" content=\"Nach der Mutter (Absinth)\u2026 Der Sohn (Pastis)! Larus\u00e9e schafft die Linie seiner High-End-Absinthe, indem er die ersten Schweizer Pastis erfindet!\" \/>\n<meta name=\"robots\" content=\"index, follow, max-snippet:-1, max-image-preview:large, max-video-preview:-1\" \/>\n<link rel=\"canonical\" href=\"https:\/\/www.larusee.com\/de\/produit\/pastis-larusee-3-flaschen\/\" \/>\n<meta property=\"og:locale\" content=\"de_DE\" \/>\n<meta property=\"og:type\" content=\"article\" \/>\n<meta property=\"og:title\" content=\"Pastis Larus\u00e9e 3 Flaschen - Larus\u00e9e\" \/>\n<meta property=\"og:description\" content=\"Nach der Mutter (Absinth)\u2026 Der Sohn (Pastis)! Larus\u00e9e schafft die Linie seiner High-End-Absinthe, indem er die ersten Schweizer Pastis erfindet!\" \/>\n<meta property=\"og:url\" content=\"https:\/\/www.larusee.com\/de\/produit\/pastis-larusee-3-flaschen\/\" \/>\n<meta property=\"og:site_name\" content=\"Larus\u00e9e\" \/>\n<meta property=\"article:publisher\" content=\"https:\/\/www.facebook.com\/AbsintheLarusee\" \/>\n<meta property=\"article:modified_time\" content=\"2025-01-09T20:43:17+00:00\" \/>\n<meta property=\"og:image\" content=\"https:\/\/www.larusee.com\/wp-content\/uploads\/2020\/04\/larusee-pastis-3x70cl-2024-closeup.jpg\" \/>\n\t<meta property=\"og:image:width\" content=\"1600\" \/>\n\t<meta property=\"og:image:height\" content=\"2000\" \/>\n\t<meta property=\"og:image:type\" content=\"image\/jpeg\" \/>\n<meta name=\"twitter:card\" content=\"summary_large_image\" \/>\n<meta name=\"twitter:label1\" content=\"Gesch\u00e4tzte Lesezeit\" \/>\n\t<meta name=\"twitter:data1\" content=\"1\u00a0Minute\" \/>\n<script type=\"application\/ld+json\" class=\"yoast-schema-graph\">{\"@context\":\"https:\\\/\\\/schema.org\",\"@graph\":[{\"@type\":\"WebPage\",\"@id\":\"https:\\\/\\\/www.larusee.com\\\/de\\\/produit\\\/pastis-larusee-3-flaschen\\\/\",\"url\":\"https:\\\/\\\/www.larusee.com\\\/de\\\/produit\\\/pastis-larusee-3-flaschen\\\/\",\"name\":\"Pastis Larus\u00e9e 3 Flaschen - Larus\u00e9e\",\"isPartOf\":{\"@id\":\"https:\\\/\\\/www.larusee.com\\\/de\\\/#website\"},\"primaryImageOfPage\":{\"@id\":\"https:\\\/\\\/www.larusee.com\\\/de\\\/produit\\\/pastis-larusee-3-flaschen\\\/#primaryimage\"},\"image\":{\"@id\":\"https:\\\/\\\/www.larusee.com\\\/de\\\/produit\\\/pastis-larusee-3-flaschen\\\/#primaryimage\"},\"thumbnailUrl\":\"https:\\\/\\\/www.larusee.com\\\/wp-content\\\/uploads\\\/2020\\\/04\\\/larusee-pastis-3x70cl-2024-closeup.jpg\",\"datePublished\":\"2020-04-24T14:31:42+00:00\",\"dateModified\":\"2025-01-09T20:43:17+00:00\",\"description\":\"Nach der Mutter (Absinth)\u2026 Der Sohn (Pastis)! Larus\u00e9e schafft die Linie seiner High-End-Absinthe, indem er die ersten Schweizer Pastis erfindet!\",\"breadcrumb\":{\"@id\":\"https:\\\/\\\/www.larusee.com\\\/de\\\/produit\\\/pastis-larusee-3-flaschen\\\/#breadcrumb\"},\"inLanguage\":\"de\",\"potentialAction\":[{\"@type\":\"ReadAction\",\"target\":[\"https:\\\/\\\/www.larusee.com\\\/de\\\/produit\\\/pastis-larusee-3-flaschen\\\/\"]}]},{\"@type\":\"ImageObject\",\"inLanguage\":\"de\",\"@id\":\"https:\\\/\\\/www.larusee.com\\\/de\\\/produit\\\/pastis-larusee-3-flaschen\\\/#primaryimage\",\"url\":\"https:\\\/\\\/www.larusee.com\\\/wp-content\\\/uploads\\\/2020\\\/04\\\/larusee-pastis-3x70cl-2024-closeup.jpg\",\"contentUrl\":\"https:\\\/\\\/www.larusee.com\\\/wp-content\\\/uploads\\\/2020\\\/04\\\/larusee-pastis-3x70cl-2024-closeup.jpg\",\"width\":1600,\"height\":2000},{\"@type\":\"BreadcrumbList\",\"@id\":\"https:\\\/\\\/www.larusee.com\\\/de\\\/produit\\\/pastis-larusee-3-flaschen\\\/#breadcrumb\",\"itemListElement\":[{\"@type\":\"ListItem\",\"position\":1,\"name\":\"Accueil\",\"item\":\"https:\\\/\\\/www.larusee.com\\\/de\\\/\"},{\"@type\":\"ListItem\",\"position\":2,\"name\":\"Boutique\",\"item\":\"https:\\\/\\\/www.larusee.com\\\/de\\\/boutique\\\/\"},{\"@type\":\"ListItem\",\"position\":3,\"name\":\"Pastis Larus\u00e9e 3 Flaschen\"}]},{\"@type\":\"WebSite\",\"@id\":\"https:\\\/\\\/www.larusee.com\\\/de\\\/#website\",\"url\":\"https:\\\/\\\/www.larusee.com\\\/de\\\/\",\"name\":\"Larus\u00e9e\",\"description\":\"Distillateur d&#039;\u00e9motions\",\"publisher\":{\"@id\":\"https:\\\/\\\/www.larusee.com\\\/de\\\/#organization\"},\"potentialAction\":[{\"@type\":\"SearchAction\",\"target\":{\"@type\":\"EntryPoint\",\"urlTemplate\":\"https:\\\/\\\/www.larusee.com\\\/de\\\/?s={search_term_string}\"},\"query-input\":{\"@type\":\"PropertyValueSpecification\",\"valueRequired\":true,\"valueName\":\"search_term_string\"}}],\"inLanguage\":\"de\"},{\"@type\":\"Organization\",\"@id\":\"https:\\\/\\\/www.larusee.com\\\/de\\\/#organization\",\"name\":\"Larus\u00e9e\",\"url\":\"https:\\\/\\\/www.larusee.com\\\/de\\\/\",\"logo\":{\"@type\":\"ImageObject\",\"inLanguage\":\"de\",\"@id\":\"https:\\\/\\\/www.larusee.com\\\/de\\\/#\\\/schema\\\/logo\\\/image\\\/\",\"url\":\"https:\\\/\\\/www.larusee.com\\\/wp-content\\\/uploads\\\/2019\\\/04\\\/Logo_Larusee_Noir.png\",\"contentUrl\":\"https:\\\/\\\/www.larusee.com\\\/wp-content\\\/uploads\\\/2019\\\/04\\\/Logo_Larusee_Noir.png\",\"width\":1181,\"height\":318,\"caption\":\"Larus\u00e9e\"},\"image\":{\"@id\":\"https:\\\/\\\/www.larusee.com\\\/de\\\/#\\\/schema\\\/logo\\\/image\\\/\"},\"sameAs\":[\"https:\\\/\\\/www.facebook.com\\\/AbsintheLarusee\",\"https:\\\/\\\/www.instagram.com\\\/distillerielarusee\\\/\"]}]}<\/script>\n<!-- \/ Yoast SEO plugin. -->","yoast_head_json":{"title":"Pastis Larus\u00e9e 3 Flaschen - Larus\u00e9e","description":"Nach der Mutter (Absinth)\u2026 Der Sohn (Pastis)! Larus\u00e9e schafft die Linie seiner High-End-Absinthe, indem er die ersten Schweizer Pastis erfindet!","robots":{"index":"index","follow":"follow","max-snippet":"max-snippet:-1","max-image-preview":"max-image-preview:large","max-video-preview":"max-video-preview:-1"},"canonical":"https:\/\/www.larusee.com\/de\/produit\/pastis-larusee-3-flaschen\/","og_locale":"de_DE","og_type":"article","og_title":"Pastis Larus\u00e9e 3 Flaschen - Larus\u00e9e","og_description":"Nach der Mutter (Absinth)\u2026 Der Sohn (Pastis)! Larus\u00e9e schafft die Linie seiner High-End-Absinthe, indem er die ersten Schweizer Pastis erfindet!","og_url":"https:\/\/www.larusee.com\/de\/produit\/pastis-larusee-3-flaschen\/","og_site_name":"Larus\u00e9e","article_publisher":"https:\/\/www.facebook.com\/AbsintheLarusee","article_modified_time":"2025-01-09T20:43:17+00:00","og_image":[{"width":1600,"height":2000,"url":"https:\/\/www.larusee.com\/wp-content\/uploads\/2020\/04\/larusee-pastis-3x70cl-2024-closeup.jpg","type":"image\/jpeg"}],"twitter_card":"summary_large_image","twitter_misc":{"Gesch\u00e4tzte Lesezeit":"1\u00a0Minute"},"schema":{"@context":"https:\/\/schema.org","@graph":[{"@type":"WebPage","@id":"https:\/\/www.larusee.com\/de\/produit\/pastis-larusee-3-flaschen\/","url":"https:\/\/www.larusee.com\/de\/produit\/pastis-larusee-3-flaschen\/","name":"Pastis Larus\u00e9e 3 Flaschen - Larus\u00e9e","isPartOf":{"@id":"https:\/\/www.larusee.com\/de\/#website"},"primaryImageOfPage":{"@id":"https:\/\/www.larusee.com\/de\/produit\/pastis-larusee-3-flaschen\/#primaryimage"},"image":{"@id":"https:\/\/www.larusee.com\/de\/produit\/pastis-larusee-3-flaschen\/#primaryimage"},"thumbnailUrl":"https:\/\/www.larusee.com\/wp-content\/uploads\/2020\/04\/larusee-pastis-3x70cl-2024-closeup.jpg","datePublished":"2020-04-24T14:31:42+00:00","dateModified":"2025-01-09T20:43:17+00:00","description":"Nach der Mutter (Absinth)\u2026 Der Sohn (Pastis)! Larus\u00e9e schafft die Linie seiner High-End-Absinthe, indem er die ersten Schweizer Pastis erfindet!","breadcrumb":{"@id":"https:\/\/www.larusee.com\/de\/produit\/pastis-larusee-3-flaschen\/#breadcrumb"},"inLanguage":"de","potentialAction":[{"@type":"ReadAction","target":["https:\/\/www.larusee.com\/de\/produit\/pastis-larusee-3-flaschen\/"]}]},{"@type":"ImageObject","inLanguage":"de","@id":"https:\/\/www.larusee.com\/de\/produit\/pastis-larusee-3-flaschen\/#primaryimage","url":"https:\/\/www.larusee.com\/wp-content\/uploads\/2020\/04\/larusee-pastis-3x70cl-2024-closeup.jpg","contentUrl":"https:\/\/www.larusee.com\/wp-content\/uploads\/2020\/04\/larusee-pastis-3x70cl-2024-closeup.jpg","width":1600,"height":2000},{"@type":"BreadcrumbList","@id":"https:\/\/www.larusee.com\/de\/produit\/pastis-larusee-3-flaschen\/#breadcrumb","itemListElement":[{"@type":"ListItem","position":1,"name":"Accueil","item":"https:\/\/www.larusee.com\/de\/"},{"@type":"ListItem","position":2,"name":"Boutique","item":"https:\/\/www.larusee.com\/de\/boutique\/"},{"@type":"ListItem","position":3,"name":"Pastis Larus\u00e9e 3 Flaschen"}]},{"@type":"WebSite","@id":"https:\/\/www.larusee.com\/de\/#website","url":"https:\/\/www.larusee.com\/de\/","name":"Larus\u00e9e","description":"Distillateur d&#039;\u00e9motions","publisher":{"@id":"https:\/\/www.larusee.com\/de\/#organization"},"potentialAction":[{"@type":"SearchAction","target":{"@type":"EntryPoint","urlTemplate":"https:\/\/www.larusee.com\/de\/?s={search_term_string}"},"query-input":{"@type":"PropertyValueSpecification","valueRequired":true,"valueName":"search_term_string"}}],"inLanguage":"de"},{"@type":"Organization","@id":"https:\/\/www.larusee.com\/de\/#organization","name":"Larus\u00e9e","url":"https:\/\/www.larusee.com\/de\/","logo":{"@type":"ImageObject","inLanguage":"de","@id":"https:\/\/www.larusee.com\/de\/#\/schema\/logo\/image\/","url":"https:\/\/www.larusee.com\/wp-content\/uploads\/2019\/04\/Logo_Larusee_Noir.png","contentUrl":"https:\/\/www.larusee.com\/wp-content\/uploads\/2019\/04\/Logo_Larusee_Noir.png","width":1181,"height":318,"caption":"Larus\u00e9e"},"image":{"@id":"https:\/\/www.larusee.com\/de\/#\/schema\/logo\/image\/"},"sameAs":["https:\/\/www.facebook.com\/AbsintheLarusee","https:\/\/www.instagram.com\/distillerielarusee\/"]}]}},"_links":{"self":[{"href":"https:\/\/www.larusee.com\/de\/wp-json\/wp\/v2\/product\/14420","targetHints":{"allow":["GET"]}}],"collection":[{"href":"https:\/\/www.larusee.com\/de\/wp-json\/wp\/v2\/product"}],"about":[{"href":"https:\/\/www.larusee.com\/de\/wp-json\/wp\/v2\/types\/product"}],"version-history":[{"count":11,"href":"https:\/\/www.larusee.com\/de\/wp-json\/wp\/v2\/product\/14420\/revisions"}],"predecessor-version":[{"id":22117,"href":"https:\/\/www.larusee.com\/de\/wp-json\/wp\/v2\/product\/14420\/revisions\/22117"}],"wp:featuredmedia":[{"embeddable":true,"href":"https:\/\/www.larusee.com\/de\/wp-json\/wp\/v2\/media\/21804"}],"wp:attachment":[{"href":"https:\/\/www.larusee.com\/de\/wp-json\/wp\/v2\/media?parent=14420"}],"wp:term":[{"taxonomy":"product_brand","embeddable":true,"href":"https:\/\/www.larusee.com\/de\/wp-json\/wp\/v2\/product_brand?post=14420"},{"taxonomy":"product_cat","embeddable":true,"href":"https:\/\/www.larusee.com\/de\/wp-json\/wp\/v2\/product_cat?post=14420"},{"taxonomy":"product_tag","embeddable":true,"href":"https:\/\/www.larusee.com\/de\/wp-json\/wp\/v2\/product_tag?post=14420"}],"curies":[{"name":"wp","href":"https:\/\/api.w.org\/{rel}","templated":true}]}}