{"id":14392,"date":"2020-04-22T10:35:49","date_gmt":"2020-04-22T08:35:49","guid":{"rendered":"http:\/\/www.larusee.com\/?post_type=product&#038;p=14392"},"modified":"2020-04-22T17:36:17","modified_gmt":"2020-04-22T15:36:17","slug":"gin-bisbino-bio","status":"publish","type":"product","link":"https:\/\/www.larusee.com\/de\/produit\/gin-bisbino-bio\/","title":{"rendered":"Gin Bisbino bio"},"content":{"rendered":"<div class=\"wpb-content-wrapper\"><p>[vc_row][vc_column][vc_column_text]<b>Kapazit\u00e4t\u2009:<\/b>\u00a050 cl<br \/>\n<b>Volumen\u2009:<\/b> 40% vol.[\/vc_column_text][vc_separator][\/vc_column][\/vc_row]<\/p>\n<\/div>","protected":false},"excerpt":{"rendered":"<p>Gin Bisbino ist eng mit dem Berg verbunden, von dem er seinen Namen hat, Monte Bisbino. Seine Geschichte, sein Charakter und seine Struktur sind davon inspiriert. Die W\u00e4lder und Wege, auf denen Martino Mombelli das Geheimrezept entworfen hat, sind auch die Orte, an denen sich Giona Meyer, Rupen Nacaroglu und Damiano Merzari mit ihm trafen, um einen gemeinsamen Traum zu diskutieren und zu entwickeln: den ersten Gin aus dem Tessin zu kreieren.<\/p>\n<p>Der Bisbino Bio Ticino Gin ist einer der drei obligatorischen Bestandteile des Swiss Tonic Cocktails, der Tour de Suisse in einem Glas, mit dem Z\u00fcrcher Tonic Gents Swiss Roots und dem Absinth <a href=\"http:\/\/www.larusee.com\/produit\/absinthe-larusee-bleue-70-cl-55-vol\/\" target=\"_blank\" rel=\"noopener noreferrer\">Larus\u00e9e Bleue<\/a>.<\/p>\n","protected":false},"featured_media":14396,"template":"","meta":[],"product_brand":[],"product_cat":[753,804,749],"product_tag":[1024,1025,1022,806,1017,1023],"class_list":{"0":"post-14392","1":"product","2":"type-product","3":"status-publish","4":"has-post-thumbnail","6":"product_cat-der-shop","7":"product_cat-unsere-produkte","8":"product_cat-zubehoer","9":"product_tag-50cl-de","10":"product_tag-bio-de","11":"product_tag-gin-de","12":"product_tag-schweiz","13":"product_tag-swiss-tonic-de","14":"product_tag-tessin-de","16":"first","17":"outofstock","18":"taxable","19":"shipping-taxable","20":"purchasable","21":"product-type-simple"},"yoast_head":"<!-- This site is optimized with the Yoast SEO plugin v27.2 - https:\/\/yoast.com\/product\/yoast-seo-wordpress\/ -->\n<title>Gin Bisbino bio - Larus\u00e9e<\/title>\n<meta name=\"description\" content=\"Bisbino Ticino Gin ist eine der drei Komponenten des legend\u00e4ren Swiss Tonic Cocktails mit Gents Tonic und Larus\u00e9e Absinth.\" \/>\n<meta name=\"robots\" content=\"index, follow, max-snippet:-1, max-image-preview:large, max-video-preview:-1\" \/>\n<link rel=\"canonical\" href=\"https:\/\/www.larusee.com\/de\/produit\/gin-bisbino-bio\/\" \/>\n<meta property=\"og:locale\" content=\"de_DE\" \/>\n<meta property=\"og:type\" content=\"article\" \/>\n<meta property=\"og:title\" content=\"Gin Bisbino bio - Larus\u00e9e\" \/>\n<meta property=\"og:description\" content=\"Bisbino Ticino Gin ist eine der drei Komponenten des legend\u00e4ren Swiss Tonic Cocktails mit Gents Tonic und Larus\u00e9e Absinth.\" \/>\n<meta property=\"og:url\" content=\"https:\/\/www.larusee.com\/de\/produit\/gin-bisbino-bio\/\" \/>\n<meta property=\"og:site_name\" content=\"Larus\u00e9e\" \/>\n<meta property=\"article:publisher\" content=\"https:\/\/www.facebook.com\/AbsintheLarusee\" \/>\n<meta property=\"article:modified_time\" content=\"2020-04-22T15:36:17+00:00\" \/>\n<meta property=\"og:image\" content=\"https:\/\/www.larusee.com\/wp-content\/uploads\/2020\/04\/bisbino-gin-50cl-closeup.jpg\" \/>\n\t<meta property=\"og:image:width\" content=\"1600\" \/>\n\t<meta property=\"og:image:height\" content=\"2000\" \/>\n\t<meta property=\"og:image:type\" content=\"image\/jpeg\" \/>\n<meta name=\"twitter:card\" content=\"summary_large_image\" \/>\n<script type=\"application\/ld+json\" class=\"yoast-schema-graph\">{\"@context\":\"https:\/\/schema.org\",\"@graph\":[{\"@type\":\"WebPage\",\"@id\":\"https:\/\/www.larusee.com\/de\/produit\/gin-bisbino-bio\/\",\"url\":\"https:\/\/www.larusee.com\/de\/produit\/gin-bisbino-bio\/\",\"name\":\"Gin Bisbino bio - Larus\u00e9e\",\"isPartOf\":{\"@id\":\"https:\/\/www.larusee.com\/de\/#website\"},\"primaryImageOfPage\":{\"@id\":\"https:\/\/www.larusee.com\/de\/produit\/gin-bisbino-bio\/#primaryimage\"},\"image\":{\"@id\":\"https:\/\/www.larusee.com\/de\/produit\/gin-bisbino-bio\/#primaryimage\"},\"thumbnailUrl\":\"https:\/\/www.larusee.com\/wp-content\/uploads\/2020\/04\/bisbino-gin-50cl-closeup.jpg\",\"datePublished\":\"2020-04-22T08:35:49+00:00\",\"dateModified\":\"2020-04-22T15:36:17+00:00\",\"description\":\"Bisbino Ticino Gin ist eine der drei Komponenten des legend\u00e4ren Swiss Tonic Cocktails mit Gents Tonic und Larus\u00e9e Absinth.\",\"breadcrumb\":{\"@id\":\"https:\/\/www.larusee.com\/de\/produit\/gin-bisbino-bio\/#breadcrumb\"},\"inLanguage\":\"de\",\"potentialAction\":[{\"@type\":\"ReadAction\",\"target\":[\"https:\/\/www.larusee.com\/de\/produit\/gin-bisbino-bio\/\"]}]},{\"@type\":\"ImageObject\",\"inLanguage\":\"de\",\"@id\":\"https:\/\/www.larusee.com\/de\/produit\/gin-bisbino-bio\/#primaryimage\",\"url\":\"https:\/\/www.larusee.com\/wp-content\/uploads\/2020\/04\/bisbino-gin-50cl-closeup.jpg\",\"contentUrl\":\"https:\/\/www.larusee.com\/wp-content\/uploads\/2020\/04\/bisbino-gin-50cl-closeup.jpg\",\"width\":1600,\"height\":2000},{\"@type\":\"BreadcrumbList\",\"@id\":\"https:\/\/www.larusee.com\/de\/produit\/gin-bisbino-bio\/#breadcrumb\",\"itemListElement\":[{\"@type\":\"ListItem\",\"position\":1,\"name\":\"Accueil\",\"item\":\"https:\/\/www.larusee.com\/de\/\"},{\"@type\":\"ListItem\",\"position\":2,\"name\":\"Boutique\",\"item\":\"https:\/\/www.larusee.com\/de\/boutique\/\"},{\"@type\":\"ListItem\",\"position\":3,\"name\":\"Gin Bisbino bio\"}]},{\"@type\":\"WebSite\",\"@id\":\"https:\/\/www.larusee.com\/de\/#website\",\"url\":\"https:\/\/www.larusee.com\/de\/\",\"name\":\"Larus\u00e9e\",\"description\":\"Distillateur d&#039;\u00e9motions\",\"publisher\":{\"@id\":\"https:\/\/www.larusee.com\/de\/#organization\"},\"potentialAction\":[{\"@type\":\"SearchAction\",\"target\":{\"@type\":\"EntryPoint\",\"urlTemplate\":\"https:\/\/www.larusee.com\/de\/?s={search_term_string}\"},\"query-input\":{\"@type\":\"PropertyValueSpecification\",\"valueRequired\":true,\"valueName\":\"search_term_string\"}}],\"inLanguage\":\"de\"},{\"@type\":\"Organization\",\"@id\":\"https:\/\/www.larusee.com\/de\/#organization\",\"name\":\"Larus\u00e9e\",\"url\":\"https:\/\/www.larusee.com\/de\/\",\"logo\":{\"@type\":\"ImageObject\",\"inLanguage\":\"de\",\"@id\":\"https:\/\/www.larusee.com\/de\/#\/schema\/logo\/image\/\",\"url\":\"https:\/\/www.larusee.com\/wp-content\/uploads\/2019\/04\/Logo_Larusee_Noir.png\",\"contentUrl\":\"https:\/\/www.larusee.com\/wp-content\/uploads\/2019\/04\/Logo_Larusee_Noir.png\",\"width\":1181,\"height\":318,\"caption\":\"Larus\u00e9e\"},\"image\":{\"@id\":\"https:\/\/www.larusee.com\/de\/#\/schema\/logo\/image\/\"},\"sameAs\":[\"https:\/\/www.facebook.com\/AbsintheLarusee\",\"https:\/\/www.instagram.com\/distillerielarusee\/\"]}]}<\/script>\n<!-- \/ Yoast SEO plugin. -->","yoast_head_json":{"title":"Gin Bisbino bio - Larus\u00e9e","description":"Bisbino Ticino Gin ist eine der drei Komponenten des legend\u00e4ren Swiss Tonic Cocktails mit Gents Tonic und Larus\u00e9e Absinth.","robots":{"index":"index","follow":"follow","max-snippet":"max-snippet:-1","max-image-preview":"max-image-preview:large","max-video-preview":"max-video-preview:-1"},"canonical":"https:\/\/www.larusee.com\/de\/produit\/gin-bisbino-bio\/","og_locale":"de_DE","og_type":"article","og_title":"Gin Bisbino bio - Larus\u00e9e","og_description":"Bisbino Ticino Gin ist eine der drei Komponenten des legend\u00e4ren Swiss Tonic Cocktails mit Gents Tonic und Larus\u00e9e Absinth.","og_url":"https:\/\/www.larusee.com\/de\/produit\/gin-bisbino-bio\/","og_site_name":"Larus\u00e9e","article_publisher":"https:\/\/www.facebook.com\/AbsintheLarusee","article_modified_time":"2020-04-22T15:36:17+00:00","og_image":[{"width":1600,"height":2000,"url":"https:\/\/www.larusee.com\/wp-content\/uploads\/2020\/04\/bisbino-gin-50cl-closeup.jpg","type":"image\/jpeg"}],"twitter_card":"summary_large_image","schema":{"@context":"https:\/\/schema.org","@graph":[{"@type":"WebPage","@id":"https:\/\/www.larusee.com\/de\/produit\/gin-bisbino-bio\/","url":"https:\/\/www.larusee.com\/de\/produit\/gin-bisbino-bio\/","name":"Gin Bisbino bio - Larus\u00e9e","isPartOf":{"@id":"https:\/\/www.larusee.com\/de\/#website"},"primaryImageOfPage":{"@id":"https:\/\/www.larusee.com\/de\/produit\/gin-bisbino-bio\/#primaryimage"},"image":{"@id":"https:\/\/www.larusee.com\/de\/produit\/gin-bisbino-bio\/#primaryimage"},"thumbnailUrl":"https:\/\/www.larusee.com\/wp-content\/uploads\/2020\/04\/bisbino-gin-50cl-closeup.jpg","datePublished":"2020-04-22T08:35:49+00:00","dateModified":"2020-04-22T15:36:17+00:00","description":"Bisbino Ticino Gin ist eine der drei Komponenten des legend\u00e4ren Swiss Tonic Cocktails mit Gents Tonic und Larus\u00e9e Absinth.","breadcrumb":{"@id":"https:\/\/www.larusee.com\/de\/produit\/gin-bisbino-bio\/#breadcrumb"},"inLanguage":"de","potentialAction":[{"@type":"ReadAction","target":["https:\/\/www.larusee.com\/de\/produit\/gin-bisbino-bio\/"]}]},{"@type":"ImageObject","inLanguage":"de","@id":"https:\/\/www.larusee.com\/de\/produit\/gin-bisbino-bio\/#primaryimage","url":"https:\/\/www.larusee.com\/wp-content\/uploads\/2020\/04\/bisbino-gin-50cl-closeup.jpg","contentUrl":"https:\/\/www.larusee.com\/wp-content\/uploads\/2020\/04\/bisbino-gin-50cl-closeup.jpg","width":1600,"height":2000},{"@type":"BreadcrumbList","@id":"https:\/\/www.larusee.com\/de\/produit\/gin-bisbino-bio\/#breadcrumb","itemListElement":[{"@type":"ListItem","position":1,"name":"Accueil","item":"https:\/\/www.larusee.com\/de\/"},{"@type":"ListItem","position":2,"name":"Boutique","item":"https:\/\/www.larusee.com\/de\/boutique\/"},{"@type":"ListItem","position":3,"name":"Gin Bisbino bio"}]},{"@type":"WebSite","@id":"https:\/\/www.larusee.com\/de\/#website","url":"https:\/\/www.larusee.com\/de\/","name":"Larus\u00e9e","description":"Distillateur d&#039;\u00e9motions","publisher":{"@id":"https:\/\/www.larusee.com\/de\/#organization"},"potentialAction":[{"@type":"SearchAction","target":{"@type":"EntryPoint","urlTemplate":"https:\/\/www.larusee.com\/de\/?s={search_term_string}"},"query-input":{"@type":"PropertyValueSpecification","valueRequired":true,"valueName":"search_term_string"}}],"inLanguage":"de"},{"@type":"Organization","@id":"https:\/\/www.larusee.com\/de\/#organization","name":"Larus\u00e9e","url":"https:\/\/www.larusee.com\/de\/","logo":{"@type":"ImageObject","inLanguage":"de","@id":"https:\/\/www.larusee.com\/de\/#\/schema\/logo\/image\/","url":"https:\/\/www.larusee.com\/wp-content\/uploads\/2019\/04\/Logo_Larusee_Noir.png","contentUrl":"https:\/\/www.larusee.com\/wp-content\/uploads\/2019\/04\/Logo_Larusee_Noir.png","width":1181,"height":318,"caption":"Larus\u00e9e"},"image":{"@id":"https:\/\/www.larusee.com\/de\/#\/schema\/logo\/image\/"},"sameAs":["https:\/\/www.facebook.com\/AbsintheLarusee","https:\/\/www.instagram.com\/distillerielarusee\/"]}]}},"_links":{"self":[{"href":"https:\/\/www.larusee.com\/de\/wp-json\/wp\/v2\/product\/14392","targetHints":{"allow":["GET"]}}],"collection":[{"href":"https:\/\/www.larusee.com\/de\/wp-json\/wp\/v2\/product"}],"about":[{"href":"https:\/\/www.larusee.com\/de\/wp-json\/wp\/v2\/types\/product"}],"version-history":[{"count":0,"href":"https:\/\/www.larusee.com\/de\/wp-json\/wp\/v2\/product\/14392\/revisions"}],"wp:featuredmedia":[{"embeddable":true,"href":"https:\/\/www.larusee.com\/de\/wp-json\/wp\/v2\/media\/14396"}],"wp:attachment":[{"href":"https:\/\/www.larusee.com\/de\/wp-json\/wp\/v2\/media?parent=14392"}],"wp:term":[{"taxonomy":"product_brand","embeddable":true,"href":"https:\/\/www.larusee.com\/de\/wp-json\/wp\/v2\/product_brand?post=14392"},{"taxonomy":"product_cat","embeddable":true,"href":"https:\/\/www.larusee.com\/de\/wp-json\/wp\/v2\/product_cat?post=14392"},{"taxonomy":"product_tag","embeddable":true,"href":"https:\/\/www.larusee.com\/de\/wp-json\/wp\/v2\/product_tag?post=14392"}],"curies":[{"name":"wp","href":"https:\/\/api.w.org\/{rel}","templated":true}]}}