{"id":11129,"date":"2014-02-12T21:09:48","date_gmt":"2014-02-12T20:09:48","guid":{"rendered":"https:\/\/www.larusee.com\/produit\/nuage-de-larusee-der-zerstauber\/"},"modified":"2023-12-03T19:05:38","modified_gmt":"2023-12-03T18:05:38","slug":"nuage-de-larusee-der-zerstauber","status":"publish","type":"product","link":"https:\/\/www.larusee.com\/de\/produit\/nuage-de-larusee-der-zerstauber\/","title":{"rendered":"Nuage de Larus\u00e9e, der Zerst\u00e4uber"},"content":{"rendered":"<p><strong> Kapazit\u00e4t: <\/strong> 19 cl<br \/>\n<strong> Volumen: <\/strong> 55% Vol.<\/p>\n<p><b> Nuage de Larus\u00e9e<\/b> kann auch zur Zubereitung von Sazerac verwendet werden, einem legend\u00e4ren Cocktail aus New Orleans, der in den 1850er Jahren erfunden wurde. Die Verwendung von Larus\u00e9e Cloud bewahrt Sie vor Verschwendung Absinth, der traditionell bei der Herstellung entfernt wird.<\/p>\n<h4>Der Sazerac<\/h4>\n<ul>\n<li>1 W\u00fcrfel Zucker<\/li>\n<li>Wasser<\/li>\n<li>4cl Roggenwhisky oder Cognac<\/li>\n<li>2 Schl\u00e4ge von Peychauds Bitterem<\/li>\n<li>1 Schuss Angostura Bitters<\/li>\n<li>Ice Cube<\/li>\n<li>Eine Zitronenschale<\/li>\n<\/ul>\n<ol>\n<li>Geben Sie in ein Cocktailglas Ihren Eis- und Wasserw\u00fcrfel mit ausreichend Wasser, um ihn zu befeuchten. Verwenden Sie die R\u00fcckseite eines L\u00f6ffels, um den W\u00fcrfel zu zerdr\u00fccken.<\/li>\n<li>F\u00fcgen Sie den Roggenwhisky oder Cognac sowie den Bitter hinzu und r\u00fchren Sie ca. 30 Sekunden.<\/li>\n<li>Spr\u00fchen Sie an den R\u00e4ndern eines zuvor gek\u00fchlten Glases 5-6 &#8222;pshiiits&#8220; von Nuage de Larus\u00e9e. Dann gie\u00dfen Sie Ihre Zubereitung in dieses Glas. &lt;\/ Li&gt;<\/li>\n<li>Reiben Sie den Rand des Glases mit der Zitronenschale ab, lassen Sie es in den Cocktail fallen und &#8230; genie\u00dfen Sie es.<\/li>\n<\/ol>\n","protected":false},"excerpt":{"rendered":"<p>Wenn sich der Absinth gut als Aperitif oder Digestif konsumieren l\u00e4sst, so ist der von Larus\u00e9e erdachte Zerst\u00e4uber dazu gedacht, ihre kulinarischen Kreationen zu begleiten. Lassen Sie Ihrer Phantasie freien Lauf und geben Sie Ihren Gerichten eine mutige und bet\u00f6rende Note, die den aufwendigsten und den einfachsten Gerichten einen besonderen Geschmack verleihen wird. Einige Spr\u00fchdose reichen aus, um Krustentiere, Fisch oder auch Wild zu w\u00fcrzen oder einem einfachen Dessert wie beispielsweise Vanille-Eis einen besonderen Glanz zu verleihen&#8230;<\/p>\n<h4>Place Vend\u00f4me, so classy!<\/h4>\n<p>Um den einfachsten Cocktail der Welt zuzubereiten, ben\u00f6tigen Sie ein Champagnerglas, einen Brut Champagner (oder Sekt) und ein &#8222;Nuage de Larus\u00e9e&#8220; -Spray.<\/p>\n<p><span class=\"JLqJ4b\" data-language-for-alternatives=\"de\" data-language-to-translate-into=\"fr\" data-phrase-index=\"1\"> <span class=\"JLqJ4b ChMk0b\" data-language-for-alternatives=\"de\" data-language-to-translate-into=\"fr\" data-phrase-index=\"2\">Spr\u00fchen Sie ein paar Pshiiits Nuage de Larus\u00e9e, gie\u00dfen Sie Ihren Champagner Brut ein und\u2026 lassen Sie sich \u00fcberraschen!<\/span><\/span><\/p>\n","protected":false},"featured_media":11130,"template":"","meta":[],"product_brand":[],"product_cat":[753,744,745],"product_tag":[805,844,845,847,848,849,850,846,826,851,852,853,806,815,854,855],"class_list":{"0":"post-11129","1":"product","2":"type-product","3":"status-publish","4":"has-post-thumbnail","6":"product_cat-der-shop","7":"product_cat-die-anisten","8":"product_cat-weiss-absinthe","9":"product_tag-absinthe-de","10":"product_tag-chef-de","11":"product_tag-cocktail-de","12":"product_tag-damien-germanier-de","13":"product_tag-gastronomisch","14":"product_tag-gault-de","15":"product_tag-guide-michelin-de","16":"product_tag-kochen","17":"product_tag-larusee-de","18":"product_tag-millau-de","19":"product_tag-original-de","20":"product_tag-sazerac-de","21":"product_tag-schweiz","22":"product_tag-spirituosen","23":"product_tag-spray-de","24":"product_tag-stephane-decotterd-de","26":"first","27":"outofstock","28":"taxable","29":"shipping-taxable","30":"purchasable","31":"product-type-simple"},"yoast_head":"<!-- This site is optimized with the Yoast SEO plugin v27.6 - https:\/\/yoast.com\/product\/yoast-seo-wordpress\/ -->\n<title>Nuage de Larus\u00e9e, der Zerst\u00e4uber - Larus\u00e9e<\/title>\n<meta name=\"description\" content=\"140 \/ 5000 R\u00e9sultats de traduction Das Absinthspray &quot;Nuage de Larus\u00e9e&quot; kann zum Kochen oder zur Herstellung von Cocktails wie Sazerac verwendet werden.\" \/>\n<meta name=\"robots\" content=\"index, follow, max-snippet:-1, max-image-preview:large, max-video-preview:-1\" \/>\n<link rel=\"canonical\" href=\"https:\/\/www.larusee.com\/de\/produit\/nuage-de-larusee-der-zerstauber\/\" \/>\n<meta property=\"og:locale\" content=\"de_DE\" \/>\n<meta property=\"og:type\" content=\"article\" \/>\n<meta property=\"og:title\" content=\"Nuage de Larus\u00e9e, der Zerst\u00e4uber - Larus\u00e9e\" \/>\n<meta property=\"og:description\" content=\"140 \/ 5000 R\u00e9sultats de traduction Das Absinthspray &quot;Nuage de Larus\u00e9e&quot; kann zum Kochen oder zur Herstellung von Cocktails wie Sazerac verwendet werden.\" \/>\n<meta property=\"og:url\" content=\"https:\/\/www.larusee.com\/de\/produit\/nuage-de-larusee-der-zerstauber\/\" \/>\n<meta property=\"og:site_name\" content=\"Larus\u00e9e\" \/>\n<meta property=\"article:publisher\" content=\"https:\/\/www.facebook.com\/AbsintheLarusee\" \/>\n<meta property=\"article:modified_time\" content=\"2023-12-03T18:05:38+00:00\" \/>\n<meta property=\"og:image\" content=\"https:\/\/www.larusee.com\/wp-content\/uploads\/2014\/02\/larusee-nuage-de-larusee-spray-19cl-closeup.jpg\" \/>\n\t<meta property=\"og:image:width\" content=\"1600\" \/>\n\t<meta property=\"og:image:height\" content=\"2000\" \/>\n\t<meta property=\"og:image:type\" content=\"image\/jpeg\" \/>\n<meta name=\"twitter:card\" content=\"summary_large_image\" \/>\n<meta name=\"twitter:label1\" content=\"Gesch\u00e4tzte Lesezeit\" \/>\n\t<meta name=\"twitter:data1\" content=\"1\u00a0Minute\" \/>\n<script type=\"application\/ld+json\" class=\"yoast-schema-graph\">{\"@context\":\"https:\\\/\\\/schema.org\",\"@graph\":[{\"@type\":\"WebPage\",\"@id\":\"https:\\\/\\\/www.larusee.com\\\/de\\\/produit\\\/nuage-de-larusee-der-zerstauber\\\/\",\"url\":\"https:\\\/\\\/www.larusee.com\\\/de\\\/produit\\\/nuage-de-larusee-der-zerstauber\\\/\",\"name\":\"Nuage de Larus\u00e9e, der Zerst\u00e4uber - Larus\u00e9e\",\"isPartOf\":{\"@id\":\"https:\\\/\\\/www.larusee.com\\\/de\\\/#website\"},\"primaryImageOfPage\":{\"@id\":\"https:\\\/\\\/www.larusee.com\\\/de\\\/produit\\\/nuage-de-larusee-der-zerstauber\\\/#primaryimage\"},\"image\":{\"@id\":\"https:\\\/\\\/www.larusee.com\\\/de\\\/produit\\\/nuage-de-larusee-der-zerstauber\\\/#primaryimage\"},\"thumbnailUrl\":\"https:\\\/\\\/www.larusee.com\\\/wp-content\\\/uploads\\\/2014\\\/02\\\/larusee-nuage-de-larusee-spray-19cl-closeup.jpg\",\"datePublished\":\"2014-02-12T20:09:48+00:00\",\"dateModified\":\"2023-12-03T18:05:38+00:00\",\"description\":\"140 \\\/ 5000 R\u00e9sultats de traduction Das Absinthspray \\\"Nuage de Larus\u00e9e\\\" kann zum Kochen oder zur Herstellung von Cocktails wie Sazerac verwendet werden.\",\"breadcrumb\":{\"@id\":\"https:\\\/\\\/www.larusee.com\\\/de\\\/produit\\\/nuage-de-larusee-der-zerstauber\\\/#breadcrumb\"},\"inLanguage\":\"de\",\"potentialAction\":[{\"@type\":\"ReadAction\",\"target\":[\"https:\\\/\\\/www.larusee.com\\\/de\\\/produit\\\/nuage-de-larusee-der-zerstauber\\\/\"]}]},{\"@type\":\"ImageObject\",\"inLanguage\":\"de\",\"@id\":\"https:\\\/\\\/www.larusee.com\\\/de\\\/produit\\\/nuage-de-larusee-der-zerstauber\\\/#primaryimage\",\"url\":\"https:\\\/\\\/www.larusee.com\\\/wp-content\\\/uploads\\\/2014\\\/02\\\/larusee-nuage-de-larusee-spray-19cl-closeup.jpg\",\"contentUrl\":\"https:\\\/\\\/www.larusee.com\\\/wp-content\\\/uploads\\\/2014\\\/02\\\/larusee-nuage-de-larusee-spray-19cl-closeup.jpg\",\"width\":1600,\"height\":2000,\"caption\":\"Nuage de Larus\u00e9e Vaporisateur d'Absinthe\"},{\"@type\":\"BreadcrumbList\",\"@id\":\"https:\\\/\\\/www.larusee.com\\\/de\\\/produit\\\/nuage-de-larusee-der-zerstauber\\\/#breadcrumb\",\"itemListElement\":[{\"@type\":\"ListItem\",\"position\":1,\"name\":\"Accueil\",\"item\":\"https:\\\/\\\/www.larusee.com\\\/de\\\/\"},{\"@type\":\"ListItem\",\"position\":2,\"name\":\"Boutique\",\"item\":\"https:\\\/\\\/www.larusee.com\\\/de\\\/boutique\\\/\"},{\"@type\":\"ListItem\",\"position\":3,\"name\":\"Nuage de Larus\u00e9e, der Zerst\u00e4uber\"}]},{\"@type\":\"WebSite\",\"@id\":\"https:\\\/\\\/www.larusee.com\\\/de\\\/#website\",\"url\":\"https:\\\/\\\/www.larusee.com\\\/de\\\/\",\"name\":\"Larus\u00e9e\",\"description\":\"Distillateur d&#039;\u00e9motions\",\"publisher\":{\"@id\":\"https:\\\/\\\/www.larusee.com\\\/de\\\/#organization\"},\"potentialAction\":[{\"@type\":\"SearchAction\",\"target\":{\"@type\":\"EntryPoint\",\"urlTemplate\":\"https:\\\/\\\/www.larusee.com\\\/de\\\/?s={search_term_string}\"},\"query-input\":{\"@type\":\"PropertyValueSpecification\",\"valueRequired\":true,\"valueName\":\"search_term_string\"}}],\"inLanguage\":\"de\"},{\"@type\":\"Organization\",\"@id\":\"https:\\\/\\\/www.larusee.com\\\/de\\\/#organization\",\"name\":\"Larus\u00e9e\",\"url\":\"https:\\\/\\\/www.larusee.com\\\/de\\\/\",\"logo\":{\"@type\":\"ImageObject\",\"inLanguage\":\"de\",\"@id\":\"https:\\\/\\\/www.larusee.com\\\/de\\\/#\\\/schema\\\/logo\\\/image\\\/\",\"url\":\"https:\\\/\\\/www.larusee.com\\\/wp-content\\\/uploads\\\/2019\\\/04\\\/Logo_Larusee_Noir.png\",\"contentUrl\":\"https:\\\/\\\/www.larusee.com\\\/wp-content\\\/uploads\\\/2019\\\/04\\\/Logo_Larusee_Noir.png\",\"width\":1181,\"height\":318,\"caption\":\"Larus\u00e9e\"},\"image\":{\"@id\":\"https:\\\/\\\/www.larusee.com\\\/de\\\/#\\\/schema\\\/logo\\\/image\\\/\"},\"sameAs\":[\"https:\\\/\\\/www.facebook.com\\\/AbsintheLarusee\",\"https:\\\/\\\/www.instagram.com\\\/distillerielarusee\\\/\"]}]}<\/script>\n<!-- \/ Yoast SEO plugin. -->","yoast_head_json":{"title":"Nuage de Larus\u00e9e, der Zerst\u00e4uber - Larus\u00e9e","description":"140 \/ 5000 R\u00e9sultats de traduction Das Absinthspray \"Nuage de Larus\u00e9e\" kann zum Kochen oder zur Herstellung von Cocktails wie Sazerac verwendet werden.","robots":{"index":"index","follow":"follow","max-snippet":"max-snippet:-1","max-image-preview":"max-image-preview:large","max-video-preview":"max-video-preview:-1"},"canonical":"https:\/\/www.larusee.com\/de\/produit\/nuage-de-larusee-der-zerstauber\/","og_locale":"de_DE","og_type":"article","og_title":"Nuage de Larus\u00e9e, der Zerst\u00e4uber - Larus\u00e9e","og_description":"140 \/ 5000 R\u00e9sultats de traduction Das Absinthspray \"Nuage de Larus\u00e9e\" kann zum Kochen oder zur Herstellung von Cocktails wie Sazerac verwendet werden.","og_url":"https:\/\/www.larusee.com\/de\/produit\/nuage-de-larusee-der-zerstauber\/","og_site_name":"Larus\u00e9e","article_publisher":"https:\/\/www.facebook.com\/AbsintheLarusee","article_modified_time":"2023-12-03T18:05:38+00:00","og_image":[{"width":1600,"height":2000,"url":"https:\/\/www.larusee.com\/wp-content\/uploads\/2014\/02\/larusee-nuage-de-larusee-spray-19cl-closeup.jpg","type":"image\/jpeg"}],"twitter_card":"summary_large_image","twitter_misc":{"Gesch\u00e4tzte Lesezeit":"1\u00a0Minute"},"schema":{"@context":"https:\/\/schema.org","@graph":[{"@type":"WebPage","@id":"https:\/\/www.larusee.com\/de\/produit\/nuage-de-larusee-der-zerstauber\/","url":"https:\/\/www.larusee.com\/de\/produit\/nuage-de-larusee-der-zerstauber\/","name":"Nuage de Larus\u00e9e, der Zerst\u00e4uber - Larus\u00e9e","isPartOf":{"@id":"https:\/\/www.larusee.com\/de\/#website"},"primaryImageOfPage":{"@id":"https:\/\/www.larusee.com\/de\/produit\/nuage-de-larusee-der-zerstauber\/#primaryimage"},"image":{"@id":"https:\/\/www.larusee.com\/de\/produit\/nuage-de-larusee-der-zerstauber\/#primaryimage"},"thumbnailUrl":"https:\/\/www.larusee.com\/wp-content\/uploads\/2014\/02\/larusee-nuage-de-larusee-spray-19cl-closeup.jpg","datePublished":"2014-02-12T20:09:48+00:00","dateModified":"2023-12-03T18:05:38+00:00","description":"140 \/ 5000 R\u00e9sultats de traduction Das Absinthspray \"Nuage de Larus\u00e9e\" kann zum Kochen oder zur Herstellung von Cocktails wie Sazerac verwendet werden.","breadcrumb":{"@id":"https:\/\/www.larusee.com\/de\/produit\/nuage-de-larusee-der-zerstauber\/#breadcrumb"},"inLanguage":"de","potentialAction":[{"@type":"ReadAction","target":["https:\/\/www.larusee.com\/de\/produit\/nuage-de-larusee-der-zerstauber\/"]}]},{"@type":"ImageObject","inLanguage":"de","@id":"https:\/\/www.larusee.com\/de\/produit\/nuage-de-larusee-der-zerstauber\/#primaryimage","url":"https:\/\/www.larusee.com\/wp-content\/uploads\/2014\/02\/larusee-nuage-de-larusee-spray-19cl-closeup.jpg","contentUrl":"https:\/\/www.larusee.com\/wp-content\/uploads\/2014\/02\/larusee-nuage-de-larusee-spray-19cl-closeup.jpg","width":1600,"height":2000,"caption":"Nuage de Larus\u00e9e Vaporisateur d'Absinthe"},{"@type":"BreadcrumbList","@id":"https:\/\/www.larusee.com\/de\/produit\/nuage-de-larusee-der-zerstauber\/#breadcrumb","itemListElement":[{"@type":"ListItem","position":1,"name":"Accueil","item":"https:\/\/www.larusee.com\/de\/"},{"@type":"ListItem","position":2,"name":"Boutique","item":"https:\/\/www.larusee.com\/de\/boutique\/"},{"@type":"ListItem","position":3,"name":"Nuage de Larus\u00e9e, der Zerst\u00e4uber"}]},{"@type":"WebSite","@id":"https:\/\/www.larusee.com\/de\/#website","url":"https:\/\/www.larusee.com\/de\/","name":"Larus\u00e9e","description":"Distillateur d&#039;\u00e9motions","publisher":{"@id":"https:\/\/www.larusee.com\/de\/#organization"},"potentialAction":[{"@type":"SearchAction","target":{"@type":"EntryPoint","urlTemplate":"https:\/\/www.larusee.com\/de\/?s={search_term_string}"},"query-input":{"@type":"PropertyValueSpecification","valueRequired":true,"valueName":"search_term_string"}}],"inLanguage":"de"},{"@type":"Organization","@id":"https:\/\/www.larusee.com\/de\/#organization","name":"Larus\u00e9e","url":"https:\/\/www.larusee.com\/de\/","logo":{"@type":"ImageObject","inLanguage":"de","@id":"https:\/\/www.larusee.com\/de\/#\/schema\/logo\/image\/","url":"https:\/\/www.larusee.com\/wp-content\/uploads\/2019\/04\/Logo_Larusee_Noir.png","contentUrl":"https:\/\/www.larusee.com\/wp-content\/uploads\/2019\/04\/Logo_Larusee_Noir.png","width":1181,"height":318,"caption":"Larus\u00e9e"},"image":{"@id":"https:\/\/www.larusee.com\/de\/#\/schema\/logo\/image\/"},"sameAs":["https:\/\/www.facebook.com\/AbsintheLarusee","https:\/\/www.instagram.com\/distillerielarusee\/"]}]}},"_links":{"self":[{"href":"https:\/\/www.larusee.com\/de\/wp-json\/wp\/v2\/product\/11129","targetHints":{"allow":["GET"]}}],"collection":[{"href":"https:\/\/www.larusee.com\/de\/wp-json\/wp\/v2\/product"}],"about":[{"href":"https:\/\/www.larusee.com\/de\/wp-json\/wp\/v2\/types\/product"}],"version-history":[{"count":1,"href":"https:\/\/www.larusee.com\/de\/wp-json\/wp\/v2\/product\/11129\/revisions"}],"predecessor-version":[{"id":21006,"href":"https:\/\/www.larusee.com\/de\/wp-json\/wp\/v2\/product\/11129\/revisions\/21006"}],"wp:featuredmedia":[{"embeddable":true,"href":"https:\/\/www.larusee.com\/de\/wp-json\/wp\/v2\/media\/11130"}],"wp:attachment":[{"href":"https:\/\/www.larusee.com\/de\/wp-json\/wp\/v2\/media?parent=11129"}],"wp:term":[{"taxonomy":"product_brand","embeddable":true,"href":"https:\/\/www.larusee.com\/de\/wp-json\/wp\/v2\/product_brand?post=11129"},{"taxonomy":"product_cat","embeddable":true,"href":"https:\/\/www.larusee.com\/de\/wp-json\/wp\/v2\/product_cat?post=11129"},{"taxonomy":"product_tag","embeddable":true,"href":"https:\/\/www.larusee.com\/de\/wp-json\/wp\/v2\/product_tag?post=11129"}],"curies":[{"name":"wp","href":"https:\/\/api.w.org\/{rel}","templated":true}]}}