{"id":11127,"date":"2018-07-29T11:55:50","date_gmt":"2018-07-29T09:55:50","guid":{"rendered":"https:\/\/www.larusee.com\/produit\/le-falernum-dabsinthe\/"},"modified":"2025-01-09T22:40:21","modified_gmt":"2025-01-09T21:40:21","slug":"le-falernum-dabsinthe","status":"publish","type":"product","link":"https:\/\/www.larusee.com\/de\/produit\/le-falernum-dabsinthe\/","title":{"rendered":"Le Falernum d&#8217;Absinthe"},"content":{"rendered":"<div class=\"wpb-content-wrapper\"><p>[vc_row][vc_column][vc_column_text]<\/p>\n<div class=\"\">\n<p><b>Kapazit\u00e4t:<\/b>\u00a050 cl<br \/>\n<b>Volumen\u2009:<\/b> 16.5% vol.<\/p>\n<h5>Mai Tai Rezept<\/h5>\n<div class=\"\">5cl brauner Rum aus Barbados (um die Herkunft zu respektieren!)<br \/>\n2cl Cointreau<br \/>\n2cl Larus\u00e9e Absinthe Falernum<br \/>\nDer Saft einer Limette<br \/>\n1 Zweig Minze<\/div>\n<div class=\"\"><\/div>\n<div class=\"\">Gie\u00dfen Sie die Zutaten in einen Shaker, sch\u00fctteln Sie sie und servieren Sie sie in einem Glas, das zu 3\/4 mit Eis gef\u00fcllt ist. Mit dem Zweig Minze garnieren.<\/div>\n<\/div>\n<p>[\/vc_column_text][\/vc_column][\/vc_row][vc_row][vc_column][vc_separator][\/vc_column][\/vc_row][vc_row][vc_column][vc_column_text]<\/p>\n<div class=\"\">\n<h4>Medaille vom Falernum gewonnen<\/h4>\n<\/div>\n<p>[\/vc_column_text][\/vc_column][\/vc_row][vc_row][vc_column width=&#8220;1\/6&#8243;][vc_single_image image=&#8220;14302&#8243; img_size=&#8220;medium&#8220; alignment=&#8220;center&#8220;][vc_column_text]<\/p>\n<p style=\"text-align: center;\"><strong>OR<\/strong><br \/>\nConcours International de Lyon 2020<\/p>\n<p>[\/vc_column_text][\/vc_column][vc_column width=&#8220;1\/6&#8243;][\/vc_column][vc_column width=&#8220;1\/6&#8243;][\/vc_column][vc_column width=&#8220;1\/6&#8243;][\/vc_column][vc_column width=&#8220;1\/6&#8243;][\/vc_column][vc_column width=&#8220;1\/6&#8243;][\/vc_column][\/vc_row]<\/p>\n<\/div>","protected":false},"excerpt":{"rendered":"<div class = \"\"> Falernum ist ein s\u00fc\u00dfer Lik\u00f6r, dessen erste Rezepte aus dem 18. Jahrhundert stammen. Das urspr\u00fcnglich aus Barbados stammende Falernum wurde urspr\u00fcnglich mit wei\u00dfem Rum hergestellt und hier durch Absinth ersetzt. <A href = \"http:\/\/www.larusee.com\/shop\/absinthe-blanche-larusee-blue-70cl-55 -vol \/ \"> Larus\u00e9e Bleue <\/a> und offenbart s\u00fc\u00dfe und w\u00fcrzige Aromen von Mandeln, Limetten, Ingwer und Gew\u00fcrzen. <\/ div><\/p>\n<div class = \"\"> <\/ div><\/p>\n<div class = \"\"> Absinth Larus\u00e9e Falernum kann auf einem Eisbett oder Cocktail genossen werden. <\/ div><br \/>\n<Div> <\/ div><\/p>\n<div class = \"\"> Falernum, eine wichtige Zutat f\u00fcr Tiki-Cocktails und karibische Drinks, hat in den letzten Jahren dank der heutigen modernen Tikis ein spektakul\u00e4res Comeback erlebt. <\/ div><\/p>\n","protected":false},"featured_media":21534,"template":"","meta":[],"product_brand":[],"product_cat":[753,1472,804,825,1129],"product_tag":[805,838,841,837,826,842,840,839,843],"class_list":{"0":"post-11127","1":"product","2":"type-product","3":"status-publish","4":"has-post-thumbnail","6":"product_cat-der-shop","7":"product_cat-likoere","8":"product_cat-unsere-produkte","9":"product_cat-unsere-spezialitaten","10":"product_cat-weihnachtsauswahl","11":"product_tag-absinthe-de","12":"product_tag-cocktails-de","13":"product_tag-falernum-de","14":"product_tag-karibik","15":"product_tag-larusee-de","16":"product_tag-likor","17":"product_tag-limitierte-auflage","18":"product_tag-sus","19":"product_tag-tiki-de","21":"first","22":"instock","23":"taxable","24":"shipping-taxable","25":"purchasable","26":"product-type-simple"},"yoast_head":"<!-- This site is optimized with the Yoast SEO plugin v27.6 - https:\/\/yoast.com\/product\/yoast-seo-wordpress\/ -->\n<title>Le Falernum d&#039;Absinthe - Larus\u00e9e<\/title>\n<meta name=\"description\" content=\"Falernum ist ein s\u00fc\u00dfer Lik\u00f6r, der s\u00fc\u00dfe und w\u00fcrzige Aromen von Mandeln, Limetten, Ingwer und Gew\u00fcrzen offenbart. Goldmedaillengewinner in Lyon.\" \/>\n<meta name=\"robots\" content=\"index, follow, max-snippet:-1, max-image-preview:large, max-video-preview:-1\" \/>\n<link rel=\"canonical\" href=\"https:\/\/www.larusee.com\/de\/produit\/le-falernum-dabsinthe\/\" \/>\n<meta property=\"og:locale\" content=\"de_DE\" \/>\n<meta property=\"og:type\" content=\"article\" \/>\n<meta property=\"og:title\" content=\"Le Falernum d&#039;Absinthe - Larus\u00e9e\" \/>\n<meta property=\"og:description\" content=\"Falernum ist ein s\u00fc\u00dfer Lik\u00f6r, der s\u00fc\u00dfe und w\u00fcrzige Aromen von Mandeln, Limetten, Ingwer und Gew\u00fcrzen offenbart. Goldmedaillengewinner in Lyon.\" \/>\n<meta property=\"og:url\" content=\"https:\/\/www.larusee.com\/de\/produit\/le-falernum-dabsinthe\/\" \/>\n<meta property=\"og:site_name\" content=\"Larus\u00e9e\" \/>\n<meta property=\"article:publisher\" content=\"https:\/\/www.facebook.com\/AbsintheLarusee\" \/>\n<meta property=\"article:modified_time\" content=\"2025-01-09T21:40:21+00:00\" \/>\n<meta property=\"og:image\" content=\"https:\/\/www.larusee.com\/wp-content\/uploads\/2024\/06\/larusee-falernum-liqueur-50cl-closeup.jpg\" \/>\n\t<meta property=\"og:image:width\" content=\"1600\" \/>\n\t<meta property=\"og:image:height\" content=\"2000\" \/>\n\t<meta property=\"og:image:type\" content=\"image\/jpeg\" \/>\n<meta name=\"twitter:card\" content=\"summary_large_image\" \/>\n<meta name=\"twitter:label1\" content=\"Gesch\u00e4tzte Lesezeit\" \/>\n\t<meta name=\"twitter:data1\" content=\"1\u00a0Minute\" \/>\n<script type=\"application\/ld+json\" class=\"yoast-schema-graph\">{\"@context\":\"https:\\\/\\\/schema.org\",\"@graph\":[{\"@type\":\"WebPage\",\"@id\":\"https:\\\/\\\/www.larusee.com\\\/de\\\/produit\\\/le-falernum-dabsinthe\\\/\",\"url\":\"https:\\\/\\\/www.larusee.com\\\/de\\\/produit\\\/le-falernum-dabsinthe\\\/\",\"name\":\"Le Falernum d'Absinthe - Larus\u00e9e\",\"isPartOf\":{\"@id\":\"https:\\\/\\\/www.larusee.com\\\/de\\\/#website\"},\"primaryImageOfPage\":{\"@id\":\"https:\\\/\\\/www.larusee.com\\\/de\\\/produit\\\/le-falernum-dabsinthe\\\/#primaryimage\"},\"image\":{\"@id\":\"https:\\\/\\\/www.larusee.com\\\/de\\\/produit\\\/le-falernum-dabsinthe\\\/#primaryimage\"},\"thumbnailUrl\":\"https:\\\/\\\/www.larusee.com\\\/wp-content\\\/uploads\\\/2024\\\/06\\\/larusee-falernum-liqueur-50cl-closeup.jpg\",\"datePublished\":\"2018-07-29T09:55:50+00:00\",\"dateModified\":\"2025-01-09T21:40:21+00:00\",\"description\":\"Falernum ist ein s\u00fc\u00dfer Lik\u00f6r, der s\u00fc\u00dfe und w\u00fcrzige Aromen von Mandeln, Limetten, Ingwer und Gew\u00fcrzen offenbart. Goldmedaillengewinner in Lyon.\",\"breadcrumb\":{\"@id\":\"https:\\\/\\\/www.larusee.com\\\/de\\\/produit\\\/le-falernum-dabsinthe\\\/#breadcrumb\"},\"inLanguage\":\"de\",\"potentialAction\":[{\"@type\":\"ReadAction\",\"target\":[\"https:\\\/\\\/www.larusee.com\\\/de\\\/produit\\\/le-falernum-dabsinthe\\\/\"]}]},{\"@type\":\"ImageObject\",\"inLanguage\":\"de\",\"@id\":\"https:\\\/\\\/www.larusee.com\\\/de\\\/produit\\\/le-falernum-dabsinthe\\\/#primaryimage\",\"url\":\"https:\\\/\\\/www.larusee.com\\\/wp-content\\\/uploads\\\/2024\\\/06\\\/larusee-falernum-liqueur-50cl-closeup.jpg\",\"contentUrl\":\"https:\\\/\\\/www.larusee.com\\\/wp-content\\\/uploads\\\/2024\\\/06\\\/larusee-falernum-liqueur-50cl-closeup.jpg\",\"width\":1600,\"height\":2000},{\"@type\":\"BreadcrumbList\",\"@id\":\"https:\\\/\\\/www.larusee.com\\\/de\\\/produit\\\/le-falernum-dabsinthe\\\/#breadcrumb\",\"itemListElement\":[{\"@type\":\"ListItem\",\"position\":1,\"name\":\"Accueil\",\"item\":\"https:\\\/\\\/www.larusee.com\\\/de\\\/\"},{\"@type\":\"ListItem\",\"position\":2,\"name\":\"Boutique\",\"item\":\"https:\\\/\\\/www.larusee.com\\\/de\\\/boutique\\\/\"},{\"@type\":\"ListItem\",\"position\":3,\"name\":\"Le Falernum d&rsquo;Absinthe\"}]},{\"@type\":\"WebSite\",\"@id\":\"https:\\\/\\\/www.larusee.com\\\/de\\\/#website\",\"url\":\"https:\\\/\\\/www.larusee.com\\\/de\\\/\",\"name\":\"Larus\u00e9e\",\"description\":\"Distillateur d&#039;\u00e9motions\",\"publisher\":{\"@id\":\"https:\\\/\\\/www.larusee.com\\\/de\\\/#organization\"},\"potentialAction\":[{\"@type\":\"SearchAction\",\"target\":{\"@type\":\"EntryPoint\",\"urlTemplate\":\"https:\\\/\\\/www.larusee.com\\\/de\\\/?s={search_term_string}\"},\"query-input\":{\"@type\":\"PropertyValueSpecification\",\"valueRequired\":true,\"valueName\":\"search_term_string\"}}],\"inLanguage\":\"de\"},{\"@type\":\"Organization\",\"@id\":\"https:\\\/\\\/www.larusee.com\\\/de\\\/#organization\",\"name\":\"Larus\u00e9e\",\"url\":\"https:\\\/\\\/www.larusee.com\\\/de\\\/\",\"logo\":{\"@type\":\"ImageObject\",\"inLanguage\":\"de\",\"@id\":\"https:\\\/\\\/www.larusee.com\\\/de\\\/#\\\/schema\\\/logo\\\/image\\\/\",\"url\":\"https:\\\/\\\/www.larusee.com\\\/wp-content\\\/uploads\\\/2019\\\/04\\\/Logo_Larusee_Noir.png\",\"contentUrl\":\"https:\\\/\\\/www.larusee.com\\\/wp-content\\\/uploads\\\/2019\\\/04\\\/Logo_Larusee_Noir.png\",\"width\":1181,\"height\":318,\"caption\":\"Larus\u00e9e\"},\"image\":{\"@id\":\"https:\\\/\\\/www.larusee.com\\\/de\\\/#\\\/schema\\\/logo\\\/image\\\/\"},\"sameAs\":[\"https:\\\/\\\/www.facebook.com\\\/AbsintheLarusee\",\"https:\\\/\\\/www.instagram.com\\\/distillerielarusee\\\/\"]}]}<\/script>\n<!-- \/ Yoast SEO plugin. -->","yoast_head_json":{"title":"Le Falernum d'Absinthe - Larus\u00e9e","description":"Falernum ist ein s\u00fc\u00dfer Lik\u00f6r, der s\u00fc\u00dfe und w\u00fcrzige Aromen von Mandeln, Limetten, Ingwer und Gew\u00fcrzen offenbart. Goldmedaillengewinner in Lyon.","robots":{"index":"index","follow":"follow","max-snippet":"max-snippet:-1","max-image-preview":"max-image-preview:large","max-video-preview":"max-video-preview:-1"},"canonical":"https:\/\/www.larusee.com\/de\/produit\/le-falernum-dabsinthe\/","og_locale":"de_DE","og_type":"article","og_title":"Le Falernum d'Absinthe - Larus\u00e9e","og_description":"Falernum ist ein s\u00fc\u00dfer Lik\u00f6r, der s\u00fc\u00dfe und w\u00fcrzige Aromen von Mandeln, Limetten, Ingwer und Gew\u00fcrzen offenbart. Goldmedaillengewinner in Lyon.","og_url":"https:\/\/www.larusee.com\/de\/produit\/le-falernum-dabsinthe\/","og_site_name":"Larus\u00e9e","article_publisher":"https:\/\/www.facebook.com\/AbsintheLarusee","article_modified_time":"2025-01-09T21:40:21+00:00","og_image":[{"width":1600,"height":2000,"url":"https:\/\/www.larusee.com\/wp-content\/uploads\/2024\/06\/larusee-falernum-liqueur-50cl-closeup.jpg","type":"image\/jpeg"}],"twitter_card":"summary_large_image","twitter_misc":{"Gesch\u00e4tzte Lesezeit":"1\u00a0Minute"},"schema":{"@context":"https:\/\/schema.org","@graph":[{"@type":"WebPage","@id":"https:\/\/www.larusee.com\/de\/produit\/le-falernum-dabsinthe\/","url":"https:\/\/www.larusee.com\/de\/produit\/le-falernum-dabsinthe\/","name":"Le Falernum d'Absinthe - Larus\u00e9e","isPartOf":{"@id":"https:\/\/www.larusee.com\/de\/#website"},"primaryImageOfPage":{"@id":"https:\/\/www.larusee.com\/de\/produit\/le-falernum-dabsinthe\/#primaryimage"},"image":{"@id":"https:\/\/www.larusee.com\/de\/produit\/le-falernum-dabsinthe\/#primaryimage"},"thumbnailUrl":"https:\/\/www.larusee.com\/wp-content\/uploads\/2024\/06\/larusee-falernum-liqueur-50cl-closeup.jpg","datePublished":"2018-07-29T09:55:50+00:00","dateModified":"2025-01-09T21:40:21+00:00","description":"Falernum ist ein s\u00fc\u00dfer Lik\u00f6r, der s\u00fc\u00dfe und w\u00fcrzige Aromen von Mandeln, Limetten, Ingwer und Gew\u00fcrzen offenbart. Goldmedaillengewinner in Lyon.","breadcrumb":{"@id":"https:\/\/www.larusee.com\/de\/produit\/le-falernum-dabsinthe\/#breadcrumb"},"inLanguage":"de","potentialAction":[{"@type":"ReadAction","target":["https:\/\/www.larusee.com\/de\/produit\/le-falernum-dabsinthe\/"]}]},{"@type":"ImageObject","inLanguage":"de","@id":"https:\/\/www.larusee.com\/de\/produit\/le-falernum-dabsinthe\/#primaryimage","url":"https:\/\/www.larusee.com\/wp-content\/uploads\/2024\/06\/larusee-falernum-liqueur-50cl-closeup.jpg","contentUrl":"https:\/\/www.larusee.com\/wp-content\/uploads\/2024\/06\/larusee-falernum-liqueur-50cl-closeup.jpg","width":1600,"height":2000},{"@type":"BreadcrumbList","@id":"https:\/\/www.larusee.com\/de\/produit\/le-falernum-dabsinthe\/#breadcrumb","itemListElement":[{"@type":"ListItem","position":1,"name":"Accueil","item":"https:\/\/www.larusee.com\/de\/"},{"@type":"ListItem","position":2,"name":"Boutique","item":"https:\/\/www.larusee.com\/de\/boutique\/"},{"@type":"ListItem","position":3,"name":"Le Falernum d&rsquo;Absinthe"}]},{"@type":"WebSite","@id":"https:\/\/www.larusee.com\/de\/#website","url":"https:\/\/www.larusee.com\/de\/","name":"Larus\u00e9e","description":"Distillateur d&#039;\u00e9motions","publisher":{"@id":"https:\/\/www.larusee.com\/de\/#organization"},"potentialAction":[{"@type":"SearchAction","target":{"@type":"EntryPoint","urlTemplate":"https:\/\/www.larusee.com\/de\/?s={search_term_string}"},"query-input":{"@type":"PropertyValueSpecification","valueRequired":true,"valueName":"search_term_string"}}],"inLanguage":"de"},{"@type":"Organization","@id":"https:\/\/www.larusee.com\/de\/#organization","name":"Larus\u00e9e","url":"https:\/\/www.larusee.com\/de\/","logo":{"@type":"ImageObject","inLanguage":"de","@id":"https:\/\/www.larusee.com\/de\/#\/schema\/logo\/image\/","url":"https:\/\/www.larusee.com\/wp-content\/uploads\/2019\/04\/Logo_Larusee_Noir.png","contentUrl":"https:\/\/www.larusee.com\/wp-content\/uploads\/2019\/04\/Logo_Larusee_Noir.png","width":1181,"height":318,"caption":"Larus\u00e9e"},"image":{"@id":"https:\/\/www.larusee.com\/de\/#\/schema\/logo\/image\/"},"sameAs":["https:\/\/www.facebook.com\/AbsintheLarusee","https:\/\/www.instagram.com\/distillerielarusee\/"]}]}},"_links":{"self":[{"href":"https:\/\/www.larusee.com\/de\/wp-json\/wp\/v2\/product\/11127","targetHints":{"allow":["GET"]}}],"collection":[{"href":"https:\/\/www.larusee.com\/de\/wp-json\/wp\/v2\/product"}],"about":[{"href":"https:\/\/www.larusee.com\/de\/wp-json\/wp\/v2\/types\/product"}],"version-history":[{"count":14,"href":"https:\/\/www.larusee.com\/de\/wp-json\/wp\/v2\/product\/11127\/revisions"}],"predecessor-version":[{"id":22271,"href":"https:\/\/www.larusee.com\/de\/wp-json\/wp\/v2\/product\/11127\/revisions\/22271"}],"wp:featuredmedia":[{"embeddable":true,"href":"https:\/\/www.larusee.com\/de\/wp-json\/wp\/v2\/media\/21534"}],"wp:attachment":[{"href":"https:\/\/www.larusee.com\/de\/wp-json\/wp\/v2\/media?parent=11127"}],"wp:term":[{"taxonomy":"product_brand","embeddable":true,"href":"https:\/\/www.larusee.com\/de\/wp-json\/wp\/v2\/product_brand?post=11127"},{"taxonomy":"product_cat","embeddable":true,"href":"https:\/\/www.larusee.com\/de\/wp-json\/wp\/v2\/product_cat?post=11127"},{"taxonomy":"product_tag","embeddable":true,"href":"https:\/\/www.larusee.com\/de\/wp-json\/wp\/v2\/product_tag?post=11127"}],"curies":[{"name":"wp","href":"https:\/\/api.w.org\/{rel}","templated":true}]}}