{"id":11125,"date":"2019-03-01T16:57:09","date_gmt":"2019-03-01T15:57:09","guid":{"rendered":"https:\/\/www.larusee.com\/produit\/stephan-perrotte-ananas-absinthe-larusee-verte-marmelade\/"},"modified":"2023-06-28T12:01:05","modified_gmt":"2023-06-28T10:01:05","slug":"stephan-perrotte-ananas-absinthe-larusee-verte-marmelade","status":"publish","type":"product","link":"https:\/\/www.larusee.com\/de\/produit\/stephan-perrotte-ananas-absinthe-larusee-verte-marmelade\/","title":{"rendered":"Stephan Perrotte Ananas-Absinthe Larus\u00e9e Verte Marmelade"},"content":{"rendered":"<div class=\"wpb-content-wrapper\"><p>[vc_row][vc_column width=&#8220;1\/4&#8243;][vc_single_image image=&#8220;14839&#8243; img_size=&#8220;large&#8220;][\/vc_column][vc_column width=&#8220;3\/4&#8243;][vc_column_text]St\u00e9phan Perrotte, Bester Confiturier in Frankreich und Weltmeister 2015<\/p>\n<p>Nettogewicht: 220 Gramm<\/p>\n<p><a href=\"https:\/\/maisonperrotte.fr\">St\u00e9phan Perrotte website<\/a>[\/vc_column_text][\/vc_column][\/vc_row]<\/p>\n<\/div>","protected":false},"excerpt":{"rendered":"<p> Seine Kunst trainiert er in T\u00f6pfen. Feinschmeckerisch, fettig, fruchtig &#8230; fabelhafte Marmeladengl\u00e4ser. Wie ein Maler arbeitet er in reinen Farben, aber er stellt seine Gouachen auf brillante Weise zu Originalprodukten zusammen: eine Kombination aus Apfel, Yuzu-Saft und schwarzem Sesam, eine Kombination aus Erdbeere, Himbeere, Saumur Champigny und Pfeffer aus schwarzen Johannisbeeren oder diese sch\u00f6ne Mischung Mango und Passionsfrucht. Mit dem Besten von Fr\u00fcchten und Gew\u00fcrzen l\u00e4sst dieser Master Confiturier aus Frankreich nichts dem Zufall zu. Deshalb stellt er seine Tr\u00e4nke in franz\u00f6sischen Kupferkesseln zusammen. <\/ P><\/p>\n<p> St\u00e9phan Perrotte, Marmelade Weltmeister 2015, kreiert hier f\u00fcr Larus\u00e9e eine erhabene Kreation, die die Ananas und die <a href = \"http:\/\/www.larusee.com\/produit\/absinthe-larusee-verte- verbindet. 70cl-65-vol \/ \"> Absinth Larus\u00e9e Verte <\/a>. In sehr limitierter Auflage! <\/ P><\/p>\n","protected":false},"featured_media":11126,"template":"","meta":[],"product_brand":[],"product_cat":[1255,753,750,804],"product_tag":[805,836,833,808,810,830,826,832,834],"class_list":{"0":"post-11125","1":"product","2":"type-product","3":"status-publish","4":"has-post-thumbnail","6":"product_cat-delikatessen","7":"product_cat-der-shop","8":"product_cat-die-konfituren-stephan-perrotte","9":"product_cat-unsere-produkte","10":"product_tag-absinthe-de","11":"product_tag-ananas-de","12":"product_tag-bester-confiturier-frankreichs","13":"product_tag-grun","14":"product_tag-grune-fee","15":"product_tag-handwerk","16":"product_tag-larusee-de","17":"product_tag-marmelade","18":"product_tag-stephan-perrotte-de","20":"first","21":"instock","22":"featured","23":"taxable","24":"shipping-taxable","25":"purchasable","26":"product-type-simple"},"yoast_head":"<!-- This site is optimized with the Yoast SEO plugin v27.6 - https:\/\/yoast.com\/product\/yoast-seo-wordpress\/ -->\n<title>Stephan Perrotte Ananas-Absinthe Larus\u00e9e Verte Marmelade - Larus\u00e9e<\/title>\n<meta name=\"description\" content=\"Eine au\u00dfergew\u00f6hnliche Larus\u00e9e Verte Ananas-Absinth-Marmelade von Weltmeister St\u00e9phan Perrotte\" \/>\n<meta name=\"robots\" content=\"index, follow, max-snippet:-1, max-image-preview:large, max-video-preview:-1\" \/>\n<link rel=\"canonical\" href=\"https:\/\/www.larusee.com\/de\/produit\/stephan-perrotte-ananas-absinthe-larusee-verte-marmelade\/\" \/>\n<meta property=\"og:locale\" content=\"de_DE\" \/>\n<meta property=\"og:type\" content=\"article\" \/>\n<meta property=\"og:title\" content=\"Stephan Perrotte Ananas-Absinthe Larus\u00e9e Verte Marmelade - Larus\u00e9e\" \/>\n<meta property=\"og:description\" content=\"Eine au\u00dfergew\u00f6hnliche Larus\u00e9e Verte Ananas-Absinth-Marmelade von Weltmeister St\u00e9phan Perrotte\" \/>\n<meta property=\"og:url\" content=\"https:\/\/www.larusee.com\/de\/produit\/stephan-perrotte-ananas-absinthe-larusee-verte-marmelade\/\" \/>\n<meta property=\"og:site_name\" content=\"Larus\u00e9e\" \/>\n<meta property=\"article:publisher\" content=\"https:\/\/www.facebook.com\/AbsintheLarusee\" \/>\n<meta property=\"article:modified_time\" content=\"2023-06-28T10:01:05+00:00\" \/>\n<meta property=\"og:image\" content=\"https:\/\/www.larusee.com\/wp-content\/uploads\/2019\/04\/larusee-confiture-absinthe-verte-ananas-closeup.jpg\" \/>\n\t<meta property=\"og:image:width\" content=\"1600\" \/>\n\t<meta property=\"og:image:height\" content=\"2000\" \/>\n\t<meta property=\"og:image:type\" content=\"image\/jpeg\" \/>\n<meta name=\"twitter:card\" content=\"summary_large_image\" \/>\n<script type=\"application\/ld+json\" class=\"yoast-schema-graph\">{\"@context\":\"https:\\\/\\\/schema.org\",\"@graph\":[{\"@type\":\"WebPage\",\"@id\":\"https:\\\/\\\/www.larusee.com\\\/de\\\/produit\\\/stephan-perrotte-ananas-absinthe-larusee-verte-marmelade\\\/\",\"url\":\"https:\\\/\\\/www.larusee.com\\\/de\\\/produit\\\/stephan-perrotte-ananas-absinthe-larusee-verte-marmelade\\\/\",\"name\":\"Stephan Perrotte Ananas-Absinthe Larus\u00e9e Verte Marmelade - Larus\u00e9e\",\"isPartOf\":{\"@id\":\"https:\\\/\\\/www.larusee.com\\\/de\\\/#website\"},\"primaryImageOfPage\":{\"@id\":\"https:\\\/\\\/www.larusee.com\\\/de\\\/produit\\\/stephan-perrotte-ananas-absinthe-larusee-verte-marmelade\\\/#primaryimage\"},\"image\":{\"@id\":\"https:\\\/\\\/www.larusee.com\\\/de\\\/produit\\\/stephan-perrotte-ananas-absinthe-larusee-verte-marmelade\\\/#primaryimage\"},\"thumbnailUrl\":\"https:\\\/\\\/www.larusee.com\\\/wp-content\\\/uploads\\\/2019\\\/04\\\/larusee-confiture-absinthe-verte-ananas-closeup.jpg\",\"datePublished\":\"2019-03-01T15:57:09+00:00\",\"dateModified\":\"2023-06-28T10:01:05+00:00\",\"description\":\"Eine au\u00dfergew\u00f6hnliche Larus\u00e9e Verte Ananas-Absinth-Marmelade von Weltmeister St\u00e9phan Perrotte\",\"breadcrumb\":{\"@id\":\"https:\\\/\\\/www.larusee.com\\\/de\\\/produit\\\/stephan-perrotte-ananas-absinthe-larusee-verte-marmelade\\\/#breadcrumb\"},\"inLanguage\":\"de\",\"potentialAction\":[{\"@type\":\"ReadAction\",\"target\":[\"https:\\\/\\\/www.larusee.com\\\/de\\\/produit\\\/stephan-perrotte-ananas-absinthe-larusee-verte-marmelade\\\/\"]}]},{\"@type\":\"ImageObject\",\"inLanguage\":\"de\",\"@id\":\"https:\\\/\\\/www.larusee.com\\\/de\\\/produit\\\/stephan-perrotte-ananas-absinthe-larusee-verte-marmelade\\\/#primaryimage\",\"url\":\"https:\\\/\\\/www.larusee.com\\\/wp-content\\\/uploads\\\/2019\\\/04\\\/larusee-confiture-absinthe-verte-ananas-closeup.jpg\",\"contentUrl\":\"https:\\\/\\\/www.larusee.com\\\/wp-content\\\/uploads\\\/2019\\\/04\\\/larusee-confiture-absinthe-verte-ananas-closeup.jpg\",\"width\":1600,\"height\":2000,\"caption\":\"Marmelade St\u00e9phan Perotte Ananas Absinth Larus\u00e9e Verte\"},{\"@type\":\"BreadcrumbList\",\"@id\":\"https:\\\/\\\/www.larusee.com\\\/de\\\/produit\\\/stephan-perrotte-ananas-absinthe-larusee-verte-marmelade\\\/#breadcrumb\",\"itemListElement\":[{\"@type\":\"ListItem\",\"position\":1,\"name\":\"Accueil\",\"item\":\"https:\\\/\\\/www.larusee.com\\\/de\\\/\"},{\"@type\":\"ListItem\",\"position\":2,\"name\":\"Boutique\",\"item\":\"https:\\\/\\\/www.larusee.com\\\/de\\\/boutique\\\/\"},{\"@type\":\"ListItem\",\"position\":3,\"name\":\"Stephan Perrotte Ananas-Absinthe Larus\u00e9e Verte Marmelade\"}]},{\"@type\":\"WebSite\",\"@id\":\"https:\\\/\\\/www.larusee.com\\\/de\\\/#website\",\"url\":\"https:\\\/\\\/www.larusee.com\\\/de\\\/\",\"name\":\"Larus\u00e9e\",\"description\":\"Distillateur d&#039;\u00e9motions\",\"publisher\":{\"@id\":\"https:\\\/\\\/www.larusee.com\\\/de\\\/#organization\"},\"potentialAction\":[{\"@type\":\"SearchAction\",\"target\":{\"@type\":\"EntryPoint\",\"urlTemplate\":\"https:\\\/\\\/www.larusee.com\\\/de\\\/?s={search_term_string}\"},\"query-input\":{\"@type\":\"PropertyValueSpecification\",\"valueRequired\":true,\"valueName\":\"search_term_string\"}}],\"inLanguage\":\"de\"},{\"@type\":\"Organization\",\"@id\":\"https:\\\/\\\/www.larusee.com\\\/de\\\/#organization\",\"name\":\"Larus\u00e9e\",\"url\":\"https:\\\/\\\/www.larusee.com\\\/de\\\/\",\"logo\":{\"@type\":\"ImageObject\",\"inLanguage\":\"de\",\"@id\":\"https:\\\/\\\/www.larusee.com\\\/de\\\/#\\\/schema\\\/logo\\\/image\\\/\",\"url\":\"https:\\\/\\\/www.larusee.com\\\/wp-content\\\/uploads\\\/2019\\\/04\\\/Logo_Larusee_Noir.png\",\"contentUrl\":\"https:\\\/\\\/www.larusee.com\\\/wp-content\\\/uploads\\\/2019\\\/04\\\/Logo_Larusee_Noir.png\",\"width\":1181,\"height\":318,\"caption\":\"Larus\u00e9e\"},\"image\":{\"@id\":\"https:\\\/\\\/www.larusee.com\\\/de\\\/#\\\/schema\\\/logo\\\/image\\\/\"},\"sameAs\":[\"https:\\\/\\\/www.facebook.com\\\/AbsintheLarusee\",\"https:\\\/\\\/www.instagram.com\\\/distillerielarusee\\\/\"]}]}<\/script>\n<!-- \/ Yoast SEO plugin. -->","yoast_head_json":{"title":"Stephan Perrotte Ananas-Absinthe Larus\u00e9e Verte Marmelade - Larus\u00e9e","description":"Eine au\u00dfergew\u00f6hnliche Larus\u00e9e Verte Ananas-Absinth-Marmelade von Weltmeister St\u00e9phan Perrotte","robots":{"index":"index","follow":"follow","max-snippet":"max-snippet:-1","max-image-preview":"max-image-preview:large","max-video-preview":"max-video-preview:-1"},"canonical":"https:\/\/www.larusee.com\/de\/produit\/stephan-perrotte-ananas-absinthe-larusee-verte-marmelade\/","og_locale":"de_DE","og_type":"article","og_title":"Stephan Perrotte Ananas-Absinthe Larus\u00e9e Verte Marmelade - Larus\u00e9e","og_description":"Eine au\u00dfergew\u00f6hnliche Larus\u00e9e Verte Ananas-Absinth-Marmelade von Weltmeister St\u00e9phan Perrotte","og_url":"https:\/\/www.larusee.com\/de\/produit\/stephan-perrotte-ananas-absinthe-larusee-verte-marmelade\/","og_site_name":"Larus\u00e9e","article_publisher":"https:\/\/www.facebook.com\/AbsintheLarusee","article_modified_time":"2023-06-28T10:01:05+00:00","og_image":[{"width":1600,"height":2000,"url":"https:\/\/www.larusee.com\/wp-content\/uploads\/2019\/04\/larusee-confiture-absinthe-verte-ananas-closeup.jpg","type":"image\/jpeg"}],"twitter_card":"summary_large_image","schema":{"@context":"https:\/\/schema.org","@graph":[{"@type":"WebPage","@id":"https:\/\/www.larusee.com\/de\/produit\/stephan-perrotte-ananas-absinthe-larusee-verte-marmelade\/","url":"https:\/\/www.larusee.com\/de\/produit\/stephan-perrotte-ananas-absinthe-larusee-verte-marmelade\/","name":"Stephan Perrotte Ananas-Absinthe Larus\u00e9e Verte Marmelade - Larus\u00e9e","isPartOf":{"@id":"https:\/\/www.larusee.com\/de\/#website"},"primaryImageOfPage":{"@id":"https:\/\/www.larusee.com\/de\/produit\/stephan-perrotte-ananas-absinthe-larusee-verte-marmelade\/#primaryimage"},"image":{"@id":"https:\/\/www.larusee.com\/de\/produit\/stephan-perrotte-ananas-absinthe-larusee-verte-marmelade\/#primaryimage"},"thumbnailUrl":"https:\/\/www.larusee.com\/wp-content\/uploads\/2019\/04\/larusee-confiture-absinthe-verte-ananas-closeup.jpg","datePublished":"2019-03-01T15:57:09+00:00","dateModified":"2023-06-28T10:01:05+00:00","description":"Eine au\u00dfergew\u00f6hnliche Larus\u00e9e Verte Ananas-Absinth-Marmelade von Weltmeister St\u00e9phan Perrotte","breadcrumb":{"@id":"https:\/\/www.larusee.com\/de\/produit\/stephan-perrotte-ananas-absinthe-larusee-verte-marmelade\/#breadcrumb"},"inLanguage":"de","potentialAction":[{"@type":"ReadAction","target":["https:\/\/www.larusee.com\/de\/produit\/stephan-perrotte-ananas-absinthe-larusee-verte-marmelade\/"]}]},{"@type":"ImageObject","inLanguage":"de","@id":"https:\/\/www.larusee.com\/de\/produit\/stephan-perrotte-ananas-absinthe-larusee-verte-marmelade\/#primaryimage","url":"https:\/\/www.larusee.com\/wp-content\/uploads\/2019\/04\/larusee-confiture-absinthe-verte-ananas-closeup.jpg","contentUrl":"https:\/\/www.larusee.com\/wp-content\/uploads\/2019\/04\/larusee-confiture-absinthe-verte-ananas-closeup.jpg","width":1600,"height":2000,"caption":"Marmelade St\u00e9phan Perotte Ananas Absinth Larus\u00e9e Verte"},{"@type":"BreadcrumbList","@id":"https:\/\/www.larusee.com\/de\/produit\/stephan-perrotte-ananas-absinthe-larusee-verte-marmelade\/#breadcrumb","itemListElement":[{"@type":"ListItem","position":1,"name":"Accueil","item":"https:\/\/www.larusee.com\/de\/"},{"@type":"ListItem","position":2,"name":"Boutique","item":"https:\/\/www.larusee.com\/de\/boutique\/"},{"@type":"ListItem","position":3,"name":"Stephan Perrotte Ananas-Absinthe Larus\u00e9e Verte Marmelade"}]},{"@type":"WebSite","@id":"https:\/\/www.larusee.com\/de\/#website","url":"https:\/\/www.larusee.com\/de\/","name":"Larus\u00e9e","description":"Distillateur d&#039;\u00e9motions","publisher":{"@id":"https:\/\/www.larusee.com\/de\/#organization"},"potentialAction":[{"@type":"SearchAction","target":{"@type":"EntryPoint","urlTemplate":"https:\/\/www.larusee.com\/de\/?s={search_term_string}"},"query-input":{"@type":"PropertyValueSpecification","valueRequired":true,"valueName":"search_term_string"}}],"inLanguage":"de"},{"@type":"Organization","@id":"https:\/\/www.larusee.com\/de\/#organization","name":"Larus\u00e9e","url":"https:\/\/www.larusee.com\/de\/","logo":{"@type":"ImageObject","inLanguage":"de","@id":"https:\/\/www.larusee.com\/de\/#\/schema\/logo\/image\/","url":"https:\/\/www.larusee.com\/wp-content\/uploads\/2019\/04\/Logo_Larusee_Noir.png","contentUrl":"https:\/\/www.larusee.com\/wp-content\/uploads\/2019\/04\/Logo_Larusee_Noir.png","width":1181,"height":318,"caption":"Larus\u00e9e"},"image":{"@id":"https:\/\/www.larusee.com\/de\/#\/schema\/logo\/image\/"},"sameAs":["https:\/\/www.facebook.com\/AbsintheLarusee","https:\/\/www.instagram.com\/distillerielarusee\/"]}]}},"_links":{"self":[{"href":"https:\/\/www.larusee.com\/de\/wp-json\/wp\/v2\/product\/11125","targetHints":{"allow":["GET"]}}],"collection":[{"href":"https:\/\/www.larusee.com\/de\/wp-json\/wp\/v2\/product"}],"about":[{"href":"https:\/\/www.larusee.com\/de\/wp-json\/wp\/v2\/types\/product"}],"version-history":[{"count":0,"href":"https:\/\/www.larusee.com\/de\/wp-json\/wp\/v2\/product\/11125\/revisions"}],"wp:featuredmedia":[{"embeddable":true,"href":"https:\/\/www.larusee.com\/de\/wp-json\/wp\/v2\/media\/11126"}],"wp:attachment":[{"href":"https:\/\/www.larusee.com\/de\/wp-json\/wp\/v2\/media?parent=11125"}],"wp:term":[{"taxonomy":"product_brand","embeddable":true,"href":"https:\/\/www.larusee.com\/de\/wp-json\/wp\/v2\/product_brand?post=11125"},{"taxonomy":"product_cat","embeddable":true,"href":"https:\/\/www.larusee.com\/de\/wp-json\/wp\/v2\/product_cat?post=11125"},{"taxonomy":"product_tag","embeddable":true,"href":"https:\/\/www.larusee.com\/de\/wp-json\/wp\/v2\/product_tag?post=11125"}],"curies":[{"name":"wp","href":"https:\/\/api.w.org\/{rel}","templated":true}]}}