{"id":11123,"date":"2019-03-01T17:15:02","date_gmt":"2019-03-01T16:15:02","guid":{"rendered":"https:\/\/www.larusee.com\/produit\/himbeer-absinthe-larusee-bleue-marmelade\/"},"modified":"2023-06-28T12:00:11","modified_gmt":"2023-06-28T10:00:11","slug":"himbeer-absinthe-larusee-bleue-marmelade","status":"publish","type":"product","link":"https:\/\/www.larusee.com\/de\/produit\/himbeer-absinthe-larusee-bleue-marmelade\/","title":{"rendered":"Himbeer-Absinthe Larus\u00e9e Bleue Marmelade"},"content":{"rendered":"<div class=\"wpb-content-wrapper\"><p>[vc_row][vc_column width=&#8220;1\/4&#8243;][vc_single_image image=&#8220;14839&#8243; img_size=&#8220;large&#8220;][\/vc_column][vc_column width=&#8220;3\/4&#8243;][vc_column_text]St\u00e9phan Perrotte, Bester Confiturier in Frankreich und Weltmeister 2015<\/p>\n<p>Nettogewicht: 220 Gramm<\/p>\n<p><a href=\"https:\/\/maisonperrotte.fr\">Die website der St\u00e9phan Perrotte<\/a>[\/vc_column_text][\/vc_column][\/vc_row]<\/p>\n<\/div>","protected":false},"excerpt":{"rendered":"<p>Seine Kunst trainiert er in T\u00f6pfen. Feinschmeckerisch, fettig, fruchtig &#8230; fabelhafte Marmeladengl\u00e4ser. Wie ein Maler arbeitet er in reinen Farben, aber er stellt seine Gouachen auf brillante Weise zu Originalprodukten zusammen: eine Kombination aus Apfel, Yuzu-Saft und schwarzem Sesam, eine Kombination aus Erdbeere, Himbeere, Saumur Champigny und Pfeffer aus schwarzen Johannisbeeren oder diese sch\u00f6ne Mischung Mango und Passionsfrucht. Mit dem Besten von Fr\u00fcchten und Gew\u00fcrzen l\u00e4sst dieser Master Confiturier aus Frankreich nichts dem Zufall zu. Deshalb stellt er seine Tr\u00e4nke in franz\u00f6sischen Kupferkesseln zusammen.<\/p>\n<p>St\u00e9phan Perrotte, Marmelade Weltmeister 2015, hat sich hier f\u00fcr Larus\u00e9e eine gro\u00dfartige Kreation zusammengestellt, die die Himbeere und den <a href=\"http:\/\/new.larusee.com\/produit\/absinthe-larusee-bleue-70 verbindet -cl-55-vol \/ \"> Blauer Absinth von Larus\u00e9e <\/a>. In sehr limitierter Auflage!<\/p>\n","protected":false},"featured_media":11124,"template":"","meta":[],"product_brand":[],"product_cat":[1255,753,750,804],"product_tag":[805,833,813,830,835,826,832,834,831],"class_list":{"0":"post-11123","1":"product","2":"type-product","3":"status-publish","4":"has-post-thumbnail","6":"product_cat-delikatessen","7":"product_cat-der-shop","8":"product_cat-die-konfituren-stephan-perrotte","9":"product_cat-unsere-produkte","10":"product_tag-absinthe-de","11":"product_tag-bester-confiturier-frankreichs","12":"product_tag-bleue-de","13":"product_tag-handwerk","14":"product_tag-himbeere","15":"product_tag-larusee-de","16":"product_tag-marmelade","17":"product_tag-stephan-perrotte-de","18":"product_tag-weltmeister","20":"first","21":"instock","22":"featured","23":"taxable","24":"shipping-taxable","25":"purchasable","26":"product-type-simple"},"yoast_head":"<!-- This site is optimized with the Yoast SEO plugin v27.3 - https:\/\/yoast.com\/product\/yoast-seo-wordpress\/ -->\n<title>Himbeer-Absinthe Larus\u00e9e Bleue Marmelade - Larus\u00e9e<\/title>\n<meta name=\"description\" content=\"Der Weltmeister St\u00e9phan Perrotte, bester Confiturier in Frankreich, bereitet uns eine Absinth Larus\u00e9e Bleue-Framboise Marmelade zu\" \/>\n<meta name=\"robots\" content=\"index, follow, max-snippet:-1, max-image-preview:large, max-video-preview:-1\" \/>\n<link rel=\"canonical\" href=\"https:\/\/www.larusee.com\/de\/produit\/himbeer-absinthe-larusee-bleue-marmelade\/\" \/>\n<meta property=\"og:locale\" content=\"de_DE\" \/>\n<meta property=\"og:type\" content=\"article\" \/>\n<meta property=\"og:title\" content=\"Himbeer-Absinthe Larus\u00e9e Bleue Marmelade - Larus\u00e9e\" \/>\n<meta property=\"og:description\" content=\"Der Weltmeister St\u00e9phan Perrotte, bester Confiturier in Frankreich, bereitet uns eine Absinth Larus\u00e9e Bleue-Framboise Marmelade zu\" \/>\n<meta property=\"og:url\" content=\"https:\/\/www.larusee.com\/de\/produit\/himbeer-absinthe-larusee-bleue-marmelade\/\" \/>\n<meta property=\"og:site_name\" content=\"Larus\u00e9e\" \/>\n<meta property=\"article:publisher\" content=\"https:\/\/www.facebook.com\/AbsintheLarusee\" \/>\n<meta property=\"article:modified_time\" content=\"2023-06-28T10:00:11+00:00\" \/>\n<meta property=\"og:image\" content=\"https:\/\/www.larusee.com\/wp-content\/uploads\/2019\/04\/larusee-confiture-absinthe-bleue-framboise-closeup.jpg\" \/>\n\t<meta property=\"og:image:width\" content=\"1600\" \/>\n\t<meta property=\"og:image:height\" content=\"2000\" \/>\n\t<meta property=\"og:image:type\" content=\"image\/jpeg\" \/>\n<meta name=\"twitter:card\" content=\"summary_large_image\" \/>\n<script type=\"application\/ld+json\" class=\"yoast-schema-graph\">{\"@context\":\"https:\\\/\\\/schema.org\",\"@graph\":[{\"@type\":\"WebPage\",\"@id\":\"https:\\\/\\\/www.larusee.com\\\/de\\\/produit\\\/himbeer-absinthe-larusee-bleue-marmelade\\\/\",\"url\":\"https:\\\/\\\/www.larusee.com\\\/de\\\/produit\\\/himbeer-absinthe-larusee-bleue-marmelade\\\/\",\"name\":\"Himbeer-Absinthe Larus\u00e9e Bleue Marmelade - Larus\u00e9e\",\"isPartOf\":{\"@id\":\"https:\\\/\\\/www.larusee.com\\\/de\\\/#website\"},\"primaryImageOfPage\":{\"@id\":\"https:\\\/\\\/www.larusee.com\\\/de\\\/produit\\\/himbeer-absinthe-larusee-bleue-marmelade\\\/#primaryimage\"},\"image\":{\"@id\":\"https:\\\/\\\/www.larusee.com\\\/de\\\/produit\\\/himbeer-absinthe-larusee-bleue-marmelade\\\/#primaryimage\"},\"thumbnailUrl\":\"https:\\\/\\\/www.larusee.com\\\/wp-content\\\/uploads\\\/2019\\\/04\\\/larusee-confiture-absinthe-bleue-framboise-closeup.jpg\",\"datePublished\":\"2019-03-01T16:15:02+00:00\",\"dateModified\":\"2023-06-28T10:00:11+00:00\",\"description\":\"Der Weltmeister St\u00e9phan Perrotte, bester Confiturier in Frankreich, bereitet uns eine Absinth Larus\u00e9e Bleue-Framboise Marmelade zu\",\"breadcrumb\":{\"@id\":\"https:\\\/\\\/www.larusee.com\\\/de\\\/produit\\\/himbeer-absinthe-larusee-bleue-marmelade\\\/#breadcrumb\"},\"inLanguage\":\"de\",\"potentialAction\":[{\"@type\":\"ReadAction\",\"target\":[\"https:\\\/\\\/www.larusee.com\\\/de\\\/produit\\\/himbeer-absinthe-larusee-bleue-marmelade\\\/\"]}]},{\"@type\":\"ImageObject\",\"inLanguage\":\"de\",\"@id\":\"https:\\\/\\\/www.larusee.com\\\/de\\\/produit\\\/himbeer-absinthe-larusee-bleue-marmelade\\\/#primaryimage\",\"url\":\"https:\\\/\\\/www.larusee.com\\\/wp-content\\\/uploads\\\/2019\\\/04\\\/larusee-confiture-absinthe-bleue-framboise-closeup.jpg\",\"contentUrl\":\"https:\\\/\\\/www.larusee.com\\\/wp-content\\\/uploads\\\/2019\\\/04\\\/larusee-confiture-absinthe-bleue-framboise-closeup.jpg\",\"width\":1600,\"height\":2000,\"caption\":\"Marmelade Stephan Perrotte Himbeere - Larus\u00e9e Bleue Absinth\"},{\"@type\":\"BreadcrumbList\",\"@id\":\"https:\\\/\\\/www.larusee.com\\\/de\\\/produit\\\/himbeer-absinthe-larusee-bleue-marmelade\\\/#breadcrumb\",\"itemListElement\":[{\"@type\":\"ListItem\",\"position\":1,\"name\":\"Accueil\",\"item\":\"https:\\\/\\\/www.larusee.com\\\/de\\\/\"},{\"@type\":\"ListItem\",\"position\":2,\"name\":\"Boutique\",\"item\":\"https:\\\/\\\/www.larusee.com\\\/de\\\/boutique\\\/\"},{\"@type\":\"ListItem\",\"position\":3,\"name\":\"Himbeer-Absinthe Larus\u00e9e Bleue Marmelade\"}]},{\"@type\":\"WebSite\",\"@id\":\"https:\\\/\\\/www.larusee.com\\\/de\\\/#website\",\"url\":\"https:\\\/\\\/www.larusee.com\\\/de\\\/\",\"name\":\"Larus\u00e9e\",\"description\":\"Distillateur d&#039;\u00e9motions\",\"publisher\":{\"@id\":\"https:\\\/\\\/www.larusee.com\\\/de\\\/#organization\"},\"potentialAction\":[{\"@type\":\"SearchAction\",\"target\":{\"@type\":\"EntryPoint\",\"urlTemplate\":\"https:\\\/\\\/www.larusee.com\\\/de\\\/?s={search_term_string}\"},\"query-input\":{\"@type\":\"PropertyValueSpecification\",\"valueRequired\":true,\"valueName\":\"search_term_string\"}}],\"inLanguage\":\"de\"},{\"@type\":\"Organization\",\"@id\":\"https:\\\/\\\/www.larusee.com\\\/de\\\/#organization\",\"name\":\"Larus\u00e9e\",\"url\":\"https:\\\/\\\/www.larusee.com\\\/de\\\/\",\"logo\":{\"@type\":\"ImageObject\",\"inLanguage\":\"de\",\"@id\":\"https:\\\/\\\/www.larusee.com\\\/de\\\/#\\\/schema\\\/logo\\\/image\\\/\",\"url\":\"https:\\\/\\\/www.larusee.com\\\/wp-content\\\/uploads\\\/2019\\\/04\\\/Logo_Larusee_Noir.png\",\"contentUrl\":\"https:\\\/\\\/www.larusee.com\\\/wp-content\\\/uploads\\\/2019\\\/04\\\/Logo_Larusee_Noir.png\",\"width\":1181,\"height\":318,\"caption\":\"Larus\u00e9e\"},\"image\":{\"@id\":\"https:\\\/\\\/www.larusee.com\\\/de\\\/#\\\/schema\\\/logo\\\/image\\\/\"},\"sameAs\":[\"https:\\\/\\\/www.facebook.com\\\/AbsintheLarusee\",\"https:\\\/\\\/www.instagram.com\\\/distillerielarusee\\\/\"]}]}<\/script>\n<!-- \/ Yoast SEO plugin. -->","yoast_head_json":{"title":"Himbeer-Absinthe Larus\u00e9e Bleue Marmelade - Larus\u00e9e","description":"Der Weltmeister St\u00e9phan Perrotte, bester Confiturier in Frankreich, bereitet uns eine Absinth Larus\u00e9e Bleue-Framboise Marmelade zu","robots":{"index":"index","follow":"follow","max-snippet":"max-snippet:-1","max-image-preview":"max-image-preview:large","max-video-preview":"max-video-preview:-1"},"canonical":"https:\/\/www.larusee.com\/de\/produit\/himbeer-absinthe-larusee-bleue-marmelade\/","og_locale":"de_DE","og_type":"article","og_title":"Himbeer-Absinthe Larus\u00e9e Bleue Marmelade - Larus\u00e9e","og_description":"Der Weltmeister St\u00e9phan Perrotte, bester Confiturier in Frankreich, bereitet uns eine Absinth Larus\u00e9e Bleue-Framboise Marmelade zu","og_url":"https:\/\/www.larusee.com\/de\/produit\/himbeer-absinthe-larusee-bleue-marmelade\/","og_site_name":"Larus\u00e9e","article_publisher":"https:\/\/www.facebook.com\/AbsintheLarusee","article_modified_time":"2023-06-28T10:00:11+00:00","og_image":[{"width":1600,"height":2000,"url":"https:\/\/www.larusee.com\/wp-content\/uploads\/2019\/04\/larusee-confiture-absinthe-bleue-framboise-closeup.jpg","type":"image\/jpeg"}],"twitter_card":"summary_large_image","schema":{"@context":"https:\/\/schema.org","@graph":[{"@type":"WebPage","@id":"https:\/\/www.larusee.com\/de\/produit\/himbeer-absinthe-larusee-bleue-marmelade\/","url":"https:\/\/www.larusee.com\/de\/produit\/himbeer-absinthe-larusee-bleue-marmelade\/","name":"Himbeer-Absinthe Larus\u00e9e Bleue Marmelade - Larus\u00e9e","isPartOf":{"@id":"https:\/\/www.larusee.com\/de\/#website"},"primaryImageOfPage":{"@id":"https:\/\/www.larusee.com\/de\/produit\/himbeer-absinthe-larusee-bleue-marmelade\/#primaryimage"},"image":{"@id":"https:\/\/www.larusee.com\/de\/produit\/himbeer-absinthe-larusee-bleue-marmelade\/#primaryimage"},"thumbnailUrl":"https:\/\/www.larusee.com\/wp-content\/uploads\/2019\/04\/larusee-confiture-absinthe-bleue-framboise-closeup.jpg","datePublished":"2019-03-01T16:15:02+00:00","dateModified":"2023-06-28T10:00:11+00:00","description":"Der Weltmeister St\u00e9phan Perrotte, bester Confiturier in Frankreich, bereitet uns eine Absinth Larus\u00e9e Bleue-Framboise Marmelade zu","breadcrumb":{"@id":"https:\/\/www.larusee.com\/de\/produit\/himbeer-absinthe-larusee-bleue-marmelade\/#breadcrumb"},"inLanguage":"de","potentialAction":[{"@type":"ReadAction","target":["https:\/\/www.larusee.com\/de\/produit\/himbeer-absinthe-larusee-bleue-marmelade\/"]}]},{"@type":"ImageObject","inLanguage":"de","@id":"https:\/\/www.larusee.com\/de\/produit\/himbeer-absinthe-larusee-bleue-marmelade\/#primaryimage","url":"https:\/\/www.larusee.com\/wp-content\/uploads\/2019\/04\/larusee-confiture-absinthe-bleue-framboise-closeup.jpg","contentUrl":"https:\/\/www.larusee.com\/wp-content\/uploads\/2019\/04\/larusee-confiture-absinthe-bleue-framboise-closeup.jpg","width":1600,"height":2000,"caption":"Marmelade Stephan Perrotte Himbeere - Larus\u00e9e Bleue Absinth"},{"@type":"BreadcrumbList","@id":"https:\/\/www.larusee.com\/de\/produit\/himbeer-absinthe-larusee-bleue-marmelade\/#breadcrumb","itemListElement":[{"@type":"ListItem","position":1,"name":"Accueil","item":"https:\/\/www.larusee.com\/de\/"},{"@type":"ListItem","position":2,"name":"Boutique","item":"https:\/\/www.larusee.com\/de\/boutique\/"},{"@type":"ListItem","position":3,"name":"Himbeer-Absinthe Larus\u00e9e Bleue Marmelade"}]},{"@type":"WebSite","@id":"https:\/\/www.larusee.com\/de\/#website","url":"https:\/\/www.larusee.com\/de\/","name":"Larus\u00e9e","description":"Distillateur d&#039;\u00e9motions","publisher":{"@id":"https:\/\/www.larusee.com\/de\/#organization"},"potentialAction":[{"@type":"SearchAction","target":{"@type":"EntryPoint","urlTemplate":"https:\/\/www.larusee.com\/de\/?s={search_term_string}"},"query-input":{"@type":"PropertyValueSpecification","valueRequired":true,"valueName":"search_term_string"}}],"inLanguage":"de"},{"@type":"Organization","@id":"https:\/\/www.larusee.com\/de\/#organization","name":"Larus\u00e9e","url":"https:\/\/www.larusee.com\/de\/","logo":{"@type":"ImageObject","inLanguage":"de","@id":"https:\/\/www.larusee.com\/de\/#\/schema\/logo\/image\/","url":"https:\/\/www.larusee.com\/wp-content\/uploads\/2019\/04\/Logo_Larusee_Noir.png","contentUrl":"https:\/\/www.larusee.com\/wp-content\/uploads\/2019\/04\/Logo_Larusee_Noir.png","width":1181,"height":318,"caption":"Larus\u00e9e"},"image":{"@id":"https:\/\/www.larusee.com\/de\/#\/schema\/logo\/image\/"},"sameAs":["https:\/\/www.facebook.com\/AbsintheLarusee","https:\/\/www.instagram.com\/distillerielarusee\/"]}]}},"_links":{"self":[{"href":"https:\/\/www.larusee.com\/de\/wp-json\/wp\/v2\/product\/11123","targetHints":{"allow":["GET"]}}],"collection":[{"href":"https:\/\/www.larusee.com\/de\/wp-json\/wp\/v2\/product"}],"about":[{"href":"https:\/\/www.larusee.com\/de\/wp-json\/wp\/v2\/types\/product"}],"version-history":[{"count":0,"href":"https:\/\/www.larusee.com\/de\/wp-json\/wp\/v2\/product\/11123\/revisions"}],"wp:featuredmedia":[{"embeddable":true,"href":"https:\/\/www.larusee.com\/de\/wp-json\/wp\/v2\/media\/11124"}],"wp:attachment":[{"href":"https:\/\/www.larusee.com\/de\/wp-json\/wp\/v2\/media?parent=11123"}],"wp:term":[{"taxonomy":"product_brand","embeddable":true,"href":"https:\/\/www.larusee.com\/de\/wp-json\/wp\/v2\/product_brand?post=11123"},{"taxonomy":"product_cat","embeddable":true,"href":"https:\/\/www.larusee.com\/de\/wp-json\/wp\/v2\/product_cat?post=11123"},{"taxonomy":"product_tag","embeddable":true,"href":"https:\/\/www.larusee.com\/de\/wp-json\/wp\/v2\/product_tag?post=11123"}],"curies":[{"name":"wp","href":"https:\/\/api.w.org\/{rel}","templated":true}]}}