{"id":11119,"date":"2016-05-25T09:00:02","date_gmt":"2016-05-25T07:00:02","guid":{"rendered":"https:\/\/www.larusee.com\/produit\/pastis-larusee-75cl-45-vol\/"},"modified":"2026-05-07T13:30:51","modified_gmt":"2026-05-07T11:30:51","slug":"pastis-larusee-70cl-45-vol","status":"publish","type":"product","link":"https:\/\/www.larusee.com\/de\/produit\/pastis-larusee-70cl-45-vol\/","title":{"rendered":"Der Pastis Larus\u00e9e"},"content":{"rendered":"<div class=\"wpb-content-wrapper\"><p>[vc_row][vc_column][vc_column_text]<b>Kapazit\u00e4t\u2009:<\/b> 70 cl<br \/>\n<strong>Volumen:<\/strong> 45% vol.<\/p>\n<h4>Pastis: Perfekter Service<\/h4>\n<div class=\"\">Dass ihr Pastis seine Aromenvielfalt entfalten kann:<\/div>\n<ul>\n<li>\n<div>Giessen Sie 3cl des Pastis in ein Glas<\/div>\n<\/li>\n<li>\n<div>F\u00fcllen Sie ganz nach Ihrem Geschmack Wasser aus der Pastis-Giesskanne nach, die Sie vorg\u00e4ngig mit Wasser und mit Eisw\u00fcrfel gef\u00fcllt haben<\/div>\n<\/li>\n<li>\n<div>Jetzt, und wirklich erst jetzt, geben Sie Eisw\u00fcrfel hinzu<\/div>\n<\/li>\n<\/ul>\n<p>[\/vc_column_text][vc_separator][\/vc_column][\/vc_row][vc_row][vc_column][vc_column_text]<\/p>\n<h4>Verkostungsnotiz der Spirits Selection<\/h4>\n<p><strong>Aussehen:<\/strong> Strohgelb mit h\u00fcbschen Reflexen<\/p>\n<p><strong>Nase:<\/strong> Zimt, Anis, Nelken und Grapefruit mit sehr angenehmen D\u00fcften, gefolgt von W\u00fcrze, die Schichten und Komplexit\u00e4t hinzuf\u00fcgt.<\/p>\n<p><strong>Gaumen:<\/strong> Der Gaumen setzt sich dort fort, wo die Nase aufh\u00f6rt, er ist fruchtig und w\u00fcrzig mit Anis, Kr\u00e4utern und S\u00fc\u00dfholz. Anhaltend mit Aromen, die durchflie\u00dfen. Guter Kontrast, der die Komplexit\u00e4t wieder unterst\u00fctzt.<\/p>\n<p><strong>Fazit:<\/strong> Sehr spannend mit viel zu bieten, Pers\u00f6nlichkeit zu zeigen und dabei Spannung und Freude zu vermitteln. Sehr gut verarbeitet, einfach perfekt zum Abschluss einer Mahlzeit.[\/vc_column_text][vc_separator][vc_column_text]<\/p>\n<h4>Die Medaillen, die unser Schweizer Pastis gewonnen hat<\/h4>\n<p>[\/vc_column_text][\/vc_column][\/vc_row][vc_row][vc_column width=&#8220;1\/6&#8243;][vc_single_image image=&#8220;17177&#8243; img_size=&#8220;&#8220; alignment=&#8220;center&#8220;][vc_column_text]<\/p>\n<p style=\"text-align: center;\"><strong>Palme d&#8217;Or<\/strong><\/p>\n<p style=\"text-align: center;\">Concours National de Paris 2023<\/p>\n<p style=\"text-align: center;\">Frankreich<\/p>\n<p>[\/vc_column_text][\/vc_column][vc_column width=&#8220;1\/6&#8243;][vc_single_image image=&#8220;14715&#8243; img_size=&#8220;100&#215;93&#8243; alignment=&#8220;center&#8220; onclick=&#8220;link_image&#8220;][vc_column_text]<\/p>\n<p style=\"text-align: center;\"><strong>GOLD<\/strong><\/p>\n<p style=\"text-align: center;\">Spirits Selection by le Concours Mondial de Bruxelles<\/p>\n<p style=\"text-align: center;\">2020<\/p>\n<p>[\/vc_column_text][\/vc_column][vc_column width=&#8220;1\/6&#8243;][vc_single_image image=&#8220;14305&#8243; img_size=&#8220;full&#8220; alignment=&#8220;center&#8220;][vc_column_text]<\/p>\n<p style=\"text-align: center;\"><strong>Silber<\/strong><\/p>\n<p style=\"text-align: center;\">Concours International de Lyon 2020<\/p>\n<p style=\"text-align: center;\">Frankreich<\/p>\n<p>[\/vc_column_text][\/vc_column][vc_column width=&#8220;1\/6&#8243;][vc_single_image image=&#8220;11120&#8243; img_size=&#8220;&#8220; alignment=&#8220;center&#8220;][vc_column_text]<\/p>\n<p style=\"text-align: center;\"><strong>GOLD<\/strong><\/p>\n<p style=\"text-align: center;\">Paris International Spirits Trophy 2019<\/p>\n<p style=\"text-align: center;\">Frankreich<\/p>\n<p>[\/vc_column_text][\/vc_column][vc_column width=&#8220;1\/6&#8243;][vc_single_image image=&#8220;11121&#8243; img_size=&#8220;&#8220; alignment=&#8220;center&#8220;][vc_column_text]<\/p>\n<p style=\"text-align: center;\"><strong>Palme d&#8217;Or<\/strong><\/p>\n<p style=\"text-align: center;\">Palmar\u00e8s 2019 de l&#8217;Acad\u00e9mie des Vins et de la Gastronomie fran\u00e7aise<\/p>\n<p style=\"text-align: center;\">Frankreich<\/p>\n<p>[\/vc_column_text][\/vc_column][vc_column width=&#8220;1\/6&#8243;][\/vc_column][\/vc_row]<\/p>\n<\/div>","protected":false},"excerpt":{"rendered":"<p>Ein Schweizer Pastis &#8230; und dann noch aus Neuenburg? Was f\u00fcr eine witzige Idee! Dennoch, die Geschichte des \u201ekleinen Gelben\u201c ist eng mit der des Absinths verbunden, da es dem Verbot dieses letzteren zu verdanken ist, dass dieses wunderbare anishaltige Getr\u00e4nk, Symbol der in der Sonne genossenen Aperitifs, geschaffen wurde. Und welches andere Land als Frankreich kann die Erfindung des Absinths f\u00fcr sich beanspruchen? Die Schweiz nat\u00fcrlich! Entwickelt in der historischen Wiege seiner Mutter, dem Absinth, wird der Pastis Larus\u00e9e auf vollst\u00e4ndig handwerkliche Art destilliert und mazeriert. Das kleine Wunder, das wir Ihnen anbieten, zeigt, dass dieses legend\u00e4re Anisgetr\u00e4nk auch \u00fcberraschen kann! Es ist eine Explosion von sorgf\u00e4ltig bemessenen Geschmacksrichtungen, in aller Finesse, mit D\u00fcften von Pflanzen, die man fast einzeln unterscheiden k\u00f6nnte. Mit einem Alkoholgehalt von 45%, einer seltenen Eleganz, bietet er Ihnen ein leichtet zitronige Frische.<\/p>\n","protected":false},"featured_media":21780,"template":"","meta":[],"product_brand":[],"product_cat":[1484,753,824,804],"product_tag":[1520,829,828,826,827,806],"class_list":{"0":"post-11119","1":"product","2":"type-product","3":"status-publish","4":"has-post-thumbnail","6":"product_cat-der-pastis","7":"product_cat-der-shop","8":"product_cat-unser-schweizer-pastis","9":"product_cat-unsere-produkte","10":"product_tag-anis","11":"product_tag-gastronomie-de","12":"product_tag-goldmedaille","13":"product_tag-larusee-de","14":"product_tag-pastis-de","15":"product_tag-schweiz","17":"first","18":"instock","19":"featured","20":"taxable","21":"shipping-taxable","22":"purchasable","23":"product-type-simple"},"yoast_head":"<!-- This site is optimized with the Yoast SEO plugin v27.5 - https:\/\/yoast.com\/product\/yoast-seo-wordpress\/ -->\n<title>Der Pastis Larus\u00e9e - Larus\u00e9e<\/title>\n<meta name=\"description\" content=\"Nach der Mutter (Absinth)\u2026 Der Sohn (Pastis)! Larus\u00e9e schafft die Linie seiner High-End-Absinthe, indem er die ersten Schweizer Pastis erfindet!\" \/>\n<meta name=\"robots\" content=\"index, follow, max-snippet:-1, max-image-preview:large, max-video-preview:-1\" \/>\n<link rel=\"canonical\" href=\"https:\/\/www.larusee.com\/de\/produit\/pastis-larusee-70cl-45-vol\/\" \/>\n<meta property=\"og:locale\" content=\"de_DE\" \/>\n<meta property=\"og:type\" content=\"article\" \/>\n<meta property=\"og:title\" content=\"Der Pastis Larus\u00e9e - Larus\u00e9e\" \/>\n<meta property=\"og:description\" content=\"Nach der Mutter (Absinth)\u2026 Der Sohn (Pastis)! Larus\u00e9e schafft die Linie seiner High-End-Absinthe, indem er die ersten Schweizer Pastis erfindet!\" \/>\n<meta property=\"og:url\" content=\"https:\/\/www.larusee.com\/de\/produit\/pastis-larusee-70cl-45-vol\/\" \/>\n<meta property=\"og:site_name\" content=\"Larus\u00e9e\" \/>\n<meta property=\"article:publisher\" content=\"https:\/\/www.facebook.com\/AbsintheLarusee\" \/>\n<meta property=\"article:modified_time\" content=\"2026-05-07T11:30:51+00:00\" \/>\n<meta property=\"og:image\" content=\"https:\/\/www.larusee.com\/wp-content\/uploads\/2024\/11\/larusee-pastis-70cl-2024-closeup.jpg\" \/>\n\t<meta property=\"og:image:width\" content=\"1600\" \/>\n\t<meta property=\"og:image:height\" content=\"2000\" \/>\n\t<meta property=\"og:image:type\" content=\"image\/jpeg\" \/>\n<meta name=\"twitter:card\" content=\"summary_large_image\" \/>\n<meta name=\"twitter:label1\" content=\"Gesch\u00e4tzte Lesezeit\" \/>\n\t<meta name=\"twitter:data1\" content=\"2\u00a0Minuten\" \/>\n<script type=\"application\/ld+json\" class=\"yoast-schema-graph\">{\"@context\":\"https:\\\/\\\/schema.org\",\"@graph\":[{\"@type\":\"WebPage\",\"@id\":\"https:\\\/\\\/www.larusee.com\\\/de\\\/produit\\\/pastis-larusee-70cl-45-vol\\\/\",\"url\":\"https:\\\/\\\/www.larusee.com\\\/de\\\/produit\\\/pastis-larusee-70cl-45-vol\\\/\",\"name\":\"Der Pastis Larus\u00e9e - Larus\u00e9e\",\"isPartOf\":{\"@id\":\"https:\\\/\\\/www.larusee.com\\\/de\\\/#website\"},\"primaryImageOfPage\":{\"@id\":\"https:\\\/\\\/www.larusee.com\\\/de\\\/produit\\\/pastis-larusee-70cl-45-vol\\\/#primaryimage\"},\"image\":{\"@id\":\"https:\\\/\\\/www.larusee.com\\\/de\\\/produit\\\/pastis-larusee-70cl-45-vol\\\/#primaryimage\"},\"thumbnailUrl\":\"https:\\\/\\\/www.larusee.com\\\/wp-content\\\/uploads\\\/2024\\\/11\\\/larusee-pastis-70cl-2024-closeup.jpg\",\"datePublished\":\"2016-05-25T07:00:02+00:00\",\"dateModified\":\"2026-05-07T11:30:51+00:00\",\"description\":\"Nach der Mutter (Absinth)\u2026 Der Sohn (Pastis)! Larus\u00e9e schafft die Linie seiner High-End-Absinthe, indem er die ersten Schweizer Pastis erfindet!\",\"breadcrumb\":{\"@id\":\"https:\\\/\\\/www.larusee.com\\\/de\\\/produit\\\/pastis-larusee-70cl-45-vol\\\/#breadcrumb\"},\"inLanguage\":\"de\",\"potentialAction\":[{\"@type\":\"ReadAction\",\"target\":[\"https:\\\/\\\/www.larusee.com\\\/de\\\/produit\\\/pastis-larusee-70cl-45-vol\\\/\"]}]},{\"@type\":\"ImageObject\",\"inLanguage\":\"de\",\"@id\":\"https:\\\/\\\/www.larusee.com\\\/de\\\/produit\\\/pastis-larusee-70cl-45-vol\\\/#primaryimage\",\"url\":\"https:\\\/\\\/www.larusee.com\\\/wp-content\\\/uploads\\\/2024\\\/11\\\/larusee-pastis-70cl-2024-closeup.jpg\",\"contentUrl\":\"https:\\\/\\\/www.larusee.com\\\/wp-content\\\/uploads\\\/2024\\\/11\\\/larusee-pastis-70cl-2024-closeup.jpg\",\"width\":1600,\"height\":2000,\"caption\":\"Schweizer Pastisflasche Larus\u00e9e\"},{\"@type\":\"BreadcrumbList\",\"@id\":\"https:\\\/\\\/www.larusee.com\\\/de\\\/produit\\\/pastis-larusee-70cl-45-vol\\\/#breadcrumb\",\"itemListElement\":[{\"@type\":\"ListItem\",\"position\":1,\"name\":\"Accueil\",\"item\":\"https:\\\/\\\/www.larusee.com\\\/de\\\/\"},{\"@type\":\"ListItem\",\"position\":2,\"name\":\"Boutique\",\"item\":\"https:\\\/\\\/www.larusee.com\\\/de\\\/boutique\\\/\"},{\"@type\":\"ListItem\",\"position\":3,\"name\":\"Der Pastis Larus\u00e9e\"}]},{\"@type\":\"WebSite\",\"@id\":\"https:\\\/\\\/www.larusee.com\\\/de\\\/#website\",\"url\":\"https:\\\/\\\/www.larusee.com\\\/de\\\/\",\"name\":\"Larus\u00e9e\",\"description\":\"Distillateur d&#039;\u00e9motions\",\"publisher\":{\"@id\":\"https:\\\/\\\/www.larusee.com\\\/de\\\/#organization\"},\"potentialAction\":[{\"@type\":\"SearchAction\",\"target\":{\"@type\":\"EntryPoint\",\"urlTemplate\":\"https:\\\/\\\/www.larusee.com\\\/de\\\/?s={search_term_string}\"},\"query-input\":{\"@type\":\"PropertyValueSpecification\",\"valueRequired\":true,\"valueName\":\"search_term_string\"}}],\"inLanguage\":\"de\"},{\"@type\":\"Organization\",\"@id\":\"https:\\\/\\\/www.larusee.com\\\/de\\\/#organization\",\"name\":\"Larus\u00e9e\",\"url\":\"https:\\\/\\\/www.larusee.com\\\/de\\\/\",\"logo\":{\"@type\":\"ImageObject\",\"inLanguage\":\"de\",\"@id\":\"https:\\\/\\\/www.larusee.com\\\/de\\\/#\\\/schema\\\/logo\\\/image\\\/\",\"url\":\"https:\\\/\\\/www.larusee.com\\\/wp-content\\\/uploads\\\/2019\\\/04\\\/Logo_Larusee_Noir.png\",\"contentUrl\":\"https:\\\/\\\/www.larusee.com\\\/wp-content\\\/uploads\\\/2019\\\/04\\\/Logo_Larusee_Noir.png\",\"width\":1181,\"height\":318,\"caption\":\"Larus\u00e9e\"},\"image\":{\"@id\":\"https:\\\/\\\/www.larusee.com\\\/de\\\/#\\\/schema\\\/logo\\\/image\\\/\"},\"sameAs\":[\"https:\\\/\\\/www.facebook.com\\\/AbsintheLarusee\",\"https:\\\/\\\/www.instagram.com\\\/distillerielarusee\\\/\"]}]}<\/script>\n<!-- \/ Yoast SEO plugin. -->","yoast_head_json":{"title":"Der Pastis Larus\u00e9e - Larus\u00e9e","description":"Nach der Mutter (Absinth)\u2026 Der Sohn (Pastis)! Larus\u00e9e schafft die Linie seiner High-End-Absinthe, indem er die ersten Schweizer Pastis erfindet!","robots":{"index":"index","follow":"follow","max-snippet":"max-snippet:-1","max-image-preview":"max-image-preview:large","max-video-preview":"max-video-preview:-1"},"canonical":"https:\/\/www.larusee.com\/de\/produit\/pastis-larusee-70cl-45-vol\/","og_locale":"de_DE","og_type":"article","og_title":"Der Pastis Larus\u00e9e - Larus\u00e9e","og_description":"Nach der Mutter (Absinth)\u2026 Der Sohn (Pastis)! Larus\u00e9e schafft die Linie seiner High-End-Absinthe, indem er die ersten Schweizer Pastis erfindet!","og_url":"https:\/\/www.larusee.com\/de\/produit\/pastis-larusee-70cl-45-vol\/","og_site_name":"Larus\u00e9e","article_publisher":"https:\/\/www.facebook.com\/AbsintheLarusee","article_modified_time":"2026-05-07T11:30:51+00:00","og_image":[{"width":1600,"height":2000,"url":"https:\/\/www.larusee.com\/wp-content\/uploads\/2024\/11\/larusee-pastis-70cl-2024-closeup.jpg","type":"image\/jpeg"}],"twitter_card":"summary_large_image","twitter_misc":{"Gesch\u00e4tzte Lesezeit":"2\u00a0Minuten"},"schema":{"@context":"https:\/\/schema.org","@graph":[{"@type":"WebPage","@id":"https:\/\/www.larusee.com\/de\/produit\/pastis-larusee-70cl-45-vol\/","url":"https:\/\/www.larusee.com\/de\/produit\/pastis-larusee-70cl-45-vol\/","name":"Der Pastis Larus\u00e9e - Larus\u00e9e","isPartOf":{"@id":"https:\/\/www.larusee.com\/de\/#website"},"primaryImageOfPage":{"@id":"https:\/\/www.larusee.com\/de\/produit\/pastis-larusee-70cl-45-vol\/#primaryimage"},"image":{"@id":"https:\/\/www.larusee.com\/de\/produit\/pastis-larusee-70cl-45-vol\/#primaryimage"},"thumbnailUrl":"https:\/\/www.larusee.com\/wp-content\/uploads\/2024\/11\/larusee-pastis-70cl-2024-closeup.jpg","datePublished":"2016-05-25T07:00:02+00:00","dateModified":"2026-05-07T11:30:51+00:00","description":"Nach der Mutter (Absinth)\u2026 Der Sohn (Pastis)! Larus\u00e9e schafft die Linie seiner High-End-Absinthe, indem er die ersten Schweizer Pastis erfindet!","breadcrumb":{"@id":"https:\/\/www.larusee.com\/de\/produit\/pastis-larusee-70cl-45-vol\/#breadcrumb"},"inLanguage":"de","potentialAction":[{"@type":"ReadAction","target":["https:\/\/www.larusee.com\/de\/produit\/pastis-larusee-70cl-45-vol\/"]}]},{"@type":"ImageObject","inLanguage":"de","@id":"https:\/\/www.larusee.com\/de\/produit\/pastis-larusee-70cl-45-vol\/#primaryimage","url":"https:\/\/www.larusee.com\/wp-content\/uploads\/2024\/11\/larusee-pastis-70cl-2024-closeup.jpg","contentUrl":"https:\/\/www.larusee.com\/wp-content\/uploads\/2024\/11\/larusee-pastis-70cl-2024-closeup.jpg","width":1600,"height":2000,"caption":"Schweizer Pastisflasche Larus\u00e9e"},{"@type":"BreadcrumbList","@id":"https:\/\/www.larusee.com\/de\/produit\/pastis-larusee-70cl-45-vol\/#breadcrumb","itemListElement":[{"@type":"ListItem","position":1,"name":"Accueil","item":"https:\/\/www.larusee.com\/de\/"},{"@type":"ListItem","position":2,"name":"Boutique","item":"https:\/\/www.larusee.com\/de\/boutique\/"},{"@type":"ListItem","position":3,"name":"Der Pastis Larus\u00e9e"}]},{"@type":"WebSite","@id":"https:\/\/www.larusee.com\/de\/#website","url":"https:\/\/www.larusee.com\/de\/","name":"Larus\u00e9e","description":"Distillateur d&#039;\u00e9motions","publisher":{"@id":"https:\/\/www.larusee.com\/de\/#organization"},"potentialAction":[{"@type":"SearchAction","target":{"@type":"EntryPoint","urlTemplate":"https:\/\/www.larusee.com\/de\/?s={search_term_string}"},"query-input":{"@type":"PropertyValueSpecification","valueRequired":true,"valueName":"search_term_string"}}],"inLanguage":"de"},{"@type":"Organization","@id":"https:\/\/www.larusee.com\/de\/#organization","name":"Larus\u00e9e","url":"https:\/\/www.larusee.com\/de\/","logo":{"@type":"ImageObject","inLanguage":"de","@id":"https:\/\/www.larusee.com\/de\/#\/schema\/logo\/image\/","url":"https:\/\/www.larusee.com\/wp-content\/uploads\/2019\/04\/Logo_Larusee_Noir.png","contentUrl":"https:\/\/www.larusee.com\/wp-content\/uploads\/2019\/04\/Logo_Larusee_Noir.png","width":1181,"height":318,"caption":"Larus\u00e9e"},"image":{"@id":"https:\/\/www.larusee.com\/de\/#\/schema\/logo\/image\/"},"sameAs":["https:\/\/www.facebook.com\/AbsintheLarusee","https:\/\/www.instagram.com\/distillerielarusee\/"]}]}},"_links":{"self":[{"href":"https:\/\/www.larusee.com\/de\/wp-json\/wp\/v2\/product\/11119","targetHints":{"allow":["GET"]}}],"collection":[{"href":"https:\/\/www.larusee.com\/de\/wp-json\/wp\/v2\/product"}],"about":[{"href":"https:\/\/www.larusee.com\/de\/wp-json\/wp\/v2\/types\/product"}],"version-history":[{"count":19,"href":"https:\/\/www.larusee.com\/de\/wp-json\/wp\/v2\/product\/11119\/revisions"}],"predecessor-version":[{"id":23015,"href":"https:\/\/www.larusee.com\/de\/wp-json\/wp\/v2\/product\/11119\/revisions\/23015"}],"wp:featuredmedia":[{"embeddable":true,"href":"https:\/\/www.larusee.com\/de\/wp-json\/wp\/v2\/media\/21780"}],"wp:attachment":[{"href":"https:\/\/www.larusee.com\/de\/wp-json\/wp\/v2\/media?parent=11119"}],"wp:term":[{"taxonomy":"product_brand","embeddable":true,"href":"https:\/\/www.larusee.com\/de\/wp-json\/wp\/v2\/product_brand?post=11119"},{"taxonomy":"product_cat","embeddable":true,"href":"https:\/\/www.larusee.com\/de\/wp-json\/wp\/v2\/product_cat?post=11119"},{"taxonomy":"product_tag","embeddable":true,"href":"https:\/\/www.larusee.com\/de\/wp-json\/wp\/v2\/product_tag?post=11119"}],"curies":[{"name":"wp","href":"https:\/\/api.w.org\/{rel}","templated":true}]}}