{"id":11111,"date":"2017-01-02T15:29:28","date_gmt":"2017-01-02T14:29:28","guid":{"rendered":"https:\/\/www.larusee.com\/produit\/absinthe-larusee-bleue-70-cl-55-vol\/"},"modified":"2025-01-09T22:46:45","modified_gmt":"2025-01-09T21:46:45","slug":"absinthe-larusee-bleue-70-cl-55-vol","status":"publish","type":"product","link":"https:\/\/www.larusee.com\/de\/produit\/absinthe-larusee-bleue-70-cl-55-vol\/","title":{"rendered":"Absinthe Larus\u00e9e Bleue"},"content":{"rendered":"<div class=\"wpb-content-wrapper\"><p>[vc_row][vc_column][vc_column_text]<\/p>\n<p><b>Kapazit\u00e4t\u2009:<\/b> 70 cl<br \/>\n<b>Volumen\u2009:<\/b> 55% vol.<\/p>\n<p><b>Hinweis\u2009:<\/b> Genie\u00dfen Sie als Aperitif (1 Dosis Absinthe f\u00fcr 2-3 Dosen sehr frisches Wasser) oder Verdauung ohne Wasserzugabe.<\/p>\n<p>[\/vc_column_text][vc_separator][vc_column_text]<\/p>\n<h4>Verkostungsnotiz der Spirits Selection<\/h4>\n<p><strong>Aussehen:<\/strong> Klar mit einer leicht milchigen Note.<\/p>\n<p><strong>Nase:<\/strong> Ausgepr\u00e4gter Anis, gut ausgepr\u00e4gte Kamille mit der w\u00fcrzigen und blumigen Pers\u00f6nlichkeit, die die Komplexit\u00e4t unterst\u00fctzt.<\/p>\n<p><strong>Gaumen:<\/strong> Am Gaumen werden die Anis-, Erd-, Kamille- und Pilznoten noch heller. Lebendig mit vollem K\u00f6rper und fantastischer Intensit\u00e4t.<\/p>\n<p><strong>Insgesamt:<\/strong> Gut gemachter Stil mit viel Komplexit\u00e4t und der richtigen Portion Punch. Langes Finish f\u00fcr dieses sehr gut verarbeitete Produkt mit feiner glatter Textur.[\/vc_column_text][vc_separator][vc_column_text]<\/p>\n<h4>Die Medaillen von Larus\u00e9e Bleue<\/h4>\n<p>[\/vc_column_text][\/vc_column][\/vc_row][vc_row][vc_column width=&#8220;1\/6&#8243;][vc_single_image image=&#8220;16314&#8243; img_size=&#8220;100X100&#8243; alignment=&#8220;center&#8220;][vc_column_text]<\/p>\n<p style=\"text-align: center;\"><strong>DOUBLE GOLD<\/strong><\/p>\n<p style=\"text-align: center;\">San Francisco World Spirit Competition 2022<\/p>\n<p style=\"text-align: center;\">USA<\/p>\n<p>[\/vc_column_text][\/vc_column][vc_column width=&#8220;1\/6&#8243;][vc_single_image image=&#8220;14715&#8243; img_size=&#8220;100&#215;93&#8243; alignment=&#8220;center&#8220; onclick=&#8220;link_image&#8220;][vc_column_text]<\/p>\n<p style=\"text-align: center;\"><strong>GOLD<\/strong><\/p>\n<p style=\"text-align: center;\">Spirits Selection bei Concours Mondial de Bruxelles<\/p>\n<p style=\"text-align: center;\">2020<\/p>\n<p>[\/vc_column_text][\/vc_column][vc_column width=&#8220;1\/6&#8243;][vc_single_image image=&#8220;11113&#8243; img_size=&#8220;&#8220; alignment=&#8220;center&#8220;][vc_column_text]<\/p>\n<p style=\"text-align: center;\"><strong>Coup de C\u0153ur<\/strong><\/p>\n<p style=\"text-align: center;\">Somm360 2019<\/p>\n<p style=\"text-align: center;\">Montr\u00e9al &#8211; Canada<\/p>\n<p>[\/vc_column_text][\/vc_column][vc_column width=&#8220;1\/6&#8243;][vc_single_image image=&#8220;11112&#8243; img_size=&#8220;&#8220; alignment=&#8220;center&#8220;][vc_column_text]<\/p>\n<p style=\"text-align: center;\"><strong>GOLD<\/strong><\/p>\n<p style=\"text-align: center;\">San Francisco World Spirit Competition 2016<\/p>\n<p style=\"text-align: center;\">USA<\/p>\n<p>[\/vc_column_text][\/vc_column][vc_column width=&#8220;1\/6&#8243;][vc_single_image image=&#8220;11114&#8243; img_size=&#8220;&#8220; alignment=&#8220;center&#8220;][vc_column_text]<\/p>\n<p style=\"text-align: center;\"><strong>GOLD<\/strong><\/p>\n<p style=\"text-align: center;\">Absinthe Masters 2014<\/p>\n<p>[\/vc_column_text][\/vc_column][vc_column width=&#8220;1\/6&#8243;][\/vc_column][\/vc_row]<\/p>\n<\/div>","protected":false},"excerpt":{"rendered":"<p>Larus\u00e9e Bleue, ein Absinth mit 55% Alkoholgehalt, ist der Reihe nach verf\u00fchrerisch, faszinierend und erfrischend. Seine Liebhaber beschreiben ihn als fein, komplex, und rund im Mund. Die diskreten Aromen von Anis vereinen sich harmonisch mit den Aromen von kleinem und gro\u00dfem Wermut.<\/p>\n<blockquote><p>Double Gold im San Francisco Spirits Competition 2022!<\/p><\/blockquote>\n<p>Larus\u00e9e bleue stammt aus einem alten Rezept, und wird nach alten Methoden destilliert, von Industrie-Standards weit entfernt! Die Kr\u00e4uter, aus denen er besteht, werden sorgf\u00e4ltig ausgew\u00e4hlt, um die besten Aromen zu bieten. Unser Destillier-Meister bringt sein gesamtes Know-how ein, um das Erbe der fr\u00fcheren Generationen zu respektieren. So wird jede Flasche zum manuell vorbereitet, vom Abf\u00fcllen \u00fcber die Verkorkung und die Versiegelung des Flaschenhalses bis zum Anbringen der Etiketten.<\/p>\n","protected":false},"featured_media":21463,"template":"","meta":[],"product_brand":[],"product_cat":[753,1486,744,745],"product_tag":[812,805,807,813,814,809,806],"class_list":{"0":"post-11111","1":"product","2":"type-product","3":"status-publish","4":"has-post-thumbnail","6":"product_cat-der-shop","7":"product_cat-die-absinthes","8":"product_cat-die-anisten","9":"product_cat-weiss-absinthe","10":"product_tag-70cl-de","11":"product_tag-absinthe-de","12":"product_tag-award-de","13":"product_tag-bleue-de","14":"product_tag-gold-de","15":"product_tag-neuenburg","16":"product_tag-schweiz","18":"first","19":"instock","20":"taxable","21":"shipping-taxable","22":"purchasable","23":"product-type-simple"},"yoast_head":"<!-- This site is optimized with the Yoast SEO plugin v27.6 - https:\/\/yoast.com\/product\/yoast-seo-wordpress\/ -->\n<title>Absinthe Larus\u00e9e Bleue - Larus\u00e9e<\/title>\n<meta name=\"robots\" content=\"index, follow, max-snippet:-1, max-image-preview:large, max-video-preview:-1\" \/>\n<link rel=\"canonical\" href=\"https:\/\/www.larusee.com\/de\/produit\/absinthe-larusee-bleue-70-cl-55-vol\/\" \/>\n<meta property=\"og:locale\" content=\"de_DE\" \/>\n<meta property=\"og:type\" content=\"article\" \/>\n<meta property=\"og:title\" content=\"Absinthe Larus\u00e9e Bleue - Larus\u00e9e\" \/>\n<meta property=\"og:description\" content=\"Larus\u00e9e Bleue, ein Absinth mit 55% Alkoholgehalt, ist der Reihe nach verf\u00fchrerisch, faszinierend und erfrischend. Seine Liebhaber beschreiben ihn als fein, komplex, und rund im Mund. Die diskreten Aromen von Anis vereinen sich harmonisch mit den Aromen von kleinem und gro\u00dfem Wermut. Double Gold im San Francisco Spirits Competition 2022! Larus\u00e9e bleue stammt aus einem alten Rezept, und wird nach alten Methoden destilliert, von Industrie-Standards weit entfernt! Die Kr\u00e4uter, aus denen er besteht, werden sorgf\u00e4ltig ausgew\u00e4hlt, um die besten Aromen zu bieten. Unser Destillier-Meister bringt sein gesamtes Know-how ein, um das Erbe der fr\u00fcheren Generationen zu respektieren. So wird jede Flasche zum manuell vorbereitet, vom Abf\u00fcllen \u00fcber die Verkorkung und die Versiegelung des Flaschenhalses bis zum Anbringen der Etiketten.\" \/>\n<meta property=\"og:url\" content=\"https:\/\/www.larusee.com\/de\/produit\/absinthe-larusee-bleue-70-cl-55-vol\/\" \/>\n<meta property=\"og:site_name\" content=\"Larus\u00e9e\" \/>\n<meta property=\"article:publisher\" content=\"https:\/\/www.facebook.com\/AbsintheLarusee\" \/>\n<meta property=\"article:modified_time\" content=\"2025-01-09T21:46:45+00:00\" \/>\n<meta property=\"og:image\" content=\"https:\/\/www.larusee.com\/wp-content\/uploads\/2024\/06\/larusee-bleue-absinthe-70cl-closeup.jpg\" \/>\n\t<meta property=\"og:image:width\" content=\"1600\" \/>\n\t<meta property=\"og:image:height\" content=\"2000\" \/>\n\t<meta property=\"og:image:type\" content=\"image\/jpeg\" \/>\n<meta name=\"twitter:card\" content=\"summary_large_image\" \/>\n<meta name=\"twitter:label1\" content=\"Gesch\u00e4tzte Lesezeit\" \/>\n\t<meta name=\"twitter:data1\" content=\"1\u00a0Minute\" \/>\n<script type=\"application\/ld+json\" class=\"yoast-schema-graph\">{\"@context\":\"https:\\\/\\\/schema.org\",\"@graph\":[{\"@type\":\"WebPage\",\"@id\":\"https:\\\/\\\/www.larusee.com\\\/de\\\/produit\\\/absinthe-larusee-bleue-70-cl-55-vol\\\/\",\"url\":\"https:\\\/\\\/www.larusee.com\\\/de\\\/produit\\\/absinthe-larusee-bleue-70-cl-55-vol\\\/\",\"name\":\"Absinthe Larus\u00e9e Bleue - Larus\u00e9e\",\"isPartOf\":{\"@id\":\"https:\\\/\\\/www.larusee.com\\\/de\\\/#website\"},\"primaryImageOfPage\":{\"@id\":\"https:\\\/\\\/www.larusee.com\\\/de\\\/produit\\\/absinthe-larusee-bleue-70-cl-55-vol\\\/#primaryimage\"},\"image\":{\"@id\":\"https:\\\/\\\/www.larusee.com\\\/de\\\/produit\\\/absinthe-larusee-bleue-70-cl-55-vol\\\/#primaryimage\"},\"thumbnailUrl\":\"https:\\\/\\\/www.larusee.com\\\/wp-content\\\/uploads\\\/2024\\\/06\\\/larusee-bleue-absinthe-70cl-closeup.jpg\",\"datePublished\":\"2017-01-02T14:29:28+00:00\",\"dateModified\":\"2025-01-09T21:46:45+00:00\",\"breadcrumb\":{\"@id\":\"https:\\\/\\\/www.larusee.com\\\/de\\\/produit\\\/absinthe-larusee-bleue-70-cl-55-vol\\\/#breadcrumb\"},\"inLanguage\":\"de\",\"potentialAction\":[{\"@type\":\"ReadAction\",\"target\":[\"https:\\\/\\\/www.larusee.com\\\/de\\\/produit\\\/absinthe-larusee-bleue-70-cl-55-vol\\\/\"]}]},{\"@type\":\"ImageObject\",\"inLanguage\":\"de\",\"@id\":\"https:\\\/\\\/www.larusee.com\\\/de\\\/produit\\\/absinthe-larusee-bleue-70-cl-55-vol\\\/#primaryimage\",\"url\":\"https:\\\/\\\/www.larusee.com\\\/wp-content\\\/uploads\\\/2024\\\/06\\\/larusee-bleue-absinthe-70cl-closeup.jpg\",\"contentUrl\":\"https:\\\/\\\/www.larusee.com\\\/wp-content\\\/uploads\\\/2024\\\/06\\\/larusee-bleue-absinthe-70cl-closeup.jpg\",\"width\":1600,\"height\":2000},{\"@type\":\"BreadcrumbList\",\"@id\":\"https:\\\/\\\/www.larusee.com\\\/de\\\/produit\\\/absinthe-larusee-bleue-70-cl-55-vol\\\/#breadcrumb\",\"itemListElement\":[{\"@type\":\"ListItem\",\"position\":1,\"name\":\"Accueil\",\"item\":\"https:\\\/\\\/www.larusee.com\\\/de\\\/\"},{\"@type\":\"ListItem\",\"position\":2,\"name\":\"Boutique\",\"item\":\"https:\\\/\\\/www.larusee.com\\\/de\\\/boutique\\\/\"},{\"@type\":\"ListItem\",\"position\":3,\"name\":\"Absinthe Larus\u00e9e Bleue\"}]},{\"@type\":\"WebSite\",\"@id\":\"https:\\\/\\\/www.larusee.com\\\/de\\\/#website\",\"url\":\"https:\\\/\\\/www.larusee.com\\\/de\\\/\",\"name\":\"Larus\u00e9e\",\"description\":\"Distillateur d&#039;\u00e9motions\",\"publisher\":{\"@id\":\"https:\\\/\\\/www.larusee.com\\\/de\\\/#organization\"},\"potentialAction\":[{\"@type\":\"SearchAction\",\"target\":{\"@type\":\"EntryPoint\",\"urlTemplate\":\"https:\\\/\\\/www.larusee.com\\\/de\\\/?s={search_term_string}\"},\"query-input\":{\"@type\":\"PropertyValueSpecification\",\"valueRequired\":true,\"valueName\":\"search_term_string\"}}],\"inLanguage\":\"de\"},{\"@type\":\"Organization\",\"@id\":\"https:\\\/\\\/www.larusee.com\\\/de\\\/#organization\",\"name\":\"Larus\u00e9e\",\"url\":\"https:\\\/\\\/www.larusee.com\\\/de\\\/\",\"logo\":{\"@type\":\"ImageObject\",\"inLanguage\":\"de\",\"@id\":\"https:\\\/\\\/www.larusee.com\\\/de\\\/#\\\/schema\\\/logo\\\/image\\\/\",\"url\":\"https:\\\/\\\/www.larusee.com\\\/wp-content\\\/uploads\\\/2019\\\/04\\\/Logo_Larusee_Noir.png\",\"contentUrl\":\"https:\\\/\\\/www.larusee.com\\\/wp-content\\\/uploads\\\/2019\\\/04\\\/Logo_Larusee_Noir.png\",\"width\":1181,\"height\":318,\"caption\":\"Larus\u00e9e\"},\"image\":{\"@id\":\"https:\\\/\\\/www.larusee.com\\\/de\\\/#\\\/schema\\\/logo\\\/image\\\/\"},\"sameAs\":[\"https:\\\/\\\/www.facebook.com\\\/AbsintheLarusee\",\"https:\\\/\\\/www.instagram.com\\\/distillerielarusee\\\/\"]}]}<\/script>\n<!-- \/ Yoast SEO plugin. -->","yoast_head_json":{"title":"Absinthe Larus\u00e9e Bleue - Larus\u00e9e","robots":{"index":"index","follow":"follow","max-snippet":"max-snippet:-1","max-image-preview":"max-image-preview:large","max-video-preview":"max-video-preview:-1"},"canonical":"https:\/\/www.larusee.com\/de\/produit\/absinthe-larusee-bleue-70-cl-55-vol\/","og_locale":"de_DE","og_type":"article","og_title":"Absinthe Larus\u00e9e Bleue - Larus\u00e9e","og_description":"Larus\u00e9e Bleue, ein Absinth mit 55% Alkoholgehalt, ist der Reihe nach verf\u00fchrerisch, faszinierend und erfrischend. Seine Liebhaber beschreiben ihn als fein, komplex, und rund im Mund. Die diskreten Aromen von Anis vereinen sich harmonisch mit den Aromen von kleinem und gro\u00dfem Wermut. Double Gold im San Francisco Spirits Competition 2022! Larus\u00e9e bleue stammt aus einem alten Rezept, und wird nach alten Methoden destilliert, von Industrie-Standards weit entfernt! Die Kr\u00e4uter, aus denen er besteht, werden sorgf\u00e4ltig ausgew\u00e4hlt, um die besten Aromen zu bieten. Unser Destillier-Meister bringt sein gesamtes Know-how ein, um das Erbe der fr\u00fcheren Generationen zu respektieren. So wird jede Flasche zum manuell vorbereitet, vom Abf\u00fcllen \u00fcber die Verkorkung und die Versiegelung des Flaschenhalses bis zum Anbringen der Etiketten.","og_url":"https:\/\/www.larusee.com\/de\/produit\/absinthe-larusee-bleue-70-cl-55-vol\/","og_site_name":"Larus\u00e9e","article_publisher":"https:\/\/www.facebook.com\/AbsintheLarusee","article_modified_time":"2025-01-09T21:46:45+00:00","og_image":[{"width":1600,"height":2000,"url":"https:\/\/www.larusee.com\/wp-content\/uploads\/2024\/06\/larusee-bleue-absinthe-70cl-closeup.jpg","type":"image\/jpeg"}],"twitter_card":"summary_large_image","twitter_misc":{"Gesch\u00e4tzte Lesezeit":"1\u00a0Minute"},"schema":{"@context":"https:\/\/schema.org","@graph":[{"@type":"WebPage","@id":"https:\/\/www.larusee.com\/de\/produit\/absinthe-larusee-bleue-70-cl-55-vol\/","url":"https:\/\/www.larusee.com\/de\/produit\/absinthe-larusee-bleue-70-cl-55-vol\/","name":"Absinthe Larus\u00e9e Bleue - Larus\u00e9e","isPartOf":{"@id":"https:\/\/www.larusee.com\/de\/#website"},"primaryImageOfPage":{"@id":"https:\/\/www.larusee.com\/de\/produit\/absinthe-larusee-bleue-70-cl-55-vol\/#primaryimage"},"image":{"@id":"https:\/\/www.larusee.com\/de\/produit\/absinthe-larusee-bleue-70-cl-55-vol\/#primaryimage"},"thumbnailUrl":"https:\/\/www.larusee.com\/wp-content\/uploads\/2024\/06\/larusee-bleue-absinthe-70cl-closeup.jpg","datePublished":"2017-01-02T14:29:28+00:00","dateModified":"2025-01-09T21:46:45+00:00","breadcrumb":{"@id":"https:\/\/www.larusee.com\/de\/produit\/absinthe-larusee-bleue-70-cl-55-vol\/#breadcrumb"},"inLanguage":"de","potentialAction":[{"@type":"ReadAction","target":["https:\/\/www.larusee.com\/de\/produit\/absinthe-larusee-bleue-70-cl-55-vol\/"]}]},{"@type":"ImageObject","inLanguage":"de","@id":"https:\/\/www.larusee.com\/de\/produit\/absinthe-larusee-bleue-70-cl-55-vol\/#primaryimage","url":"https:\/\/www.larusee.com\/wp-content\/uploads\/2024\/06\/larusee-bleue-absinthe-70cl-closeup.jpg","contentUrl":"https:\/\/www.larusee.com\/wp-content\/uploads\/2024\/06\/larusee-bleue-absinthe-70cl-closeup.jpg","width":1600,"height":2000},{"@type":"BreadcrumbList","@id":"https:\/\/www.larusee.com\/de\/produit\/absinthe-larusee-bleue-70-cl-55-vol\/#breadcrumb","itemListElement":[{"@type":"ListItem","position":1,"name":"Accueil","item":"https:\/\/www.larusee.com\/de\/"},{"@type":"ListItem","position":2,"name":"Boutique","item":"https:\/\/www.larusee.com\/de\/boutique\/"},{"@type":"ListItem","position":3,"name":"Absinthe Larus\u00e9e Bleue"}]},{"@type":"WebSite","@id":"https:\/\/www.larusee.com\/de\/#website","url":"https:\/\/www.larusee.com\/de\/","name":"Larus\u00e9e","description":"Distillateur d&#039;\u00e9motions","publisher":{"@id":"https:\/\/www.larusee.com\/de\/#organization"},"potentialAction":[{"@type":"SearchAction","target":{"@type":"EntryPoint","urlTemplate":"https:\/\/www.larusee.com\/de\/?s={search_term_string}"},"query-input":{"@type":"PropertyValueSpecification","valueRequired":true,"valueName":"search_term_string"}}],"inLanguage":"de"},{"@type":"Organization","@id":"https:\/\/www.larusee.com\/de\/#organization","name":"Larus\u00e9e","url":"https:\/\/www.larusee.com\/de\/","logo":{"@type":"ImageObject","inLanguage":"de","@id":"https:\/\/www.larusee.com\/de\/#\/schema\/logo\/image\/","url":"https:\/\/www.larusee.com\/wp-content\/uploads\/2019\/04\/Logo_Larusee_Noir.png","contentUrl":"https:\/\/www.larusee.com\/wp-content\/uploads\/2019\/04\/Logo_Larusee_Noir.png","width":1181,"height":318,"caption":"Larus\u00e9e"},"image":{"@id":"https:\/\/www.larusee.com\/de\/#\/schema\/logo\/image\/"},"sameAs":["https:\/\/www.facebook.com\/AbsintheLarusee","https:\/\/www.instagram.com\/distillerielarusee\/"]}]}},"_links":{"self":[{"href":"https:\/\/www.larusee.com\/de\/wp-json\/wp\/v2\/product\/11111","targetHints":{"allow":["GET"]}}],"collection":[{"href":"https:\/\/www.larusee.com\/de\/wp-json\/wp\/v2\/product"}],"about":[{"href":"https:\/\/www.larusee.com\/de\/wp-json\/wp\/v2\/types\/product"}],"version-history":[{"count":12,"href":"https:\/\/www.larusee.com\/de\/wp-json\/wp\/v2\/product\/11111\/revisions"}],"predecessor-version":[{"id":22319,"href":"https:\/\/www.larusee.com\/de\/wp-json\/wp\/v2\/product\/11111\/revisions\/22319"}],"wp:featuredmedia":[{"embeddable":true,"href":"https:\/\/www.larusee.com\/de\/wp-json\/wp\/v2\/media\/21463"}],"wp:attachment":[{"href":"https:\/\/www.larusee.com\/de\/wp-json\/wp\/v2\/media?parent=11111"}],"wp:term":[{"taxonomy":"product_brand","embeddable":true,"href":"https:\/\/www.larusee.com\/de\/wp-json\/wp\/v2\/product_brand?post=11111"},{"taxonomy":"product_cat","embeddable":true,"href":"https:\/\/www.larusee.com\/de\/wp-json\/wp\/v2\/product_cat?post=11111"},{"taxonomy":"product_tag","embeddable":true,"href":"https:\/\/www.larusee.com\/de\/wp-json\/wp\/v2\/product_tag?post=11111"}],"curies":[{"name":"wp","href":"https:\/\/api.w.org\/{rel}","templated":true}]}}