{"id":11100,"date":"2019-04-26T22:52:52","date_gmt":"2019-04-26T20:52:52","guid":{"rendered":"https:\/\/www.larusee.com\/produit\/absinthe-larusee-une-souris-verte\/"},"modified":"2025-01-09T22:43:08","modified_gmt":"2025-01-09T21:43:08","slug":"absinthe-larusee-une-souris-verte","status":"publish","type":"product","link":"https:\/\/www.larusee.com\/de\/produit\/absinthe-larusee-une-souris-verte\/","title":{"rendered":"Absinthe Larus\u00e9e &#8222;Une Souris Verte&#8220;"},"content":{"rendered":"<div class=\"wpb-content-wrapper\"><p>[vc_row][vc_column][vc_column_text]<\/p>\n<p><b>Kapazit\u00e4t\u2009:<\/b>\u00a010 cl<br \/>\n<b>Volumen\u2009:<\/b> 65% vol.<\/p>\n<p><b>Hinweis\u2009:\u00a0<\/b> Als Aperitif (1 Dosis Absinth f\u00fcr 3-4 Dosen sehr frisches Wasser) oder als Verdauungstrakt (1 Dosis Wermut f\u00fcr 1 Dosis sehr kaltes Wasser) genie\u00dfen<\/p>\n<p>[\/vc_column_text][vc_separator][vc_column_text]<\/p>\n<h4>Die Auszeichnungen, die Larus\u00e9e Verte gewann<\/h4>\n<p>[\/vc_column_text][\/vc_column][\/vc_row][vc_row][vc_column width=&#8220;1\/6&#8243;][vc_single_image image=&#8220;15241&#8243; alignment=&#8220;center&#8220; onclick=&#8220;link_image&#8220;][vc_column_text]<\/p>\n<p style=\"text-align: center;\"><strong>GOLD<\/strong><br \/>\nConcours International de Lyon<\/p>\n<p style=\"text-align: center;\">2021<\/p>\n<p>[\/vc_column_text][\/vc_column][vc_column width=&#8220;1\/6&#8243;][vc_single_image image=&#8220;14715&#8243; img_size=&#8220;100&#215;93&#8243; alignment=&#8220;center&#8220; onclick=&#8220;link_image&#8220;][vc_column_text]<\/p>\n<p style=\"text-align: center;\"><strong>GOLD<\/strong><br \/>Spirits Selection by le Concours Mondial de Bruxelles 2020<\/p>\n<p>[\/vc_column_text][\/vc_column][vc_column width=&#8220;1\/6&#8243;][vc_single_image image=&#8220;14530&#8243; img_size=&#8220;&#8220; alignment=&#8220;center&#8220;][vc_column_text]<\/p>\n<p style=\"text-align: center;\"><strong>Silber<\/strong><br \/>London Spirits Competition\u00a02020<\/p>\n<p style=\"text-align: center;\">Gro\u00dfbritannien<\/p>\n<p>[\/vc_column_text][\/vc_column][vc_column width=&#8220;1\/6&#8243;][vc_single_image image=&#8220;11105&#8243; img_size=&#8220;&#8220; alignment=&#8220;center&#8220;][vc_column_text]<\/p>\n<p style=\"text-align: center;\"><strong>Gold<\/strong><br \/>\nSan Francisco World Spirit Competition 2018<\/p>\n<p style=\"text-align: center;\">USA<\/p>\n<p style=\"text-align: center;\"><em>Absinthe des Jahres<\/em><\/p>\n<p>[\/vc_column_text][\/vc_column][vc_column width=&#8220;1\/6&#8243;][vc_single_image image=&#8220;11106&#8243; img_size=&#8220;&#8220; alignment=&#8220;center&#8220;][vc_column_text]<\/p>\n<p style=\"text-align: center;\"><strong>Au\u00dfergew\u00f6hnliches Silber<\/strong><br \/>\n89\/100 IWSC 2016<\/p>\n<p style=\"text-align: center;\">Angleterre<\/p>\n<p style=\"text-align: center;\"><em>Absinthe de l&#8217;Ann\u00e9e<\/em><\/p>\n<p>[\/vc_column_text][\/vc_column][vc_column width=&#8220;1\/6&#8243;][vc_single_image image=&#8220;11107&#8243; img_size=&#8220;&#8220; alignment=&#8220;center&#8220;][vc_column_text]<\/p>\n<p style=\"text-align: center;\"><strong>Gold<\/strong><br \/>\nCWSA 2014<\/p>\n<p style=\"text-align: center;\">Hong Kong<\/p>\n<p>[\/vc_column_text][\/vc_column][\/vc_row]<\/p>\n<\/div>","protected":false},"excerpt":{"rendered":"<p><i>\u201eGeruch von Kr\u00e4utern wie Ysop, kleinem Wermut, Zitronenmelisse. Ein sehr diskreter gr\u00fcner Anis. Ein trockener medizinischer Geruch. Ein sehr pflanzlicher, frischer, bergiger und duftender Geschmack. Die sehr starke Wermutpflanze breitet sich schnell im Mund aus, um angenehme blumige Noten zu entwickeln, die lange anhalten. Es handelt sich um einen Absinth mit 65% Alkoholgehalt, erfrischend, trocken und elegant\u201c. <\/i>\u2013 Diese Worte stammen aus einem Degustationshinweis von Luc-Santiago Rodriguez, Inhaber von Vert d\u2018Absinthe, das erste Gesch\u00e4ft in Frankreich, das komplett dem Absinth gewidmet ist.<\/p>\n<blockquote><p>Die echte gr\u00fcne Fee, hergestellt nach einer Ahnenmethode<\/p><\/blockquote>\n<p>Der Larus\u00e9e Verte geht aus der gleichen Destillation wie Larus\u00e9e Bleu hervor. Allerdings durchl\u00e4uft er nach der Destillation eine Mazeration in einem Strau\u00df von Kr\u00e4utern. Letztere f\u00fcgt sehr starke Kr\u00e4uternoten hinzu und diese herrliche gr\u00fcne Farbe, zu 100% nat\u00fcrlich.<\/p>\n","protected":false},"featured_media":21482,"template":"","meta":[],"product_brand":[],"product_cat":[753,1486,744,746,1463,804],"product_tag":[811,805,807,808,810,809,806],"class_list":{"0":"post-11100","1":"product","2":"type-product","3":"status-publish","4":"has-post-thumbnail","6":"product_cat-der-shop","7":"product_cat-die-absinthes","8":"product_cat-die-anisten","9":"product_cat-grun-absinthe","10":"product_cat-kleine-formate","11":"product_cat-unsere-produkte","12":"product_tag-10cl-de","13":"product_tag-absinthe-de","14":"product_tag-award-de","15":"product_tag-grun","16":"product_tag-grune-fee","17":"product_tag-neuenburg","18":"product_tag-schweiz","20":"first","21":"outofstock","22":"taxable","23":"shipping-taxable","24":"purchasable","25":"product-type-simple"},"yoast_head":"<!-- This site is optimized with the Yoast SEO plugin v27.5 - https:\/\/yoast.com\/product\/yoast-seo-wordpress\/ -->\n<title>Absinthe Larus\u00e9e &quot;Une Souris Verte&quot; - Larus\u00e9e<\/title>\n<meta name=\"robots\" content=\"index, follow, max-snippet:-1, max-image-preview:large, max-video-preview:-1\" \/>\n<link rel=\"canonical\" href=\"https:\/\/www.larusee.com\/de\/produit\/absinthe-larusee-une-souris-verte\/\" \/>\n<meta property=\"og:locale\" content=\"de_DE\" \/>\n<meta property=\"og:type\" content=\"article\" \/>\n<meta property=\"og:title\" content=\"Absinthe Larus\u00e9e &quot;Une Souris Verte&quot; - Larus\u00e9e\" \/>\n<meta property=\"og:description\" content=\"\u201eGeruch von Kr\u00e4utern wie Ysop, kleinem Wermut, Zitronenmelisse. Ein sehr diskreter gr\u00fcner Anis. Ein trockener medizinischer Geruch. Ein sehr pflanzlicher, frischer, bergiger und duftender Geschmack. Die sehr starke Wermutpflanze breitet sich schnell im Mund aus, um angenehme blumige Noten zu entwickeln, die lange anhalten. Es handelt sich um einen Absinth mit 65% Alkoholgehalt, erfrischend, trocken und elegant\u201c. \u2013 Diese Worte stammen aus einem Degustationshinweis von Luc-Santiago Rodriguez, Inhaber von Vert d\u2018Absinthe, das erste Gesch\u00e4ft in Frankreich, das komplett dem Absinth gewidmet ist. Die echte gr\u00fcne Fee, hergestellt nach einer Ahnenmethode Der Larus\u00e9e Verte geht aus der gleichen Destillation wie Larus\u00e9e Bleu hervor. Allerdings durchl\u00e4uft er nach der Destillation eine Mazeration in einem Strau\u00df von Kr\u00e4utern. Letztere f\u00fcgt sehr starke Kr\u00e4uternoten hinzu und diese herrliche gr\u00fcne Farbe, zu 100% nat\u00fcrlich.\" \/>\n<meta property=\"og:url\" content=\"https:\/\/www.larusee.com\/de\/produit\/absinthe-larusee-une-souris-verte\/\" \/>\n<meta property=\"og:site_name\" content=\"Larus\u00e9e\" \/>\n<meta property=\"article:publisher\" content=\"https:\/\/www.facebook.com\/AbsintheLarusee\" \/>\n<meta property=\"article:modified_time\" content=\"2025-01-09T21:43:08+00:00\" \/>\n<meta property=\"og:image\" content=\"https:\/\/www.larusee.com\/wp-content\/uploads\/2024\/06\/larusee-verte-absinthe-10cl-closeup.jpg\" \/>\n\t<meta property=\"og:image:width\" content=\"1600\" \/>\n\t<meta property=\"og:image:height\" content=\"2000\" \/>\n\t<meta property=\"og:image:type\" content=\"image\/jpeg\" \/>\n<meta name=\"twitter:card\" content=\"summary_large_image\" \/>\n<meta name=\"twitter:label1\" content=\"Gesch\u00e4tzte Lesezeit\" \/>\n\t<meta name=\"twitter:data1\" content=\"1\u00a0Minute\" \/>\n<script type=\"application\/ld+json\" class=\"yoast-schema-graph\">{\"@context\":\"https:\\\/\\\/schema.org\",\"@graph\":[{\"@type\":\"WebPage\",\"@id\":\"https:\\\/\\\/www.larusee.com\\\/de\\\/produit\\\/absinthe-larusee-une-souris-verte\\\/\",\"url\":\"https:\\\/\\\/www.larusee.com\\\/de\\\/produit\\\/absinthe-larusee-une-souris-verte\\\/\",\"name\":\"Absinthe Larus\u00e9e \\\"Une Souris Verte\\\" - Larus\u00e9e\",\"isPartOf\":{\"@id\":\"https:\\\/\\\/www.larusee.com\\\/de\\\/#website\"},\"primaryImageOfPage\":{\"@id\":\"https:\\\/\\\/www.larusee.com\\\/de\\\/produit\\\/absinthe-larusee-une-souris-verte\\\/#primaryimage\"},\"image\":{\"@id\":\"https:\\\/\\\/www.larusee.com\\\/de\\\/produit\\\/absinthe-larusee-une-souris-verte\\\/#primaryimage\"},\"thumbnailUrl\":\"https:\\\/\\\/www.larusee.com\\\/wp-content\\\/uploads\\\/2024\\\/06\\\/larusee-verte-absinthe-10cl-closeup.jpg\",\"datePublished\":\"2019-04-26T20:52:52+00:00\",\"dateModified\":\"2025-01-09T21:43:08+00:00\",\"breadcrumb\":{\"@id\":\"https:\\\/\\\/www.larusee.com\\\/de\\\/produit\\\/absinthe-larusee-une-souris-verte\\\/#breadcrumb\"},\"inLanguage\":\"de\",\"potentialAction\":[{\"@type\":\"ReadAction\",\"target\":[\"https:\\\/\\\/www.larusee.com\\\/de\\\/produit\\\/absinthe-larusee-une-souris-verte\\\/\"]}]},{\"@type\":\"ImageObject\",\"inLanguage\":\"de\",\"@id\":\"https:\\\/\\\/www.larusee.com\\\/de\\\/produit\\\/absinthe-larusee-une-souris-verte\\\/#primaryimage\",\"url\":\"https:\\\/\\\/www.larusee.com\\\/wp-content\\\/uploads\\\/2024\\\/06\\\/larusee-verte-absinthe-10cl-closeup.jpg\",\"contentUrl\":\"https:\\\/\\\/www.larusee.com\\\/wp-content\\\/uploads\\\/2024\\\/06\\\/larusee-verte-absinthe-10cl-closeup.jpg\",\"width\":1600,\"height\":2000},{\"@type\":\"BreadcrumbList\",\"@id\":\"https:\\\/\\\/www.larusee.com\\\/de\\\/produit\\\/absinthe-larusee-une-souris-verte\\\/#breadcrumb\",\"itemListElement\":[{\"@type\":\"ListItem\",\"position\":1,\"name\":\"Accueil\",\"item\":\"https:\\\/\\\/www.larusee.com\\\/de\\\/\"},{\"@type\":\"ListItem\",\"position\":2,\"name\":\"Boutique\",\"item\":\"https:\\\/\\\/www.larusee.com\\\/de\\\/boutique\\\/\"},{\"@type\":\"ListItem\",\"position\":3,\"name\":\"Absinthe Larus\u00e9e \u00ab\u00a0Une Souris Verte\u00a0\u00bb\"}]},{\"@type\":\"WebSite\",\"@id\":\"https:\\\/\\\/www.larusee.com\\\/de\\\/#website\",\"url\":\"https:\\\/\\\/www.larusee.com\\\/de\\\/\",\"name\":\"Larus\u00e9e\",\"description\":\"Distillateur d&#039;\u00e9motions\",\"publisher\":{\"@id\":\"https:\\\/\\\/www.larusee.com\\\/de\\\/#organization\"},\"potentialAction\":[{\"@type\":\"SearchAction\",\"target\":{\"@type\":\"EntryPoint\",\"urlTemplate\":\"https:\\\/\\\/www.larusee.com\\\/de\\\/?s={search_term_string}\"},\"query-input\":{\"@type\":\"PropertyValueSpecification\",\"valueRequired\":true,\"valueName\":\"search_term_string\"}}],\"inLanguage\":\"de\"},{\"@type\":\"Organization\",\"@id\":\"https:\\\/\\\/www.larusee.com\\\/de\\\/#organization\",\"name\":\"Larus\u00e9e\",\"url\":\"https:\\\/\\\/www.larusee.com\\\/de\\\/\",\"logo\":{\"@type\":\"ImageObject\",\"inLanguage\":\"de\",\"@id\":\"https:\\\/\\\/www.larusee.com\\\/de\\\/#\\\/schema\\\/logo\\\/image\\\/\",\"url\":\"https:\\\/\\\/www.larusee.com\\\/wp-content\\\/uploads\\\/2019\\\/04\\\/Logo_Larusee_Noir.png\",\"contentUrl\":\"https:\\\/\\\/www.larusee.com\\\/wp-content\\\/uploads\\\/2019\\\/04\\\/Logo_Larusee_Noir.png\",\"width\":1181,\"height\":318,\"caption\":\"Larus\u00e9e\"},\"image\":{\"@id\":\"https:\\\/\\\/www.larusee.com\\\/de\\\/#\\\/schema\\\/logo\\\/image\\\/\"},\"sameAs\":[\"https:\\\/\\\/www.facebook.com\\\/AbsintheLarusee\",\"https:\\\/\\\/www.instagram.com\\\/distillerielarusee\\\/\"]}]}<\/script>\n<!-- \/ Yoast SEO plugin. -->","yoast_head_json":{"title":"Absinthe Larus\u00e9e \"Une Souris Verte\" - Larus\u00e9e","robots":{"index":"index","follow":"follow","max-snippet":"max-snippet:-1","max-image-preview":"max-image-preview:large","max-video-preview":"max-video-preview:-1"},"canonical":"https:\/\/www.larusee.com\/de\/produit\/absinthe-larusee-une-souris-verte\/","og_locale":"de_DE","og_type":"article","og_title":"Absinthe Larus\u00e9e \"Une Souris Verte\" - Larus\u00e9e","og_description":"\u201eGeruch von Kr\u00e4utern wie Ysop, kleinem Wermut, Zitronenmelisse. Ein sehr diskreter gr\u00fcner Anis. Ein trockener medizinischer Geruch. Ein sehr pflanzlicher, frischer, bergiger und duftender Geschmack. Die sehr starke Wermutpflanze breitet sich schnell im Mund aus, um angenehme blumige Noten zu entwickeln, die lange anhalten. Es handelt sich um einen Absinth mit 65% Alkoholgehalt, erfrischend, trocken und elegant\u201c. \u2013 Diese Worte stammen aus einem Degustationshinweis von Luc-Santiago Rodriguez, Inhaber von Vert d\u2018Absinthe, das erste Gesch\u00e4ft in Frankreich, das komplett dem Absinth gewidmet ist. Die echte gr\u00fcne Fee, hergestellt nach einer Ahnenmethode Der Larus\u00e9e Verte geht aus der gleichen Destillation wie Larus\u00e9e Bleu hervor. Allerdings durchl\u00e4uft er nach der Destillation eine Mazeration in einem Strau\u00df von Kr\u00e4utern. Letztere f\u00fcgt sehr starke Kr\u00e4uternoten hinzu und diese herrliche gr\u00fcne Farbe, zu 100% nat\u00fcrlich.","og_url":"https:\/\/www.larusee.com\/de\/produit\/absinthe-larusee-une-souris-verte\/","og_site_name":"Larus\u00e9e","article_publisher":"https:\/\/www.facebook.com\/AbsintheLarusee","article_modified_time":"2025-01-09T21:43:08+00:00","og_image":[{"width":1600,"height":2000,"url":"https:\/\/www.larusee.com\/wp-content\/uploads\/2024\/06\/larusee-verte-absinthe-10cl-closeup.jpg","type":"image\/jpeg"}],"twitter_card":"summary_large_image","twitter_misc":{"Gesch\u00e4tzte Lesezeit":"1\u00a0Minute"},"schema":{"@context":"https:\/\/schema.org","@graph":[{"@type":"WebPage","@id":"https:\/\/www.larusee.com\/de\/produit\/absinthe-larusee-une-souris-verte\/","url":"https:\/\/www.larusee.com\/de\/produit\/absinthe-larusee-une-souris-verte\/","name":"Absinthe Larus\u00e9e \"Une Souris Verte\" - Larus\u00e9e","isPartOf":{"@id":"https:\/\/www.larusee.com\/de\/#website"},"primaryImageOfPage":{"@id":"https:\/\/www.larusee.com\/de\/produit\/absinthe-larusee-une-souris-verte\/#primaryimage"},"image":{"@id":"https:\/\/www.larusee.com\/de\/produit\/absinthe-larusee-une-souris-verte\/#primaryimage"},"thumbnailUrl":"https:\/\/www.larusee.com\/wp-content\/uploads\/2024\/06\/larusee-verte-absinthe-10cl-closeup.jpg","datePublished":"2019-04-26T20:52:52+00:00","dateModified":"2025-01-09T21:43:08+00:00","breadcrumb":{"@id":"https:\/\/www.larusee.com\/de\/produit\/absinthe-larusee-une-souris-verte\/#breadcrumb"},"inLanguage":"de","potentialAction":[{"@type":"ReadAction","target":["https:\/\/www.larusee.com\/de\/produit\/absinthe-larusee-une-souris-verte\/"]}]},{"@type":"ImageObject","inLanguage":"de","@id":"https:\/\/www.larusee.com\/de\/produit\/absinthe-larusee-une-souris-verte\/#primaryimage","url":"https:\/\/www.larusee.com\/wp-content\/uploads\/2024\/06\/larusee-verte-absinthe-10cl-closeup.jpg","contentUrl":"https:\/\/www.larusee.com\/wp-content\/uploads\/2024\/06\/larusee-verte-absinthe-10cl-closeup.jpg","width":1600,"height":2000},{"@type":"BreadcrumbList","@id":"https:\/\/www.larusee.com\/de\/produit\/absinthe-larusee-une-souris-verte\/#breadcrumb","itemListElement":[{"@type":"ListItem","position":1,"name":"Accueil","item":"https:\/\/www.larusee.com\/de\/"},{"@type":"ListItem","position":2,"name":"Boutique","item":"https:\/\/www.larusee.com\/de\/boutique\/"},{"@type":"ListItem","position":3,"name":"Absinthe Larus\u00e9e \u00ab\u00a0Une Souris Verte\u00a0\u00bb"}]},{"@type":"WebSite","@id":"https:\/\/www.larusee.com\/de\/#website","url":"https:\/\/www.larusee.com\/de\/","name":"Larus\u00e9e","description":"Distillateur d&#039;\u00e9motions","publisher":{"@id":"https:\/\/www.larusee.com\/de\/#organization"},"potentialAction":[{"@type":"SearchAction","target":{"@type":"EntryPoint","urlTemplate":"https:\/\/www.larusee.com\/de\/?s={search_term_string}"},"query-input":{"@type":"PropertyValueSpecification","valueRequired":true,"valueName":"search_term_string"}}],"inLanguage":"de"},{"@type":"Organization","@id":"https:\/\/www.larusee.com\/de\/#organization","name":"Larus\u00e9e","url":"https:\/\/www.larusee.com\/de\/","logo":{"@type":"ImageObject","inLanguage":"de","@id":"https:\/\/www.larusee.com\/de\/#\/schema\/logo\/image\/","url":"https:\/\/www.larusee.com\/wp-content\/uploads\/2019\/04\/Logo_Larusee_Noir.png","contentUrl":"https:\/\/www.larusee.com\/wp-content\/uploads\/2019\/04\/Logo_Larusee_Noir.png","width":1181,"height":318,"caption":"Larus\u00e9e"},"image":{"@id":"https:\/\/www.larusee.com\/de\/#\/schema\/logo\/image\/"},"sameAs":["https:\/\/www.facebook.com\/AbsintheLarusee","https:\/\/www.instagram.com\/distillerielarusee\/"]}]}},"_links":{"self":[{"href":"https:\/\/www.larusee.com\/de\/wp-json\/wp\/v2\/product\/11100","targetHints":{"allow":["GET"]}}],"collection":[{"href":"https:\/\/www.larusee.com\/de\/wp-json\/wp\/v2\/product"}],"about":[{"href":"https:\/\/www.larusee.com\/de\/wp-json\/wp\/v2\/types\/product"}],"version-history":[{"count":8,"href":"https:\/\/www.larusee.com\/de\/wp-json\/wp\/v2\/product\/11100\/revisions"}],"predecessor-version":[{"id":22291,"href":"https:\/\/www.larusee.com\/de\/wp-json\/wp\/v2\/product\/11100\/revisions\/22291"}],"wp:featuredmedia":[{"embeddable":true,"href":"https:\/\/www.larusee.com\/de\/wp-json\/wp\/v2\/media\/21482"}],"wp:attachment":[{"href":"https:\/\/www.larusee.com\/de\/wp-json\/wp\/v2\/media?parent=11100"}],"wp:term":[{"taxonomy":"product_brand","embeddable":true,"href":"https:\/\/www.larusee.com\/de\/wp-json\/wp\/v2\/product_brand?post=11100"},{"taxonomy":"product_cat","embeddable":true,"href":"https:\/\/www.larusee.com\/de\/wp-json\/wp\/v2\/product_cat?post=11100"},{"taxonomy":"product_tag","embeddable":true,"href":"https:\/\/www.larusee.com\/de\/wp-json\/wp\/v2\/product_tag?post=11100"}],"curies":[{"name":"wp","href":"https:\/\/api.w.org\/{rel}","templated":true}]}}