{"id":21926,"date":"2024-11-20T17:47:06","date_gmt":"2024-11-20T16:47:06","guid":{"rendered":"https:\/\/www.larusee.com\/larusee-besuchen\/"},"modified":"2025-05-04T13:19:16","modified_gmt":"2025-05-04T11:19:16","slug":"larusee-besuchen","status":"publish","type":"page","link":"https:\/\/www.larusee.com\/de\/larusee-besuchen\/","title":{"rendered":"Larus\u00e9e besuchen"},"content":{"rendered":"\t\t<div data-elementor-type=\"wp-page\" data-elementor-id=\"21926\" class=\"elementor elementor-21926 elementor-21865\" data-elementor-post-type=\"page\">\n\t\t\t\t<div class=\"elementor-element elementor-element-58f2f1a e-flex e-con-boxed e-con e-parent\" data-id=\"58f2f1a\" data-element_type=\"container\" data-e-type=\"container\" data-settings=\"{&quot;background_background&quot;:&quot;classic&quot;}\">\n\t\t\t\t\t<div class=\"e-con-inner\">\n\t\t\t\t<div class=\"elementor-element elementor-element-7e843cc elementor-absolute elementor-widget elementor-widget-heading\" data-id=\"7e843cc\" data-element_type=\"widget\" data-e-type=\"widget\" data-settings=\"{&quot;_position&quot;:&quot;absolute&quot;}\" data-widget_type=\"heading.default\">\n\t\t\t\t\t<h1 class=\"elementor-heading-title elementor-size-default\">TOUREN UND VERKOSTUNGEN<\/h1>\t\t\t\t<\/div>\n\t\t\t\t\t<\/div>\n\t\t\t\t<\/div>\n\t\t<div class=\"elementor-element elementor-element-2da64ff e-flex e-con-boxed e-con e-parent\" data-id=\"2da64ff\" data-element_type=\"container\" data-e-type=\"container\">\n\t\t\t\t\t<div class=\"e-con-inner\">\n\t\t<div class=\"elementor-element elementor-element-0cabeb3 e-con-full e-flex e-con e-child\" data-id=\"0cabeb3\" data-element_type=\"container\" data-e-type=\"container\">\n\t\t\t\t<div class=\"elementor-element elementor-element-73060a9 elementor-widget elementor-widget-heading\" data-id=\"73060a9\" data-element_type=\"widget\" data-e-type=\"widget\" data-widget_type=\"heading.default\">\n\t\t\t\t\t<h2 class=\"elementor-heading-title elementor-size-default\">Eine Reise in die Geheimnisse des Absinthes!<\/h2>\t\t\t\t<\/div>\n\t\t\t\t<\/div>\n\t\t\t\t\t<\/div>\n\t\t\t\t<\/div>\n\t\t<div class=\"elementor-element elementor-element-61cc3a7 e-flex e-con-boxed e-con e-parent\" data-id=\"61cc3a7\" data-element_type=\"container\" data-e-type=\"container\">\n\t\t\t\t\t<div class=\"e-con-inner\">\n\t\t<div class=\"elementor-element elementor-element-6da0aa7 e-con-full e-flex e-con e-child\" data-id=\"6da0aa7\" data-element_type=\"container\" data-e-type=\"container\">\n\t\t\t\t<div class=\"elementor-element elementor-element-529995c elementor-widget elementor-widget-text-editor\" data-id=\"529995c\" data-element_type=\"widget\" data-e-type=\"widget\" data-widget_type=\"text-editor.default\">\n\t\t\t\t\t\t\t\t\t<h3>Nur wenige Minuten von Neuch\u00e2tel entfernt<\/h3>\n<p>Eine Scheune mit einer \u00fcber 235-j\u00e4hrigen Geschichte in einem typischen Neuenburger Bauernhaus ist das Schmuckk\u00e4stchen, in dem Larus\u00e9e Sie nur wenige Minuten vom Stadtzentrum Neuenburgs entfernt empf\u00e4ngt.<\/p>\n<p>In diesem wundersch\u00f6n renovierten Raum, der Altes mit Zeitgen\u00f6ssischem verbindet, k\u00f6nnen Gruppen von bis zu 20 Personen unsere Brennerei besichtigen, unsere Absinthes verkosten oder einkaufen gehen.<\/p>\n\t\t\t\t\t\t\t\t<\/div>\n\t\t\t\t<\/div>\n\t\t<div class=\"elementor-element elementor-element-42d786e e-con-full e-flex e-con e-child\" data-id=\"42d786e\" data-element_type=\"container\" data-e-type=\"container\">\n\t\t\t\t<div class=\"elementor-element elementor-element-e8371e4 elementor-widget elementor-widget-text-editor\" data-id=\"e8371e4\" data-element_type=\"widget\" data-e-type=\"widget\" data-widget_type=\"text-editor.default\">\n\t\t\t\t\t\t\t\t\t<h3>\u00d6ffnungszeiten der Boutique<\/h3>\n<p>Mittwoch-Freitag 14.00 &#8211; 18.30 Uhr<br \/>Samstag 11:00 &#8211; 16:00 Uhr durchgehend.<\/p>\n<p>W\u00e4hrend der \u00d6ffnungszeiten ist der Shop ohne Reservierung zug\u00e4nglich. Au\u00dferhalb dieser Zeiten oder f\u00fcr Besichtigungen nach Vereinbarung.<\/p>\n<p>Diese \u00d6ffnungszeiten k\u00f6nnen sich \u00e4ndern. Sie werden regelm\u00e4\u00dfig aktualisiert auf <a href=\"https:\/\/www.google.com\/\">Google<\/a>.<\/p>\n\t\t\t\t\t\t\t\t<\/div>\n\t\t\t\t<\/div>\n\t\t\t\t\t<\/div>\n\t\t\t\t<\/div>\n\t\t<div class=\"elementor-element elementor-element-66ee781 e-flex e-con-boxed e-con e-parent\" data-id=\"66ee781\" data-element_type=\"container\" data-e-type=\"container\" data-settings=\"{&quot;background_background&quot;:&quot;classic&quot;}\">\n\t\t\t\t\t<div class=\"e-con-inner\">\n\t\t\t\t<div class=\"elementor-element elementor-element-5c3e62a elementor-widget elementor-widget-spacer\" data-id=\"5c3e62a\" data-element_type=\"widget\" data-e-type=\"widget\" data-widget_type=\"spacer.default\">\n\t\t\t\t\t\t\t<div class=\"elementor-spacer\">\n\t\t\t<div class=\"elementor-spacer-inner\"><\/div>\n\t\t<\/div>\n\t\t\t\t\t\t<\/div>\n\t\t\t\t<div class=\"elementor-element elementor-element-a85d302 elementor-widget elementor-widget-price-table\" data-id=\"a85d302\" data-element_type=\"widget\" data-e-type=\"widget\" data-widget_type=\"price-table.default\">\n\t\t\t\t\t\n\t\t<div class=\"elementor-price-table\">\n\t\t\t\t\t\t\t<div class=\"elementor-price-table__header\">\n\t\t\t\t\t\t\t\t\t\t\t<h3 class=\"elementor-price-table__heading\">\n\t\t\t\t\t\tTouren und Verkostungen\t\t\t\t\t\t<\/h3>\n\t\t\t\t\t\n\t\t\t\t\t\t\t\t\t\t\t<span class=\"elementor-price-table__subheading\">\n\t\t\t\t\t\t\tNur auf Reservierung, ab 2 Personen\t\t\t\t\t\t<\/span>\n\t\t\t\t\t\t\t\t\t<\/div>\n\t\t\t\n\t\t\t<div class=\"elementor-price-table__price\">\n\t\t\t\t\t\t\t\t<span class=\"elementor-price-table__currency\">CHF<\/span>\t\t\t\t\t\t\t\t\t<span class=\"elementor-price-table__integer-part\">\n\t\t\t\t\t\t15\t\t\t\t\t<\/span>\n\t\t\t\t\n\t\t\t\t\n\t\t\t\t\n\t\t\t\t\t\t\t\t\t<span class=\"elementor-price-table__period elementor-typo-excluded\">Pro Person<\/span>\t\t\t\t\t\t\t<\/div>\n\n\t\t\t\t\t\t\t<ul class=\"elementor-price-table__features-list\">\n\t\t\t\t\t\t\t\t\t\t\t<li class=\"elementor-repeater-item-41bceb5\">\n\t\t\t\t\t\t\t<div class=\"elementor-price-table__feature-inner\">\n\t\t\t\t\t\t\t\t<svg aria-hidden=\"true\" class=\"e-font-icon-svg e-far-comment-dots\" viewBox=\"0 0 512 512\" xmlns=\"http:\/\/www.w3.org\/2000\/svg\"><path d=\"M144 208c-17.7 0-32 14.3-32 32s14.3 32 32 32 32-14.3 32-32-14.3-32-32-32zm112 0c-17.7 0-32 14.3-32 32s14.3 32 32 32 32-14.3 32-32-14.3-32-32-32zm112 0c-17.7 0-32 14.3-32 32s14.3 32 32 32 32-14.3 32-32-14.3-32-32-32zM256 32C114.6 32 0 125.1 0 240c0 47.6 19.9 91.2 52.9 126.3C38 405.7 7 439.1 6.5 439.5c-6.6 7-8.4 17.2-4.6 26S14.4 480 24 480c61.5 0 110-25.7 139.1-46.3C192 442.8 223.2 448 256 448c141.4 0 256-93.1 256-208S397.4 32 256 32zm0 368c-26.7 0-53.1-4.1-78.4-12.1l-22.7-7.2-19.5 13.8c-14.3 10.1-33.9 21.4-57.5 29 7.3-12.1 14.4-25.7 19.9-40.2l10.6-28.1-20.6-21.8C69.7 314.1 48 282.2 48 240c0-88.2 93.3-160 208-160s208 71.8 208 160-93.3 160-208 160z\"><\/path><\/svg>\t\t\t\t\t\t\t\t\t\t\t\t\t\t\t\t\t<span >\n\t\t\t\t\t\t\t\t\t\tKommentierte Besichtigung der Destillerie\t\t\t\t\t\t\t\t\t<\/span>\n\t\t\t\t\t\t\t\t\t\t\t\t\t\t\t\t<\/div>\n\t\t\t\t\t\t<\/li>\n\t\t\t\t\t\t\t\t\t\t\t<li class=\"elementor-repeater-item-871972c\">\n\t\t\t\t\t\t\t<div class=\"elementor-price-table__feature-inner\">\n\t\t\t\t\t\t\t\t<svg aria-hidden=\"true\" class=\"e-font-icon-svg e-fas-wine-glass\" viewBox=\"0 0 288 512\" xmlns=\"http:\/\/www.w3.org\/2000\/svg\"><path d=\"M216 464h-40V346.81c68.47-15.89 118.05-79.91 111.4-154.16l-15.95-178.1C270.71 6.31 263.9 0 255.74 0H32.26c-8.15 0-14.97 6.31-15.7 14.55L.6 192.66C-6.05 266.91 43.53 330.93 112 346.82V464H72c-22.09 0-40 17.91-40 40 0 4.42 3.58 8 8 8h208c4.42 0 8-3.58 8-8 0-22.09-17.91-40-40-40z\"><\/path><\/svg>\t\t\t\t\t\t\t\t\t\t\t\t\t\t\t\t\t<span >\n\t\t\t\t\t\t\t\t\t\tVerkostung unseres Absinthe Larus\u00e9e Bleue\t\t\t\t\t\t\t\t\t<\/span>\n\t\t\t\t\t\t\t\t\t\t\t\t\t\t\t\t<\/div>\n\t\t\t\t\t\t<\/li>\n\t\t\t\t\t\t\t\t\t\t\t<li class=\"elementor-repeater-item-9df09c5\">\n\t\t\t\t\t\t\t<div class=\"elementor-price-table__feature-inner\">\n\t\t\t\t\t\t\t\t<svg aria-hidden=\"true\" class=\"e-font-icon-svg e-far-heart\" viewBox=\"0 0 512 512\" xmlns=\"http:\/\/www.w3.org\/2000\/svg\"><path d=\"M458.4 64.3C400.6 15.7 311.3 23 256 79.3 200.7 23 111.4 15.6 53.6 64.3-21.6 127.6-10.6 230.8 43 285.5l175.4 178.7c10 10.2 23.4 15.9 37.6 15.9 14.3 0 27.6-5.6 37.6-15.8L469 285.6c53.5-54.7 64.7-157.9-10.6-221.3zm-23.6 187.5L259.4 430.5c-2.4 2.4-4.4 2.4-6.8 0L77.2 251.8c-36.5-37.2-43.9-107.6 7.3-150.7 38.9-32.7 98.9-27.8 136.5 10.5l35 35.7 35-35.7c37.8-38.5 97.8-43.2 136.5-10.6 51.1 43.1 43.5 113.9 7.3 150.8z\"><\/path><\/svg>\t\t\t\t\t\t\t\t\t\t\t\t\t\t\t\t\t<span >\n\t\t\t\t\t\t\t\t\t\tVerkostung von 3 unserer Produkte (Ihre Wahl)\t\t\t\t\t\t\t\t\t<\/span>\n\t\t\t\t\t\t\t\t\t\t\t\t\t\t\t\t<\/div>\n\t\t\t\t\t\t<\/li>\n\t\t\t\t\t\t\t\t\t<\/ul>\n\t\t\t\n\t\t\t\t\t\t\t<div class=\"elementor-price-table__footer\">\n\t\t\t\t\t\t\t\t\t\t\t<a class=\"elementor-price-table__button elementor-button elementor-size-md\" href=\"mailto:fenin@larusee.com\">\n\t\t\t\t\t\t\tKontaktieren Sie uns per E-Mail\t\t\t\t\t\t<\/a>\n\t\t\t\t\t\n\t\t\t\t\t\t\t\t\t\t\t<div class=\"elementor-price-table__additional_info\">\n\t\t\t\t\t\t\toder rufen Sie uns an unter +41 32 853 12 03\t\t\t\t\t\t<\/div>\n\t\t\t\t\t\t\t\t\t<\/div>\n\t\t\t\t\t<\/div>\n\n\t\t\t\t\t<div class=\"elementor-ribbon\">\n\t\t\t\t<div class=\"elementor-ribbon-inner\">\n\t\t\t\t\tTrend\t\t\t\t<\/div>\n\t\t\t<\/div>\n\t\t\t\t\t\t\t<\/div>\n\t\t\t\t\t<\/div>\n\t\t\t\t<\/div>\n\t\t<div class=\"elementor-element elementor-element-cf1e7f4 e-flex e-con-boxed e-con e-parent\" data-id=\"cf1e7f4\" data-element_type=\"container\" data-e-type=\"container\">\n\t\t\t\t\t<div class=\"e-con-inner\">\n\t\t<div class=\"elementor-element elementor-element-655cbff e-con-full e-flex e-con e-child\" data-id=\"655cbff\" data-element_type=\"container\" data-e-type=\"container\">\n\t\t\t\t<div class=\"elementor-element elementor-element-47d127d elementor-widget elementor-widget-image\" data-id=\"47d127d\" data-element_type=\"widget\" data-e-type=\"widget\" data-widget_type=\"image.default\">\n\t\t\t\t\t\t\t\t\t\t\t\t\t\t\t\t<a href=\"https:\/\/www.larusee.com\/wp-content\/uploads\/2020\/10\/Larusee_Interiors_10_20_0024.jpg\" data-elementor-open-lightbox=\"yes\" data-elementor-lightbox-title=\"Les locaux de Larus\u00e9e_10_20 par Robin Nyfeler en ao\u00fbt 2020\" data-e-action-hash=\"#elementor-action%3Aaction%3Dlightbox%26settings%3DeyJpZCI6MTQ2MjYsInVybCI6Imh0dHBzOlwvXC93d3cubGFydXNlZS5jb21cL3dwLWNvbnRlbnRcL3VwbG9hZHNcLzIwMjBcLzEwXC9MYXJ1c2VlX0ludGVyaW9yc18xMF8yMF8wMDI0LmpwZyJ9\">\n\t\t\t\t\t\t\t<img fetchpriority=\"high\" decoding=\"async\" width=\"900\" height=\"600\" src=\"https:\/\/www.larusee.com\/wp-content\/uploads\/2020\/10\/Larusee_Interiors_10_20_0024-1024x683.jpg\" class=\"attachment-large size-large wp-image-14626\" alt=\"La Grange Larus\u00e9e Boutique Fenin\" srcset=\"https:\/\/www.larusee.com\/wp-content\/uploads\/2020\/10\/Larusee_Interiors_10_20_0024-1024x683.jpg 1024w, https:\/\/www.larusee.com\/wp-content\/uploads\/2020\/10\/Larusee_Interiors_10_20_0024-920x613.jpg 920w, https:\/\/www.larusee.com\/wp-content\/uploads\/2020\/10\/Larusee_Interiors_10_20_0024-300x200.jpg 300w, https:\/\/www.larusee.com\/wp-content\/uploads\/2020\/10\/Larusee_Interiors_10_20_0024-768x512.jpg 768w, https:\/\/www.larusee.com\/wp-content\/uploads\/2020\/10\/Larusee_Interiors_10_20_0024-1536x1024.jpg 1536w, https:\/\/www.larusee.com\/wp-content\/uploads\/2020\/10\/Larusee_Interiors_10_20_0024.jpg 1920w\" sizes=\"(max-width: 900px) 100vw, 900px\" \/>\t\t\t\t\t\t\t\t<\/a>\n\t\t\t\t\t\t\t\t\t\t\t\t\t\t\t<\/div>\n\t\t\t\t<\/div>\n\t\t<div class=\"elementor-element elementor-element-f865625 e-con-full e-flex e-con e-child\" data-id=\"f865625\" data-element_type=\"container\" data-e-type=\"container\">\n\t\t\t\t<div class=\"elementor-element elementor-element-678b846 elementor-widget elementor-widget-image\" data-id=\"678b846\" data-element_type=\"widget\" data-e-type=\"widget\" data-widget_type=\"image.default\">\n\t\t\t\t\t\t\t\t\t\t\t\t\t\t\t\t<a href=\"https:\/\/www.larusee.com\/wp-content\/uploads\/2024\/03\/larusee-sergio-header.jpg\" data-elementor-open-lightbox=\"yes\" data-elementor-lightbox-title=\"larusee-sergio-header\" data-e-action-hash=\"#elementor-action%3Aaction%3Dlightbox%26settings%3DeyJpZCI6MjEyOTMsInVybCI6Imh0dHBzOlwvXC93d3cubGFydXNlZS5jb21cL3dwLWNvbnRlbnRcL3VwbG9hZHNcLzIwMjRcLzAzXC9sYXJ1c2VlLXNlcmdpby1oZWFkZXIuanBnIn0%3D\">\n\t\t\t\t\t\t\t<img decoding=\"async\" width=\"900\" height=\"600\" src=\"https:\/\/www.larusee.com\/wp-content\/uploads\/2024\/03\/larusee-sergio-header-1024x683.jpg\" class=\"attachment-large size-large wp-image-21293\" alt=\"\" srcset=\"https:\/\/www.larusee.com\/wp-content\/uploads\/2024\/03\/larusee-sergio-header-1024x683.jpg 1024w, https:\/\/www.larusee.com\/wp-content\/uploads\/2024\/03\/larusee-sergio-header-300x200.jpg 300w, https:\/\/www.larusee.com\/wp-content\/uploads\/2024\/03\/larusee-sergio-header-768x512.jpg 768w, https:\/\/www.larusee.com\/wp-content\/uploads\/2024\/03\/larusee-sergio-header-1536x1024.jpg 1536w, https:\/\/www.larusee.com\/wp-content\/uploads\/2024\/03\/larusee-sergio-header.jpg 1920w\" sizes=\"(max-width: 900px) 100vw, 900px\" \/>\t\t\t\t\t\t\t\t<\/a>\n\t\t\t\t\t\t\t\t\t\t\t\t\t\t\t<\/div>\n\t\t\t\t<\/div>\n\t\t\t\t\t<\/div>\n\t\t\t\t<\/div>\n\t\t<div class=\"elementor-element elementor-element-efbd7c2 e-flex e-con-boxed e-con e-parent\" data-id=\"efbd7c2\" data-element_type=\"container\" data-e-type=\"container\">\n\t\t\t\t\t<div class=\"e-con-inner\">\n\t\t<div class=\"elementor-element elementor-element-f4faa3a e-con-full e-flex e-con e-child\" data-id=\"f4faa3a\" data-element_type=\"container\" data-e-type=\"container\">\n\t\t\t\t<div class=\"elementor-element elementor-element-ab5d3b1 elementor-widget elementor-widget-heading\" data-id=\"ab5d3b1\" data-element_type=\"widget\" data-e-type=\"widget\" data-widget_type=\"heading.default\">\n\t\t\t\t\t<h2 class=\"elementor-heading-title elementor-size-default\">Nach Fenin kommen<\/h2>\t\t\t\t<\/div>\n\t\t\t\t<div class=\"elementor-element elementor-element-9728276 elementor-widget elementor-widget-text-editor\" data-id=\"9728276\" data-element_type=\"widget\" data-e-type=\"widget\" data-widget_type=\"text-editor.default\">\n\t\t\t\t\t\t\t\t\t<p>Mit den \u00f6ffentlichen Verkehrsmitteln:<\/p>\n<p>Von Neuch\u00e2tel-Centre oder Neuch\u00e2tel-Gare CFF mit TransN. Linie 421, Haltestelle \u201eFenin\u201c. Fahrpl\u00e4ne finden Sie auf <a href=\"http:\/\/www.transn.ch\/\">TransN.ch<\/a><\/p>\n<p>Mit dem Privatfahrzeug:<\/p>\n<p>Von Neuch\u00e2tel oder La Chaux-de-Fonds \u00fcber die Autobahn H20, Ausfahrt Valangin. Folgen Sie Saint-Imier, dann Fenin.<\/p>\n\t\t\t\t\t\t\t\t<\/div>\n\t\t\t\t<\/div>\n\t\t<div class=\"elementor-element elementor-element-9ccad5b e-con-full e-flex e-con e-child\" data-id=\"9ccad5b\" data-element_type=\"container\" data-e-type=\"container\">\n\t\t\t\t<div class=\"elementor-element elementor-element-ab0625b elementor-widget elementor-widget-google_maps\" data-id=\"ab0625b\" data-element_type=\"widget\" data-e-type=\"widget\" data-widget_type=\"google_maps.default\">\n\t\t\t\t\t\t\t<div class=\"elementor-custom-embed\">\n\t\t\t<iframe loading=\"lazy\"\n\t\t\t\t\tsrc=\"https:\/\/maps.google.com\/maps?q=larus%C3%A9e%2C%20fenin%2C%20switzerland&#038;t=m&#038;z=10&#038;output=embed&#038;iwloc=near\"\n\t\t\t\t\ttitle=\"larus\u00e9e, fenin, switzerland\"\n\t\t\t\t\taria-label=\"larus\u00e9e, fenin, switzerland\"\n\t\t\t><\/iframe>\n\t\t<\/div>\n\t\t\t\t\t\t<\/div>\n\t\t\t\t<\/div>\n\t\t\t\t\t<\/div>\n\t\t\t\t<\/div>\n\t\t\t\t<\/div>\n\t\t","protected":false},"excerpt":{"rendered":"<p>TOUREN UND VERKOSTUNGEN Eine Reise in die Geheimnisse des Absinthes! Nur wenige Minuten von Neuch\u00e2tel entfernt Eine Scheune mit einer \u00fcber 235-j\u00e4hrigen Geschichte in einem typischen Neuenburger Bauernhaus ist das Schmuckk\u00e4stchen, in dem Larus\u00e9e Sie nur wenige Minuten vom Stadtzentrum Neuenburgs entfernt empf\u00e4ngt. In diesem wundersch\u00f6n renovierten Raum, der Altes mit Zeitgen\u00f6ssischem verbindet, k\u00f6nnen Gruppen [&hellip;]<\/p>\n","protected":false},"author":1,"featured_media":0,"parent":0,"menu_order":0,"comment_status":"closed","ping_status":"closed","template":"page-full-width.php","meta":{"footnotes":""},"class_list":["post-21926","page","type-page","status-publish","hentry"],"yoast_head":"<!-- This site is optimized with the Yoast SEO plugin v27.5 - https:\/\/yoast.com\/product\/yoast-seo-wordpress\/ -->\n<title>Larus\u00e9e besuchen - Larus\u00e9e<\/title>\n<meta name=\"description\" content=\"Im Kanton Neuch\u00e2tel in der Schweiz, der historischen Geburtsst\u00e4tte des Absinths, werden unsere Spirituosen auf v\u00f6llig handwerkliche Weise destilliert\" \/>\n<meta name=\"robots\" content=\"index, follow, max-snippet:-1, max-image-preview:large, max-video-preview:-1\" \/>\n<link rel=\"canonical\" href=\"https:\/\/www.larusee.com\/de\/larusee-besuchen\/\" \/>\n<meta property=\"og:locale\" content=\"de_DE\" \/>\n<meta property=\"og:type\" content=\"article\" \/>\n<meta property=\"og:title\" content=\"Larus\u00e9e besuchen - Larus\u00e9e\" \/>\n<meta property=\"og:description\" content=\"Im Kanton Neuch\u00e2tel in der Schweiz, der historischen Geburtsst\u00e4tte des Absinths, werden unsere Spirituosen auf v\u00f6llig handwerkliche Weise destilliert\" \/>\n<meta property=\"og:url\" content=\"https:\/\/www.larusee.com\/de\/larusee-besuchen\/\" \/>\n<meta property=\"og:site_name\" content=\"Larus\u00e9e\" \/>\n<meta property=\"article:publisher\" content=\"https:\/\/www.facebook.com\/AbsintheLarusee\" \/>\n<meta property=\"article:modified_time\" content=\"2025-05-04T11:19:16+00:00\" \/>\n<meta property=\"og:image\" content=\"https:\/\/www.larusee.com\/wp-content\/uploads\/2020\/10\/Larusee_Interiors_10_20_0024.jpg\" \/>\n\t<meta property=\"og:image:width\" content=\"1920\" \/>\n\t<meta property=\"og:image:height\" content=\"1280\" \/>\n\t<meta property=\"og:image:type\" content=\"image\/jpeg\" \/>\n<meta name=\"twitter:card\" content=\"summary_large_image\" \/>\n<meta name=\"twitter:label1\" content=\"Gesch\u00e4tzte Lesezeit\" \/>\n\t<meta name=\"twitter:data1\" content=\"3\u00a0Minuten\" \/>\n<script type=\"application\/ld+json\" class=\"yoast-schema-graph\">{\"@context\":\"https:\\\/\\\/schema.org\",\"@graph\":[{\"@type\":\"WebPage\",\"@id\":\"https:\\\/\\\/www.larusee.com\\\/de\\\/larusee-besuchen\\\/\",\"url\":\"https:\\\/\\\/www.larusee.com\\\/de\\\/larusee-besuchen\\\/\",\"name\":\"Larus\u00e9e besuchen - Larus\u00e9e\",\"isPartOf\":{\"@id\":\"https:\\\/\\\/www.larusee.com\\\/de\\\/#website\"},\"primaryImageOfPage\":{\"@id\":\"https:\\\/\\\/www.larusee.com\\\/de\\\/larusee-besuchen\\\/#primaryimage\"},\"image\":{\"@id\":\"https:\\\/\\\/www.larusee.com\\\/de\\\/larusee-besuchen\\\/#primaryimage\"},\"thumbnailUrl\":\"https:\\\/\\\/www.larusee.com\\\/wp-content\\\/uploads\\\/2020\\\/10\\\/Larusee_Interiors_10_20_0024-1024x683.jpg\",\"datePublished\":\"2024-11-20T16:47:06+00:00\",\"dateModified\":\"2025-05-04T11:19:16+00:00\",\"description\":\"Im Kanton Neuch\u00e2tel in der Schweiz, der historischen Geburtsst\u00e4tte des Absinths, werden unsere Spirituosen auf v\u00f6llig handwerkliche Weise destilliert\",\"breadcrumb\":{\"@id\":\"https:\\\/\\\/www.larusee.com\\\/de\\\/larusee-besuchen\\\/#breadcrumb\"},\"inLanguage\":\"de\",\"potentialAction\":[{\"@type\":\"ReadAction\",\"target\":[\"https:\\\/\\\/www.larusee.com\\\/de\\\/larusee-besuchen\\\/\"]}]},{\"@type\":\"ImageObject\",\"inLanguage\":\"de\",\"@id\":\"https:\\\/\\\/www.larusee.com\\\/de\\\/larusee-besuchen\\\/#primaryimage\",\"url\":\"https:\\\/\\\/www.larusee.com\\\/wp-content\\\/uploads\\\/2020\\\/10\\\/Larusee_Interiors_10_20_0024-1024x683.jpg\",\"contentUrl\":\"https:\\\/\\\/www.larusee.com\\\/wp-content\\\/uploads\\\/2020\\\/10\\\/Larusee_Interiors_10_20_0024-1024x683.jpg\"},{\"@type\":\"BreadcrumbList\",\"@id\":\"https:\\\/\\\/www.larusee.com\\\/de\\\/larusee-besuchen\\\/#breadcrumb\",\"itemListElement\":[{\"@type\":\"ListItem\",\"position\":1,\"name\":\"Accueil\",\"item\":\"https:\\\/\\\/www.larusee.com\\\/de\\\/\"},{\"@type\":\"ListItem\",\"position\":2,\"name\":\"Larus\u00e9e besuchen\"}]},{\"@type\":\"WebSite\",\"@id\":\"https:\\\/\\\/www.larusee.com\\\/de\\\/#website\",\"url\":\"https:\\\/\\\/www.larusee.com\\\/de\\\/\",\"name\":\"Larus\u00e9e\",\"description\":\"Distillateur d&#039;\u00e9motions\",\"publisher\":{\"@id\":\"https:\\\/\\\/www.larusee.com\\\/de\\\/#organization\"},\"potentialAction\":[{\"@type\":\"SearchAction\",\"target\":{\"@type\":\"EntryPoint\",\"urlTemplate\":\"https:\\\/\\\/www.larusee.com\\\/de\\\/?s={search_term_string}\"},\"query-input\":{\"@type\":\"PropertyValueSpecification\",\"valueRequired\":true,\"valueName\":\"search_term_string\"}}],\"inLanguage\":\"de\"},{\"@type\":\"Organization\",\"@id\":\"https:\\\/\\\/www.larusee.com\\\/de\\\/#organization\",\"name\":\"Larus\u00e9e\",\"url\":\"https:\\\/\\\/www.larusee.com\\\/de\\\/\",\"logo\":{\"@type\":\"ImageObject\",\"inLanguage\":\"de\",\"@id\":\"https:\\\/\\\/www.larusee.com\\\/de\\\/#\\\/schema\\\/logo\\\/image\\\/\",\"url\":\"https:\\\/\\\/www.larusee.com\\\/wp-content\\\/uploads\\\/2019\\\/04\\\/Logo_Larusee_Noir.png\",\"contentUrl\":\"https:\\\/\\\/www.larusee.com\\\/wp-content\\\/uploads\\\/2019\\\/04\\\/Logo_Larusee_Noir.png\",\"width\":1181,\"height\":318,\"caption\":\"Larus\u00e9e\"},\"image\":{\"@id\":\"https:\\\/\\\/www.larusee.com\\\/de\\\/#\\\/schema\\\/logo\\\/image\\\/\"},\"sameAs\":[\"https:\\\/\\\/www.facebook.com\\\/AbsintheLarusee\",\"https:\\\/\\\/www.instagram.com\\\/distillerielarusee\\\/\"]}]}<\/script>\n<!-- \/ Yoast SEO plugin. -->","yoast_head_json":{"title":"Larus\u00e9e besuchen - Larus\u00e9e","description":"Im Kanton Neuch\u00e2tel in der Schweiz, der historischen Geburtsst\u00e4tte des Absinths, werden unsere Spirituosen auf v\u00f6llig handwerkliche Weise destilliert","robots":{"index":"index","follow":"follow","max-snippet":"max-snippet:-1","max-image-preview":"max-image-preview:large","max-video-preview":"max-video-preview:-1"},"canonical":"https:\/\/www.larusee.com\/de\/larusee-besuchen\/","og_locale":"de_DE","og_type":"article","og_title":"Larus\u00e9e besuchen - Larus\u00e9e","og_description":"Im Kanton Neuch\u00e2tel in der Schweiz, der historischen Geburtsst\u00e4tte des Absinths, werden unsere Spirituosen auf v\u00f6llig handwerkliche Weise destilliert","og_url":"https:\/\/www.larusee.com\/de\/larusee-besuchen\/","og_site_name":"Larus\u00e9e","article_publisher":"https:\/\/www.facebook.com\/AbsintheLarusee","article_modified_time":"2025-05-04T11:19:16+00:00","og_image":[{"width":1920,"height":1280,"url":"https:\/\/www.larusee.com\/wp-content\/uploads\/2020\/10\/Larusee_Interiors_10_20_0024.jpg","type":"image\/jpeg"}],"twitter_card":"summary_large_image","twitter_misc":{"Gesch\u00e4tzte Lesezeit":"3\u00a0Minuten"},"schema":{"@context":"https:\/\/schema.org","@graph":[{"@type":"WebPage","@id":"https:\/\/www.larusee.com\/de\/larusee-besuchen\/","url":"https:\/\/www.larusee.com\/de\/larusee-besuchen\/","name":"Larus\u00e9e besuchen - Larus\u00e9e","isPartOf":{"@id":"https:\/\/www.larusee.com\/de\/#website"},"primaryImageOfPage":{"@id":"https:\/\/www.larusee.com\/de\/larusee-besuchen\/#primaryimage"},"image":{"@id":"https:\/\/www.larusee.com\/de\/larusee-besuchen\/#primaryimage"},"thumbnailUrl":"https:\/\/www.larusee.com\/wp-content\/uploads\/2020\/10\/Larusee_Interiors_10_20_0024-1024x683.jpg","datePublished":"2024-11-20T16:47:06+00:00","dateModified":"2025-05-04T11:19:16+00:00","description":"Im Kanton Neuch\u00e2tel in der Schweiz, der historischen Geburtsst\u00e4tte des Absinths, werden unsere Spirituosen auf v\u00f6llig handwerkliche Weise destilliert","breadcrumb":{"@id":"https:\/\/www.larusee.com\/de\/larusee-besuchen\/#breadcrumb"},"inLanguage":"de","potentialAction":[{"@type":"ReadAction","target":["https:\/\/www.larusee.com\/de\/larusee-besuchen\/"]}]},{"@type":"ImageObject","inLanguage":"de","@id":"https:\/\/www.larusee.com\/de\/larusee-besuchen\/#primaryimage","url":"https:\/\/www.larusee.com\/wp-content\/uploads\/2020\/10\/Larusee_Interiors_10_20_0024-1024x683.jpg","contentUrl":"https:\/\/www.larusee.com\/wp-content\/uploads\/2020\/10\/Larusee_Interiors_10_20_0024-1024x683.jpg"},{"@type":"BreadcrumbList","@id":"https:\/\/www.larusee.com\/de\/larusee-besuchen\/#breadcrumb","itemListElement":[{"@type":"ListItem","position":1,"name":"Accueil","item":"https:\/\/www.larusee.com\/de\/"},{"@type":"ListItem","position":2,"name":"Larus\u00e9e besuchen"}]},{"@type":"WebSite","@id":"https:\/\/www.larusee.com\/de\/#website","url":"https:\/\/www.larusee.com\/de\/","name":"Larus\u00e9e","description":"Distillateur d&#039;\u00e9motions","publisher":{"@id":"https:\/\/www.larusee.com\/de\/#organization"},"potentialAction":[{"@type":"SearchAction","target":{"@type":"EntryPoint","urlTemplate":"https:\/\/www.larusee.com\/de\/?s={search_term_string}"},"query-input":{"@type":"PropertyValueSpecification","valueRequired":true,"valueName":"search_term_string"}}],"inLanguage":"de"},{"@type":"Organization","@id":"https:\/\/www.larusee.com\/de\/#organization","name":"Larus\u00e9e","url":"https:\/\/www.larusee.com\/de\/","logo":{"@type":"ImageObject","inLanguage":"de","@id":"https:\/\/www.larusee.com\/de\/#\/schema\/logo\/image\/","url":"https:\/\/www.larusee.com\/wp-content\/uploads\/2019\/04\/Logo_Larusee_Noir.png","contentUrl":"https:\/\/www.larusee.com\/wp-content\/uploads\/2019\/04\/Logo_Larusee_Noir.png","width":1181,"height":318,"caption":"Larus\u00e9e"},"image":{"@id":"https:\/\/www.larusee.com\/de\/#\/schema\/logo\/image\/"},"sameAs":["https:\/\/www.facebook.com\/AbsintheLarusee","https:\/\/www.instagram.com\/distillerielarusee\/"]}]}},"_links":{"self":[{"href":"https:\/\/www.larusee.com\/de\/wp-json\/wp\/v2\/pages\/21926","targetHints":{"allow":["GET"]}}],"collection":[{"href":"https:\/\/www.larusee.com\/de\/wp-json\/wp\/v2\/pages"}],"about":[{"href":"https:\/\/www.larusee.com\/de\/wp-json\/wp\/v2\/types\/page"}],"author":[{"embeddable":true,"href":"https:\/\/www.larusee.com\/de\/wp-json\/wp\/v2\/users\/1"}],"replies":[{"embeddable":true,"href":"https:\/\/www.larusee.com\/de\/wp-json\/wp\/v2\/comments?post=21926"}],"version-history":[{"count":4,"href":"https:\/\/www.larusee.com\/de\/wp-json\/wp\/v2\/pages\/21926\/revisions"}],"predecessor-version":[{"id":22482,"href":"https:\/\/www.larusee.com\/de\/wp-json\/wp\/v2\/pages\/21926\/revisions\/22482"}],"wp:attachment":[{"href":"https:\/\/www.larusee.com\/de\/wp-json\/wp\/v2\/media?parent=21926"}],"curies":[{"name":"wp","href":"https:\/\/api.w.org\/{rel}","templated":true}]}}