{"id":11180,"date":"2019-05-02T23:01:48","date_gmt":"2019-05-02T21:01:48","guid":{"rendered":"https:\/\/www.larusee.com\/allgemeine-verkaufsbedingungen\/"},"modified":"2019-05-02T23:01:51","modified_gmt":"2019-05-02T21:01:51","slug":"allgemeine-verkaufsbedingungen","status":"publish","type":"page","link":"https:\/\/www.larusee.com\/de\/allgemeine-verkaufsbedingungen\/","title":{"rendered":"Allgemeine Verkaufsbedingungen"},"content":{"rendered":"\r\n<p>Les pr\u00e9sentes conditions g\u00e9n\u00e9rales de vente r\u00e8glent l&#8217;achat des biens produits par la soci\u00e9t\u00e9 Larus\u00e9e S\u00e0rl, dont le si\u00e8ge social est sis Rue des Bonvoisins 1, 2063 Fenin, Suisse [ci-apr\u00e8s : la soci\u00e9t\u00e9 Larus\u00e9e].<\/p>\r\n<p>Les pr\u00e9sentes conditions g\u00e9n\u00e9rales sont r\u00e9gies par le droit suisse et peuvent \u00eatre modifi\u00e9es par la soci\u00e9t\u00e9 Larus\u00e9e \u00e0 tout moment, sans pr\u00e9avis.<\/p>\r\n<p>Les pr\u00e9sentes conditions g\u00e9n\u00e9rales sont conclues entre la soci\u00e9t\u00e9 Larus\u00e9e et toute personne, physique ou morale, ayant la capacit\u00e9 et la volont\u00e9 de proc\u00e9der \u00e0 l&#8217;achat de produits Larus\u00e9e[ci-apr\u00e8s : l&#8217;acheteur].<\/p>\r\n<h3 class=\"wp-block-heading\">Objekt<\/h3>\r\n<p>Les pr\u00e9sentes conditions g\u00e9n\u00e9rales de vente visent \u00e0 d\u00e9finir les relations contractuelles entre la soci\u00e9t\u00e9 Larus\u00e9e et l&#8217;acheteur.<\/p>\r\n<p>Ces conditions g\u00e9n\u00e9rales repor\u00e9sentent les conditions applicables \u00e0 tout achat effectu\u00e9 par le biais des sites marchands en ligne <a href=\"http:\/\/www.larusee.com\/\">www.larusee.com<\/a>.<\/p>\r\n<p>Elles sont par ailleurs applicables que l&#8217;acheteur soit un professionnel ou un consommateur.<\/p>\r\n<p>L&#8217;achat d&#8217;un produit par l&#8217;interm\u00e9diaire du pr\u00e9sent site vaut acceptation sans r\u00e9serve par l&#8217;acheteur des pr\u00e9sentes conditions g\u00e9n\u00e9rales de vente.<\/p>\r\n<p>Ces conditions de vente pr\u00e9vaudront toutes autres conditions g\u00e9n\u00e9rales ou particuli\u00e8res non express\u00e9ment agr\u00e9\u00e9es par la soci\u00e9t\u00e9 Larus\u00e9e.<\/p>\r\n<p>La soci\u00e9t\u00e9 Larus\u00e9e se r\u00e9serve le droit de modifier les pr\u00e9sentes conditions g\u00e9n\u00e9rales de vente \u00e0 tout moment. En cas de telles modifications, les conditions applicables seront les plus r\u00e9centes alors en vigueur \u00e0 la date de la commande par l&#8217;acheteur.<\/p>\r\n<h3>Merkmale der angebotenen Waren und Dienstleistungen<\/h3>\r\n<p>Les produits offerts sont exclusivement ceux qui figurent dans le catalogue publi\u00e9 sur le site internet officiel de la soci\u00e9t\u00e9 Larus\u00e9e, \u00e0 savoir <a href=\"http:\/\/www.larusee.com\/\">www.larusee.com<\/a>.<\/p>\r\n<p>Ces produits sont offerts \u00e0 la vente dans la limite des stocks disponibles.<\/p>\r\n<p>Chaque produit est accompagn\u00e9 d&#8217;un descriptif \u2013 indicatif et non contractuel &#8211; \u00e9tabli par la soci\u00e9t\u00e9 Larus\u00e9e.<\/p>\r\n<p>Les photographies de nos produits tendent \u00e0 refl\u00e9ter fid\u00e8lement leur image, mais ne peuvent assurer une similitude parfaite avec le produit vendu..<\/p>\r\n<p><a name=\"tarifs\"><\/a><\/p>\r\n<h3>Tarifs<\/h3>\r\n<p><strong>Pour la Suisse et le Liechtenstein<\/strong><\/p>\r\n<p>Les prix indiqu\u00e9s sont des prix TTC, exprim\u00e9s en Francs suisses, tenant compte de la TVA applicable au jour de la commande; tout changement du taux de la TVA pourra \u00eatre r\u00e9percut\u00e9 sur le prix des produits ou des services.<\/p>\r\n<p>La soci\u00e9t\u00e9 Larus\u00e9e se r\u00e9serve le droit de modifier ses prix \u00e0 tout moment sans pr\u00e9avis, \u00e9tant toutefois entendu que le prix figurant au catalogue le jour de la commande sera le seul applicable \u00e0 l&#8217;acheteur.<\/p>\r\n<p>D\u00e8s CHF 100.\u2013 (cent francs) d&#8217;achat, les prix indiqu\u00e9s comprennent les frais de transport et de livraison.<\/p>\r\n<h3>Befehle<\/h3>\r\n<p>L&#8217;acheteur, qui souhaite acheter un produit de la soci\u00e9t\u00e9 Larus\u00e9e doit obligatoirement :<\/p>\r\n<ul>\n<li>Avoir imp\u00e9rativement atteint l&#8217;\u00e2ge l\u00e9gal pour se procurer et consommer des produits alcoolis\u00e9s au sens de la loi en vigueur dans son lieu de domicile, r\u00e9sidence ou lieu de livraison<\/li>\r\n<li>Remplir la fiche d&#8217;identification sur laquelle il indiquera toutes les coordonn\u00e9es demand\u00e9es<\/li>\r\n<li>Remplir le bon de commande en ligne en indiquant toutes les r\u00e9f\u00e9rences des produits choisis<\/li>\r\n<li>Valider sa commande apr\u00e8s l&#8217;avoir v\u00e9rifi\u00e9e<\/li>\r\n<li>Effectuer le paiement dans les conditions pr\u00e9vues<\/li>\r\n<li>Confirmer sa commande et le r\u00e8glement de cette derni\u00e8re<\/li>\r\n<\/ul>\n<p>La confirmation de la commande entra\u00eene l&#8217;acceptation des pr\u00e9sentes conditions de vente, la reconnaissance d&#8217;en avoir pris parfaite connaissance et la renonciation \u00e0 se pr\u00e9valoir de toutes autres conditions d&#8217;achat. .<\/p>\r\n<p>L&#8217;ensemble des donn\u00e9es fournies et la confirmation enregistr\u00e9e vaudront preuve de la transaction. La confirmation vaudra signature et acceptation des op\u00e9rations effectu\u00e9es. Le vendeur communiquera par courrier \u00e9lectronique une confirmation de la commande enregistr\u00e9e.<\/p>\r\n<h3>R\u00fcckzug<\/h3>\r\n<p>Tout acheteur, \u00e0 l&#8217;exception des personnes morales et des personnes physiques professionnelles, b\u00e9n\u00e9ficie d&#8217;un d\u00e9lai de r\u00e9tractation de sept jours \u00e0 compter de la date de r\u00e9ception de la livraison de leur commande.<\/p>\r\n<p>Dans ce d\u00e9lai, l&#8217;acheteur, \u00e0 l&#8217;exception des personnes morales et des personnes physiques professionnelles, peut retourner le produit au vendeur pour \u00e9change ou remboursement du produit, sans p\u00e9nalit\u00e9. Les frais de retour sont \u00e0 la charge de l&#8217;acheteur.<\/p>\r\n<p>Il ne sera rembours\u00e9 ou \u00e9chang\u00e9 que les produits qui peuvent \u00e0 nouveau \u00eatre propos\u00e9s \u00e0 la vente, qui n&#8217;ont pas \u00e9t\u00e9 d\u00e9bouch\u00e9s et qui ont \u00e9t\u00e9 retourn\u00e9s dans leur emballage d&#8217;origine intact (non ouvert).<\/p>\r\n<p>Les risques li\u00e9s au retour de l&#8217;article (perte ou d\u00e9t\u00e9rioration) restent \u00e0 la charge du client.<\/p>\r\n<p>Modalit\u00e9s de paiement<\/p>\r\n<p>L&#8217;exigibilit\u00e9 du prix correspond au moment de confirmation de la commande.<\/p>\r\n<p>Les paiements seront effectu\u00e9s par carte bancaire; ils seront r\u00e9alis\u00e9s par le biais du syst\u00e8me s\u00e9curis\u00e9 Saferpay de Six Multipay\u00a0qui utilise le protocole SSL (Secure Socket Layer), de telle sorte que les informations transmises sont crypt\u00e9es par un logiciel et qu&#8217;aucun tiers ne peut en prendre connaissance au cours du transport sur le r\u00e9seau.<\/p>\r\n<p>Les informations sont directement transmises \u00e0 l&#8217;op\u00e9rateur bancaire qui g\u00e8re les autorisations de d\u00e9bit. La soci\u00e9t\u00e9 Larus\u00e9e n&#8217;aura donc \u00e0 aucun moment acc\u00e8s \u00e0 ces donn\u00e9es.<\/p>\r\n<p>Le compte de l&#8217;acheteur est d\u00e9bit\u00e9 automatiquement \u00e0 la commande.<\/p>\r\n<p>Par ailleurs, seul le montant des produits ou services envoy\u00e9s sera d\u00e9bit\u00e9.<\/p>\r\n<p>\u00c0 la demande de l&#8217;acheteur, il lui sera adress\u00e9 une facture \u00e9lectronique imprimable.<\/p>\r\n<h3>Lieferungen<\/h3>\r\n<p>Les produits propos\u00e9s sont conformes \u00e0 la l\u00e9gislation Suisse en vigueur et propres \u00e0 la consommation.<\/p>\r\n<p>Les livraisons, effectu\u00e9es par la Poste suisse sous 7 jours (Economy), sont faites \u00e0 l&#8217;adresse indiqu\u00e9e sur le bon de commande. Les risques sont \u00e0 la charge de l&#8217;acqu\u00e9reur \u00e0 compter du moment o\u00f9 les produits ont quitt\u00e9 les locaux de la soci\u00e9t\u00e9 Larus\u00e9e.<\/p>\r\n<p>En cas de dommage pendant le transport, la protestation motiv\u00e9e doit \u00eatre formul\u00e9e aupr\u00e8s du transporteur dans un d\u00e9lai de trois jours \u00e0 compter de la livraison.<\/p>\r\n<p>Les d\u00e9lais de livraison ne sont donn\u00e9s qu&#8217;\u00e0 titre indicatif; si ceux-ci d\u00e9passent trente jours \u00e0 compter de la commande, le contrat de vente pourra \u00eatre r\u00e9sili\u00e9 et l&#8217;acheteur rembours\u00e9.<\/p>\r\n<h3>Garantie<\/h3>\r\n<p>Les produits propos\u00e9s sont conformes \u00e0 la l\u00e9gislation Suisse en vigueur. En cas de non-conformit\u00e9 d&#8217;un produit vendu, il pourra \u00eatre retourn\u00e9 au vendeur qui le reprendra, l&#8217;\u00e9changera ou le remboursera.<\/p>\r\n<p>Toutes les r\u00e9clamations, demandes d&#8217;\u00e9change ou de remboursement doivent \u00eatre effectu\u00e9es par voie postale \u00e0 l&#8217;adresse suivante :<\/p>\r\n<p>Larus\u00e9e S\u00e0rl<br>Rue des Bonvoisins 1<br>2063 Fenin<br>Suisse<\/p>\r\n<h3>Verantwortung<\/h3>\r\n<p>Le vendeur, dans le processus de vente en ligne, n&#8217;est tenu que par une obligation de moyens; sa responsabilit\u00e9 ne pourra \u00eatre engag\u00e9e pour un dommage r\u00e9sultant de l&#8217;utilisation du r\u00e9seau Internet tel que perte de donn\u00e9es, intrusion, virus, rupture du service, ou autres probl\u00e8mes involontaires.<\/p>\r\n<h3>Geistiges Eigentum<\/h3>\r\n<p>Tous les \u00e9l\u00e9ments du site de la soci\u00e9t\u00e9 Larus\u00e9e sont et demeurent la propri\u00e9t\u00e9 intellectuelle exclusive de la soci\u00e9t\u00e9 Larus\u00e9e.<\/p>\r\n<p>Il est interdit \u00e0 quiconque de reproduire, exploiter, rediffuser, ou utiliser, \u00e0 quelque titre que ce soit, m\u00eame partiellement, des \u00e9l\u00e9ments du site, qu&#8217;ils soient logiciels, visuels ou sonores. Tout lien simple ou par hypertexte est strictement interdit sans un accord \u00e9crit expr\u00e8s de la soci\u00e9t\u00e9 Larus\u00e9e.<\/p>\r\n<h3>Pers\u00f6nliche Daten<\/h3>\r\n<p>Les informations \u00e0 caract\u00e8re nominatif relatives aux acheteurs pourront faire l&#8217;objet d&#8217;un traitement automatis\u00e9.<\/p>\r\n<p>La soci\u00e9t\u00e9 Larus\u00e9e se r\u00e9serve le droit de collecter des informations sur les acheteurs y compris en utilisant des cookies, et, si elle le souhaite, de transmettre \u00e0 des partenaires commerciaux les informations collect\u00e9es.<\/p>\r\n<p>Les acheteurs peuvent s&#8217;opposer \u00e0 la divulgation de leurs coordonn\u00e9es en le signalant express\u00e9ment \u00e0 la soci\u00e9t\u00e9 Larus\u00e9e .<\/p>\r\n<p>De m\u00eame, les utilisateurs disposent d&#8217;un droit d&#8217;acc\u00e8s et de rectification des donn\u00e9es les concernant. Le client peut exercer ce droit en contactant la soci\u00e9t\u00e9 Larus\u00e9e par e-mail \u00e0 l&#8217;adresse suivante:<\/p>\r\n<p>sales[a]larusee.com<\/p>\r\n<p>ou par voie postale \u00e0 l&#8217;adresse suivante:<\/p>\r\n<p>Larus\u00e9e S\u00e0rl<\/p>\r\n<p>Rue des Bonvoisins 1<\/p>\r\n<p>2063 Fenin<\/p>\r\n<p>Suisse<\/p>\r\n<h3>Archivierung<\/h3>\r\n<p>La soci\u00e9t\u00e9 Larus\u00e9e archivera les bons de commandes et les factures sur un support fiable et durable constituant une copie fid\u00e8le. Les registres informatis\u00e9s de la soci\u00e9t\u00e9 Larus\u00e9e seront consid\u00e9r\u00e9s par les parties comme preuve des communications, commandes, paiements et transactions intervenus entre les parties.<\/p>\r\n<h3>Besondere Bedingungen<\/h3>\r\n<p>Pour la Suisse<\/p>\r\n<p>Aucune restriction n&#8217;est applicable quant au nombre de bouteilles par commande \u00e0 destination de la Suisse, sous r\u00e9serve de la disponibilit\u00e9 des stocks.<\/p>\r\n<h3>Streitbeilegung<\/h3>\r\n<p>En cas de litige, le for se situe \u00e0 Neuch\u00e2tel (Suisse) excluant ainsi tout autre for.<\/p>\r\n<p>Seul le droit suisse sera applicable.<\/p>\r\n","protected":false},"excerpt":{"rendered":"<p>Les pr\u00e9sentes conditions g\u00e9n\u00e9rales de vente r\u00e8glent l&#8217;achat des biens produits par la soci\u00e9t\u00e9 Larus\u00e9e S\u00e0rl, dont le si\u00e8ge social est sis Rue des Bonvoisins 1, 2063 Fenin, Suisse [ci-apr\u00e8s : la soci\u00e9t\u00e9 Larus\u00e9e]. Les pr\u00e9sentes conditions g\u00e9n\u00e9rales sont r\u00e9gies par le droit suisse et peuvent \u00eatre modifi\u00e9es par la soci\u00e9t\u00e9 Larus\u00e9e \u00e0 tout moment, [&hellip;]<\/p>\n","protected":false},"author":1,"featured_media":0,"parent":0,"menu_order":0,"comment_status":"closed","ping_status":"open","template":"page-boxed.php","meta":{"footnotes":""},"class_list":["post-11180","page","type-page","status-publish","hentry"],"yoast_head":"<!-- This site is optimized with the Yoast SEO plugin v27.5 - https:\/\/yoast.com\/product\/yoast-seo-wordpress\/ -->\n<title>Allgemeine Verkaufsbedingungen - Larus\u00e9e<\/title>\n<meta name=\"robots\" content=\"index, follow, max-snippet:-1, max-image-preview:large, max-video-preview:-1\" \/>\n<link rel=\"canonical\" href=\"https:\/\/www.larusee.com\/de\/allgemeine-verkaufsbedingungen\/\" \/>\n<meta property=\"og:locale\" content=\"de_DE\" \/>\n<meta property=\"og:type\" content=\"article\" \/>\n<meta property=\"og:title\" content=\"Allgemeine Verkaufsbedingungen - Larus\u00e9e\" \/>\n<meta property=\"og:description\" content=\"Les pr\u00e9sentes conditions g\u00e9n\u00e9rales de vente r\u00e8glent l&#8217;achat des biens produits par la soci\u00e9t\u00e9 Larus\u00e9e S\u00e0rl, dont le si\u00e8ge social est sis Rue des Bonvoisins 1, 2063 Fenin, Suisse [ci-apr\u00e8s : la soci\u00e9t\u00e9 Larus\u00e9e]. Les pr\u00e9sentes conditions g\u00e9n\u00e9rales sont r\u00e9gies par le droit suisse et peuvent \u00eatre modifi\u00e9es par la soci\u00e9t\u00e9 Larus\u00e9e \u00e0 tout moment, [&hellip;]\" \/>\n<meta property=\"og:url\" content=\"https:\/\/www.larusee.com\/de\/allgemeine-verkaufsbedingungen\/\" \/>\n<meta property=\"og:site_name\" content=\"Larus\u00e9e\" \/>\n<meta property=\"article:publisher\" content=\"https:\/\/www.facebook.com\/AbsintheLarusee\" \/>\n<meta property=\"article:modified_time\" content=\"2019-05-02T21:01:51+00:00\" \/>\n<meta name=\"twitter:card\" content=\"summary_large_image\" \/>\n<meta name=\"twitter:label1\" content=\"Gesch\u00e4tzte Lesezeit\" \/>\n\t<meta name=\"twitter:data1\" content=\"7\u00a0Minuten\" \/>\n<script type=\"application\/ld+json\" class=\"yoast-schema-graph\">{\"@context\":\"https:\\\/\\\/schema.org\",\"@graph\":[{\"@type\":\"WebPage\",\"@id\":\"https:\\\/\\\/www.larusee.com\\\/de\\\/allgemeine-verkaufsbedingungen\\\/\",\"url\":\"https:\\\/\\\/www.larusee.com\\\/de\\\/allgemeine-verkaufsbedingungen\\\/\",\"name\":\"Allgemeine Verkaufsbedingungen - Larus\u00e9e\",\"isPartOf\":{\"@id\":\"https:\\\/\\\/www.larusee.com\\\/de\\\/#website\"},\"datePublished\":\"2019-05-02T21:01:48+00:00\",\"dateModified\":\"2019-05-02T21:01:51+00:00\",\"breadcrumb\":{\"@id\":\"https:\\\/\\\/www.larusee.com\\\/de\\\/allgemeine-verkaufsbedingungen\\\/#breadcrumb\"},\"inLanguage\":\"de\",\"potentialAction\":[{\"@type\":\"ReadAction\",\"target\":[\"https:\\\/\\\/www.larusee.com\\\/de\\\/allgemeine-verkaufsbedingungen\\\/\"]}]},{\"@type\":\"BreadcrumbList\",\"@id\":\"https:\\\/\\\/www.larusee.com\\\/de\\\/allgemeine-verkaufsbedingungen\\\/#breadcrumb\",\"itemListElement\":[{\"@type\":\"ListItem\",\"position\":1,\"name\":\"Accueil\",\"item\":\"https:\\\/\\\/www.larusee.com\\\/de\\\/\"},{\"@type\":\"ListItem\",\"position\":2,\"name\":\"Allgemeine Verkaufsbedingungen\"}]},{\"@type\":\"WebSite\",\"@id\":\"https:\\\/\\\/www.larusee.com\\\/de\\\/#website\",\"url\":\"https:\\\/\\\/www.larusee.com\\\/de\\\/\",\"name\":\"Larus\u00e9e\",\"description\":\"Distillateur d&#039;\u00e9motions\",\"publisher\":{\"@id\":\"https:\\\/\\\/www.larusee.com\\\/de\\\/#organization\"},\"potentialAction\":[{\"@type\":\"SearchAction\",\"target\":{\"@type\":\"EntryPoint\",\"urlTemplate\":\"https:\\\/\\\/www.larusee.com\\\/de\\\/?s={search_term_string}\"},\"query-input\":{\"@type\":\"PropertyValueSpecification\",\"valueRequired\":true,\"valueName\":\"search_term_string\"}}],\"inLanguage\":\"de\"},{\"@type\":\"Organization\",\"@id\":\"https:\\\/\\\/www.larusee.com\\\/de\\\/#organization\",\"name\":\"Larus\u00e9e\",\"url\":\"https:\\\/\\\/www.larusee.com\\\/de\\\/\",\"logo\":{\"@type\":\"ImageObject\",\"inLanguage\":\"de\",\"@id\":\"https:\\\/\\\/www.larusee.com\\\/de\\\/#\\\/schema\\\/logo\\\/image\\\/\",\"url\":\"https:\\\/\\\/www.larusee.com\\\/wp-content\\\/uploads\\\/2019\\\/04\\\/Logo_Larusee_Noir.png\",\"contentUrl\":\"https:\\\/\\\/www.larusee.com\\\/wp-content\\\/uploads\\\/2019\\\/04\\\/Logo_Larusee_Noir.png\",\"width\":1181,\"height\":318,\"caption\":\"Larus\u00e9e\"},\"image\":{\"@id\":\"https:\\\/\\\/www.larusee.com\\\/de\\\/#\\\/schema\\\/logo\\\/image\\\/\"},\"sameAs\":[\"https:\\\/\\\/www.facebook.com\\\/AbsintheLarusee\",\"https:\\\/\\\/www.instagram.com\\\/distillerielarusee\\\/\"]}]}<\/script>\n<!-- \/ Yoast SEO plugin. -->","yoast_head_json":{"title":"Allgemeine Verkaufsbedingungen - Larus\u00e9e","robots":{"index":"index","follow":"follow","max-snippet":"max-snippet:-1","max-image-preview":"max-image-preview:large","max-video-preview":"max-video-preview:-1"},"canonical":"https:\/\/www.larusee.com\/de\/allgemeine-verkaufsbedingungen\/","og_locale":"de_DE","og_type":"article","og_title":"Allgemeine Verkaufsbedingungen - Larus\u00e9e","og_description":"Les pr\u00e9sentes conditions g\u00e9n\u00e9rales de vente r\u00e8glent l&#8217;achat des biens produits par la soci\u00e9t\u00e9 Larus\u00e9e S\u00e0rl, dont le si\u00e8ge social est sis Rue des Bonvoisins 1, 2063 Fenin, Suisse [ci-apr\u00e8s : la soci\u00e9t\u00e9 Larus\u00e9e]. Les pr\u00e9sentes conditions g\u00e9n\u00e9rales sont r\u00e9gies par le droit suisse et peuvent \u00eatre modifi\u00e9es par la soci\u00e9t\u00e9 Larus\u00e9e \u00e0 tout moment, [&hellip;]","og_url":"https:\/\/www.larusee.com\/de\/allgemeine-verkaufsbedingungen\/","og_site_name":"Larus\u00e9e","article_publisher":"https:\/\/www.facebook.com\/AbsintheLarusee","article_modified_time":"2019-05-02T21:01:51+00:00","twitter_card":"summary_large_image","twitter_misc":{"Gesch\u00e4tzte Lesezeit":"7\u00a0Minuten"},"schema":{"@context":"https:\/\/schema.org","@graph":[{"@type":"WebPage","@id":"https:\/\/www.larusee.com\/de\/allgemeine-verkaufsbedingungen\/","url":"https:\/\/www.larusee.com\/de\/allgemeine-verkaufsbedingungen\/","name":"Allgemeine Verkaufsbedingungen - Larus\u00e9e","isPartOf":{"@id":"https:\/\/www.larusee.com\/de\/#website"},"datePublished":"2019-05-02T21:01:48+00:00","dateModified":"2019-05-02T21:01:51+00:00","breadcrumb":{"@id":"https:\/\/www.larusee.com\/de\/allgemeine-verkaufsbedingungen\/#breadcrumb"},"inLanguage":"de","potentialAction":[{"@type":"ReadAction","target":["https:\/\/www.larusee.com\/de\/allgemeine-verkaufsbedingungen\/"]}]},{"@type":"BreadcrumbList","@id":"https:\/\/www.larusee.com\/de\/allgemeine-verkaufsbedingungen\/#breadcrumb","itemListElement":[{"@type":"ListItem","position":1,"name":"Accueil","item":"https:\/\/www.larusee.com\/de\/"},{"@type":"ListItem","position":2,"name":"Allgemeine Verkaufsbedingungen"}]},{"@type":"WebSite","@id":"https:\/\/www.larusee.com\/de\/#website","url":"https:\/\/www.larusee.com\/de\/","name":"Larus\u00e9e","description":"Distillateur d&#039;\u00e9motions","publisher":{"@id":"https:\/\/www.larusee.com\/de\/#organization"},"potentialAction":[{"@type":"SearchAction","target":{"@type":"EntryPoint","urlTemplate":"https:\/\/www.larusee.com\/de\/?s={search_term_string}"},"query-input":{"@type":"PropertyValueSpecification","valueRequired":true,"valueName":"search_term_string"}}],"inLanguage":"de"},{"@type":"Organization","@id":"https:\/\/www.larusee.com\/de\/#organization","name":"Larus\u00e9e","url":"https:\/\/www.larusee.com\/de\/","logo":{"@type":"ImageObject","inLanguage":"de","@id":"https:\/\/www.larusee.com\/de\/#\/schema\/logo\/image\/","url":"https:\/\/www.larusee.com\/wp-content\/uploads\/2019\/04\/Logo_Larusee_Noir.png","contentUrl":"https:\/\/www.larusee.com\/wp-content\/uploads\/2019\/04\/Logo_Larusee_Noir.png","width":1181,"height":318,"caption":"Larus\u00e9e"},"image":{"@id":"https:\/\/www.larusee.com\/de\/#\/schema\/logo\/image\/"},"sameAs":["https:\/\/www.facebook.com\/AbsintheLarusee","https:\/\/www.instagram.com\/distillerielarusee\/"]}]}},"_links":{"self":[{"href":"https:\/\/www.larusee.com\/de\/wp-json\/wp\/v2\/pages\/11180","targetHints":{"allow":["GET"]}}],"collection":[{"href":"https:\/\/www.larusee.com\/de\/wp-json\/wp\/v2\/pages"}],"about":[{"href":"https:\/\/www.larusee.com\/de\/wp-json\/wp\/v2\/types\/page"}],"author":[{"embeddable":true,"href":"https:\/\/www.larusee.com\/de\/wp-json\/wp\/v2\/users\/1"}],"replies":[{"embeddable":true,"href":"https:\/\/www.larusee.com\/de\/wp-json\/wp\/v2\/comments?post=11180"}],"version-history":[{"count":0,"href":"https:\/\/www.larusee.com\/de\/wp-json\/wp\/v2\/pages\/11180\/revisions"}],"wp:attachment":[{"href":"https:\/\/www.larusee.com\/de\/wp-json\/wp\/v2\/media?parent=11180"}],"curies":[{"name":"wp","href":"https:\/\/api.w.org\/{rel}","templated":true}]}}