{"id":11145,"date":"2019-04-29T21:58:00","date_gmt":"2019-04-29T19:58:00","guid":{"rendered":"https:\/\/www.larusee.com\/eine-familiengeschichte\/"},"modified":"2024-11-20T18:00:32","modified_gmt":"2024-11-20T17:00:32","slug":"eine-familiengeschichte","status":"publish","type":"page","link":"https:\/\/www.larusee.com\/de\/eine-familiengeschichte\/","title":{"rendered":"Eine Familiengeschichte"},"content":{"rendered":"<div class=\"wpb-content-wrapper\"><p>[vc_row full_width=&#8220;stretch_row&#8220; full_height=&#8220;yes&#8220; css_animation=&#8220;fadeIn&#8220; css=&#8220;.vc_custom_1555273878369{margin-bottom: 75px !important;background-image: url(http:\/\/new.larusee.com\/wp-content\/uploads\/2019\/04\/larusee-famille-2018-header.jpg?id=2942) !important;background-position: center !important;background-repeat: no-repeat !important;background-size: cover !important;}&#8220;][vc_column width=&#8220;1\/2&#8243;][vc_column_text]<\/p>\n<h1><span style=\"color: #ffffff;\">WIR SIND LARUS\u00c9E<\/span><\/h1>\n<p>[\/vc_column_text][\/vc_column][vc_column width=&#8220;1\/2&#8243;][\/vc_column][\/vc_row][vc_row][vc_column][vc_column_text]<\/p>\n<h2>Eine Familiengeschichte<\/h2>\n<p>[\/vc_column_text][\/vc_column][\/vc_row][vc_row css=&#8220;.vc_custom_1484857863227{margin-bottom: 75px !important;}&#8220;][vc_column width=&#8220;1\/2&#8243;][vc_column_text]Nicolas Nyfeler besucht von Zeit zu Zeit in Fenin, die Siebdruckwerkstatt von Jean-Pierre Candaux, um ihm Arbeit anzuvertrauen. Die beiden M\u00e4nner sind sich sympathisch und Nicolas trifft Aur\u00e9lie, die \u00e4lteste von vier T\u00f6chtern seines Freundes. Sie heiraten. Jean-Pierre erz\u00e4hlt Nicolas die Geschichte von L\u00e9on Duvanel, dem Gro\u00dfvater seiner Frau Dani\u00e8le. L\u00e9on, der aus dem Val-de-Travers stammt, hat immer davon getr\u00e4umt, Absinth zu destillieren. Da seine Frau vehement dagegen war,[\/vc_column_text][\/vc_column][vc_column width=&#8220;1\/2&#8243;][vc_column_text]hat er seinen Traum aufgegeben und seine Rezept- und Forschungshefte in einer alten Truhe auf dem Dachboden aufbewahrt. L\u00e9on lebt nicht mehr, aber zu seinen Lebzeiten hat er Jean-Pierre viel von seiner Leidenschaft f\u00fcr den Absinth erz\u00e4hlt, dass er den Wunsch in ihm weckte, selbst Absinth herzustellen\u2026 Mit dem Wunsch, das Bild von Absinth zu \u00e4ndern, bietet Nicolas Jean-Pierre an, zusammenzuarbeiten und diesen Traum Wirklichkeit werden zu lassen. Im Jahr 2012 wird das Unternehmen Larus\u00e9e gegr\u00fcndet.[\/vc_column_text][\/vc_column][\/vc_row][vc_row equal_height=&#8220;yes&#8220; content_placement=&#8220;top&#8220; css=&#8220;.vc_custom_1556375830640{margin-bottom: 75px !important;}&#8220;][vc_column width=&#8220;1\/4&#8243; css=&#8220;.vc_custom_1484858929720{padding-right: 35px !important;}&#8220;][vc_single_image image=&#8220;11289&#8243; img_size=&#8220;full&#8220; alignment=&#8220;center&#8220; onclick=&#8220;link_image&#8220;][vc_column_text]<\/p>\n<p style=\"text-align: center;\">Jean-Pierre Candaux<\/p>\n<p>[\/vc_column_text][\/vc_column][vc_column width=&#8220;1\/4&#8243; css=&#8220;.vc_custom_1484858943591{padding-left: 35px !important;}&#8220;][vc_single_image image=&#8220;11287&#8243; img_size=&#8220;full&#8220; alignment=&#8220;center&#8220; onclick=&#8220;link_image&#8220;][vc_column_text]<\/p>\n<p style=\"text-align: center;\">Dani\u00e8le Candaux<\/p>\n<p>[\/vc_column_text][\/vc_column][vc_column width=&#8220;1\/4&#8243;][vc_single_image image=&#8220;11285&#8243; img_size=&#8220;full&#8220; alignment=&#8220;center&#8220; onclick=&#8220;link_image&#8220;][vc_column_text]<\/p>\n<p style=\"text-align: center;\">Aur\u00e9lie Candaux<\/p>\n<p>[\/vc_column_text][\/vc_column][vc_column width=&#8220;1\/4&#8243;][vc_single_image image=&#8220;11291&#8243; img_size=&#8220;full&#8220; alignment=&#8220;center&#8220; onclick=&#8220;link_image&#8220;][vc_column_text]<\/p>\n<p style=\"text-align: center;\">Nicolas Nyfeler<\/p>\n<p>[\/vc_column_text][\/vc_column][\/vc_row]<\/p>\n<\/div>","protected":false},"excerpt":{"rendered":"<p>[vc_row full_width=&#8220;stretch_row&#8220; full_height=&#8220;yes&#8220; css_animation=&#8220;fadeIn&#8220; css=&#8220;.vc_custom_1555273878369{margin-bottom: 75px !important;background-image: url(http:\/\/new.larusee.com\/wp-content\/uploads\/2019\/04\/larusee-famille-2018-header.jpg?id=2942) !important;background-position: center !important;background-repeat: no-repeat !important;background-size: cover !important;}&#8220;][vc_column width=&#8220;1\/2&#8243;][vc_column_text] WIR SIND LARUS\u00c9E [\/vc_column_text][\/vc_column][vc_column width=&#8220;1\/2&#8243;][\/vc_column][\/vc_row][vc_row][vc_column][vc_column_text] Eine Familiengeschichte [\/vc_column_text][\/vc_column][\/vc_row][vc_row css=&#8220;.vc_custom_1484857863227{margin-bottom: 75px !important;}&#8220;][vc_column width=&#8220;1\/2&#8243;][vc_column_text]Nicolas Nyfeler besucht von Zeit zu Zeit in Fenin, die Siebdruckwerkstatt von Jean-Pierre Candaux, um ihm Arbeit anzuvertrauen. Die beiden M\u00e4nner sind sich sympathisch und Nicolas trifft Aur\u00e9lie, [&hellip;]<\/p>\n","protected":false},"author":1,"featured_media":0,"parent":0,"menu_order":0,"comment_status":"closed","ping_status":"closed","template":"page-full-width.php","meta":{"footnotes":""},"class_list":["post-11145","page","type-page","status-publish","hentry"],"yoast_head":"<!-- This site is optimized with the Yoast SEO plugin v27.5 - https:\/\/yoast.com\/product\/yoast-seo-wordpress\/ -->\n<title>Eine Familiengeschichte - Larus\u00e9e<\/title>\n<meta name=\"robots\" content=\"index, follow, max-snippet:-1, max-image-preview:large, max-video-preview:-1\" \/>\n<link rel=\"canonical\" href=\"https:\/\/www.larusee.com\/de\/eine-familiengeschichte\/\" \/>\n<meta property=\"og:locale\" content=\"de_DE\" \/>\n<meta property=\"og:type\" content=\"article\" \/>\n<meta property=\"og:title\" content=\"Eine Familiengeschichte - Larus\u00e9e\" \/>\n<meta property=\"og:description\" content=\"[vc_row full_width=&#8220;stretch_row&#8220; full_height=&#8220;yes&#8220; css_animation=&#8220;fadeIn&#8220; css=&#8220;.vc_custom_1555273878369{margin-bottom: 75px !important;background-image: url(http:\/\/new.larusee.com\/wp-content\/uploads\/2019\/04\/larusee-famille-2018-header.jpg?id=2942) !important;background-position: center !important;background-repeat: no-repeat !important;background-size: cover !important;}&#8220;][vc_column width=&#8220;1\/2&#8243;][vc_column_text] WIR SIND LARUS\u00c9E [\/vc_column_text][\/vc_column][vc_column width=&#8220;1\/2&#8243;][\/vc_column][\/vc_row][vc_row][vc_column][vc_column_text] Eine Familiengeschichte [\/vc_column_text][\/vc_column][\/vc_row][vc_row css=&#8220;.vc_custom_1484857863227{margin-bottom: 75px !important;}&#8220;][vc_column width=&#8220;1\/2&#8243;][vc_column_text]Nicolas Nyfeler besucht von Zeit zu Zeit in Fenin, die Siebdruckwerkstatt von Jean-Pierre Candaux, um ihm Arbeit anzuvertrauen. Die beiden M\u00e4nner sind sich sympathisch und Nicolas trifft Aur\u00e9lie, [&hellip;]\" \/>\n<meta property=\"og:url\" content=\"https:\/\/www.larusee.com\/de\/eine-familiengeschichte\/\" \/>\n<meta property=\"og:site_name\" content=\"Larus\u00e9e\" \/>\n<meta property=\"article:publisher\" content=\"https:\/\/www.facebook.com\/AbsintheLarusee\" \/>\n<meta property=\"article:modified_time\" content=\"2024-11-20T17:00:32+00:00\" \/>\n<meta name=\"twitter:card\" content=\"summary_large_image\" \/>\n<meta name=\"twitter:label1\" content=\"Gesch\u00e4tzte Lesezeit\" \/>\n\t<meta name=\"twitter:data1\" content=\"2\u00a0Minuten\" \/>\n<script type=\"application\/ld+json\" class=\"yoast-schema-graph\">{\"@context\":\"https:\\\/\\\/schema.org\",\"@graph\":[{\"@type\":\"WebPage\",\"@id\":\"https:\\\/\\\/www.larusee.com\\\/de\\\/eine-familiengeschichte\\\/\",\"url\":\"https:\\\/\\\/www.larusee.com\\\/de\\\/eine-familiengeschichte\\\/\",\"name\":\"Eine Familiengeschichte - Larus\u00e9e\",\"isPartOf\":{\"@id\":\"https:\\\/\\\/www.larusee.com\\\/de\\\/#website\"},\"datePublished\":\"2019-04-29T19:58:00+00:00\",\"dateModified\":\"2024-11-20T17:00:32+00:00\",\"breadcrumb\":{\"@id\":\"https:\\\/\\\/www.larusee.com\\\/de\\\/eine-familiengeschichte\\\/#breadcrumb\"},\"inLanguage\":\"de\",\"potentialAction\":[{\"@type\":\"ReadAction\",\"target\":[\"https:\\\/\\\/www.larusee.com\\\/de\\\/eine-familiengeschichte\\\/\"]}]},{\"@type\":\"BreadcrumbList\",\"@id\":\"https:\\\/\\\/www.larusee.com\\\/de\\\/eine-familiengeschichte\\\/#breadcrumb\",\"itemListElement\":[{\"@type\":\"ListItem\",\"position\":1,\"name\":\"Accueil\",\"item\":\"https:\\\/\\\/www.larusee.com\\\/de\\\/\"},{\"@type\":\"ListItem\",\"position\":2,\"name\":\"Eine Familiengeschichte\"}]},{\"@type\":\"WebSite\",\"@id\":\"https:\\\/\\\/www.larusee.com\\\/de\\\/#website\",\"url\":\"https:\\\/\\\/www.larusee.com\\\/de\\\/\",\"name\":\"Larus\u00e9e\",\"description\":\"Distillateur d&#039;\u00e9motions\",\"publisher\":{\"@id\":\"https:\\\/\\\/www.larusee.com\\\/de\\\/#organization\"},\"potentialAction\":[{\"@type\":\"SearchAction\",\"target\":{\"@type\":\"EntryPoint\",\"urlTemplate\":\"https:\\\/\\\/www.larusee.com\\\/de\\\/?s={search_term_string}\"},\"query-input\":{\"@type\":\"PropertyValueSpecification\",\"valueRequired\":true,\"valueName\":\"search_term_string\"}}],\"inLanguage\":\"de\"},{\"@type\":\"Organization\",\"@id\":\"https:\\\/\\\/www.larusee.com\\\/de\\\/#organization\",\"name\":\"Larus\u00e9e\",\"url\":\"https:\\\/\\\/www.larusee.com\\\/de\\\/\",\"logo\":{\"@type\":\"ImageObject\",\"inLanguage\":\"de\",\"@id\":\"https:\\\/\\\/www.larusee.com\\\/de\\\/#\\\/schema\\\/logo\\\/image\\\/\",\"url\":\"https:\\\/\\\/www.larusee.com\\\/wp-content\\\/uploads\\\/2019\\\/04\\\/Logo_Larusee_Noir.png\",\"contentUrl\":\"https:\\\/\\\/www.larusee.com\\\/wp-content\\\/uploads\\\/2019\\\/04\\\/Logo_Larusee_Noir.png\",\"width\":1181,\"height\":318,\"caption\":\"Larus\u00e9e\"},\"image\":{\"@id\":\"https:\\\/\\\/www.larusee.com\\\/de\\\/#\\\/schema\\\/logo\\\/image\\\/\"},\"sameAs\":[\"https:\\\/\\\/www.facebook.com\\\/AbsintheLarusee\",\"https:\\\/\\\/www.instagram.com\\\/distillerielarusee\\\/\"]}]}<\/script>\n<!-- \/ Yoast SEO plugin. -->","yoast_head_json":{"title":"Eine Familiengeschichte - Larus\u00e9e","robots":{"index":"index","follow":"follow","max-snippet":"max-snippet:-1","max-image-preview":"max-image-preview:large","max-video-preview":"max-video-preview:-1"},"canonical":"https:\/\/www.larusee.com\/de\/eine-familiengeschichte\/","og_locale":"de_DE","og_type":"article","og_title":"Eine Familiengeschichte - Larus\u00e9e","og_description":"[vc_row full_width=&#8220;stretch_row&#8220; full_height=&#8220;yes&#8220; css_animation=&#8220;fadeIn&#8220; css=&#8220;.vc_custom_1555273878369{margin-bottom: 75px !important;background-image: url(http:\/\/new.larusee.com\/wp-content\/uploads\/2019\/04\/larusee-famille-2018-header.jpg?id=2942) !important;background-position: center !important;background-repeat: no-repeat !important;background-size: cover !important;}&#8220;][vc_column width=&#8220;1\/2&#8243;][vc_column_text] WIR SIND LARUS\u00c9E [\/vc_column_text][\/vc_column][vc_column width=&#8220;1\/2&#8243;][\/vc_column][\/vc_row][vc_row][vc_column][vc_column_text] Eine Familiengeschichte [\/vc_column_text][\/vc_column][\/vc_row][vc_row css=&#8220;.vc_custom_1484857863227{margin-bottom: 75px !important;}&#8220;][vc_column width=&#8220;1\/2&#8243;][vc_column_text]Nicolas Nyfeler besucht von Zeit zu Zeit in Fenin, die Siebdruckwerkstatt von Jean-Pierre Candaux, um ihm Arbeit anzuvertrauen. Die beiden M\u00e4nner sind sich sympathisch und Nicolas trifft Aur\u00e9lie, [&hellip;]","og_url":"https:\/\/www.larusee.com\/de\/eine-familiengeschichte\/","og_site_name":"Larus\u00e9e","article_publisher":"https:\/\/www.facebook.com\/AbsintheLarusee","article_modified_time":"2024-11-20T17:00:32+00:00","twitter_card":"summary_large_image","twitter_misc":{"Gesch\u00e4tzte Lesezeit":"2\u00a0Minuten"},"schema":{"@context":"https:\/\/schema.org","@graph":[{"@type":"WebPage","@id":"https:\/\/www.larusee.com\/de\/eine-familiengeschichte\/","url":"https:\/\/www.larusee.com\/de\/eine-familiengeschichte\/","name":"Eine Familiengeschichte - Larus\u00e9e","isPartOf":{"@id":"https:\/\/www.larusee.com\/de\/#website"},"datePublished":"2019-04-29T19:58:00+00:00","dateModified":"2024-11-20T17:00:32+00:00","breadcrumb":{"@id":"https:\/\/www.larusee.com\/de\/eine-familiengeschichte\/#breadcrumb"},"inLanguage":"de","potentialAction":[{"@type":"ReadAction","target":["https:\/\/www.larusee.com\/de\/eine-familiengeschichte\/"]}]},{"@type":"BreadcrumbList","@id":"https:\/\/www.larusee.com\/de\/eine-familiengeschichte\/#breadcrumb","itemListElement":[{"@type":"ListItem","position":1,"name":"Accueil","item":"https:\/\/www.larusee.com\/de\/"},{"@type":"ListItem","position":2,"name":"Eine Familiengeschichte"}]},{"@type":"WebSite","@id":"https:\/\/www.larusee.com\/de\/#website","url":"https:\/\/www.larusee.com\/de\/","name":"Larus\u00e9e","description":"Distillateur d&#039;\u00e9motions","publisher":{"@id":"https:\/\/www.larusee.com\/de\/#organization"},"potentialAction":[{"@type":"SearchAction","target":{"@type":"EntryPoint","urlTemplate":"https:\/\/www.larusee.com\/de\/?s={search_term_string}"},"query-input":{"@type":"PropertyValueSpecification","valueRequired":true,"valueName":"search_term_string"}}],"inLanguage":"de"},{"@type":"Organization","@id":"https:\/\/www.larusee.com\/de\/#organization","name":"Larus\u00e9e","url":"https:\/\/www.larusee.com\/de\/","logo":{"@type":"ImageObject","inLanguage":"de","@id":"https:\/\/www.larusee.com\/de\/#\/schema\/logo\/image\/","url":"https:\/\/www.larusee.com\/wp-content\/uploads\/2019\/04\/Logo_Larusee_Noir.png","contentUrl":"https:\/\/www.larusee.com\/wp-content\/uploads\/2019\/04\/Logo_Larusee_Noir.png","width":1181,"height":318,"caption":"Larus\u00e9e"},"image":{"@id":"https:\/\/www.larusee.com\/de\/#\/schema\/logo\/image\/"},"sameAs":["https:\/\/www.facebook.com\/AbsintheLarusee","https:\/\/www.instagram.com\/distillerielarusee\/"]}]}},"_links":{"self":[{"href":"https:\/\/www.larusee.com\/de\/wp-json\/wp\/v2\/pages\/11145","targetHints":{"allow":["GET"]}}],"collection":[{"href":"https:\/\/www.larusee.com\/de\/wp-json\/wp\/v2\/pages"}],"about":[{"href":"https:\/\/www.larusee.com\/de\/wp-json\/wp\/v2\/types\/page"}],"author":[{"embeddable":true,"href":"https:\/\/www.larusee.com\/de\/wp-json\/wp\/v2\/users\/1"}],"replies":[{"embeddable":true,"href":"https:\/\/www.larusee.com\/de\/wp-json\/wp\/v2\/comments?post=11145"}],"version-history":[{"count":2,"href":"https:\/\/www.larusee.com\/de\/wp-json\/wp\/v2\/pages\/11145\/revisions"}],"predecessor-version":[{"id":21941,"href":"https:\/\/www.larusee.com\/de\/wp-json\/wp\/v2\/pages\/11145\/revisions\/21941"}],"wp:attachment":[{"href":"https:\/\/www.larusee.com\/de\/wp-json\/wp\/v2\/media?parent=11145"}],"curies":[{"name":"wp","href":"https:\/\/api.w.org\/{rel}","templated":true}]}}