{"id":11140,"date":"2019-04-29T21:46:03","date_gmt":"2019-04-29T19:46:03","guid":{"rendered":"https:\/\/www.larusee.com\/kontakt\/"},"modified":"2024-11-20T18:08:47","modified_gmt":"2024-11-20T17:08:47","slug":"kontakt","status":"publish","type":"page","link":"https:\/\/www.larusee.com\/de\/kontakt\/","title":{"rendered":"Kontakt"},"content":{"rendered":"<div class=\"wpb-content-wrapper\"><p>[vc_row full_width=&#8220;stretch_row&#8220; css=&#8220;.vc_custom_1556462626714{margin-bottom: 75px !important;padding-top: 200px !important;padding-bottom: 150px !important;background-image: url(http:\/\/new.larusee.com\/wp-content\/uploads\/2019\/04\/larusee-header-newyork-1920&#215;800.jpg?id=10837) !important;background-position: center !important;background-repeat: no-repeat !important;background-size: cover !important;}&#8220;][vc_column][vc_row_inner][vc_column_inner width=&#8220;1\/2&#8243;][vc_custom_heading text=&#8220;Wir freuen uns <br \/>auf Ihre Kontaktaufnahme!&#8220; font_container=&#8220;tag:h2|font_size:60|text_align:left|color:%23ffffff&#8220; google_fonts=&#8220;font_family:Asul%3Aregular%2C700|font_style:700%20bold%20regular%3A700%3Anormal&#8220;][\/vc_column_inner][vc_column_inner width=&#8220;1\/2&#8243;][\/vc_column_inner][\/vc_row_inner][\/vc_column][\/vc_row][vc_row css=&#8220;.vc_custom_1485437570456{margin-bottom: 45px !important;}&#8220;][vc_column width=&#8220;1\/4&#8243;][vc_icon icon_fontawesome=&#8220;fa fa-map-marker&#8220; color=&#8220;custom&#8220; custom_color=&#8220;#f9b309&#8243; background_style=&#8220;rounded-outline&#8220; align=&#8220;center&#8220;][vc_column_text]<\/p>\n<h5 style=\"text-align: center;\">Adresse<\/h5>\n<div class=\"fl-module fl-module-heading fl-node-58e3b914e7ba6\" style=\"text-align: center;\" data-node=\"58e3b914e7ba6\">\n<div class=\"fl-module-content fl-node-content\"><\/div>\n<\/div>\n<div class=\"fl-module fl-module-rich-text fl-node-58e3b914e7bdb\" data-node=\"58e3b914e7bdb\">\n<div class=\"fl-module-content fl-node-content\">\n<div class=\"fl-rich-text\">\n<p style=\"text-align: center;\">Larus\u00e9e S\u00e0rl<br \/>\n1, rue des Bons-Voisins<br \/>\n2063 Fenin<br \/>\nSchweiz<\/p>\n<\/div>\n<\/div>\n<\/div>\n<p>&nbsp;<br \/>\n[\/vc_column_text][\/vc_column][vc_column width=&#8220;1\/4&#8243;][vc_icon icon_fontawesome=&#8220;fa fa-envelope&#8220; color=&#8220;custom&#8220; custom_color=&#8220;#f9b309&#8243; background_style=&#8220;rounded-outline&#8220; align=&#8220;center&#8220;][vc_column_text]<\/p>\n<h5 style=\"text-align: center;\">E- mail<\/h5>\n<div class=\"fl-module fl-module-rich-text fl-node-58e3b914e7d89\" data-node=\"58e3b914e7d89\">\n<div class=\"fl-module-content fl-node-content\">\n<div class=\"fl-rich-text\">\n<p style=\"text-align: center;\"><a href=\"mailto:fenin@larusee.com\">fenin{a}larusee.com<\/a><\/p>\n<hr \/>\n<p style=\"text-align: center;\">Vertrieb<br \/>\n<a href=\"mailto:nicolas.nyfeler@larusee.com\">nicolas.nyfeler{a}larusee.com<\/a><\/p>\n<\/div>\n<\/div>\n<\/div>\n<p>&nbsp;<br \/>\n[\/vc_column_text][\/vc_column][vc_column width=&#8220;1\/4&#8243;][vc_icon icon_fontawesome=&#8220;fa fa-mobile&#8220; color=&#8220;custom&#8220; custom_color=&#8220;#f9b309&#8243; background_style=&#8220;rounded-outline&#8220; align=&#8220;center&#8220;][vc_column_text css=&#8220;&#8220;]<\/p>\n<h5 style=\"text-align: center;\">Telefon<\/h5>\n<p style=\"text-align: center;\">+41 32 853 12 03<\/p>\n<p style=\"text-align: center;\">Wenn keine antwort:<br \/>\n+41 79 416 24 79<\/p>\n<p>[\/vc_column_text][\/vc_column][vc_column width=&#8220;1\/4&#8243;][vc_icon icon_fontawesome=&#8220;fa fa-clock-o&#8220; color=&#8220;custom&#8220; custom_color=&#8220;#f9b309&#8243; background_style=&#8220;rounded-outline&#8220; align=&#8220;center&#8220;][vc_column_text css=&#8220;&#8220;]<\/p>\n<h5 style=\"text-align: center;\">\u00d6ffnungszeiten<\/h5>\n<p style=\"text-align: center;\">Mittwoch bis Freitag<br \/>\n14.00 \u00e0 18.30<\/p>\n<p style=\"text-align: center;\">oder nach Vereinbarung<\/p>\n<hr \/>\n<p style=\"text-align: center;\">Samstag<br \/>\n11.00 &#8211; 16.00<\/p>\n<hr \/>\n<p style=\"text-align: center;\">Sonntag: Wir ruhen uns aus \ud83d\ude42<\/p>\n<p>[\/vc_column_text][\/vc_column][\/vc_row][vc_row full_width=&#8220;stretch_row&#8220;][vc_column][vc_gmaps link=&#8220;#E-8_JTNDaWZyYW1lJTIwc3JjJTNEJTIyaHR0cHMlM0ElMkYlMkZ3d3cuZ29vZ2xlLmNvbSUyRm1hcHMlMkZlbWJlZCUyRnYxJTJGcGxhY2UlM0ZxJTNETGFydXMlMjVDMyUyNUE5ZSUyQnMlMjVDMyUyNUEwcmwlMjZrZXklM0RBSXphU3lEMDl6UTlQTkROTnk5VGFkTXV6UlZfVXNQVW9XS250dDglMjIlM0UlM0MlMkZpZnJhbWUlM0UlM0MlMkZkaXYlM0U=&#8220; size=&#8220;500px&#8220;][vc_empty_space][\/vc_column][\/vc_row]<\/p>\n<\/div>","protected":false},"excerpt":{"rendered":"<p>[vc_row full_width=&#8220;stretch_row&#8220; css=&#8220;.vc_custom_1556462626714{margin-bottom: 75px !important;padding-top: 200px !important;padding-bottom: 150px !important;background-image: url(http:\/\/new.larusee.com\/wp-content\/uploads\/2019\/04\/larusee-header-newyork-1920&#215;800.jpg?id=10837) !important;background-position: center !important;background-repeat: no-repeat !important;background-size: cover !important;}&#8220;][vc_column][vc_row_inner][vc_column_inner width=&#8220;1\/2&#8243;][vc_custom_heading text=&#8220;Wir freuen uns auf Ihre Kontaktaufnahme!&#8220; font_container=&#8220;tag:h2|font_size:60|text_align:left|color:%23ffffff&#8220; google_fonts=&#8220;font_family:Asul%3Aregular%2C700|font_style:700%20bold%20regular%3A700%3Anormal&#8220;][\/vc_column_inner][vc_column_inner width=&#8220;1\/2&#8243;][\/vc_column_inner][\/vc_row_inner][\/vc_column][\/vc_row][vc_row css=&#8220;.vc_custom_1485437570456{margin-bottom: 45px !important;}&#8220;][vc_column width=&#8220;1\/4&#8243;][vc_icon icon_fontawesome=&#8220;fa fa-map-marker&#8220; color=&#8220;custom&#8220; custom_color=&#8220;#f9b309&#8243; background_style=&#8220;rounded-outline&#8220; align=&#8220;center&#8220;][vc_column_text] Adresse Larus\u00e9e S\u00e0rl 1, rue des Bons-Voisins 2063 Fenin Schweiz &nbsp; [\/vc_column_text][\/vc_column][vc_column width=&#8220;1\/4&#8243;][vc_icon icon_fontawesome=&#8220;fa fa-envelope&#8220; color=&#8220;custom&#8220; custom_color=&#8220;#f9b309&#8243; background_style=&#8220;rounded-outline&#8220; [&hellip;]<\/p>\n","protected":false},"author":1,"featured_media":0,"parent":0,"menu_order":0,"comment_status":"closed","ping_status":"closed","template":"page-boxed.php","meta":{"footnotes":""},"class_list":["post-11140","page","type-page","status-publish","hentry"],"yoast_head":"<!-- This site is optimized with the Yoast SEO plugin v27.3 - https:\/\/yoast.com\/product\/yoast-seo-wordpress\/ -->\n<title>Kontakt - Larus\u00e9e<\/title>\n<meta name=\"description\" content=\"Kontaktieren Sie Larus\u00e9e, Brennerei f\u00fcr Absinth, Pastis, Gin und andere Spirituosen. \u00d6ffnungszeiten unseres Shops.\" \/>\n<meta name=\"robots\" content=\"index, follow, max-snippet:-1, max-image-preview:large, max-video-preview:-1\" \/>\n<link rel=\"canonical\" href=\"https:\/\/www.larusee.com\/de\/kontakt\/\" \/>\n<meta property=\"og:locale\" content=\"de_DE\" \/>\n<meta property=\"og:type\" content=\"article\" \/>\n<meta property=\"og:title\" content=\"Kontakt - Larus\u00e9e\" \/>\n<meta property=\"og:description\" content=\"Kontaktieren Sie Larus\u00e9e, Brennerei f\u00fcr Absinth, Pastis, Gin und andere Spirituosen. \u00d6ffnungszeiten unseres Shops.\" \/>\n<meta property=\"og:url\" content=\"https:\/\/www.larusee.com\/de\/kontakt\/\" \/>\n<meta property=\"og:site_name\" content=\"Larus\u00e9e\" \/>\n<meta property=\"article:publisher\" content=\"https:\/\/www.facebook.com\/AbsintheLarusee\" \/>\n<meta property=\"article:modified_time\" content=\"2024-11-20T17:08:47+00:00\" \/>\n<meta name=\"twitter:card\" content=\"summary_large_image\" \/>\n<meta name=\"twitter:label1\" content=\"Gesch\u00e4tzte Lesezeit\" \/>\n\t<meta name=\"twitter:data1\" content=\"1\u00a0Minute\" \/>\n<script type=\"application\/ld+json\" class=\"yoast-schema-graph\">{\"@context\":\"https:\\\/\\\/schema.org\",\"@graph\":[{\"@type\":\"WebPage\",\"@id\":\"https:\\\/\\\/www.larusee.com\\\/de\\\/kontakt\\\/\",\"url\":\"https:\\\/\\\/www.larusee.com\\\/de\\\/kontakt\\\/\",\"name\":\"Kontakt - Larus\u00e9e\",\"isPartOf\":{\"@id\":\"https:\\\/\\\/www.larusee.com\\\/de\\\/#website\"},\"datePublished\":\"2019-04-29T19:46:03+00:00\",\"dateModified\":\"2024-11-20T17:08:47+00:00\",\"description\":\"Kontaktieren Sie Larus\u00e9e, Brennerei f\u00fcr Absinth, Pastis, Gin und andere Spirituosen. \u00d6ffnungszeiten unseres Shops.\",\"breadcrumb\":{\"@id\":\"https:\\\/\\\/www.larusee.com\\\/de\\\/kontakt\\\/#breadcrumb\"},\"inLanguage\":\"de\",\"potentialAction\":[{\"@type\":\"ReadAction\",\"target\":[\"https:\\\/\\\/www.larusee.com\\\/de\\\/kontakt\\\/\"]}]},{\"@type\":\"BreadcrumbList\",\"@id\":\"https:\\\/\\\/www.larusee.com\\\/de\\\/kontakt\\\/#breadcrumb\",\"itemListElement\":[{\"@type\":\"ListItem\",\"position\":1,\"name\":\"Accueil\",\"item\":\"https:\\\/\\\/www.larusee.com\\\/de\\\/\"},{\"@type\":\"ListItem\",\"position\":2,\"name\":\"Kontakt\"}]},{\"@type\":\"WebSite\",\"@id\":\"https:\\\/\\\/www.larusee.com\\\/de\\\/#website\",\"url\":\"https:\\\/\\\/www.larusee.com\\\/de\\\/\",\"name\":\"Larus\u00e9e\",\"description\":\"Distillateur d&#039;\u00e9motions\",\"publisher\":{\"@id\":\"https:\\\/\\\/www.larusee.com\\\/de\\\/#organization\"},\"potentialAction\":[{\"@type\":\"SearchAction\",\"target\":{\"@type\":\"EntryPoint\",\"urlTemplate\":\"https:\\\/\\\/www.larusee.com\\\/de\\\/?s={search_term_string}\"},\"query-input\":{\"@type\":\"PropertyValueSpecification\",\"valueRequired\":true,\"valueName\":\"search_term_string\"}}],\"inLanguage\":\"de\"},{\"@type\":\"Organization\",\"@id\":\"https:\\\/\\\/www.larusee.com\\\/de\\\/#organization\",\"name\":\"Larus\u00e9e\",\"url\":\"https:\\\/\\\/www.larusee.com\\\/de\\\/\",\"logo\":{\"@type\":\"ImageObject\",\"inLanguage\":\"de\",\"@id\":\"https:\\\/\\\/www.larusee.com\\\/de\\\/#\\\/schema\\\/logo\\\/image\\\/\",\"url\":\"https:\\\/\\\/www.larusee.com\\\/wp-content\\\/uploads\\\/2019\\\/04\\\/Logo_Larusee_Noir.png\",\"contentUrl\":\"https:\\\/\\\/www.larusee.com\\\/wp-content\\\/uploads\\\/2019\\\/04\\\/Logo_Larusee_Noir.png\",\"width\":1181,\"height\":318,\"caption\":\"Larus\u00e9e\"},\"image\":{\"@id\":\"https:\\\/\\\/www.larusee.com\\\/de\\\/#\\\/schema\\\/logo\\\/image\\\/\"},\"sameAs\":[\"https:\\\/\\\/www.facebook.com\\\/AbsintheLarusee\",\"https:\\\/\\\/www.instagram.com\\\/distillerielarusee\\\/\"]}]}<\/script>\n<!-- \/ Yoast SEO plugin. -->","yoast_head_json":{"title":"Kontakt - Larus\u00e9e","description":"Kontaktieren Sie Larus\u00e9e, Brennerei f\u00fcr Absinth, Pastis, Gin und andere Spirituosen. \u00d6ffnungszeiten unseres Shops.","robots":{"index":"index","follow":"follow","max-snippet":"max-snippet:-1","max-image-preview":"max-image-preview:large","max-video-preview":"max-video-preview:-1"},"canonical":"https:\/\/www.larusee.com\/de\/kontakt\/","og_locale":"de_DE","og_type":"article","og_title":"Kontakt - Larus\u00e9e","og_description":"Kontaktieren Sie Larus\u00e9e, Brennerei f\u00fcr Absinth, Pastis, Gin und andere Spirituosen. \u00d6ffnungszeiten unseres Shops.","og_url":"https:\/\/www.larusee.com\/de\/kontakt\/","og_site_name":"Larus\u00e9e","article_publisher":"https:\/\/www.facebook.com\/AbsintheLarusee","article_modified_time":"2024-11-20T17:08:47+00:00","twitter_card":"summary_large_image","twitter_misc":{"Gesch\u00e4tzte Lesezeit":"1\u00a0Minute"},"schema":{"@context":"https:\/\/schema.org","@graph":[{"@type":"WebPage","@id":"https:\/\/www.larusee.com\/de\/kontakt\/","url":"https:\/\/www.larusee.com\/de\/kontakt\/","name":"Kontakt - Larus\u00e9e","isPartOf":{"@id":"https:\/\/www.larusee.com\/de\/#website"},"datePublished":"2019-04-29T19:46:03+00:00","dateModified":"2024-11-20T17:08:47+00:00","description":"Kontaktieren Sie Larus\u00e9e, Brennerei f\u00fcr Absinth, Pastis, Gin und andere Spirituosen. \u00d6ffnungszeiten unseres Shops.","breadcrumb":{"@id":"https:\/\/www.larusee.com\/de\/kontakt\/#breadcrumb"},"inLanguage":"de","potentialAction":[{"@type":"ReadAction","target":["https:\/\/www.larusee.com\/de\/kontakt\/"]}]},{"@type":"BreadcrumbList","@id":"https:\/\/www.larusee.com\/de\/kontakt\/#breadcrumb","itemListElement":[{"@type":"ListItem","position":1,"name":"Accueil","item":"https:\/\/www.larusee.com\/de\/"},{"@type":"ListItem","position":2,"name":"Kontakt"}]},{"@type":"WebSite","@id":"https:\/\/www.larusee.com\/de\/#website","url":"https:\/\/www.larusee.com\/de\/","name":"Larus\u00e9e","description":"Distillateur d&#039;\u00e9motions","publisher":{"@id":"https:\/\/www.larusee.com\/de\/#organization"},"potentialAction":[{"@type":"SearchAction","target":{"@type":"EntryPoint","urlTemplate":"https:\/\/www.larusee.com\/de\/?s={search_term_string}"},"query-input":{"@type":"PropertyValueSpecification","valueRequired":true,"valueName":"search_term_string"}}],"inLanguage":"de"},{"@type":"Organization","@id":"https:\/\/www.larusee.com\/de\/#organization","name":"Larus\u00e9e","url":"https:\/\/www.larusee.com\/de\/","logo":{"@type":"ImageObject","inLanguage":"de","@id":"https:\/\/www.larusee.com\/de\/#\/schema\/logo\/image\/","url":"https:\/\/www.larusee.com\/wp-content\/uploads\/2019\/04\/Logo_Larusee_Noir.png","contentUrl":"https:\/\/www.larusee.com\/wp-content\/uploads\/2019\/04\/Logo_Larusee_Noir.png","width":1181,"height":318,"caption":"Larus\u00e9e"},"image":{"@id":"https:\/\/www.larusee.com\/de\/#\/schema\/logo\/image\/"},"sameAs":["https:\/\/www.facebook.com\/AbsintheLarusee","https:\/\/www.instagram.com\/distillerielarusee\/"]}]}},"_links":{"self":[{"href":"https:\/\/www.larusee.com\/de\/wp-json\/wp\/v2\/pages\/11140","targetHints":{"allow":["GET"]}}],"collection":[{"href":"https:\/\/www.larusee.com\/de\/wp-json\/wp\/v2\/pages"}],"about":[{"href":"https:\/\/www.larusee.com\/de\/wp-json\/wp\/v2\/types\/page"}],"author":[{"embeddable":true,"href":"https:\/\/www.larusee.com\/de\/wp-json\/wp\/v2\/users\/1"}],"replies":[{"embeddable":true,"href":"https:\/\/www.larusee.com\/de\/wp-json\/wp\/v2\/comments?post=11140"}],"version-history":[{"count":3,"href":"https:\/\/www.larusee.com\/de\/wp-json\/wp\/v2\/pages\/11140\/revisions"}],"predecessor-version":[{"id":21948,"href":"https:\/\/www.larusee.com\/de\/wp-json\/wp\/v2\/pages\/11140\/revisions\/21948"}],"wp:attachment":[{"href":"https:\/\/www.larusee.com\/de\/wp-json\/wp\/v2\/media?parent=11140"}],"curies":[{"name":"wp","href":"https:\/\/api.w.org\/{rel}","templated":true}]}}