{"id":11138,"date":"2019-04-29T21:41:34","date_gmt":"2019-04-29T19:41:34","guid":{"rendered":"https:\/\/www.larusee.com\/willkommen-bei-larusee\/"},"modified":"2024-11-19T17:32:45","modified_gmt":"2024-11-19T16:32:45","slug":"willkommen-bei-larusee","status":"publish","type":"page","link":"https:\/\/www.larusee.com\/de\/willkommen-bei-larusee\/","title":{"rendered":"Willkommen bei Larus\u00e9e"},"content":{"rendered":"\t\t<div data-elementor-type=\"wp-page\" data-elementor-id=\"11138\" class=\"elementor elementor-11138 elementor-2933\" data-elementor-post-type=\"page\">\n\t\t\t\t<div class=\"elementor-element elementor-element-58f2f1a e-flex e-con-boxed e-con e-parent\" data-id=\"58f2f1a\" data-element_type=\"container\" data-e-type=\"container\" data-settings=\"{&quot;background_background&quot;:&quot;classic&quot;}\">\n\t\t\t\t\t<div class=\"e-con-inner\">\n\t\t\t\t<div class=\"elementor-element elementor-element-7e843cc elementor-absolute elementor-widget elementor-widget-heading\" data-id=\"7e843cc\" data-element_type=\"widget\" data-e-type=\"widget\" data-settings=\"{&quot;_position&quot;:&quot;absolute&quot;}\" data-widget_type=\"heading.default\">\n\t\t\t\t\t<h1 class=\"elementor-heading-title elementor-size-default\">WILLKOMMEN BEI LARUS\u00c9E<\/h1>\t\t\t\t<\/div>\n\t\t\t\t\t<\/div>\n\t\t\t\t<\/div>\n\t\t<div class=\"elementor-element elementor-element-234d875 e-flex e-con-boxed e-con e-parent\" data-id=\"234d875\" data-element_type=\"container\" data-e-type=\"container\" data-settings=\"{&quot;background_background&quot;:&quot;classic&quot;}\">\n\t\t\t\t\t<div class=\"e-con-inner\">\n\t\t<div class=\"elementor-element elementor-element-195789a e-con-full e-flex e-con e-child\" data-id=\"195789a\" data-element_type=\"container\" data-e-type=\"container\">\n\t\t\t\t<div class=\"elementor-element elementor-element-b5dd708 elementor-widget elementor-widget-spacer\" data-id=\"b5dd708\" data-element_type=\"widget\" data-e-type=\"widget\" data-widget_type=\"spacer.default\">\n\t\t\t\t\t\t\t<div class=\"elementor-spacer\">\n\t\t\t<div class=\"elementor-spacer-inner\"><\/div>\n\t\t<\/div>\n\t\t\t\t\t\t<\/div>\n\t\t\t\t<div class=\"elementor-element elementor-element-7d6a4e6 elementor-widget elementor-widget-heading\" data-id=\"7d6a4e6\" data-element_type=\"widget\" data-e-type=\"widget\" data-widget_type=\"heading.default\">\n\t\t\t\t\t<h2 class=\"elementor-heading-title elementor-size-default\">Spirituosen wie zuvor produziert<\/h2>\t\t\t\t<\/div>\n\t\t\t\t<div class=\"elementor-element elementor-element-c2738e4 e-transform elementor-widget elementor-widget-image\" data-id=\"c2738e4\" data-element_type=\"widget\" data-e-type=\"widget\" data-settings=\"{&quot;_transform_translateY_effect&quot;:{&quot;unit&quot;:&quot;px&quot;,&quot;size&quot;:20,&quot;sizes&quot;:[]},&quot;_transform_translateX_effect&quot;:{&quot;unit&quot;:&quot;px&quot;,&quot;size&quot;:&quot;&quot;,&quot;sizes&quot;:[]},&quot;_transform_translateX_effect_tablet&quot;:{&quot;unit&quot;:&quot;px&quot;,&quot;size&quot;:&quot;&quot;,&quot;sizes&quot;:[]},&quot;_transform_translateX_effect_mobile&quot;:{&quot;unit&quot;:&quot;px&quot;,&quot;size&quot;:&quot;&quot;,&quot;sizes&quot;:[]},&quot;_transform_translateY_effect_tablet&quot;:{&quot;unit&quot;:&quot;px&quot;,&quot;size&quot;:&quot;&quot;,&quot;sizes&quot;:[]},&quot;_transform_translateY_effect_mobile&quot;:{&quot;unit&quot;:&quot;px&quot;,&quot;size&quot;:&quot;&quot;,&quot;sizes&quot;:[]}}\" data-widget_type=\"image.default\">\n\t\t\t\t\t\t\t\t\t\t\t\t\t\t\t<img fetchpriority=\"high\" decoding=\"async\" width=\"600\" height=\"609\" src=\"https:\/\/www.larusee.com\/wp-content\/uploads\/2024\/03\/Larusee_Bleue-600px.png\" class=\"attachment-full size-full wp-image-21319\" alt=\"\" srcset=\"https:\/\/www.larusee.com\/wp-content\/uploads\/2024\/03\/Larusee_Bleue-600px.png 600w, https:\/\/www.larusee.com\/wp-content\/uploads\/2024\/03\/Larusee_Bleue-600px-296x300.png 296w\" sizes=\"(max-width: 600px) 100vw, 600px\" \/>\t\t\t\t\t\t\t\t\t\t\t\t\t\t\t<\/div>\n\t\t\t\t<\/div>\n\t\t<div class=\"elementor-element elementor-element-3d54f98 e-con-full e-flex e-con e-child\" data-id=\"3d54f98\" data-element_type=\"container\" data-e-type=\"container\">\n\t\t\t\t<div class=\"elementor-element elementor-element-a6cc4c5 elementor-widget elementor-widget-spacer\" data-id=\"a6cc4c5\" data-element_type=\"widget\" data-e-type=\"widget\" data-widget_type=\"spacer.default\">\n\t\t\t\t\t\t\t<div class=\"elementor-spacer\">\n\t\t\t<div class=\"elementor-spacer-inner\"><\/div>\n\t\t<\/div>\n\t\t\t\t\t\t<\/div>\n\t\t\t\t<div class=\"elementor-element elementor-element-2162c47 elementor-widget elementor-widget-text-editor\" data-id=\"2162c47\" data-element_type=\"widget\" data-e-type=\"widget\" data-widget_type=\"text-editor.default\">\n\t\t\t\t\t\t\t\t\t<p>Wenn Sie eine wertvolle Flasche aus der Brennerei Larus\u00e9e \u00f6ffnen, tauchen Sie in eine Welt der komplexen Aromen ein, die keinem anderen Absinth \u00e4hnelt.<\/p>\n<p>Sie werden darin eine subtile Welt entdecken, die Wermut, Anis und Fenchel kombiniert, hervorgehoben durch eine Reihe von perfekt ausbalancierten Kr\u00e4utern und Gew\u00fcrzen.<\/p>\n<p><strong>Entwickelt im Kanton Neuenburg<\/strong>, der historischen Wiege des Absinths, wird der Larus\u00e9e auf vollst\u00e4ndig handwerkliche Art destilliert, nach einem Rezept aus dem 19. Jahrhundert, das im Laufe der Zeit verbessert wurde und sorgsam geh\u00fctet wird. Der Wille der Sch\u00f6pfer von Larus\u00e9e ist, eine elegante und raffinierte Vision eines historischen Getr\u00e4nks anbieten zu k\u00f6nnen, wo die Hand des Menschen in jeder Phase der Herstellung beteiligt ist. Eine begrenzte und ausgereifte Produktion, sowie das Know-how einer engagierten Familie erlauben es uns zu best\u00e4tigen, dass Sie einen der besten Absinthe genie\u00dfen werden.<\/p>\n<p>Seitdem hat sich Larus\u00e9e erfolgreich auf Pastis, Gin und die Herstellung von Lik\u00f6ren spezialisiert. Immer mit der Ausgelassenheit, f\u00fcr die die Marke bekannt ist!<\/p>\n\t\t\t\t\t\t\t\t<\/div>\n\t\t\t\t<\/div>\n\t\t\t\t\t<\/div>\n\t\t\t\t<\/div>\n\t\t<div class=\"elementor-element elementor-element-7b76b78c e-flex e-con-boxed e-con e-parent\" data-id=\"7b76b78c\" data-element_type=\"container\" data-e-type=\"container\">\n\t\t\t\t\t<div class=\"e-con-inner\">\n\t\t\t\t<div class=\"elementor-element elementor-element-62273d8 elementor-blockquote--skin-boxed elementor-blockquote--align-center elementor-widget__width-initial elementor-widget elementor-widget-blockquote\" data-id=\"62273d8\" data-element_type=\"widget\" data-e-type=\"widget\" data-settings=\"{&quot;_animation&quot;:&quot;none&quot;}\" data-widget_type=\"blockquote.default\">\n\t\t\t\t\t\t\t<blockquote class=\"elementor-blockquote\">\n\t\t\t<p class=\"elementor-blockquote__content\">\n\t\t\t\t\"Wir legen gro\u00dfen Wert darauf, dass die menschliche Hand zu jedem Zeitpunkt ihrer Herstellung mit der Flasche in Kontakt steht.\"\t\t\t<\/p>\n\t\t\t\t\t\t\t<div class=\"e-q-footer\">\n\t\t\t\t\t\t\t\t\t\t\t<cite class=\"elementor-blockquote__author\">Nicolas Nyfeler<\/cite>\n\t\t\t\t\t\t\t\t\t\t\t\t\t\t<\/div>\n\t\t\t\t\t<\/blockquote>\n\t\t\t\t\t\t<\/div>\n\t\t\t\t\t<\/div>\n\t\t\t\t<\/div>\n\t\t<div class=\"elementor-element elementor-element-7f73da3 e-flex e-con-boxed e-con e-parent\" data-id=\"7f73da3\" data-element_type=\"container\" data-e-type=\"container\" data-settings=\"{&quot;background_background&quot;:&quot;classic&quot;}\">\n\t\t\t\t\t<div class=\"e-con-inner\">\n\t\t<div class=\"elementor-element elementor-element-a3432ee e-grid e-con-full e-con e-child\" data-id=\"a3432ee\" data-element_type=\"container\" data-e-type=\"container\" data-settings=\"{&quot;background_background&quot;:&quot;classic&quot;}\">\n\t\t\t\t<div class=\"elementor-element elementor-element-678b846 elementor-widget elementor-widget-image\" data-id=\"678b846\" data-element_type=\"widget\" data-e-type=\"widget\" data-widget_type=\"image.default\">\n\t\t\t\t\t\t\t\t\t\t\t\t\t\t\t<img decoding=\"async\" width=\"900\" height=\"900\" src=\"https:\/\/www.larusee.com\/wp-content\/uploads\/2019\/04\/cirage.jpg\" class=\"attachment-large size-large wp-image-11297\" alt=\"Cirage du col d&#039;une bouteille d&#039;absinthe Larus\u00e9e\" srcset=\"https:\/\/www.larusee.com\/wp-content\/uploads\/2019\/04\/cirage.jpg 1000w, https:\/\/www.larusee.com\/wp-content\/uploads\/2019\/04\/cirage-100x100.jpg 100w, https:\/\/www.larusee.com\/wp-content\/uploads\/2019\/04\/cirage-920x920.jpg 920w, https:\/\/www.larusee.com\/wp-content\/uploads\/2019\/04\/cirage-150x150.jpg 150w, https:\/\/www.larusee.com\/wp-content\/uploads\/2019\/04\/cirage-300x300.jpg 300w, https:\/\/www.larusee.com\/wp-content\/uploads\/2019\/04\/cirage-768x768.jpg 768w\" sizes=\"(max-width: 900px) 100vw, 900px\" \/>\t\t\t\t\t\t\t\t\t\t\t\t\t\t\t<\/div>\n\t\t\t\t<div class=\"elementor-element elementor-element-80064c9 elementor-widget elementor-widget-image\" data-id=\"80064c9\" data-element_type=\"widget\" data-e-type=\"widget\" data-widget_type=\"image.default\">\n\t\t\t\t\t\t\t\t\t\t\t\t\t\t\t<img decoding=\"async\" width=\"900\" height=\"900\" src=\"https:\/\/www.larusee.com\/wp-content\/uploads\/2019\/04\/remplissage-1000.jpg\" class=\"attachment-large size-large wp-image-11295\" alt=\"Remplissage d&#039;une bouteille d&#039;absinthe Larus\u00e9e\" srcset=\"https:\/\/www.larusee.com\/wp-content\/uploads\/2019\/04\/remplissage-1000.jpg 1000w, https:\/\/www.larusee.com\/wp-content\/uploads\/2019\/04\/remplissage-1000-100x100.jpg 100w, https:\/\/www.larusee.com\/wp-content\/uploads\/2019\/04\/remplissage-1000-920x920.jpg 920w, https:\/\/www.larusee.com\/wp-content\/uploads\/2019\/04\/remplissage-1000-150x150.jpg 150w, https:\/\/www.larusee.com\/wp-content\/uploads\/2019\/04\/remplissage-1000-300x300.jpg 300w, https:\/\/www.larusee.com\/wp-content\/uploads\/2019\/04\/remplissage-1000-768x768.jpg 768w\" sizes=\"(max-width: 900px) 100vw, 900px\" \/>\t\t\t\t\t\t\t\t\t\t\t\t\t\t\t<\/div>\n\t\t\t\t<\/div>\n\t\t\t\t\t<\/div>\n\t\t\t\t<\/div>\n\t\t<div class=\"elementor-element elementor-element-2da64ff e-flex e-con-boxed e-con e-parent\" data-id=\"2da64ff\" data-element_type=\"container\" data-e-type=\"container\">\n\t\t\t\t\t<div class=\"e-con-inner\">\n\t\t<div class=\"elementor-element elementor-element-0cabeb3 e-con-full e-flex e-con e-child\" data-id=\"0cabeb3\" data-element_type=\"container\" data-e-type=\"container\">\n\t\t\t\t<div class=\"elementor-element elementor-element-73060a9 elementor-widget elementor-widget-heading\" data-id=\"73060a9\" data-element_type=\"widget\" data-e-type=\"widget\" data-widget_type=\"heading.default\">\n\t\t\t\t\t<h2 class=\"elementor-heading-title elementor-size-default\"><span class=\"elementor-heading-title elementor-size-default elementor-inline-editing pen\" data-elementor-setting-key=\"title\" data-pen-placeholder=\"\u00c9crivez ici...\" style=\"font-size: 40.871px\">100% traditionell hergestellt<\/span><\/h2>\t\t\t\t<\/div>\n\t\t\t\t<\/div>\n\t\t\t\t\t<\/div>\n\t\t\t\t<\/div>\n\t\t<div class=\"elementor-element elementor-element-61cc3a7 e-flex e-con-boxed e-con e-parent\" data-id=\"61cc3a7\" data-element_type=\"container\" data-e-type=\"container\">\n\t\t\t\t\t<div class=\"e-con-inner\">\n\t\t<div class=\"elementor-element elementor-element-6da0aa7 e-con-full e-flex e-con e-child\" data-id=\"6da0aa7\" data-element_type=\"container\" data-e-type=\"container\">\n\t\t\t\t<div class=\"elementor-element elementor-element-529995c elementor-widget elementor-widget-text-editor\" data-id=\"529995c\" data-element_type=\"widget\" data-e-type=\"widget\" data-widget_type=\"text-editor.default\">\n\t\t\t\t\t\t\t\t\t<p>Bei Larus\u00e9e haben wir jedes Mal das Handwerk gew\u00e4hlt \u2026 und wir sind nicht bereit, davon abzuweichen! So w\u00e4hlen wir sorgf\u00e4ltig die zehn Kr\u00e4uter und Aromapflanzen aus, mit denen unsere Absinthe hergestellt werden. Wir messen der Tatsache eine \u00fcberragende Bedeutung zu, dass die Hand des Menschen in jeder Phase der Produktion in Kontakt mit der Flasche ist, um unsere Liebe f\u00fcr die gut gemachte Arbeit besser zu vermitteln und aus jeder Flasche ein Meisterwerk zu machen.<\/p>\n\t\t\t\t\t\t\t\t<\/div>\n\t\t\t\t<\/div>\n\t\t<div class=\"elementor-element elementor-element-42d786e e-con-full e-flex e-con e-child\" data-id=\"42d786e\" data-element_type=\"container\" data-e-type=\"container\">\n\t\t\t\t<div class=\"elementor-element elementor-element-e8371e4 elementor-widget elementor-widget-text-editor\" data-id=\"e8371e4\" data-element_type=\"widget\" data-e-type=\"widget\" data-widget_type=\"text-editor.default\">\n\t\t\t\t\t\t\t\t\t<p>Die Kr\u00e4uter werden auf das Gramm genau abgewogen f\u00fcr das \u201eErhitzen\u201c von 120 Litern in der Destilliervorrichtung, die wir entworfen haben, die Abf\u00fcllung in Flaschen erfolgt st\u00fcckweise, die Verkorkung wird auf einer einzigartigen Maschine durchgef\u00fchrt, die in Zusammenarbeit mit einem Mechaniker aus der Region entwickelt wurde. Die Etiketten werden einzeln auf einer halbautomatischen Maschine angebracht und das Versiegeln der Flaschenh\u00e4lse mit Wachs erfolgt in einem alten Topf!<\/p>\n\t\t\t\t\t\t\t\t<\/div>\n\t\t\t\t<\/div>\n\t\t\t\t\t<\/div>\n\t\t\t\t<\/div>\n\t\t<div class=\"elementor-element elementor-element-475b5fb e-flex e-con-boxed e-con e-parent\" data-id=\"475b5fb\" data-element_type=\"container\" data-e-type=\"container\">\n\t\t\t\t\t<div class=\"e-con-inner\">\n\t\t\t\t<div class=\"elementor-element elementor-element-66dcccb elementor-widget elementor-widget-video\" data-id=\"66dcccb\" data-element_type=\"widget\" data-e-type=\"widget\" data-settings=\"{&quot;youtube_url&quot;:&quot;https:\\\/\\\/youtu.be\\\/A2lwuqvj_uc&quot;,&quot;video_type&quot;:&quot;youtube&quot;,&quot;controls&quot;:&quot;yes&quot;}\" data-widget_type=\"video.default\">\n\t\t\t\t\t\t\t<div class=\"elementor-wrapper elementor-open-inline\">\n\t\t\t<div class=\"elementor-video\"><\/div>\t\t<\/div>\n\t\t\t\t\t\t<\/div>\n\t\t\t\t\t<\/div>\n\t\t\t\t<\/div>\n\t\t\t\t<\/div>\n\t\t","protected":false},"excerpt":{"rendered":"<p>WILLKOMMEN BEI LARUS\u00c9E Spirituosen wie zuvor produziert Wenn Sie eine wertvolle Flasche aus der Brennerei Larus\u00e9e \u00f6ffnen, tauchen Sie in eine Welt der komplexen Aromen ein, die keinem anderen Absinth \u00e4hnelt. Sie werden darin eine subtile Welt entdecken, die Wermut, Anis und Fenchel kombiniert, hervorgehoben durch eine Reihe von perfekt ausbalancierten Kr\u00e4utern und Gew\u00fcrzen. Entwickelt [&hellip;]<\/p>\n","protected":false},"author":1,"featured_media":0,"parent":0,"menu_order":0,"comment_status":"closed","ping_status":"closed","template":"page-full-width.php","meta":{"footnotes":""},"class_list":["post-11138","page","type-page","status-publish","hentry"],"yoast_head":"<!-- This site is optimized with the Yoast SEO plugin v27.6 - https:\/\/yoast.com\/product\/yoast-seo-wordpress\/ -->\n<title>Willkommen bei Larus\u00e9e - Larus\u00e9e<\/title>\n<meta name=\"description\" content=\"Im Kanton Neuch\u00e2tel in der Schweiz, der historischen Wiege des Absinths, werden unsere Spirituosen auf v\u00f6llig handwerkliche Weise destilliert\" \/>\n<meta name=\"robots\" content=\"index, follow, max-snippet:-1, max-image-preview:large, max-video-preview:-1\" \/>\n<link rel=\"canonical\" href=\"https:\/\/www.larusee.com\/de\/willkommen-bei-larusee\/\" \/>\n<meta property=\"og:locale\" content=\"de_DE\" \/>\n<meta property=\"og:type\" content=\"article\" \/>\n<meta property=\"og:title\" content=\"Willkommen bei Larus\u00e9e - Larus\u00e9e\" \/>\n<meta property=\"og:description\" content=\"Im Kanton Neuch\u00e2tel in der Schweiz, der historischen Wiege des Absinths, werden unsere Spirituosen auf v\u00f6llig handwerkliche Weise destilliert\" \/>\n<meta property=\"og:url\" content=\"https:\/\/www.larusee.com\/de\/willkommen-bei-larusee\/\" \/>\n<meta property=\"og:site_name\" content=\"Larus\u00e9e\" \/>\n<meta property=\"article:publisher\" content=\"https:\/\/www.facebook.com\/AbsintheLarusee\" \/>\n<meta property=\"article:modified_time\" content=\"2024-11-19T16:32:45+00:00\" \/>\n<meta property=\"og:image\" content=\"https:\/\/www.larusee.com\/wp-content\/uploads\/2024\/03\/Larusee_Bleue-600px.png\" \/>\n<meta name=\"twitter:card\" content=\"summary_large_image\" \/>\n<meta name=\"twitter:label1\" content=\"Gesch\u00e4tzte Lesezeit\" \/>\n\t<meta name=\"twitter:data1\" content=\"3\u00a0Minuten\" \/>\n<script type=\"application\/ld+json\" class=\"yoast-schema-graph\">{\"@context\":\"https:\\\/\\\/schema.org\",\"@graph\":[{\"@type\":\"WebPage\",\"@id\":\"https:\\\/\\\/www.larusee.com\\\/de\\\/willkommen-bei-larusee\\\/\",\"url\":\"https:\\\/\\\/www.larusee.com\\\/de\\\/willkommen-bei-larusee\\\/\",\"name\":\"Willkommen bei Larus\u00e9e - Larus\u00e9e\",\"isPartOf\":{\"@id\":\"https:\\\/\\\/www.larusee.com\\\/de\\\/#website\"},\"primaryImageOfPage\":{\"@id\":\"https:\\\/\\\/www.larusee.com\\\/de\\\/willkommen-bei-larusee\\\/#primaryimage\"},\"image\":{\"@id\":\"https:\\\/\\\/www.larusee.com\\\/de\\\/willkommen-bei-larusee\\\/#primaryimage\"},\"thumbnailUrl\":\"https:\\\/\\\/www.larusee.com\\\/wp-content\\\/uploads\\\/2024\\\/03\\\/Larusee_Bleue-600px.png\",\"datePublished\":\"2019-04-29T19:41:34+00:00\",\"dateModified\":\"2024-11-19T16:32:45+00:00\",\"description\":\"Im Kanton Neuch\u00e2tel in der Schweiz, der historischen Wiege des Absinths, werden unsere Spirituosen auf v\u00f6llig handwerkliche Weise destilliert\",\"breadcrumb\":{\"@id\":\"https:\\\/\\\/www.larusee.com\\\/de\\\/willkommen-bei-larusee\\\/#breadcrumb\"},\"inLanguage\":\"de\",\"potentialAction\":[{\"@type\":\"ReadAction\",\"target\":[\"https:\\\/\\\/www.larusee.com\\\/de\\\/willkommen-bei-larusee\\\/\"]}]},{\"@type\":\"ImageObject\",\"inLanguage\":\"de\",\"@id\":\"https:\\\/\\\/www.larusee.com\\\/de\\\/willkommen-bei-larusee\\\/#primaryimage\",\"url\":\"https:\\\/\\\/www.larusee.com\\\/wp-content\\\/uploads\\\/2024\\\/03\\\/Larusee_Bleue-600px.png\",\"contentUrl\":\"https:\\\/\\\/www.larusee.com\\\/wp-content\\\/uploads\\\/2024\\\/03\\\/Larusee_Bleue-600px.png\"},{\"@type\":\"BreadcrumbList\",\"@id\":\"https:\\\/\\\/www.larusee.com\\\/de\\\/willkommen-bei-larusee\\\/#breadcrumb\",\"itemListElement\":[{\"@type\":\"ListItem\",\"position\":1,\"name\":\"Accueil\",\"item\":\"https:\\\/\\\/www.larusee.com\\\/de\\\/\"},{\"@type\":\"ListItem\",\"position\":2,\"name\":\"Willkommen bei Larus\u00e9e\"}]},{\"@type\":\"WebSite\",\"@id\":\"https:\\\/\\\/www.larusee.com\\\/de\\\/#website\",\"url\":\"https:\\\/\\\/www.larusee.com\\\/de\\\/\",\"name\":\"Larus\u00e9e\",\"description\":\"Distillateur d&#039;\u00e9motions\",\"publisher\":{\"@id\":\"https:\\\/\\\/www.larusee.com\\\/de\\\/#organization\"},\"potentialAction\":[{\"@type\":\"SearchAction\",\"target\":{\"@type\":\"EntryPoint\",\"urlTemplate\":\"https:\\\/\\\/www.larusee.com\\\/de\\\/?s={search_term_string}\"},\"query-input\":{\"@type\":\"PropertyValueSpecification\",\"valueRequired\":true,\"valueName\":\"search_term_string\"}}],\"inLanguage\":\"de\"},{\"@type\":\"Organization\",\"@id\":\"https:\\\/\\\/www.larusee.com\\\/de\\\/#organization\",\"name\":\"Larus\u00e9e\",\"url\":\"https:\\\/\\\/www.larusee.com\\\/de\\\/\",\"logo\":{\"@type\":\"ImageObject\",\"inLanguage\":\"de\",\"@id\":\"https:\\\/\\\/www.larusee.com\\\/de\\\/#\\\/schema\\\/logo\\\/image\\\/\",\"url\":\"https:\\\/\\\/www.larusee.com\\\/wp-content\\\/uploads\\\/2019\\\/04\\\/Logo_Larusee_Noir.png\",\"contentUrl\":\"https:\\\/\\\/www.larusee.com\\\/wp-content\\\/uploads\\\/2019\\\/04\\\/Logo_Larusee_Noir.png\",\"width\":1181,\"height\":318,\"caption\":\"Larus\u00e9e\"},\"image\":{\"@id\":\"https:\\\/\\\/www.larusee.com\\\/de\\\/#\\\/schema\\\/logo\\\/image\\\/\"},\"sameAs\":[\"https:\\\/\\\/www.facebook.com\\\/AbsintheLarusee\",\"https:\\\/\\\/www.instagram.com\\\/distillerielarusee\\\/\"]}]}<\/script>\n<!-- \/ Yoast SEO plugin. -->","yoast_head_json":{"title":"Willkommen bei Larus\u00e9e - Larus\u00e9e","description":"Im Kanton Neuch\u00e2tel in der Schweiz, der historischen Wiege des Absinths, werden unsere Spirituosen auf v\u00f6llig handwerkliche Weise destilliert","robots":{"index":"index","follow":"follow","max-snippet":"max-snippet:-1","max-image-preview":"max-image-preview:large","max-video-preview":"max-video-preview:-1"},"canonical":"https:\/\/www.larusee.com\/de\/willkommen-bei-larusee\/","og_locale":"de_DE","og_type":"article","og_title":"Willkommen bei Larus\u00e9e - Larus\u00e9e","og_description":"Im Kanton Neuch\u00e2tel in der Schweiz, der historischen Wiege des Absinths, werden unsere Spirituosen auf v\u00f6llig handwerkliche Weise destilliert","og_url":"https:\/\/www.larusee.com\/de\/willkommen-bei-larusee\/","og_site_name":"Larus\u00e9e","article_publisher":"https:\/\/www.facebook.com\/AbsintheLarusee","article_modified_time":"2024-11-19T16:32:45+00:00","og_image":[{"url":"https:\/\/www.larusee.com\/wp-content\/uploads\/2024\/03\/Larusee_Bleue-600px.png","type":"","width":"","height":""}],"twitter_card":"summary_large_image","twitter_misc":{"Gesch\u00e4tzte Lesezeit":"3\u00a0Minuten"},"schema":{"@context":"https:\/\/schema.org","@graph":[{"@type":"WebPage","@id":"https:\/\/www.larusee.com\/de\/willkommen-bei-larusee\/","url":"https:\/\/www.larusee.com\/de\/willkommen-bei-larusee\/","name":"Willkommen bei Larus\u00e9e - Larus\u00e9e","isPartOf":{"@id":"https:\/\/www.larusee.com\/de\/#website"},"primaryImageOfPage":{"@id":"https:\/\/www.larusee.com\/de\/willkommen-bei-larusee\/#primaryimage"},"image":{"@id":"https:\/\/www.larusee.com\/de\/willkommen-bei-larusee\/#primaryimage"},"thumbnailUrl":"https:\/\/www.larusee.com\/wp-content\/uploads\/2024\/03\/Larusee_Bleue-600px.png","datePublished":"2019-04-29T19:41:34+00:00","dateModified":"2024-11-19T16:32:45+00:00","description":"Im Kanton Neuch\u00e2tel in der Schweiz, der historischen Wiege des Absinths, werden unsere Spirituosen auf v\u00f6llig handwerkliche Weise destilliert","breadcrumb":{"@id":"https:\/\/www.larusee.com\/de\/willkommen-bei-larusee\/#breadcrumb"},"inLanguage":"de","potentialAction":[{"@type":"ReadAction","target":["https:\/\/www.larusee.com\/de\/willkommen-bei-larusee\/"]}]},{"@type":"ImageObject","inLanguage":"de","@id":"https:\/\/www.larusee.com\/de\/willkommen-bei-larusee\/#primaryimage","url":"https:\/\/www.larusee.com\/wp-content\/uploads\/2024\/03\/Larusee_Bleue-600px.png","contentUrl":"https:\/\/www.larusee.com\/wp-content\/uploads\/2024\/03\/Larusee_Bleue-600px.png"},{"@type":"BreadcrumbList","@id":"https:\/\/www.larusee.com\/de\/willkommen-bei-larusee\/#breadcrumb","itemListElement":[{"@type":"ListItem","position":1,"name":"Accueil","item":"https:\/\/www.larusee.com\/de\/"},{"@type":"ListItem","position":2,"name":"Willkommen bei Larus\u00e9e"}]},{"@type":"WebSite","@id":"https:\/\/www.larusee.com\/de\/#website","url":"https:\/\/www.larusee.com\/de\/","name":"Larus\u00e9e","description":"Distillateur d&#039;\u00e9motions","publisher":{"@id":"https:\/\/www.larusee.com\/de\/#organization"},"potentialAction":[{"@type":"SearchAction","target":{"@type":"EntryPoint","urlTemplate":"https:\/\/www.larusee.com\/de\/?s={search_term_string}"},"query-input":{"@type":"PropertyValueSpecification","valueRequired":true,"valueName":"search_term_string"}}],"inLanguage":"de"},{"@type":"Organization","@id":"https:\/\/www.larusee.com\/de\/#organization","name":"Larus\u00e9e","url":"https:\/\/www.larusee.com\/de\/","logo":{"@type":"ImageObject","inLanguage":"de","@id":"https:\/\/www.larusee.com\/de\/#\/schema\/logo\/image\/","url":"https:\/\/www.larusee.com\/wp-content\/uploads\/2019\/04\/Logo_Larusee_Noir.png","contentUrl":"https:\/\/www.larusee.com\/wp-content\/uploads\/2019\/04\/Logo_Larusee_Noir.png","width":1181,"height":318,"caption":"Larus\u00e9e"},"image":{"@id":"https:\/\/www.larusee.com\/de\/#\/schema\/logo\/image\/"},"sameAs":["https:\/\/www.facebook.com\/AbsintheLarusee","https:\/\/www.instagram.com\/distillerielarusee\/"]}]}},"_links":{"self":[{"href":"https:\/\/www.larusee.com\/de\/wp-json\/wp\/v2\/pages\/11138","targetHints":{"allow":["GET"]}}],"collection":[{"href":"https:\/\/www.larusee.com\/de\/wp-json\/wp\/v2\/pages"}],"about":[{"href":"https:\/\/www.larusee.com\/de\/wp-json\/wp\/v2\/types\/page"}],"author":[{"embeddable":true,"href":"https:\/\/www.larusee.com\/de\/wp-json\/wp\/v2\/users\/1"}],"replies":[{"embeddable":true,"href":"https:\/\/www.larusee.com\/de\/wp-json\/wp\/v2\/comments?post=11138"}],"version-history":[{"count":3,"href":"https:\/\/www.larusee.com\/de\/wp-json\/wp\/v2\/pages\/11138\/revisions"}],"predecessor-version":[{"id":21860,"href":"https:\/\/www.larusee.com\/de\/wp-json\/wp\/v2\/pages\/11138\/revisions\/21860"}],"wp:attachment":[{"href":"https:\/\/www.larusee.com\/de\/wp-json\/wp\/v2\/media?parent=11138"}],"curies":[{"name":"wp","href":"https:\/\/api.w.org\/{rel}","templated":true}]}}