{"id":11136,"date":"2019-04-29T21:36:46","date_gmt":"2019-04-29T19:36:46","guid":{"rendered":"https:\/\/www.larusee.com\/im-land-von-larusee\/"},"modified":"2025-01-09T22:24:30","modified_gmt":"2025-01-09T21:24:30","slug":"im-land-von-larusee","status":"publish","type":"page","link":"https:\/\/www.larusee.com\/de\/im-land-von-larusee\/","title":{"rendered":"Im Land von Larus\u00e9e"},"content":{"rendered":"<div class=\"wpb-content-wrapper\"><p>[vc_row full_width=&#8220;stretch_row_content_no_spaces&#8220; full_height=&#8220;yes&#8220; content_placement=&#8220;middle&#8220; css_animation=&#8220;none&#8220; css=&#8220;.vc_custom_1736355560362{border-right-width: 20px !important;border-bottom-width: 20px !important;border-left-width: 20px !important;padding-top: 10% !important;padding-bottom: 10% !important;background-image: url(http:\/\/new.larusee.com\/wp-content\/uploads\/2019\/04\/larusee-header-neuchatel-1920&#215;1080.jpg?id=10705) !important;background-position: center !important;background-repeat: no-repeat !important;background-size: cover !important;border-left-style: solid !important;border-right-style: solid !important;border-bottom-style: solid !important;border-color: #FFFFFF !important;}&#8220;][vc_column width=&#8220;1\/2&#8243;][vc_custom_heading text=&#8220;IM LAND VON LARUS\u00c9E&#8220; font_container=&#8220;tag:h1|text_align:left|color:%23ffffff&#8220; google_fonts=&#8220;font_family:Asul%3Aregular%2C700|font_style:400%20regular%3A400%3Anormal&#8220; css=&#8220;.vc_custom_1736355600800{margin-left: 20px !important;}&#8220;][\/vc_column][vc_column width=&#8220;1\/2&#8243;][\/vc_column][\/vc_row][vc_row][vc_column][vc_custom_heading text=&#8220;Wiege der Uhrmacherei und &#8230; Absinthe!&#8220; font_container=&#8220;tag:h3|font_size:40|text_align:left|color:%23777777&#8243; google_fonts=&#8220;font_family:Asul%3Aregular%2C700|font_style:400%20regular%3A400%3Anormal&#8220;][vc_empty_space height=&#8220;15px&#8220;][\/vc_column][\/vc_row][vc_row css=&#8220;.vc_custom_1484857863227{margin-bottom: 75px !important;}&#8220;][vc_column width=&#8220;1\/2&#8243;][vc_column_text]In der Schweiz, im Herzen des Jura, in der N\u00e4he des gr\u00f6\u00dften v\u00f6llig schweizerischen Seegebiets, gegen\u00fcber den Alpen, genie\u00dft das die Region Neuch\u00e2tel in jeder Hinsicht eine privilegierte Lage. Auf einer kleinen Fl\u00e4che bietet sie eine erstaunliche Vielfalt an faszinierenden Landschaften, die sich ihre Authentizit\u00e4t bewahrt haben, da zwei Drittel des Gebietes Schutzgebiete sind.<\/p>\n<p>Hier, in einer Landschaft von Seen, Fl\u00fcssen und Bergen, Ebenen und Felsen, wo die Uhrmacherei ihren Ursprung hat, Ergebnis von harten Wintern, die Bauern zwangen, Berufe zu finden. Aufgrund ihrer gro\u00dfen Geschicklichkeit begannen Sie ab dem 17. Jahrhundert Uhren herzustellen.[\/vc_column_text][\/vc_column][vc_column width=&#8220;1\/2&#8243;][vc_column_text]Und hier erfanden sie zur gleichen Zeit den Absinth und hielt w\u00e4hrend mehr als einem Jahrhundert der Prohibition eine geheime Produktion aufrecht.<\/p>\n<p>Im Herzen Europas liegt das Pays de Neuch\u00e2tel, das aufgrund seiner Geschichte und seiner wirtschaftlichen Entwicklung der Welt weitgehend offen ist, in der N\u00e4he von allem: eine halbe Stunde von der Hauptstadt Bern entfernt, etwas mehr als eine Stunde Wirtschaftsmetropole Z\u00fcrich und die internationale Stadt Genf. Es ist weniger als vier Stunden mit dem TGV von Paris entfernt.[\/vc_column_text][\/vc_column][\/vc_row][vc_row full_width=&#8220;stretch_row&#8220; content_placement=&#8220;middle&#8220; css=&#8220;.vc_custom_1556373422046{margin-bottom: 75px !important;}&#8220;][vc_column css=&#8220;.vc_custom_1484858929720{padding-right: 35px !important;}&#8220;][vc_single_image image=&#8220;11273&#8243; img_size=&#8220;full&#8220; alignment=&#8220;center&#8220;][\/vc_column][\/vc_row][vc_row][vc_column][vc_custom_heading text=&#8220;Entdecken Sie das pays de Neuch\u00e2tel&#8220; font_container=&#8220;tag:h3|font_size:40|text_align:left|color:%23777777&#8243; google_fonts=&#8220;font_family:Asul%3Aregular%2C700|font_style:400%20regular%3A400%3Anormal&#8220;][vc_empty_space height=&#8220;15px&#8220;][\/vc_column][\/vc_row][vc_row gap=&#8220;10&#8243; equal_height=&#8220;yes&#8220; content_placement=&#8220;middle&#8220; css=&#8220;.vc_custom_1556374525764{margin-bottom: 75px !important;padding-right: 5% !important;padding-left: 5% !important;}&#8220;][vc_column width=&#8220;1\/4&#8243;][vc_single_image image=&#8220;11281&#8243; img_size=&#8220;full&#8220; alignment=&#8220;center&#8220; onclick=&#8220;custom_link&#8220; img_link_target=&#8220;_blank&#8220; link=&#8220;https:\/\/www.myswitzerland.com\/fr-ch\/accueil.html&#8220;][\/vc_column][vc_column width=&#8220;1\/4&#8243;][vc_single_image image=&#8220;11275&#8243; img_size=&#8220;full&#8220; alignment=&#8220;center&#8220; onclick=&#8220;custom_link&#8220; img_link_target=&#8220;_blank&#8220; link=&#8220;https:\/\/www.j3l.ch\/fr\/Z10488\/neuchatel-tourisme&#8220;][\/vc_column][vc_column width=&#8220;1\/4&#8243;][vc_single_image image=&#8220;11277&#8243; img_size=&#8220;full&#8220; alignment=&#8220;center&#8220; onclick=&#8220;custom_link&#8220; img_link_target=&#8220;_blank&#8220; link=&#8220;http:\/\/www.neuchateleconomie.ch\/FR\/Pages\/default.aspx&#8220;][\/vc_column][vc_column width=&#8220;1\/4&#8243;][vc_single_image image=&#8220;11283&#8243; img_size=&#8220;full&#8220; alignment=&#8220;center&#8220; onclick=&#8220;custom_link&#8220; img_link_target=&#8220;_blank&#8220; link=&#8220;https:\/\/www.golfdeneuchatel.ch&#8220;][\/vc_column][\/vc_row]<\/p>\n<\/div>","protected":false},"excerpt":{"rendered":"<p>[vc_row full_width=&#8220;stretch_row_content_no_spaces&#8220; full_height=&#8220;yes&#8220; content_placement=&#8220;middle&#8220; css_animation=&#8220;none&#8220; css=&#8220;.vc_custom_1736355560362{border-right-width: 20px !important;border-bottom-width: 20px !important;border-left-width: 20px !important;padding-top: 10% !important;padding-bottom: 10% !important;background-image: url(http:\/\/new.larusee.com\/wp-content\/uploads\/2019\/04\/larusee-header-neuchatel-1920&#215;1080.jpg?id=10705) !important;background-position: center !important;background-repeat: no-repeat !important;background-size: cover !important;border-left-style: solid !important;border-right-style: solid !important;border-bottom-style: solid !important;border-color: #FFFFFF !important;}&#8220;][vc_column width=&#8220;1\/2&#8243;][vc_custom_heading text=&#8220;IM LAND VON LARUS\u00c9E&#8220; font_container=&#8220;tag:h1|text_align:left|color:%23ffffff&#8220; google_fonts=&#8220;font_family:Asul%3Aregular%2C700|font_style:400%20regular%3A400%3Anormal&#8220; css=&#8220;.vc_custom_1736355600800{margin-left: 20px !important;}&#8220;][\/vc_column][vc_column width=&#8220;1\/2&#8243;][\/vc_column][\/vc_row][vc_row][vc_column][vc_custom_heading text=&#8220;Wiege der Uhrmacherei und &#8230; Absinthe!&#8220; font_container=&#8220;tag:h3|font_size:40|text_align:left|color:%23777777&#8243; google_fonts=&#8220;font_family:Asul%3Aregular%2C700|font_style:400%20regular%3A400%3Anormal&#8220;][vc_empty_space height=&#8220;15px&#8220;][\/vc_column][\/vc_row][vc_row css=&#8220;.vc_custom_1484857863227{margin-bottom: 75px !important;}&#8220;][vc_column [&hellip;]<\/p>\n","protected":false},"author":1,"featured_media":0,"parent":0,"menu_order":0,"comment_status":"closed","ping_status":"closed","template":"page-boxed.php","meta":{"footnotes":""},"class_list":["post-11136","page","type-page","status-publish","hentry"],"yoast_head":"<!-- This site is optimized with the Yoast SEO plugin v27.6 - https:\/\/yoast.com\/product\/yoast-seo-wordpress\/ -->\n<title>Im Land von Larus\u00e9e - Larus\u00e9e<\/title>\n<meta name=\"robots\" content=\"index, follow, max-snippet:-1, max-image-preview:large, max-video-preview:-1\" \/>\n<link rel=\"canonical\" href=\"https:\/\/www.larusee.com\/de\/im-land-von-larusee\/\" \/>\n<meta property=\"og:locale\" content=\"de_DE\" \/>\n<meta property=\"og:type\" content=\"article\" \/>\n<meta property=\"og:title\" content=\"Im Land von Larus\u00e9e - Larus\u00e9e\" \/>\n<meta property=\"og:description\" content=\"[vc_row full_width=&#8220;stretch_row_content_no_spaces&#8220; full_height=&#8220;yes&#8220; content_placement=&#8220;middle&#8220; css_animation=&#8220;none&#8220; css=&#8220;.vc_custom_1736355560362{border-right-width: 20px !important;border-bottom-width: 20px !important;border-left-width: 20px !important;padding-top: 10% !important;padding-bottom: 10% !important;background-image: url(http:\/\/new.larusee.com\/wp-content\/uploads\/2019\/04\/larusee-header-neuchatel-1920&#215;1080.jpg?id=10705) !important;background-position: center !important;background-repeat: no-repeat !important;background-size: cover !important;border-left-style: solid !important;border-right-style: solid !important;border-bottom-style: solid !important;border-color: #FFFFFF !important;}&#8220;][vc_column width=&#8220;1\/2&#8243;][vc_custom_heading text=&#8220;IM LAND VON LARUS\u00c9E&#8220; font_container=&#8220;tag:h1|text_align:left|color:%23ffffff&#8220; google_fonts=&#8220;font_family:Asul%3Aregular%2C700|font_style:400%20regular%3A400%3Anormal&#8220; css=&#8220;.vc_custom_1736355600800{margin-left: 20px !important;}&#8220;][\/vc_column][vc_column width=&#8220;1\/2&#8243;][\/vc_column][\/vc_row][vc_row][vc_column][vc_custom_heading text=&#8220;Wiege der Uhrmacherei und &#8230; Absinthe!&#8220; font_container=&#8220;tag:h3|font_size:40|text_align:left|color:%23777777&#8243; google_fonts=&#8220;font_family:Asul%3Aregular%2C700|font_style:400%20regular%3A400%3Anormal&#8220;][vc_empty_space height=&#8220;15px&#8220;][\/vc_column][\/vc_row][vc_row css=&#8220;.vc_custom_1484857863227{margin-bottom: 75px !important;}&#8220;][vc_column [&hellip;]\" \/>\n<meta property=\"og:url\" content=\"https:\/\/www.larusee.com\/de\/im-land-von-larusee\/\" \/>\n<meta property=\"og:site_name\" content=\"Larus\u00e9e\" \/>\n<meta property=\"article:publisher\" content=\"https:\/\/www.facebook.com\/AbsintheLarusee\" \/>\n<meta property=\"article:modified_time\" content=\"2025-01-09T21:24:30+00:00\" \/>\n<meta name=\"twitter:card\" content=\"summary_large_image\" \/>\n<meta name=\"twitter:label1\" content=\"Gesch\u00e4tzte Lesezeit\" \/>\n\t<meta name=\"twitter:data1\" content=\"2\u00a0Minuten\" \/>\n<script type=\"application\/ld+json\" class=\"yoast-schema-graph\">{\"@context\":\"https:\\\/\\\/schema.org\",\"@graph\":[{\"@type\":\"WebPage\",\"@id\":\"https:\\\/\\\/www.larusee.com\\\/de\\\/im-land-von-larusee\\\/\",\"url\":\"https:\\\/\\\/www.larusee.com\\\/de\\\/im-land-von-larusee\\\/\",\"name\":\"Im Land von Larus\u00e9e - Larus\u00e9e\",\"isPartOf\":{\"@id\":\"https:\\\/\\\/www.larusee.com\\\/de\\\/#website\"},\"datePublished\":\"2019-04-29T19:36:46+00:00\",\"dateModified\":\"2025-01-09T21:24:30+00:00\",\"breadcrumb\":{\"@id\":\"https:\\\/\\\/www.larusee.com\\\/de\\\/im-land-von-larusee\\\/#breadcrumb\"},\"inLanguage\":\"de\",\"potentialAction\":[{\"@type\":\"ReadAction\",\"target\":[\"https:\\\/\\\/www.larusee.com\\\/de\\\/im-land-von-larusee\\\/\"]}]},{\"@type\":\"BreadcrumbList\",\"@id\":\"https:\\\/\\\/www.larusee.com\\\/de\\\/im-land-von-larusee\\\/#breadcrumb\",\"itemListElement\":[{\"@type\":\"ListItem\",\"position\":1,\"name\":\"Accueil\",\"item\":\"https:\\\/\\\/www.larusee.com\\\/de\\\/\"},{\"@type\":\"ListItem\",\"position\":2,\"name\":\"Im Land von Larus\u00e9e\"}]},{\"@type\":\"WebSite\",\"@id\":\"https:\\\/\\\/www.larusee.com\\\/de\\\/#website\",\"url\":\"https:\\\/\\\/www.larusee.com\\\/de\\\/\",\"name\":\"Larus\u00e9e\",\"description\":\"Distillateur d&#039;\u00e9motions\",\"publisher\":{\"@id\":\"https:\\\/\\\/www.larusee.com\\\/de\\\/#organization\"},\"potentialAction\":[{\"@type\":\"SearchAction\",\"target\":{\"@type\":\"EntryPoint\",\"urlTemplate\":\"https:\\\/\\\/www.larusee.com\\\/de\\\/?s={search_term_string}\"},\"query-input\":{\"@type\":\"PropertyValueSpecification\",\"valueRequired\":true,\"valueName\":\"search_term_string\"}}],\"inLanguage\":\"de\"},{\"@type\":\"Organization\",\"@id\":\"https:\\\/\\\/www.larusee.com\\\/de\\\/#organization\",\"name\":\"Larus\u00e9e\",\"url\":\"https:\\\/\\\/www.larusee.com\\\/de\\\/\",\"logo\":{\"@type\":\"ImageObject\",\"inLanguage\":\"de\",\"@id\":\"https:\\\/\\\/www.larusee.com\\\/de\\\/#\\\/schema\\\/logo\\\/image\\\/\",\"url\":\"https:\\\/\\\/www.larusee.com\\\/wp-content\\\/uploads\\\/2019\\\/04\\\/Logo_Larusee_Noir.png\",\"contentUrl\":\"https:\\\/\\\/www.larusee.com\\\/wp-content\\\/uploads\\\/2019\\\/04\\\/Logo_Larusee_Noir.png\",\"width\":1181,\"height\":318,\"caption\":\"Larus\u00e9e\"},\"image\":{\"@id\":\"https:\\\/\\\/www.larusee.com\\\/de\\\/#\\\/schema\\\/logo\\\/image\\\/\"},\"sameAs\":[\"https:\\\/\\\/www.facebook.com\\\/AbsintheLarusee\",\"https:\\\/\\\/www.instagram.com\\\/distillerielarusee\\\/\"]}]}<\/script>\n<!-- \/ Yoast SEO plugin. -->","yoast_head_json":{"title":"Im Land von Larus\u00e9e - Larus\u00e9e","robots":{"index":"index","follow":"follow","max-snippet":"max-snippet:-1","max-image-preview":"max-image-preview:large","max-video-preview":"max-video-preview:-1"},"canonical":"https:\/\/www.larusee.com\/de\/im-land-von-larusee\/","og_locale":"de_DE","og_type":"article","og_title":"Im Land von Larus\u00e9e - Larus\u00e9e","og_description":"[vc_row full_width=&#8220;stretch_row_content_no_spaces&#8220; full_height=&#8220;yes&#8220; content_placement=&#8220;middle&#8220; css_animation=&#8220;none&#8220; css=&#8220;.vc_custom_1736355560362{border-right-width: 20px !important;border-bottom-width: 20px !important;border-left-width: 20px !important;padding-top: 10% !important;padding-bottom: 10% !important;background-image: url(http:\/\/new.larusee.com\/wp-content\/uploads\/2019\/04\/larusee-header-neuchatel-1920&#215;1080.jpg?id=10705) !important;background-position: center !important;background-repeat: no-repeat !important;background-size: cover !important;border-left-style: solid !important;border-right-style: solid !important;border-bottom-style: solid !important;border-color: #FFFFFF !important;}&#8220;][vc_column width=&#8220;1\/2&#8243;][vc_custom_heading text=&#8220;IM LAND VON LARUS\u00c9E&#8220; font_container=&#8220;tag:h1|text_align:left|color:%23ffffff&#8220; google_fonts=&#8220;font_family:Asul%3Aregular%2C700|font_style:400%20regular%3A400%3Anormal&#8220; css=&#8220;.vc_custom_1736355600800{margin-left: 20px !important;}&#8220;][\/vc_column][vc_column width=&#8220;1\/2&#8243;][\/vc_column][\/vc_row][vc_row][vc_column][vc_custom_heading text=&#8220;Wiege der Uhrmacherei und &#8230; Absinthe!&#8220; font_container=&#8220;tag:h3|font_size:40|text_align:left|color:%23777777&#8243; google_fonts=&#8220;font_family:Asul%3Aregular%2C700|font_style:400%20regular%3A400%3Anormal&#8220;][vc_empty_space height=&#8220;15px&#8220;][\/vc_column][\/vc_row][vc_row css=&#8220;.vc_custom_1484857863227{margin-bottom: 75px !important;}&#8220;][vc_column [&hellip;]","og_url":"https:\/\/www.larusee.com\/de\/im-land-von-larusee\/","og_site_name":"Larus\u00e9e","article_publisher":"https:\/\/www.facebook.com\/AbsintheLarusee","article_modified_time":"2025-01-09T21:24:30+00:00","twitter_card":"summary_large_image","twitter_misc":{"Gesch\u00e4tzte Lesezeit":"2\u00a0Minuten"},"schema":{"@context":"https:\/\/schema.org","@graph":[{"@type":"WebPage","@id":"https:\/\/www.larusee.com\/de\/im-land-von-larusee\/","url":"https:\/\/www.larusee.com\/de\/im-land-von-larusee\/","name":"Im Land von Larus\u00e9e - Larus\u00e9e","isPartOf":{"@id":"https:\/\/www.larusee.com\/de\/#website"},"datePublished":"2019-04-29T19:36:46+00:00","dateModified":"2025-01-09T21:24:30+00:00","breadcrumb":{"@id":"https:\/\/www.larusee.com\/de\/im-land-von-larusee\/#breadcrumb"},"inLanguage":"de","potentialAction":[{"@type":"ReadAction","target":["https:\/\/www.larusee.com\/de\/im-land-von-larusee\/"]}]},{"@type":"BreadcrumbList","@id":"https:\/\/www.larusee.com\/de\/im-land-von-larusee\/#breadcrumb","itemListElement":[{"@type":"ListItem","position":1,"name":"Accueil","item":"https:\/\/www.larusee.com\/de\/"},{"@type":"ListItem","position":2,"name":"Im Land von Larus\u00e9e"}]},{"@type":"WebSite","@id":"https:\/\/www.larusee.com\/de\/#website","url":"https:\/\/www.larusee.com\/de\/","name":"Larus\u00e9e","description":"Distillateur d&#039;\u00e9motions","publisher":{"@id":"https:\/\/www.larusee.com\/de\/#organization"},"potentialAction":[{"@type":"SearchAction","target":{"@type":"EntryPoint","urlTemplate":"https:\/\/www.larusee.com\/de\/?s={search_term_string}"},"query-input":{"@type":"PropertyValueSpecification","valueRequired":true,"valueName":"search_term_string"}}],"inLanguage":"de"},{"@type":"Organization","@id":"https:\/\/www.larusee.com\/de\/#organization","name":"Larus\u00e9e","url":"https:\/\/www.larusee.com\/de\/","logo":{"@type":"ImageObject","inLanguage":"de","@id":"https:\/\/www.larusee.com\/de\/#\/schema\/logo\/image\/","url":"https:\/\/www.larusee.com\/wp-content\/uploads\/2019\/04\/Logo_Larusee_Noir.png","contentUrl":"https:\/\/www.larusee.com\/wp-content\/uploads\/2019\/04\/Logo_Larusee_Noir.png","width":1181,"height":318,"caption":"Larus\u00e9e"},"image":{"@id":"https:\/\/www.larusee.com\/de\/#\/schema\/logo\/image\/"},"sameAs":["https:\/\/www.facebook.com\/AbsintheLarusee","https:\/\/www.instagram.com\/distillerielarusee\/"]}]}},"_links":{"self":[{"href":"https:\/\/www.larusee.com\/de\/wp-json\/wp\/v2\/pages\/11136","targetHints":{"allow":["GET"]}}],"collection":[{"href":"https:\/\/www.larusee.com\/de\/wp-json\/wp\/v2\/pages"}],"about":[{"href":"https:\/\/www.larusee.com\/de\/wp-json\/wp\/v2\/types\/page"}],"author":[{"embeddable":true,"href":"https:\/\/www.larusee.com\/de\/wp-json\/wp\/v2\/users\/1"}],"replies":[{"embeddable":true,"href":"https:\/\/www.larusee.com\/de\/wp-json\/wp\/v2\/comments?post=11136"}],"version-history":[{"count":5,"href":"https:\/\/www.larusee.com\/de\/wp-json\/wp\/v2\/pages\/11136\/revisions"}],"predecessor-version":[{"id":22235,"href":"https:\/\/www.larusee.com\/de\/wp-json\/wp\/v2\/pages\/11136\/revisions\/22235"}],"wp:attachment":[{"href":"https:\/\/www.larusee.com\/de\/wp-json\/wp\/v2\/media?parent=11136"}],"curies":[{"name":"wp","href":"https:\/\/api.w.org\/{rel}","templated":true}]}}